{"id":17059,"date":"2023-01-24T17:54:06","date_gmt":"2023-01-24T17:54:06","guid":{"rendered":"https:\/\/www.treadmillpartsdirect.co.uk\/product\/cinghie-di-corsa-di-ricambio-per-tapis-roulant-jlt-per-tutti-i-modelli\/"},"modified":"2023-01-24T17:54:06","modified_gmt":"2023-01-24T17:54:06","slug":"cinghie-di-corsa-di-ricambio-per-tapis-roulant-jlt-per-tutti-i-modelli","status":"publish","type":"product","link":"https:\/\/www.treadmillpartsdirect.co.uk\/it\/prodotto\/cinghie-di-corsa-di-ricambio-per-tapis-roulant-jlt-per-tutti-i-modelli\/","title":{"rendered":"Cinghie di corsa di ricambio per tapis roulant JLT per tutti i modelli"},"content":{"rendered":"<p>Cinghie di ricambio per tapis roulant per tutti i modelli di JLT corsa wpcodeself, sia per tapis roulant commerciali che JLT domestico.<\/p>\n<p>Superficie in PVC con motivo a diamante per una presa ottimale.<br \/>\nColore nero.<br \/>\nDesign antistatico a basso rumore.<\/p>\n<p><b>La cintura per<\/b> tapis roulant standard a 1 strato ha uno spessore di <b> 1,4 mm<\/b> con uno strato di PVC e un sottofondo in tessuto. Adatto per la maggior parte delle macchine ad uso JLT funzionamento autonomo.<\/p>\n<p><b>La cintura <\/b> per tapis roulant Premium a <b> 2 strati <\/b> ha uno spessore di 2,0 mm con due strati di PVC e due strati di tessuto. Adatto per l&#8217;uso domestico pi\u00f9 gravoso e per le JLT a funzionamento autonomo.<\/p>\n<p><b>La cintura per<\/b> tapis roulant commerciale a <b> 2 strati <\/b> ha uno spessore di 2,3 mm con due strati di PVC e due strati di tessuto sottostante. Adatto per le macchine da corsa wpcodeself commerciali di grandi JLT e ad alto utilizzo, utilizzate nelle palestre.<\/p>\n<p><i><b><span style=\"color: #ff0010;\">IMPORTANTE:<\/span><\/b> <\/i><i>Si prega di rimuovere la vecchia cintura danneggiata per misurarla con precisione. Poich\u00e9 ogni ordine \u00e8 fatto su misura, non possiamo accettare resi se la taglia indicata \u00e8 sbagliata. CONTROLLARE LE MISURE!<\/i><\/p>\n<p>Un&#8217;utile guida video di 2 minuti su come misurare con precisione la cinghia di corsa di un tapis roulant per ordinare un ricambio della misura corretta.<\/p>\n<p><iframe style=\"width: 560px;\" title=\"Lettore video di YouTube\" src=\"https:\/\/www.youtube.com\/embed\/iaJ03DpK6x4\" width=\"560\" height=\"315\" frameborder=\"0\" allowfullscreen=\"allowfullscreen\" data-mce-fragment=\"1\"><\/iframe><\/p>\n","protected":false},"excerpt":{"rendered":"<p>SUPERFICIE DEL MODELLO DI PRESA A DIAMANTE IN PVC DI ALTA QUALIT\u00c0<\/p>\n<p>Selezionare la dimensione desiderata di seguito. Per ordinare la misura corretta della [productMake] per tapis roulant wpcodeself, \u00e8 necessario misurare accuratamente la vecchia cinghia o misurare intorno ai rulli.<\/p>\n<p>NOTA: la lunghezza deve corrispondere alla lunghezza totale della circonferenza unita della cintura.<\/p>\n<p><a href=\"https:\/\/www.treadmillpartsdirect.co.uk\/help-guides\/replace-belt\/\" target=\"_blank\" rel=\"noopener\">Consultate qui la nostra utile guida su come misurare con precisione\u201d.<\/a><\/p>\n<p><img decoding=\"async\" class=\"alignnone size-medium wp-image-567\" src=\"https:\/\/www.treadmillpartsdirect.co.uk\/wp-content\/uploads\/2022\/12\/belt-total-length-circumference-explanation-300x150.jpg\" alt=\"\" width=\"300\" height=\"150\" srcset=\"https:\/\/www.treadmillpartsdirect.co.uk\/wp-content\/uploads\/2022\/12\/belt-total-length-circumference-explanation-300x150.jpg 300w, https:\/\/www.treadmillpartsdirect.co.uk\/wp-content\/uploads\/2022\/12\/belt-total-length-circumference-explanation-600x300.jpg 600w, https:\/\/www.treadmillpartsdirect.co.uk\/wp-content\/uploads\/2022\/12\/belt-total-length-circumference-explanation.jpg 750w\" sizes=\"(max-width: 300px) 100vw, 300px\" \/><\/p>\n<p>1,4 mm Standard Single-Ply &#8211; Adatto alla maggior parte dei tapis roulant [productMake]per uso domestico.<\/p>\n<p>Doppio strato Premium da 2,0 mm &#8211; Adatto ai tapis roulant wpcodeself per uso domestico [productMake] superiore.<\/p>\n<p>Doppio strato commerciale da 2,3 mm &#8211; Adatto per tapis roulant da palestra wpcodeself [productMake] utilizzo.<\/p>\n","protected":false},"featured_media":15440,"comment_status":"closed","ping_status":"closed","template":"","meta":{"site-sidebar-layout":"default","site-content-layout":"default","ast-global-header-display":"","ast-main-header-display":"","ast-hfb-above-header-display":"","ast-hfb-below-header-display":"","ast-hfb-mobile-header-display":"","site-post-title":"","ast-breadcrumbs-content":"","ast-featured-img":"","footer-sml-layout":"","theme-transparent-header-meta":"default","adv-header-id-meta":"","stick-header-meta":"default","header-above-stick-meta":"","header-main-stick-meta":"","header-below-stick-meta":""},"product_brand":[],"product_cat":[1568],"product_tag":[5571,1337,1571,1572,1338,1570,1569],"class_list":{"0":"post-17059","1":"product","2":"type-product","3":"status-publish","4":"has-post-thumbnail","6":"product_cat-cinture-da-corsa","7":"product_tag-jlt-it","8":"product_tag-replacement-it","9":"product_tag-running-machine-belt-it","10":"product_tag-running-machine-running-belt-it","11":"product_tag-spares-it","12":"product_tag-treadmill-belt-it","13":"product_tag-treadmill-running-belt-it","14":"desktop-align-left","15":"tablet-align-left","16":"mobile-align-left","18":"first","19":"instock","20":"purchasable","21":"product-type-simple"},"yoast_head":"<!-- This site is optimized with the Yoast SEO plugin v22.8 - https:\/\/yoast.com\/wordpress\/plugins\/seo\/ -->\n<title>Cinghie di corsa di ricambio per tapis roulant JLT per tutti i modelli - Treadmill Parts Direct<\/title>\n<meta name=\"robots\" content=\"index, follow, max-snippet:-1, max-image-preview:large, max-video-preview:-1\" \/>\n<link rel=\"canonical\" href=\"https:\/\/www.treadmillpartsdirect.co.uk\/it\/prodotto\/cinghie-di-corsa-di-ricambio-per-tapis-roulant-jlt-per-tutti-i-modelli\/\" \/>\n<meta property=\"og:locale\" content=\"it_IT\" \/>\n<meta property=\"og:type\" content=\"article\" \/>\n<meta property=\"og:title\" content=\"Cinghie di corsa di ricambio per tapis roulant JLT per tutti i modelli - Treadmill Parts Direct\" \/>\n<meta property=\"og:description\" content=\"SUPERFICIE DEL MODELLO DI PRESA A DIAMANTE IN PVC DI ALTA QUALIT\u00c0 Selezionare la dimensione desiderata di seguito. Per ordinare la misura corretta della per tapis roulant wpcodeself, \u00e8 necessario misurare accuratamente la vecchia cinghia o misurare intorno ai rulli. NOTA: la lunghezza deve corrispondere alla lunghezza totale della circonferenza unita della cintura. Consultate qui la nostra utile guida su come misurare con precisione\u201d.  1,4 mm Standard Single-Ply - Adatto alla maggior parte dei tapis roulant per uso domestico. Doppio strato Premium da 2,0 mm - Adatto ai tapis roulant wpcodeself per uso domestico superiore. Doppio strato commerciale da 2,3 mm - Adatto per tapis roulant da palestra wpcodeself utilizzo.\" \/>\n<meta property=\"og:url\" content=\"https:\/\/www.treadmillpartsdirect.co.uk\/it\/prodotto\/cinghie-di-corsa-di-ricambio-per-tapis-roulant-jlt-per-tutti-i-modelli\/\" \/>\n<meta property=\"og:site_name\" content=\"Treadmill Parts Direct\" \/>\n<meta property=\"article:publisher\" content=\"https:\/\/www.facebook.com\/treadmillpartsdirect\" \/>\n<meta property=\"og:image\" content=\"https:\/\/www.treadmillpartsdirect.co.uk\/wp-content\/uploads\/2022\/12\/replacement-treadmill-belt-black-pvc-diamond-pattern-running-machine-belt.png\" \/>\n\t<meta property=\"og:image:width\" content=\"577\" \/>\n\t<meta property=\"og:image:height\" content=\"433\" \/>\n\t<meta property=\"og:image:type\" content=\"image\/png\" \/>\n<meta name=\"twitter:card\" content=\"summary_large_image\" \/>\n<meta name=\"twitter:site\" content=\"@treadmillpartsdirect\" \/>\n<meta name=\"twitter:label1\" content=\"Tempo di lettura stimato\" \/>\n\t<meta name=\"twitter:data1\" content=\"1 minuto\" \/>\n<script type=\"application\/ld+json\" class=\"yoast-schema-graph\">{\"@context\":\"https:\/\/schema.org\",\"@graph\":[{\"@type\":\"WebPage\",\"@id\":\"https:\/\/www.treadmillpartsdirect.co.uk\/it\/prodotto\/cinghie-di-corsa-di-ricambio-per-tapis-roulant-jlt-per-tutti-i-modelli\/\",\"url\":\"https:\/\/www.treadmillpartsdirect.co.uk\/it\/prodotto\/cinghie-di-corsa-di-ricambio-per-tapis-roulant-jlt-per-tutti-i-modelli\/\",\"name\":\"Cinghie di corsa di ricambio per tapis roulant JLT per tutti i modelli - Treadmill Parts Direct\",\"isPartOf\":{\"@id\":\"https:\/\/www.treadmillpartsdirect.co.uk\/it\/#website\"},\"primaryImageOfPage\":{\"@id\":\"https:\/\/www.treadmillpartsdirect.co.uk\/it\/prodotto\/cinghie-di-corsa-di-ricambio-per-tapis-roulant-jlt-per-tutti-i-modelli\/#primaryimage\"},\"image\":{\"@id\":\"https:\/\/www.treadmillpartsdirect.co.uk\/it\/prodotto\/cinghie-di-corsa-di-ricambio-per-tapis-roulant-jlt-per-tutti-i-modelli\/#primaryimage\"},\"thumbnailUrl\":\"https:\/\/www.treadmillpartsdirect.co.uk\/wp-content\/uploads\/2022\/12\/replacement-treadmill-belt-black-pvc-diamond-pattern-running-machine-belt.png\",\"datePublished\":\"2023-01-24T17:54:06+00:00\",\"dateModified\":\"2023-01-24T17:54:06+00:00\",\"breadcrumb\":{\"@id\":\"https:\/\/www.treadmillpartsdirect.co.uk\/it\/prodotto\/cinghie-di-corsa-di-ricambio-per-tapis-roulant-jlt-per-tutti-i-modelli\/#breadcrumb\"},\"inLanguage\":\"it-IT\",\"potentialAction\":[{\"@type\":\"ReadAction\",\"target\":[\"https:\/\/www.treadmillpartsdirect.co.uk\/it\/prodotto\/cinghie-di-corsa-di-ricambio-per-tapis-roulant-jlt-per-tutti-i-modelli\/\"]}]},{\"@type\":\"ImageObject\",\"inLanguage\":\"it-IT\",\"@id\":\"https:\/\/www.treadmillpartsdirect.co.uk\/it\/prodotto\/cinghie-di-corsa-di-ricambio-per-tapis-roulant-jlt-per-tutti-i-modelli\/#primaryimage\",\"url\":\"https:\/\/www.treadmillpartsdirect.co.uk\/wp-content\/uploads\/2022\/12\/replacement-treadmill-belt-black-pvc-diamond-pattern-running-machine-belt.png\",\"contentUrl\":\"https:\/\/www.treadmillpartsdirect.co.uk\/wp-content\/uploads\/2022\/12\/replacement-treadmill-belt-black-pvc-diamond-pattern-running-machine-belt.png\",\"width\":577,\"height\":433},{\"@type\":\"BreadcrumbList\",\"@id\":\"https:\/\/www.treadmillpartsdirect.co.uk\/it\/prodotto\/cinghie-di-corsa-di-ricambio-per-tapis-roulant-jlt-per-tutti-i-modelli\/#breadcrumb\",\"itemListElement\":[{\"@type\":\"ListItem\",\"position\":1,\"name\":\"Home\",\"item\":\"https:\/\/www.treadmillpartsdirect.co.uk\/it\/home\/\"},{\"@type\":\"ListItem\",\"position\":2,\"name\":\"Negozio\",\"item\":\"https:\/\/www.treadmillpartsdirect.co.uk\/it\/negozio\/\"},{\"@type\":\"ListItem\",\"position\":3,\"name\":\"Cinghie di corsa di ricambio per tapis roulant JLT per tutti i modelli\"}]},{\"@type\":\"WebSite\",\"@id\":\"https:\/\/www.treadmillpartsdirect.co.uk\/it\/#website\",\"url\":\"https:\/\/www.treadmillpartsdirect.co.uk\/it\/\",\"name\":\"Treadmill Parts Direct\",\"description\":\"Treadmill Parts Direct\",\"publisher\":{\"@id\":\"https:\/\/www.treadmillpartsdirect.co.uk\/it\/#organization\"},\"potentialAction\":[{\"@type\":\"SearchAction\",\"target\":{\"@type\":\"EntryPoint\",\"urlTemplate\":\"https:\/\/www.treadmillpartsdirect.co.uk\/it\/?s={search_term_string}\"},\"query-input\":\"required name=search_term_string\"}],\"inLanguage\":\"it-IT\"},{\"@type\":\"Organization\",\"@id\":\"https:\/\/www.treadmillpartsdirect.co.uk\/it\/#organization\",\"name\":\"Treadmill Parts Direct\",\"url\":\"https:\/\/www.treadmillpartsdirect.co.uk\/it\/\",\"logo\":{\"@type\":\"ImageObject\",\"inLanguage\":\"it-IT\",\"@id\":\"https:\/\/www.treadmillpartsdirect.co.uk\/it\/#\/schema\/logo\/image\/\",\"url\":\"https:\/\/www.treadmillpartsdirect.co.uk\/wp-content\/uploads\/2024\/03\/treadmill-parts-direct-logo.png\",\"contentUrl\":\"https:\/\/www.treadmillpartsdirect.co.uk\/wp-content\/uploads\/2024\/03\/treadmill-parts-direct-logo.png\",\"width\":250,\"height\":92,\"caption\":\"Treadmill Parts Direct\"},\"image\":{\"@id\":\"https:\/\/www.treadmillpartsdirect.co.uk\/it\/#\/schema\/logo\/image\/\"},\"sameAs\":[\"https:\/\/www.facebook.com\/treadmillpartsdirect\",\"https:\/\/x.com\/treadmillpartsdirect\",\"https:\/\/www.instagram.com\/treadmillpartsdirect\/\",\"https:\/\/www.youtube.com\/@treadmillpartsdirect\"]}]}<\/script>\n<!-- \/ Yoast SEO plugin. -->","yoast_head_json":{"title":"Cinghie di corsa di ricambio per tapis roulant JLT per tutti i modelli - Treadmill Parts Direct","robots":{"index":"index","follow":"follow","max-snippet":"max-snippet:-1","max-image-preview":"max-image-preview:large","max-video-preview":"max-video-preview:-1"},"canonical":"https:\/\/www.treadmillpartsdirect.co.uk\/it\/prodotto\/cinghie-di-corsa-di-ricambio-per-tapis-roulant-jlt-per-tutti-i-modelli\/","og_locale":"it_IT","og_type":"article","og_title":"Cinghie di corsa di ricambio per tapis roulant JLT per tutti i modelli - Treadmill Parts Direct","og_description":"SUPERFICIE DEL MODELLO DI PRESA A DIAMANTE IN PVC DI ALTA QUALIT\u00c0 Selezionare la dimensione desiderata di seguito. Per ordinare la misura corretta della per tapis roulant wpcodeself, \u00e8 necessario misurare accuratamente la vecchia cinghia o misurare intorno ai rulli. NOTA: la lunghezza deve corrispondere alla lunghezza totale della circonferenza unita della cintura. Consultate qui la nostra utile guida su come misurare con precisione\u201d.  1,4 mm Standard Single-Ply - Adatto alla maggior parte dei tapis roulant per uso domestico. Doppio strato Premium da 2,0 mm - Adatto ai tapis roulant wpcodeself per uso domestico superiore. Doppio strato commerciale da 2,3 mm - Adatto per tapis roulant da palestra wpcodeself utilizzo.","og_url":"https:\/\/www.treadmillpartsdirect.co.uk\/it\/prodotto\/cinghie-di-corsa-di-ricambio-per-tapis-roulant-jlt-per-tutti-i-modelli\/","og_site_name":"Treadmill Parts Direct","article_publisher":"https:\/\/www.facebook.com\/treadmillpartsdirect","og_image":[{"width":577,"height":433,"url":"https:\/\/www.treadmillpartsdirect.co.uk\/wp-content\/uploads\/2022\/12\/replacement-treadmill-belt-black-pvc-diamond-pattern-running-machine-belt.png","type":"image\/png"}],"twitter_card":"summary_large_image","twitter_site":"@treadmillpartsdirect","twitter_misc":{"Tempo di lettura stimato":"1 minuto"},"schema":{"@context":"https:\/\/schema.org","@graph":[{"@type":"WebPage","@id":"https:\/\/www.treadmillpartsdirect.co.uk\/it\/prodotto\/cinghie-di-corsa-di-ricambio-per-tapis-roulant-jlt-per-tutti-i-modelli\/","url":"https:\/\/www.treadmillpartsdirect.co.uk\/it\/prodotto\/cinghie-di-corsa-di-ricambio-per-tapis-roulant-jlt-per-tutti-i-modelli\/","name":"Cinghie di corsa di ricambio per tapis roulant JLT per tutti i modelli - Treadmill Parts Direct","isPartOf":{"@id":"https:\/\/www.treadmillpartsdirect.co.uk\/it\/#website"},"primaryImageOfPage":{"@id":"https:\/\/www.treadmillpartsdirect.co.uk\/it\/prodotto\/cinghie-di-corsa-di-ricambio-per-tapis-roulant-jlt-per-tutti-i-modelli\/#primaryimage"},"image":{"@id":"https:\/\/www.treadmillpartsdirect.co.uk\/it\/prodotto\/cinghie-di-corsa-di-ricambio-per-tapis-roulant-jlt-per-tutti-i-modelli\/#primaryimage"},"thumbnailUrl":"https:\/\/www.treadmillpartsdirect.co.uk\/wp-content\/uploads\/2022\/12\/replacement-treadmill-belt-black-pvc-diamond-pattern-running-machine-belt.png","datePublished":"2023-01-24T17:54:06+00:00","dateModified":"2023-01-24T17:54:06+00:00","breadcrumb":{"@id":"https:\/\/www.treadmillpartsdirect.co.uk\/it\/prodotto\/cinghie-di-corsa-di-ricambio-per-tapis-roulant-jlt-per-tutti-i-modelli\/#breadcrumb"},"inLanguage":"it-IT","potentialAction":[{"@type":"ReadAction","target":["https:\/\/www.treadmillpartsdirect.co.uk\/it\/prodotto\/cinghie-di-corsa-di-ricambio-per-tapis-roulant-jlt-per-tutti-i-modelli\/"]}]},{"@type":"ImageObject","inLanguage":"it-IT","@id":"https:\/\/www.treadmillpartsdirect.co.uk\/it\/prodotto\/cinghie-di-corsa-di-ricambio-per-tapis-roulant-jlt-per-tutti-i-modelli\/#primaryimage","url":"https:\/\/www.treadmillpartsdirect.co.uk\/wp-content\/uploads\/2022\/12\/replacement-treadmill-belt-black-pvc-diamond-pattern-running-machine-belt.png","contentUrl":"https:\/\/www.treadmillpartsdirect.co.uk\/wp-content\/uploads\/2022\/12\/replacement-treadmill-belt-black-pvc-diamond-pattern-running-machine-belt.png","width":577,"height":433},{"@type":"BreadcrumbList","@id":"https:\/\/www.treadmillpartsdirect.co.uk\/it\/prodotto\/cinghie-di-corsa-di-ricambio-per-tapis-roulant-jlt-per-tutti-i-modelli\/#breadcrumb","itemListElement":[{"@type":"ListItem","position":1,"name":"Home","item":"https:\/\/www.treadmillpartsdirect.co.uk\/it\/home\/"},{"@type":"ListItem","position":2,"name":"Negozio","item":"https:\/\/www.treadmillpartsdirect.co.uk\/it\/negozio\/"},{"@type":"ListItem","position":3,"name":"Cinghie di corsa di ricambio per tapis roulant JLT per tutti i modelli"}]},{"@type":"WebSite","@id":"https:\/\/www.treadmillpartsdirect.co.uk\/it\/#website","url":"https:\/\/www.treadmillpartsdirect.co.uk\/it\/","name":"Treadmill Parts Direct","description":"Treadmill Parts Direct","publisher":{"@id":"https:\/\/www.treadmillpartsdirect.co.uk\/it\/#organization"},"potentialAction":[{"@type":"SearchAction","target":{"@type":"EntryPoint","urlTemplate":"https:\/\/www.treadmillpartsdirect.co.uk\/it\/?s={search_term_string}"},"query-input":"required name=search_term_string"}],"inLanguage":"it-IT"},{"@type":"Organization","@id":"https:\/\/www.treadmillpartsdirect.co.uk\/it\/#organization","name":"Treadmill Parts Direct","url":"https:\/\/www.treadmillpartsdirect.co.uk\/it\/","logo":{"@type":"ImageObject","inLanguage":"it-IT","@id":"https:\/\/www.treadmillpartsdirect.co.uk\/it\/#\/schema\/logo\/image\/","url":"https:\/\/www.treadmillpartsdirect.co.uk\/wp-content\/uploads\/2024\/03\/treadmill-parts-direct-logo.png","contentUrl":"https:\/\/www.treadmillpartsdirect.co.uk\/wp-content\/uploads\/2024\/03\/treadmill-parts-direct-logo.png","width":250,"height":92,"caption":"Treadmill Parts Direct"},"image":{"@id":"https:\/\/www.treadmillpartsdirect.co.uk\/it\/#\/schema\/logo\/image\/"},"sameAs":["https:\/\/www.facebook.com\/treadmillpartsdirect","https:\/\/x.com\/treadmillpartsdirect","https:\/\/www.instagram.com\/treadmillpartsdirect\/","https:\/\/www.youtube.com\/@treadmillpartsdirect"]}]}},"_links":{"self":[{"href":"https:\/\/www.treadmillpartsdirect.co.uk\/it\/wp-json\/wp\/v2\/product\/17059","targetHints":{"allow":["GET"]}}],"collection":[{"href":"https:\/\/www.treadmillpartsdirect.co.uk\/it\/wp-json\/wp\/v2\/product"}],"about":[{"href":"https:\/\/www.treadmillpartsdirect.co.uk\/it\/wp-json\/wp\/v2\/types\/product"}],"replies":[{"embeddable":true,"href":"https:\/\/www.treadmillpartsdirect.co.uk\/it\/wp-json\/wp\/v2\/comments?post=17059"}],"wp:featuredmedia":[{"embeddable":true,"href":"https:\/\/www.treadmillpartsdirect.co.uk\/it\/wp-json\/wp\/v2\/media\/15440"}],"wp:attachment":[{"href":"https:\/\/www.treadmillpartsdirect.co.uk\/it\/wp-json\/wp\/v2\/media?parent=17059"}],"wp:term":[{"taxonomy":"product_brand","embeddable":true,"href":"https:\/\/www.treadmillpartsdirect.co.uk\/it\/wp-json\/wp\/v2\/product_brand?post=17059"},{"taxonomy":"product_cat","embeddable":true,"href":"https:\/\/www.treadmillpartsdirect.co.uk\/it\/wp-json\/wp\/v2\/product_cat?post=17059"},{"taxonomy":"product_tag","embeddable":true,"href":"https:\/\/www.treadmillpartsdirect.co.uk\/it\/wp-json\/wp\/v2\/product_tag?post=17059"}],"curies":[{"name":"wp","href":"https:\/\/api.w.org\/{rel}","templated":true}]}}