{"id":17665,"date":"2023-01-24T17:53:43","date_gmt":"2023-01-24T17:53:43","guid":{"rendered":"https:\/\/www.treadmillpartsdirect.co.uk\/product\/plateaux-de-course-de-remplacement-pour-tapis-roulant-nordictrack-pour-tous-les-modeles\/"},"modified":"2023-01-24T17:53:43","modified_gmt":"2023-01-24T17:53:43","slug":"plateaux-de-course-de-remplacement-pour-tapis-roulant-nordictrack-pour-tous-les-modeles","status":"publish","type":"product","link":"https:\/\/www.treadmillpartsdirect.co.uk\/fr\/produit\/plateaux-de-course-de-remplacement-pour-tapis-roulant-nordictrack-pour-tous-les-modeles\/","title":{"rendered":"Plateaux de course de remplacement pour tapis roulant NordicTrack pour tous les mod\u00e8les"},"content":{"rendered":"<p>Plateaux de course de remplacement pour tapis roulants pour tous les mod\u00e8les d\u2019appareils de NordicTrack course, pour les tapis roulants \u00e0 usage NordicTrack commercial et domestique.<\/p>\n<p>Les surfaces de pont de nos tapis roulants sont finies avec un rev\u00eatement sp\u00e9cial \u00e0 faible frottement des deux c\u00f4t\u00e9s.<\/p>\n<p>\u00c9paisseur du contreplaqu\u00e9 18 mm. Nos planches remplacent tous les NordicTrack tapis roulants avec des planches d\u2019origine d\u2019une \u00e9paisseur comprise entre 12 et 26 mm.<\/p>\n<p>Nous coupons des plateaux de tapis roulants sur mesure \u00e0 la taille requise. Si vous avez besoin de d\u00e9coupes sp\u00e9ciales en m\u00e9daillon, veuillez nous en informer dans la section des notes de commande \u00e0 la caisse.<\/p>\n<p><i><b><span style=\"color: #ff0010;\">IMPORTANT:<\/span><\/b> <\/i><i>Veuillez retirer votre ancienne terrasse endommag\u00e9e pour la mesurer avec pr\u00e9cision. Vous devrez utiliser l\u2019ancien plateau comme gabarit pour marquer et percer les trous, ainsi que pour effectuer vous-m\u00eame de petites coupes suppl\u00e9mentaires sur le nouveau plateau afin de vous assurer que tout s\u2019aligne exactement avec les points de montage de vos machines.<\/i><\/p>\n","protected":false},"excerpt":{"rendered":"<p>CONTREPLAQU\u00c9 DE HAUTE QUALIT\u00c9 PLUS R\u00c9SISTANT QUE LE MDF FACILE \u00c0 INSTALLER.<\/p>\n<p>S\u00e9lectionnez ci-dessous la taille dont vous avez besoin. Pour commander le plateau de jeu de tapis roulant de remplacement [productMake] de la bonne taille, vous devrez retirer votre ancien plateau endommag\u00e9 pour mesurer avec pr\u00e9cision la longueur et la largeur de ses c\u00f4t\u00e9s les plus longs.<\/p>\n<p>Si vous avez besoin de d\u00e9coupes sp\u00e9ciales en m\u00e9daillon, veuillez nous en informer dans la section des notes de commande sp\u00e9ciales \u00e0 la caisse.<\/p>\n<p><a href=\"https:\/\/www.treadmillpartsdirect.co.uk\/help-guides\/replace-deck\/\" target=\"_blank\" rel=\"noopener\">Consultez notre guide utile sur la fa\u00e7on de mesurer avec pr\u00e9cision ici \u00bb<\/a><\/p>\n<p><img fetchpriority=\"high\" decoding=\"async\" class=\"alignnone wp-image-584 size-medium\" src=\"https:\/\/www.treadmillpartsdirect.co.uk\/wp-content\/uploads\/2022\/12\/treadmill-deck-size-helpful-diagram-order-form-295x300.jpg\" alt=\"\" width=\"295\" height=\"300\" srcset=\"https:\/\/www.treadmillpartsdirect.co.uk\/wp-content\/uploads\/2022\/12\/treadmill-deck-size-helpful-diagram-order-form-295x300.jpg 295w, https:\/\/www.treadmillpartsdirect.co.uk\/wp-content\/uploads\/2022\/12\/treadmill-deck-size-helpful-diagram-order-form-768x780.jpg 768w, https:\/\/www.treadmillpartsdirect.co.uk\/wp-content\/uploads\/2022\/12\/treadmill-deck-size-helpful-diagram-order-form-600x610.jpg 600w, https:\/\/www.treadmillpartsdirect.co.uk\/wp-content\/uploads\/2022\/12\/treadmill-deck-size-helpful-diagram-order-form.jpg 807w\" sizes=\"(max-width: 295px) 100vw, 295px\" \/><\/p>\n","protected":false},"featured_media":15688,"comment_status":"closed","ping_status":"closed","template":"","meta":{"site-sidebar-layout":"default","site-content-layout":"default","ast-global-header-display":"","ast-main-header-display":"","ast-hfb-above-header-display":"","ast-hfb-below-header-display":"","ast-hfb-mobile-header-display":"","site-post-title":"","ast-breadcrumbs-content":"","ast-featured-img":"","footer-sml-layout":"","theme-transparent-header-meta":"default","adv-header-id-meta":"","stick-header-meta":"default","header-above-stick-meta":"","header-main-stick-meta":"","header-below-stick-meta":""},"product_brand":[],"product_cat":[1346],"product_tag":[1600,1350,1353,1352,1351,1354,1349],"class_list":{"0":"post-17665","1":"product","2":"type-product","3":"status-publish","4":"has-post-thumbnail","6":"product_cat-ponts-roulants","7":"product_tag-nordictrack-fr-2","8":"product_tag-planche-a-roulettes","9":"product_tag-replacement-fr","10":"product_tag-running-machine-board-fr","11":"product_tag-running-machine-deck-fr","12":"product_tag-spares-fr","13":"product_tag-treadmill-deck-fr","14":"desktop-align-left","15":"tablet-align-left","16":"mobile-align-left","18":"first","19":"instock","20":"purchasable","21":"product-type-simple"},"yoast_head":"<!-- This site is optimized with the Yoast SEO plugin v22.8 - https:\/\/yoast.com\/wordpress\/plugins\/seo\/ -->\n<title>Plateaux de course de remplacement pour tapis roulant NordicTrack pour tous les mod\u00e8les - Treadmill Parts Direct<\/title>\n<meta name=\"robots\" content=\"index, follow, max-snippet:-1, max-image-preview:large, max-video-preview:-1\" \/>\n<link rel=\"canonical\" href=\"https:\/\/www.treadmillpartsdirect.co.uk\/fr\/produit\/plateaux-de-course-de-remplacement-pour-tapis-roulant-nordictrack-pour-tous-les-modeles\/\" \/>\n<meta property=\"og:locale\" content=\"fr_FR\" \/>\n<meta property=\"og:type\" content=\"article\" \/>\n<meta property=\"og:title\" content=\"Plateaux de course de remplacement pour tapis roulant NordicTrack pour tous les mod\u00e8les - Treadmill Parts Direct\" \/>\n<meta property=\"og:description\" content=\"CONTREPLAQU\u00c9 DE HAUTE QUALIT\u00c9 PLUS R\u00c9SISTANT QUE LE MDF FACILE \u00c0 INSTALLER. S\u00e9lectionnez ci-dessous la taille dont vous avez besoin. Pour commander le plateau de jeu de tapis roulant de remplacement de la bonne taille, vous devrez retirer votre ancien plateau endommag\u00e9 pour mesurer avec pr\u00e9cision la longueur et la largeur de ses c\u00f4t\u00e9s les plus longs. Si vous avez besoin de d\u00e9coupes sp\u00e9ciales en m\u00e9daillon, veuillez nous en informer dans la section des notes de commande sp\u00e9ciales \u00e0 la caisse. Consultez notre guide utile sur la fa\u00e7on de mesurer avec pr\u00e9cision ici \u00bb\" \/>\n<meta property=\"og:url\" content=\"https:\/\/www.treadmillpartsdirect.co.uk\/fr\/produit\/plateaux-de-course-de-remplacement-pour-tapis-roulant-nordictrack-pour-tous-les-modeles\/\" \/>\n<meta property=\"og:site_name\" content=\"Treadmill Parts Direct\" \/>\n<meta property=\"article:publisher\" content=\"https:\/\/www.facebook.com\/treadmillpartsdirect\" \/>\n<meta property=\"og:image\" content=\"https:\/\/www.treadmillpartsdirect.co.uk\/wp-content\/uploads\/2023\/01\/NordicTrack-treadmill-deck-replacement-running-machine-board.jpg\" \/>\n\t<meta property=\"og:image:width\" content=\"541\" \/>\n\t<meta property=\"og:image:height\" content=\"461\" \/>\n\t<meta property=\"og:image:type\" content=\"image\/jpeg\" \/>\n<meta name=\"twitter:card\" content=\"summary_large_image\" \/>\n<meta name=\"twitter:site\" content=\"@treadmillpartsdirect\" \/>\n<meta name=\"twitter:label1\" content=\"Dur\u00e9e de lecture estim\u00e9e\" \/>\n\t<meta name=\"twitter:data1\" content=\"1 minute\" \/>\n<script type=\"application\/ld+json\" class=\"yoast-schema-graph\">{\"@context\":\"https:\/\/schema.org\",\"@graph\":[{\"@type\":\"WebPage\",\"@id\":\"https:\/\/www.treadmillpartsdirect.co.uk\/fr\/produit\/plateaux-de-course-de-remplacement-pour-tapis-roulant-nordictrack-pour-tous-les-modeles\/\",\"url\":\"https:\/\/www.treadmillpartsdirect.co.uk\/fr\/produit\/plateaux-de-course-de-remplacement-pour-tapis-roulant-nordictrack-pour-tous-les-modeles\/\",\"name\":\"Plateaux de course de remplacement pour tapis roulant NordicTrack pour tous les mod\u00e8les - Treadmill Parts Direct\",\"isPartOf\":{\"@id\":\"https:\/\/www.treadmillpartsdirect.co.uk\/fr\/#website\"},\"primaryImageOfPage\":{\"@id\":\"https:\/\/www.treadmillpartsdirect.co.uk\/fr\/produit\/plateaux-de-course-de-remplacement-pour-tapis-roulant-nordictrack-pour-tous-les-modeles\/#primaryimage\"},\"image\":{\"@id\":\"https:\/\/www.treadmillpartsdirect.co.uk\/fr\/produit\/plateaux-de-course-de-remplacement-pour-tapis-roulant-nordictrack-pour-tous-les-modeles\/#primaryimage\"},\"thumbnailUrl\":\"https:\/\/www.treadmillpartsdirect.co.uk\/wp-content\/uploads\/2023\/01\/NordicTrack-treadmill-deck-replacement-running-machine-board.jpg\",\"datePublished\":\"2023-01-24T17:53:43+00:00\",\"dateModified\":\"2023-01-24T17:53:43+00:00\",\"breadcrumb\":{\"@id\":\"https:\/\/www.treadmillpartsdirect.co.uk\/fr\/produit\/plateaux-de-course-de-remplacement-pour-tapis-roulant-nordictrack-pour-tous-les-modeles\/#breadcrumb\"},\"inLanguage\":\"fr-FR\",\"potentialAction\":[{\"@type\":\"ReadAction\",\"target\":[\"https:\/\/www.treadmillpartsdirect.co.uk\/fr\/produit\/plateaux-de-course-de-remplacement-pour-tapis-roulant-nordictrack-pour-tous-les-modeles\/\"]}]},{\"@type\":\"ImageObject\",\"inLanguage\":\"fr-FR\",\"@id\":\"https:\/\/www.treadmillpartsdirect.co.uk\/fr\/produit\/plateaux-de-course-de-remplacement-pour-tapis-roulant-nordictrack-pour-tous-les-modeles\/#primaryimage\",\"url\":\"https:\/\/www.treadmillpartsdirect.co.uk\/wp-content\/uploads\/2023\/01\/NordicTrack-treadmill-deck-replacement-running-machine-board.jpg\",\"contentUrl\":\"https:\/\/www.treadmillpartsdirect.co.uk\/wp-content\/uploads\/2023\/01\/NordicTrack-treadmill-deck-replacement-running-machine-board.jpg\",\"width\":541,\"height\":461},{\"@type\":\"BreadcrumbList\",\"@id\":\"https:\/\/www.treadmillpartsdirect.co.uk\/fr\/produit\/plateaux-de-course-de-remplacement-pour-tapis-roulant-nordictrack-pour-tous-les-modeles\/#breadcrumb\",\"itemListElement\":[{\"@type\":\"ListItem\",\"position\":1,\"name\":\"Home\",\"item\":\"https:\/\/www.treadmillpartsdirect.co.uk\/fr\/accueil\/\"},{\"@type\":\"ListItem\",\"position\":2,\"name\":\"Boutique\",\"item\":\"https:\/\/www.treadmillpartsdirect.co.uk\/fr\/boutique\/\"},{\"@type\":\"ListItem\",\"position\":3,\"name\":\"Plateaux de course de remplacement pour tapis roulant NordicTrack pour tous les mod\u00e8les\"}]},{\"@type\":\"WebSite\",\"@id\":\"https:\/\/www.treadmillpartsdirect.co.uk\/fr\/#website\",\"url\":\"https:\/\/www.treadmillpartsdirect.co.uk\/fr\/\",\"name\":\"Treadmill Parts Direct\",\"description\":\"Treadmill Parts Direct\",\"publisher\":{\"@id\":\"https:\/\/www.treadmillpartsdirect.co.uk\/fr\/#organization\"},\"potentialAction\":[{\"@type\":\"SearchAction\",\"target\":{\"@type\":\"EntryPoint\",\"urlTemplate\":\"https:\/\/www.treadmillpartsdirect.co.uk\/fr\/?s={search_term_string}\"},\"query-input\":\"required name=search_term_string\"}],\"inLanguage\":\"fr-FR\"},{\"@type\":\"Organization\",\"@id\":\"https:\/\/www.treadmillpartsdirect.co.uk\/fr\/#organization\",\"name\":\"Treadmill Parts Direct\",\"url\":\"https:\/\/www.treadmillpartsdirect.co.uk\/fr\/\",\"logo\":{\"@type\":\"ImageObject\",\"inLanguage\":\"fr-FR\",\"@id\":\"https:\/\/www.treadmillpartsdirect.co.uk\/fr\/#\/schema\/logo\/image\/\",\"url\":\"https:\/\/www.treadmillpartsdirect.co.uk\/wp-content\/uploads\/2024\/03\/treadmill-parts-direct-logo.png\",\"contentUrl\":\"https:\/\/www.treadmillpartsdirect.co.uk\/wp-content\/uploads\/2024\/03\/treadmill-parts-direct-logo.png\",\"width\":250,\"height\":92,\"caption\":\"Treadmill Parts Direct\"},\"image\":{\"@id\":\"https:\/\/www.treadmillpartsdirect.co.uk\/fr\/#\/schema\/logo\/image\/\"},\"sameAs\":[\"https:\/\/www.facebook.com\/treadmillpartsdirect\",\"https:\/\/x.com\/treadmillpartsdirect\",\"https:\/\/www.instagram.com\/treadmillpartsdirect\/\",\"https:\/\/www.youtube.com\/@treadmillpartsdirect\"]}]}<\/script>\n<!-- \/ Yoast SEO plugin. -->","yoast_head_json":{"title":"Plateaux de course de remplacement pour tapis roulant NordicTrack pour tous les mod\u00e8les - Treadmill Parts Direct","robots":{"index":"index","follow":"follow","max-snippet":"max-snippet:-1","max-image-preview":"max-image-preview:large","max-video-preview":"max-video-preview:-1"},"canonical":"https:\/\/www.treadmillpartsdirect.co.uk\/fr\/produit\/plateaux-de-course-de-remplacement-pour-tapis-roulant-nordictrack-pour-tous-les-modeles\/","og_locale":"fr_FR","og_type":"article","og_title":"Plateaux de course de remplacement pour tapis roulant NordicTrack pour tous les mod\u00e8les - Treadmill Parts Direct","og_description":"CONTREPLAQU\u00c9 DE HAUTE QUALIT\u00c9 PLUS R\u00c9SISTANT QUE LE MDF FACILE \u00c0 INSTALLER. S\u00e9lectionnez ci-dessous la taille dont vous avez besoin. Pour commander le plateau de jeu de tapis roulant de remplacement de la bonne taille, vous devrez retirer votre ancien plateau endommag\u00e9 pour mesurer avec pr\u00e9cision la longueur et la largeur de ses c\u00f4t\u00e9s les plus longs. Si vous avez besoin de d\u00e9coupes sp\u00e9ciales en m\u00e9daillon, veuillez nous en informer dans la section des notes de commande sp\u00e9ciales \u00e0 la caisse. Consultez notre guide utile sur la fa\u00e7on de mesurer avec pr\u00e9cision ici \u00bb","og_url":"https:\/\/www.treadmillpartsdirect.co.uk\/fr\/produit\/plateaux-de-course-de-remplacement-pour-tapis-roulant-nordictrack-pour-tous-les-modeles\/","og_site_name":"Treadmill Parts Direct","article_publisher":"https:\/\/www.facebook.com\/treadmillpartsdirect","og_image":[{"width":541,"height":461,"url":"https:\/\/www.treadmillpartsdirect.co.uk\/wp-content\/uploads\/2023\/01\/NordicTrack-treadmill-deck-replacement-running-machine-board.jpg","type":"image\/jpeg"}],"twitter_card":"summary_large_image","twitter_site":"@treadmillpartsdirect","twitter_misc":{"Dur\u00e9e de lecture estim\u00e9e":"1 minute"},"schema":{"@context":"https:\/\/schema.org","@graph":[{"@type":"WebPage","@id":"https:\/\/www.treadmillpartsdirect.co.uk\/fr\/produit\/plateaux-de-course-de-remplacement-pour-tapis-roulant-nordictrack-pour-tous-les-modeles\/","url":"https:\/\/www.treadmillpartsdirect.co.uk\/fr\/produit\/plateaux-de-course-de-remplacement-pour-tapis-roulant-nordictrack-pour-tous-les-modeles\/","name":"Plateaux de course de remplacement pour tapis roulant NordicTrack pour tous les mod\u00e8les - Treadmill Parts Direct","isPartOf":{"@id":"https:\/\/www.treadmillpartsdirect.co.uk\/fr\/#website"},"primaryImageOfPage":{"@id":"https:\/\/www.treadmillpartsdirect.co.uk\/fr\/produit\/plateaux-de-course-de-remplacement-pour-tapis-roulant-nordictrack-pour-tous-les-modeles\/#primaryimage"},"image":{"@id":"https:\/\/www.treadmillpartsdirect.co.uk\/fr\/produit\/plateaux-de-course-de-remplacement-pour-tapis-roulant-nordictrack-pour-tous-les-modeles\/#primaryimage"},"thumbnailUrl":"https:\/\/www.treadmillpartsdirect.co.uk\/wp-content\/uploads\/2023\/01\/NordicTrack-treadmill-deck-replacement-running-machine-board.jpg","datePublished":"2023-01-24T17:53:43+00:00","dateModified":"2023-01-24T17:53:43+00:00","breadcrumb":{"@id":"https:\/\/www.treadmillpartsdirect.co.uk\/fr\/produit\/plateaux-de-course-de-remplacement-pour-tapis-roulant-nordictrack-pour-tous-les-modeles\/#breadcrumb"},"inLanguage":"fr-FR","potentialAction":[{"@type":"ReadAction","target":["https:\/\/www.treadmillpartsdirect.co.uk\/fr\/produit\/plateaux-de-course-de-remplacement-pour-tapis-roulant-nordictrack-pour-tous-les-modeles\/"]}]},{"@type":"ImageObject","inLanguage":"fr-FR","@id":"https:\/\/www.treadmillpartsdirect.co.uk\/fr\/produit\/plateaux-de-course-de-remplacement-pour-tapis-roulant-nordictrack-pour-tous-les-modeles\/#primaryimage","url":"https:\/\/www.treadmillpartsdirect.co.uk\/wp-content\/uploads\/2023\/01\/NordicTrack-treadmill-deck-replacement-running-machine-board.jpg","contentUrl":"https:\/\/www.treadmillpartsdirect.co.uk\/wp-content\/uploads\/2023\/01\/NordicTrack-treadmill-deck-replacement-running-machine-board.jpg","width":541,"height":461},{"@type":"BreadcrumbList","@id":"https:\/\/www.treadmillpartsdirect.co.uk\/fr\/produit\/plateaux-de-course-de-remplacement-pour-tapis-roulant-nordictrack-pour-tous-les-modeles\/#breadcrumb","itemListElement":[{"@type":"ListItem","position":1,"name":"Home","item":"https:\/\/www.treadmillpartsdirect.co.uk\/fr\/accueil\/"},{"@type":"ListItem","position":2,"name":"Boutique","item":"https:\/\/www.treadmillpartsdirect.co.uk\/fr\/boutique\/"},{"@type":"ListItem","position":3,"name":"Plateaux de course de remplacement pour tapis roulant NordicTrack pour tous les mod\u00e8les"}]},{"@type":"WebSite","@id":"https:\/\/www.treadmillpartsdirect.co.uk\/fr\/#website","url":"https:\/\/www.treadmillpartsdirect.co.uk\/fr\/","name":"Treadmill Parts Direct","description":"Treadmill Parts Direct","publisher":{"@id":"https:\/\/www.treadmillpartsdirect.co.uk\/fr\/#organization"},"potentialAction":[{"@type":"SearchAction","target":{"@type":"EntryPoint","urlTemplate":"https:\/\/www.treadmillpartsdirect.co.uk\/fr\/?s={search_term_string}"},"query-input":"required name=search_term_string"}],"inLanguage":"fr-FR"},{"@type":"Organization","@id":"https:\/\/www.treadmillpartsdirect.co.uk\/fr\/#organization","name":"Treadmill Parts Direct","url":"https:\/\/www.treadmillpartsdirect.co.uk\/fr\/","logo":{"@type":"ImageObject","inLanguage":"fr-FR","@id":"https:\/\/www.treadmillpartsdirect.co.uk\/fr\/#\/schema\/logo\/image\/","url":"https:\/\/www.treadmillpartsdirect.co.uk\/wp-content\/uploads\/2024\/03\/treadmill-parts-direct-logo.png","contentUrl":"https:\/\/www.treadmillpartsdirect.co.uk\/wp-content\/uploads\/2024\/03\/treadmill-parts-direct-logo.png","width":250,"height":92,"caption":"Treadmill Parts Direct"},"image":{"@id":"https:\/\/www.treadmillpartsdirect.co.uk\/fr\/#\/schema\/logo\/image\/"},"sameAs":["https:\/\/www.facebook.com\/treadmillpartsdirect","https:\/\/x.com\/treadmillpartsdirect","https:\/\/www.instagram.com\/treadmillpartsdirect\/","https:\/\/www.youtube.com\/@treadmillpartsdirect"]}]}},"_links":{"self":[{"href":"https:\/\/www.treadmillpartsdirect.co.uk\/fr\/wp-json\/wp\/v2\/product\/17665","targetHints":{"allow":["GET"]}}],"collection":[{"href":"https:\/\/www.treadmillpartsdirect.co.uk\/fr\/wp-json\/wp\/v2\/product"}],"about":[{"href":"https:\/\/www.treadmillpartsdirect.co.uk\/fr\/wp-json\/wp\/v2\/types\/product"}],"replies":[{"embeddable":true,"href":"https:\/\/www.treadmillpartsdirect.co.uk\/fr\/wp-json\/wp\/v2\/comments?post=17665"}],"wp:featuredmedia":[{"embeddable":true,"href":"https:\/\/www.treadmillpartsdirect.co.uk\/fr\/wp-json\/wp\/v2\/media\/15688"}],"wp:attachment":[{"href":"https:\/\/www.treadmillpartsdirect.co.uk\/fr\/wp-json\/wp\/v2\/media?parent=17665"}],"wp:term":[{"taxonomy":"product_brand","embeddable":true,"href":"https:\/\/www.treadmillpartsdirect.co.uk\/fr\/wp-json\/wp\/v2\/product_brand?post=17665"},{"taxonomy":"product_cat","embeddable":true,"href":"https:\/\/www.treadmillpartsdirect.co.uk\/fr\/wp-json\/wp\/v2\/product_cat?post=17665"},{"taxonomy":"product_tag","embeddable":true,"href":"https:\/\/www.treadmillpartsdirect.co.uk\/fr\/wp-json\/wp\/v2\/product_tag?post=17665"}],"curies":[{"name":"wp","href":"https:\/\/api.w.org\/{rel}","templated":true}]}}