{"id":17088,"date":"2023-01-24T17:54:06","date_gmt":"2023-01-24T17:54:06","guid":{"rendered":"https:\/\/www.treadmillpartsdirect.co.uk\/product\/livestrong-treadmill-replacement-running-belts-for-all-models-tapis-de-course-de-remplacement-pour-tous-les-modeles\/"},"modified":"2024-06-20T20:09:19","modified_gmt":"2024-06-20T20:09:19","slug":"livestrong-treadmill-replacement-running-belts-for-all-models-tapis-de-course-de-remplacement-pour-tous-les-modeles","status":"publish","type":"product","link":"https:\/\/www.treadmillpartsdirect.co.uk\/fr\/produit\/livestrong-treadmill-replacement-running-belts-for-all-models-tapis-de-course-de-remplacement-pour-tous-les-modeles\/","title":{"rendered":"Livestrong Treadmill Replacement Running Belts For All Models (tapis de course de remplacement pour tous les mod\u00e8les)"},"content":{"rendered":"<p>Courroies de course de remplacement pour tapis roulant pour tous les mod\u00e8les deLivestrong machine \u00e0 courir, pour un usage commercial et domestiqueLivestrong tapis roulants.<\/p>\n<p>Surface en PVC \u00e0 motif diamant pour une adh\u00e9rence optimale.<br \/>\nDe couleur noire.<br \/>\nConception antistatique \u00e0 faible bruit.<\/p>\n<p>La ceinture de tapis roulant <b>standard \u00e0 1<\/b> \u00e9paisseur mesure <b>1,4 mm<\/b> d&#8217;\u00e9paisseur avec une couche de PVC et une sous-couche en tissu. Convient \u00e0 la plupart des machines de course \u00e0 usage domestique.Livestrong<\/p>\n<p>La ceinture de tapis roulant <b>premium \u00e0 2 \u00e9paisseurs<\/b> a une \u00e9paisseur <b>de 2,0 mm<\/b> avec deux couches de PVC et deux couches de sous-couche en tissu. Convient \u00e0 un usage domestique intensifLivestrong machines en marche.<\/p>\n<p>La ceinture de tapis roulant <b>commerciale \u00e0 2 \u00e9paisseurs<\/b> a une \u00e9paisseur <b>de 2,3 mm<\/b> avec deux couches de PVC et deux couches de sous-couche en tissu. Convient aux grands espaces commerciaux \u00e0 usage intensifLivestrong appareils de course utilis\u00e9s dans les gymnases.<\/p>\n<p><i><b><span style=\"color: #ff0010;\">IMPORTANT:<\/span><\/b> <\/i><i>Veuillez retirer votre ancienne courroie endommag\u00e9e pour la mesurer avec pr\u00e9cision. Chaque commande \u00e9tant r\u00e9alis\u00e9e sur mesure, nous ne pouvons pas accepter les retours si la taille que vous nous indiquez est erron\u00e9e. VEUILLEZ V\u00c9RIFIER VOS MESURES\u00a0!<\/i><\/p>\n<p>Guide vid\u00e9o utile de 2 minutes sur la fa\u00e7on de mesurer avec pr\u00e9cision une courroie de course sur tapis roulant pour commander un remplacement de taille correcte.<\/p>\n<p><iframe style=\"width: 560px;\" title=\"Lecteur vid\u00e9o YouTube\" src=\"https:\/\/www.youtube.com\/embed\/iaJ03DpK6x4\" width=\"560\" height=\"315\" frameborder=\"0\" allowfullscreen=\"allowfullscreen\" data-mce-fragment=\"1\"><\/iframe><\/p>\n","protected":false},"excerpt":{"rendered":"<p>SURFACE \u00c0 MOTIF DIAMANT EN PVC SOLIDE DE HAUTE QUALIT\u00c9<\/p>\n<p>S\u00e9lectionnez ci-dessous la taille dont vous avez besoin. Pour commander le remplacement de la bonne taille[productMake] ceinture de tapis roulant, vous devrez mesurer avec pr\u00e9cision votre ancienne ceinture ou mesurer autour des rouleaux.<\/p>\n<p>REMARQUE\u00a0: La longueur doit correspondre \u00e0 la longueur totale de la circonf\u00e9rence jointe de la ceinture.<\/p>\n<p><a href=\"https:\/\/www.treadmillpartsdirect.co.uk\/help-guides\/replace-belt\/\" target=\"_blank\" rel=\"noopener\">Consultez notre guide utile sur la fa\u00e7on de mesurer avec pr\u00e9cision ici \u00bb<\/a><\/p>\n<p><img decoding=\"async\" class=\"alignnone size-medium wp-image-567\" src=\"https:\/\/www.treadmillpartsdirect.co.uk\/wp-content\/uploads\/2022\/12\/belt-total-length-circumference-explanation-300x150.jpg\" alt=\"\" width=\"300\" height=\"150\" srcset=\"https:\/\/www.treadmillpartsdirect.co.uk\/wp-content\/uploads\/2022\/12\/belt-total-length-circumference-explanation-300x150.jpg 300w, https:\/\/www.treadmillpartsdirect.co.uk\/wp-content\/uploads\/2022\/12\/belt-total-length-circumference-explanation-600x300.jpg 600w, https:\/\/www.treadmillpartsdirect.co.uk\/wp-content\/uploads\/2022\/12\/belt-total-length-circumference-explanation.jpg 750w\" sizes=\"(max-width: 300px) 100vw, 300px\" \/><\/p>\n<p>Monocouche standard de 1,4 mm &#8211; Convient \u00e0 la plupart des usages domestiques[productMake] tapis roulants.<\/p>\n<p>Double \u00e9paisseur premium de 2,0 mm \u2013 Convient pour un usage domestique intensif de qualit\u00e9 sup\u00e9rieure.[productMake] tapis roulants.<\/p>\n<p>Double \u00e9paisseur commerciale de 2,3 mm &#8211; Convient aux salles de sport intensives \u00e0 usage intensif[productMake] tapis roulants.<\/p>\n","protected":false},"featured_media":15438,"comment_status":"closed","ping_status":"closed","template":"","meta":{"site-sidebar-layout":"default","site-content-layout":"default","ast-global-header-display":"","ast-main-header-display":"","ast-hfb-above-header-display":"","ast-hfb-below-header-display":"","ast-hfb-mobile-header-display":"","site-post-title":"","ast-breadcrumbs-content":"","ast-featured-img":"","footer-sml-layout":"","theme-transparent-header-meta":"default","adv-header-id-meta":"","stick-header-meta":"default","header-above-stick-meta":"","header-main-stick-meta":"","header-below-stick-meta":""},"product_brand":[],"product_cat":[1554],"product_tag":[5629,1353,1557,1558,1354,1556,1555],"class_list":{"0":"post-17088","1":"product","2":"type-product","3":"status-publish","4":"has-post-thumbnail","6":"product_cat-ceintures-de-course-a-pied","7":"product_tag-livestrong-fr","8":"product_tag-replacement-fr","9":"product_tag-running-machine-belt-fr","10":"product_tag-running-machine-running-belt-fr","11":"product_tag-spares-fr","12":"product_tag-treadmill-belt-fr","13":"product_tag-treadmill-running-belt-fr","14":"desktop-align-left","15":"tablet-align-left","16":"mobile-align-left","18":"first","19":"instock","20":"purchasable","21":"product-type-simple"},"yoast_head":"<!-- This site is optimized with the Yoast SEO plugin v22.8 - https:\/\/yoast.com\/wordpress\/plugins\/seo\/ -->\n<title>Livestrong Treadmill Replacement Running Belts For All Models (tapis de course de remplacement pour tous les mod\u00e8les) - Treadmill Parts Direct<\/title>\n<meta name=\"robots\" content=\"index, follow, max-snippet:-1, max-image-preview:large, max-video-preview:-1\" \/>\n<link rel=\"canonical\" href=\"https:\/\/www.treadmillpartsdirect.co.uk\/fr\/produit\/livestrong-treadmill-replacement-running-belts-for-all-models-tapis-de-course-de-remplacement-pour-tous-les-modeles\/\" \/>\n<meta property=\"og:locale\" content=\"fr_FR\" \/>\n<meta property=\"og:type\" content=\"article\" \/>\n<meta property=\"og:title\" content=\"Livestrong Treadmill Replacement Running Belts For All Models (tapis de course de remplacement pour tous les mod\u00e8les) - Treadmill Parts Direct\" \/>\n<meta property=\"og:description\" content=\"SURFACE \u00c0 MOTIF DIAMANT EN PVC SOLIDE DE HAUTE QUALIT\u00c9  S\u00e9lectionnez ci-dessous la taille dont vous avez besoin. Pour commander le remplacement de la bonne taille ceinture de tapis roulant, vous devrez mesurer avec pr\u00e9cision votre ancienne ceinture ou mesurer autour des rouleaux.  REMARQUE\u00a0: La longueur doit correspondre \u00e0 la longueur totale de la circonf\u00e9rence jointe de la ceinture.  Consultez notre guide utile sur la fa\u00e7on de mesurer avec pr\u00e9cision ici \u00bb    Monocouche standard de 1,4 mm - Convient \u00e0 la plupart des usages domestiques tapis roulants.  Double \u00e9paisseur premium de 2,0 mm \u2013 Convient pour un usage domestique intensif de qualit\u00e9 sup\u00e9rieure. tapis roulants.  Double \u00e9paisseur commerciale de 2,3 mm - Convient aux salles de sport intensives \u00e0 usage intensif tapis roulants.\" \/>\n<meta property=\"og:url\" content=\"https:\/\/www.treadmillpartsdirect.co.uk\/fr\/produit\/livestrong-treadmill-replacement-running-belts-for-all-models-tapis-de-course-de-remplacement-pour-tous-les-modeles\/\" \/>\n<meta property=\"og:site_name\" content=\"Treadmill Parts Direct\" \/>\n<meta property=\"article:publisher\" content=\"https:\/\/www.facebook.com\/treadmillpartsdirect\" \/>\n<meta property=\"article:modified_time\" content=\"2024-06-20T20:09:19+00:00\" \/>\n<meta property=\"og:image\" content=\"https:\/\/www.treadmillpartsdirect.co.uk\/wp-content\/uploads\/2022\/12\/replacement-treadmill-belt-black-pvc-diamond-pattern-running-machine-belt.png\" \/>\n\t<meta property=\"og:image:width\" content=\"577\" \/>\n\t<meta property=\"og:image:height\" content=\"433\" \/>\n\t<meta property=\"og:image:type\" content=\"image\/png\" \/>\n<meta name=\"twitter:card\" content=\"summary_large_image\" \/>\n<meta name=\"twitter:site\" content=\"@treadmillpartsdirect\" \/>\n<meta name=\"twitter:label1\" content=\"Dur\u00e9e de lecture estim\u00e9e\" \/>\n\t<meta name=\"twitter:data1\" content=\"1 minute\" \/>\n<script type=\"application\/ld+json\" class=\"yoast-schema-graph\">{\"@context\":\"https:\/\/schema.org\",\"@graph\":[{\"@type\":\"WebPage\",\"@id\":\"https:\/\/www.treadmillpartsdirect.co.uk\/fr\/produit\/livestrong-treadmill-replacement-running-belts-for-all-models-tapis-de-course-de-remplacement-pour-tous-les-modeles\/\",\"url\":\"https:\/\/www.treadmillpartsdirect.co.uk\/fr\/produit\/livestrong-treadmill-replacement-running-belts-for-all-models-tapis-de-course-de-remplacement-pour-tous-les-modeles\/\",\"name\":\"Livestrong Treadmill Replacement Running Belts For All Models (tapis de course de remplacement pour tous les mod\u00e8les) - Treadmill Parts Direct\",\"isPartOf\":{\"@id\":\"https:\/\/www.treadmillpartsdirect.co.uk\/fr\/#website\"},\"primaryImageOfPage\":{\"@id\":\"https:\/\/www.treadmillpartsdirect.co.uk\/fr\/produit\/livestrong-treadmill-replacement-running-belts-for-all-models-tapis-de-course-de-remplacement-pour-tous-les-modeles\/#primaryimage\"},\"image\":{\"@id\":\"https:\/\/www.treadmillpartsdirect.co.uk\/fr\/produit\/livestrong-treadmill-replacement-running-belts-for-all-models-tapis-de-course-de-remplacement-pour-tous-les-modeles\/#primaryimage\"},\"thumbnailUrl\":\"https:\/\/www.treadmillpartsdirect.co.uk\/wp-content\/uploads\/2022\/12\/replacement-treadmill-belt-black-pvc-diamond-pattern-running-machine-belt.png\",\"datePublished\":\"2023-01-24T17:54:06+00:00\",\"dateModified\":\"2024-06-20T20:09:19+00:00\",\"breadcrumb\":{\"@id\":\"https:\/\/www.treadmillpartsdirect.co.uk\/fr\/produit\/livestrong-treadmill-replacement-running-belts-for-all-models-tapis-de-course-de-remplacement-pour-tous-les-modeles\/#breadcrumb\"},\"inLanguage\":\"fr-FR\",\"potentialAction\":[{\"@type\":\"ReadAction\",\"target\":[\"https:\/\/www.treadmillpartsdirect.co.uk\/fr\/produit\/livestrong-treadmill-replacement-running-belts-for-all-models-tapis-de-course-de-remplacement-pour-tous-les-modeles\/\"]}]},{\"@type\":\"ImageObject\",\"inLanguage\":\"fr-FR\",\"@id\":\"https:\/\/www.treadmillpartsdirect.co.uk\/fr\/produit\/livestrong-treadmill-replacement-running-belts-for-all-models-tapis-de-course-de-remplacement-pour-tous-les-modeles\/#primaryimage\",\"url\":\"https:\/\/www.treadmillpartsdirect.co.uk\/wp-content\/uploads\/2022\/12\/replacement-treadmill-belt-black-pvc-diamond-pattern-running-machine-belt.png\",\"contentUrl\":\"https:\/\/www.treadmillpartsdirect.co.uk\/wp-content\/uploads\/2022\/12\/replacement-treadmill-belt-black-pvc-diamond-pattern-running-machine-belt.png\",\"width\":577,\"height\":433},{\"@type\":\"BreadcrumbList\",\"@id\":\"https:\/\/www.treadmillpartsdirect.co.uk\/fr\/produit\/livestrong-treadmill-replacement-running-belts-for-all-models-tapis-de-course-de-remplacement-pour-tous-les-modeles\/#breadcrumb\",\"itemListElement\":[{\"@type\":\"ListItem\",\"position\":1,\"name\":\"Home\",\"item\":\"https:\/\/www.treadmillpartsdirect.co.uk\/fr\/accueil\/\"},{\"@type\":\"ListItem\",\"position\":2,\"name\":\"Boutique\",\"item\":\"https:\/\/www.treadmillpartsdirect.co.uk\/fr\/boutique\/\"},{\"@type\":\"ListItem\",\"position\":3,\"name\":\"Livestrong Treadmill Replacement Running Belts For All Models (tapis de course de remplacement pour tous les mod\u00e8les)\"}]},{\"@type\":\"WebSite\",\"@id\":\"https:\/\/www.treadmillpartsdirect.co.uk\/fr\/#website\",\"url\":\"https:\/\/www.treadmillpartsdirect.co.uk\/fr\/\",\"name\":\"Treadmill Parts Direct\",\"description\":\"Treadmill Parts Direct\",\"publisher\":{\"@id\":\"https:\/\/www.treadmillpartsdirect.co.uk\/fr\/#organization\"},\"potentialAction\":[{\"@type\":\"SearchAction\",\"target\":{\"@type\":\"EntryPoint\",\"urlTemplate\":\"https:\/\/www.treadmillpartsdirect.co.uk\/fr\/?s={search_term_string}\"},\"query-input\":\"required name=search_term_string\"}],\"inLanguage\":\"fr-FR\"},{\"@type\":\"Organization\",\"@id\":\"https:\/\/www.treadmillpartsdirect.co.uk\/fr\/#organization\",\"name\":\"Treadmill Parts Direct\",\"url\":\"https:\/\/www.treadmillpartsdirect.co.uk\/fr\/\",\"logo\":{\"@type\":\"ImageObject\",\"inLanguage\":\"fr-FR\",\"@id\":\"https:\/\/www.treadmillpartsdirect.co.uk\/fr\/#\/schema\/logo\/image\/\",\"url\":\"https:\/\/www.treadmillpartsdirect.co.uk\/wp-content\/uploads\/2024\/03\/treadmill-parts-direct-logo.png\",\"contentUrl\":\"https:\/\/www.treadmillpartsdirect.co.uk\/wp-content\/uploads\/2024\/03\/treadmill-parts-direct-logo.png\",\"width\":250,\"height\":92,\"caption\":\"Treadmill Parts Direct\"},\"image\":{\"@id\":\"https:\/\/www.treadmillpartsdirect.co.uk\/fr\/#\/schema\/logo\/image\/\"},\"sameAs\":[\"https:\/\/www.facebook.com\/treadmillpartsdirect\",\"https:\/\/x.com\/treadmillpartsdirect\",\"https:\/\/www.instagram.com\/treadmillpartsdirect\/\",\"https:\/\/www.youtube.com\/@treadmillpartsdirect\"]}]}<\/script>\n<!-- \/ Yoast SEO plugin. -->","yoast_head_json":{"title":"Livestrong Treadmill Replacement Running Belts For All Models (tapis de course de remplacement pour tous les mod\u00e8les) - Treadmill Parts Direct","robots":{"index":"index","follow":"follow","max-snippet":"max-snippet:-1","max-image-preview":"max-image-preview:large","max-video-preview":"max-video-preview:-1"},"canonical":"https:\/\/www.treadmillpartsdirect.co.uk\/fr\/produit\/livestrong-treadmill-replacement-running-belts-for-all-models-tapis-de-course-de-remplacement-pour-tous-les-modeles\/","og_locale":"fr_FR","og_type":"article","og_title":"Livestrong Treadmill Replacement Running Belts For All Models (tapis de course de remplacement pour tous les mod\u00e8les) - Treadmill Parts Direct","og_description":"SURFACE \u00c0 MOTIF DIAMANT EN PVC SOLIDE DE HAUTE QUALIT\u00c9  S\u00e9lectionnez ci-dessous la taille dont vous avez besoin. Pour commander le remplacement de la bonne taille ceinture de tapis roulant, vous devrez mesurer avec pr\u00e9cision votre ancienne ceinture ou mesurer autour des rouleaux.  REMARQUE\u00a0: La longueur doit correspondre \u00e0 la longueur totale de la circonf\u00e9rence jointe de la ceinture.  Consultez notre guide utile sur la fa\u00e7on de mesurer avec pr\u00e9cision ici \u00bb    Monocouche standard de 1,4 mm - Convient \u00e0 la plupart des usages domestiques tapis roulants.  Double \u00e9paisseur premium de 2,0 mm \u2013 Convient pour un usage domestique intensif de qualit\u00e9 sup\u00e9rieure. tapis roulants.  Double \u00e9paisseur commerciale de 2,3 mm - Convient aux salles de sport intensives \u00e0 usage intensif tapis roulants.","og_url":"https:\/\/www.treadmillpartsdirect.co.uk\/fr\/produit\/livestrong-treadmill-replacement-running-belts-for-all-models-tapis-de-course-de-remplacement-pour-tous-les-modeles\/","og_site_name":"Treadmill Parts Direct","article_publisher":"https:\/\/www.facebook.com\/treadmillpartsdirect","article_modified_time":"2024-06-20T20:09:19+00:00","og_image":[{"width":577,"height":433,"url":"https:\/\/www.treadmillpartsdirect.co.uk\/wp-content\/uploads\/2022\/12\/replacement-treadmill-belt-black-pvc-diamond-pattern-running-machine-belt.png","type":"image\/png"}],"twitter_card":"summary_large_image","twitter_site":"@treadmillpartsdirect","twitter_misc":{"Dur\u00e9e de lecture estim\u00e9e":"1 minute"},"schema":{"@context":"https:\/\/schema.org","@graph":[{"@type":"WebPage","@id":"https:\/\/www.treadmillpartsdirect.co.uk\/fr\/produit\/livestrong-treadmill-replacement-running-belts-for-all-models-tapis-de-course-de-remplacement-pour-tous-les-modeles\/","url":"https:\/\/www.treadmillpartsdirect.co.uk\/fr\/produit\/livestrong-treadmill-replacement-running-belts-for-all-models-tapis-de-course-de-remplacement-pour-tous-les-modeles\/","name":"Livestrong Treadmill Replacement Running Belts For All Models (tapis de course de remplacement pour tous les mod\u00e8les) - Treadmill Parts Direct","isPartOf":{"@id":"https:\/\/www.treadmillpartsdirect.co.uk\/fr\/#website"},"primaryImageOfPage":{"@id":"https:\/\/www.treadmillpartsdirect.co.uk\/fr\/produit\/livestrong-treadmill-replacement-running-belts-for-all-models-tapis-de-course-de-remplacement-pour-tous-les-modeles\/#primaryimage"},"image":{"@id":"https:\/\/www.treadmillpartsdirect.co.uk\/fr\/produit\/livestrong-treadmill-replacement-running-belts-for-all-models-tapis-de-course-de-remplacement-pour-tous-les-modeles\/#primaryimage"},"thumbnailUrl":"https:\/\/www.treadmillpartsdirect.co.uk\/wp-content\/uploads\/2022\/12\/replacement-treadmill-belt-black-pvc-diamond-pattern-running-machine-belt.png","datePublished":"2023-01-24T17:54:06+00:00","dateModified":"2024-06-20T20:09:19+00:00","breadcrumb":{"@id":"https:\/\/www.treadmillpartsdirect.co.uk\/fr\/produit\/livestrong-treadmill-replacement-running-belts-for-all-models-tapis-de-course-de-remplacement-pour-tous-les-modeles\/#breadcrumb"},"inLanguage":"fr-FR","potentialAction":[{"@type":"ReadAction","target":["https:\/\/www.treadmillpartsdirect.co.uk\/fr\/produit\/livestrong-treadmill-replacement-running-belts-for-all-models-tapis-de-course-de-remplacement-pour-tous-les-modeles\/"]}]},{"@type":"ImageObject","inLanguage":"fr-FR","@id":"https:\/\/www.treadmillpartsdirect.co.uk\/fr\/produit\/livestrong-treadmill-replacement-running-belts-for-all-models-tapis-de-course-de-remplacement-pour-tous-les-modeles\/#primaryimage","url":"https:\/\/www.treadmillpartsdirect.co.uk\/wp-content\/uploads\/2022\/12\/replacement-treadmill-belt-black-pvc-diamond-pattern-running-machine-belt.png","contentUrl":"https:\/\/www.treadmillpartsdirect.co.uk\/wp-content\/uploads\/2022\/12\/replacement-treadmill-belt-black-pvc-diamond-pattern-running-machine-belt.png","width":577,"height":433},{"@type":"BreadcrumbList","@id":"https:\/\/www.treadmillpartsdirect.co.uk\/fr\/produit\/livestrong-treadmill-replacement-running-belts-for-all-models-tapis-de-course-de-remplacement-pour-tous-les-modeles\/#breadcrumb","itemListElement":[{"@type":"ListItem","position":1,"name":"Home","item":"https:\/\/www.treadmillpartsdirect.co.uk\/fr\/accueil\/"},{"@type":"ListItem","position":2,"name":"Boutique","item":"https:\/\/www.treadmillpartsdirect.co.uk\/fr\/boutique\/"},{"@type":"ListItem","position":3,"name":"Livestrong Treadmill Replacement Running Belts For All Models (tapis de course de remplacement pour tous les mod\u00e8les)"}]},{"@type":"WebSite","@id":"https:\/\/www.treadmillpartsdirect.co.uk\/fr\/#website","url":"https:\/\/www.treadmillpartsdirect.co.uk\/fr\/","name":"Treadmill Parts Direct","description":"Treadmill Parts Direct","publisher":{"@id":"https:\/\/www.treadmillpartsdirect.co.uk\/fr\/#organization"},"potentialAction":[{"@type":"SearchAction","target":{"@type":"EntryPoint","urlTemplate":"https:\/\/www.treadmillpartsdirect.co.uk\/fr\/?s={search_term_string}"},"query-input":"required name=search_term_string"}],"inLanguage":"fr-FR"},{"@type":"Organization","@id":"https:\/\/www.treadmillpartsdirect.co.uk\/fr\/#organization","name":"Treadmill Parts Direct","url":"https:\/\/www.treadmillpartsdirect.co.uk\/fr\/","logo":{"@type":"ImageObject","inLanguage":"fr-FR","@id":"https:\/\/www.treadmillpartsdirect.co.uk\/fr\/#\/schema\/logo\/image\/","url":"https:\/\/www.treadmillpartsdirect.co.uk\/wp-content\/uploads\/2024\/03\/treadmill-parts-direct-logo.png","contentUrl":"https:\/\/www.treadmillpartsdirect.co.uk\/wp-content\/uploads\/2024\/03\/treadmill-parts-direct-logo.png","width":250,"height":92,"caption":"Treadmill Parts Direct"},"image":{"@id":"https:\/\/www.treadmillpartsdirect.co.uk\/fr\/#\/schema\/logo\/image\/"},"sameAs":["https:\/\/www.facebook.com\/treadmillpartsdirect","https:\/\/x.com\/treadmillpartsdirect","https:\/\/www.instagram.com\/treadmillpartsdirect\/","https:\/\/www.youtube.com\/@treadmillpartsdirect"]}]}},"_links":{"self":[{"href":"https:\/\/www.treadmillpartsdirect.co.uk\/fr\/wp-json\/wp\/v2\/product\/17088","targetHints":{"allow":["GET"]}}],"collection":[{"href":"https:\/\/www.treadmillpartsdirect.co.uk\/fr\/wp-json\/wp\/v2\/product"}],"about":[{"href":"https:\/\/www.treadmillpartsdirect.co.uk\/fr\/wp-json\/wp\/v2\/types\/product"}],"replies":[{"embeddable":true,"href":"https:\/\/www.treadmillpartsdirect.co.uk\/fr\/wp-json\/wp\/v2\/comments?post=17088"}],"wp:featuredmedia":[{"embeddable":true,"href":"https:\/\/www.treadmillpartsdirect.co.uk\/fr\/wp-json\/wp\/v2\/media\/15438"}],"wp:attachment":[{"href":"https:\/\/www.treadmillpartsdirect.co.uk\/fr\/wp-json\/wp\/v2\/media?parent=17088"}],"wp:term":[{"taxonomy":"product_brand","embeddable":true,"href":"https:\/\/www.treadmillpartsdirect.co.uk\/fr\/wp-json\/wp\/v2\/product_brand?post=17088"},{"taxonomy":"product_cat","embeddable":true,"href":"https:\/\/www.treadmillpartsdirect.co.uk\/fr\/wp-json\/wp\/v2\/product_cat?post=17088"},{"taxonomy":"product_tag","embeddable":true,"href":"https:\/\/www.treadmillpartsdirect.co.uk\/fr\/wp-json\/wp\/v2\/product_tag?post=17088"}],"curies":[{"name":"wp","href":"https:\/\/api.w.org\/{rel}","templated":true}]}}