{"id":17009,"date":"2023-07-01T14:41:53","date_gmt":"2023-07-01T14:41:53","guid":{"rendered":"https:\/\/www.treadmillpartsdirect.co.uk\/product\/plateforme-de-course-de-rechange-convient-a-toutes-les-marques-et-modeles-de-tapis-roulant\/"},"modified":"2024-06-20T20:05:03","modified_gmt":"2024-06-20T20:05:03","slug":"plateforme-de-course-de-rechange-convient-a-toutes-les-marques-et-modeles-de-tapis-roulant","status":"publish","type":"product","link":"https:\/\/www.treadmillpartsdirect.co.uk\/fr\/produit\/plateforme-de-course-de-rechange-convient-a-toutes-les-marques-et-modeles-de-tapis-roulant\/","title":{"rendered":"Plateforme de course de rechange \u2013 Convient \u00e0 toutes les marques et mod\u00e8les de tapis roulant."},"content":{"rendered":"<p>Plateaux de course de remplacement pour tapis roulant pour toutes les marques et mod\u00e8les de tapis roulants, pour les tapis roulants \u00e0 usage commercial et domestique.<\/p>\n<p>Les surfaces de nos tapis roulants sont recouvertes d&#8217;un rev\u00eatement sp\u00e9cial \u00e0 faible friction des deux c\u00f4t\u00e9s.<\/p>\n<p>\u00c9paisseur du contreplaqu\u00e9 18 mm. Nos planches constituent un remplacement appropri\u00e9 pour tous les tapis roulants dot\u00e9s de planches d&#8217;origine d&#8217;une \u00e9paisseur comprise entre 12 et 26 mm.<\/p>\n<p>Nous d\u00e9coupons les plateaux de tapis roulant sur mesure \u00e0 la taille souhait\u00e9e. Si vous avez besoin de d\u00e9coupes sp\u00e9ciales, veuillez nous en informer dans la section Notes de commande lors du paiement.<\/p>\n<p><i><b><span style=\"color: #ff0010;\">IMPORTANT:<\/span><\/b> <\/i><i>Veuillez retirer votre ancienne terrasse endommag\u00e9e pour la mesurer avec pr\u00e9cision. Vous devrez utiliser l&#8217;ancien pont comme mod\u00e8le pour marquer et percer les trous, ainsi que r\u00e9aliser vous-m\u00eame de petites d\u00e9coupes suppl\u00e9mentaires sur le nouveau pont pour vous assurer que tout s&#8217;aligne exactement avec les points de montage de vos machines.<\/i><\/p>\n<p>&nbsp;<\/p>\n","protected":false},"excerpt":{"rendered":"<p>CONTREPLAQU\u00c9 DE HAUTE QUALIT\u00c9 PLUS R\u00c9SISTANT QUE LE MDF FACILE \u00c0 INSTALLER.<\/p>\n<p>S\u00e9lectionnez ci-dessous la taille dont vous avez besoin. Pour commander la plate-forme de tapis roulant de remplacement de la bonne taille, vous devrez retirer votre ancienne plate-forme endommag\u00e9e pour mesurer avec pr\u00e9cision la longueur et la largeur sur ses c\u00f4t\u00e9s les plus longs.<\/p>\n<p>Si vous avez besoin de d\u00e9coupes sp\u00e9ciales, veuillez nous le faire savoir dans la section Notes de commande sp\u00e9ciale \u00e0 la caisse.<\/p>\n<p><a href=\"https:\/\/www.treadmillpartsdirect.co.uk\/help-guides\/replace-deck\/\" target=\"_blank\" rel=\"noopener\">Consultez notre guide utile sur la fa\u00e7on de mesurer avec pr\u00e9cision ici \u00bb<\/a><\/p>\n<p><img fetchpriority=\"high\" decoding=\"async\" class=\"alignnone wp-image-584 size-medium\" src=\"https:\/\/www.treadmillpartsdirect.co.uk\/wp-content\/uploads\/2022\/12\/treadmill-deck-size-helpful-diagram-order-form-295x300.jpg\" alt=\"\" width=\"295\" height=\"300\" srcset=\"https:\/\/www.treadmillpartsdirect.co.uk\/wp-content\/uploads\/2022\/12\/treadmill-deck-size-helpful-diagram-order-form-295x300.jpg 295w, https:\/\/www.treadmillpartsdirect.co.uk\/wp-content\/uploads\/2022\/12\/treadmill-deck-size-helpful-diagram-order-form-768x780.jpg 768w, https:\/\/www.treadmillpartsdirect.co.uk\/wp-content\/uploads\/2022\/12\/treadmill-deck-size-helpful-diagram-order-form-600x610.jpg 600w, https:\/\/www.treadmillpartsdirect.co.uk\/wp-content\/uploads\/2022\/12\/treadmill-deck-size-helpful-diagram-order-form.jpg 807w\" sizes=\"(max-width: 295px) 100vw, 295px\" \/><\/p>\n","protected":false},"featured_media":15417,"comment_status":"open","ping_status":"closed","template":"","meta":{"site-sidebar-layout":"default","site-content-layout":"default","ast-global-header-display":"","ast-main-header-display":"","ast-hfb-above-header-display":"","ast-hfb-below-header-display":"","ast-hfb-mobile-header-display":"","site-post-title":"","ast-breadcrumbs-content":"","ast-featured-img":"","footer-sml-layout":"","theme-transparent-header-meta":"default","adv-header-id-meta":"","stick-header-meta":"default","header-above-stick-meta":"","header-main-stick-meta":"","header-below-stick-meta":""},"product_brand":[],"product_cat":[1346],"product_tag":[1350,1353,1352,1351,1354,1349],"class_list":{"0":"post-17009","1":"product","2":"type-product","3":"status-publish","4":"has-post-thumbnail","6":"product_cat-ponts-roulants","7":"product_tag-planche-a-roulettes","8":"product_tag-replacement-fr","9":"product_tag-running-machine-board-fr","10":"product_tag-running-machine-deck-fr","11":"product_tag-spares-fr","12":"product_tag-treadmill-deck-fr","13":"desktop-align-left","14":"tablet-align-left","15":"mobile-align-left","17":"first","18":"instock","19":"featured","20":"shipping-taxable","21":"purchasable","22":"product-type-simple"},"yoast_head":"<!-- This site is optimized with the Yoast SEO plugin v22.8 - https:\/\/yoast.com\/wordpress\/plugins\/seo\/ -->\n<title>Plateforme de course de rechange \u2013 Convient \u00e0 toutes les marques et mod\u00e8les de tapis roulant. - Treadmill Parts Direct<\/title>\n<meta name=\"robots\" content=\"index, follow, max-snippet:-1, max-image-preview:large, max-video-preview:-1\" \/>\n<link rel=\"canonical\" href=\"https:\/\/www.treadmillpartsdirect.co.uk\/fr\/produit\/plateforme-de-course-de-rechange-convient-a-toutes-les-marques-et-modeles-de-tapis-roulant\/\" \/>\n<meta property=\"og:locale\" content=\"fr_FR\" \/>\n<meta property=\"og:type\" content=\"article\" \/>\n<meta property=\"og:title\" content=\"Plateforme de course de rechange \u2013 Convient \u00e0 toutes les marques et mod\u00e8les de tapis roulant. - Treadmill Parts Direct\" \/>\n<meta property=\"og:description\" content=\"CONTREPLAQU\u00c9 DE HAUTE QUALIT\u00c9 PLUS R\u00c9SISTANT QUE LE MDF FACILE \u00c0 INSTALLER.  S\u00e9lectionnez ci-dessous la taille dont vous avez besoin. Pour commander la plate-forme de tapis roulant de remplacement de la bonne taille, vous devrez retirer votre ancienne plate-forme endommag\u00e9e pour mesurer avec pr\u00e9cision la longueur et la largeur sur ses c\u00f4t\u00e9s les plus longs.  Si vous avez besoin de d\u00e9coupes sp\u00e9ciales, veuillez nous le faire savoir dans la section Notes de commande sp\u00e9ciale \u00e0 la caisse.  Consultez notre guide utile sur la fa\u00e7on de mesurer avec pr\u00e9cision ici \u00bb\" \/>\n<meta property=\"og:url\" content=\"https:\/\/www.treadmillpartsdirect.co.uk\/fr\/produit\/plateforme-de-course-de-rechange-convient-a-toutes-les-marques-et-modeles-de-tapis-roulant\/\" \/>\n<meta property=\"og:site_name\" content=\"Treadmill Parts Direct\" \/>\n<meta property=\"article:publisher\" content=\"https:\/\/www.facebook.com\/treadmillpartsdirect\" \/>\n<meta property=\"article:modified_time\" content=\"2024-06-20T20:05:03+00:00\" \/>\n<meta property=\"og:image\" content=\"https:\/\/www.treadmillpartsdirect.co.uk\/wp-content\/uploads\/2022\/12\/treadmill-board-replacement-running-machine-deck-1-whitebg.png\" \/>\n\t<meta property=\"og:image:width\" content=\"541\" \/>\n\t<meta property=\"og:image:height\" content=\"461\" \/>\n\t<meta property=\"og:image:type\" content=\"image\/png\" \/>\n<meta name=\"twitter:card\" content=\"summary_large_image\" \/>\n<meta name=\"twitter:site\" content=\"@treadmillpartsdirect\" \/>\n<meta name=\"twitter:label1\" content=\"Dur\u00e9e de lecture estim\u00e9e\" \/>\n\t<meta name=\"twitter:data1\" content=\"1 minute\" \/>\n<script type=\"application\/ld+json\" class=\"yoast-schema-graph\">{\"@context\":\"https:\/\/schema.org\",\"@graph\":[{\"@type\":\"WebPage\",\"@id\":\"https:\/\/www.treadmillpartsdirect.co.uk\/fr\/produit\/plateforme-de-course-de-rechange-convient-a-toutes-les-marques-et-modeles-de-tapis-roulant\/\",\"url\":\"https:\/\/www.treadmillpartsdirect.co.uk\/fr\/produit\/plateforme-de-course-de-rechange-convient-a-toutes-les-marques-et-modeles-de-tapis-roulant\/\",\"name\":\"Plateforme de course de rechange \u2013 Convient \u00e0 toutes les marques et mod\u00e8les de tapis roulant. - Treadmill Parts Direct\",\"isPartOf\":{\"@id\":\"https:\/\/www.treadmillpartsdirect.co.uk\/fr\/#website\"},\"primaryImageOfPage\":{\"@id\":\"https:\/\/www.treadmillpartsdirect.co.uk\/fr\/produit\/plateforme-de-course-de-rechange-convient-a-toutes-les-marques-et-modeles-de-tapis-roulant\/#primaryimage\"},\"image\":{\"@id\":\"https:\/\/www.treadmillpartsdirect.co.uk\/fr\/produit\/plateforme-de-course-de-rechange-convient-a-toutes-les-marques-et-modeles-de-tapis-roulant\/#primaryimage\"},\"thumbnailUrl\":\"https:\/\/www.treadmillpartsdirect.co.uk\/wp-content\/uploads\/2022\/12\/treadmill-board-replacement-running-machine-deck-1-whitebg.png\",\"datePublished\":\"2023-07-01T14:41:53+00:00\",\"dateModified\":\"2024-06-20T20:05:03+00:00\",\"breadcrumb\":{\"@id\":\"https:\/\/www.treadmillpartsdirect.co.uk\/fr\/produit\/plateforme-de-course-de-rechange-convient-a-toutes-les-marques-et-modeles-de-tapis-roulant\/#breadcrumb\"},\"inLanguage\":\"fr-FR\",\"potentialAction\":[{\"@type\":\"ReadAction\",\"target\":[\"https:\/\/www.treadmillpartsdirect.co.uk\/fr\/produit\/plateforme-de-course-de-rechange-convient-a-toutes-les-marques-et-modeles-de-tapis-roulant\/\"]}]},{\"@type\":\"ImageObject\",\"inLanguage\":\"fr-FR\",\"@id\":\"https:\/\/www.treadmillpartsdirect.co.uk\/fr\/produit\/plateforme-de-course-de-rechange-convient-a-toutes-les-marques-et-modeles-de-tapis-roulant\/#primaryimage\",\"url\":\"https:\/\/www.treadmillpartsdirect.co.uk\/wp-content\/uploads\/2022\/12\/treadmill-board-replacement-running-machine-deck-1-whitebg.png\",\"contentUrl\":\"https:\/\/www.treadmillpartsdirect.co.uk\/wp-content\/uploads\/2022\/12\/treadmill-board-replacement-running-machine-deck-1-whitebg.png\",\"width\":541,\"height\":461},{\"@type\":\"BreadcrumbList\",\"@id\":\"https:\/\/www.treadmillpartsdirect.co.uk\/fr\/produit\/plateforme-de-course-de-rechange-convient-a-toutes-les-marques-et-modeles-de-tapis-roulant\/#breadcrumb\",\"itemListElement\":[{\"@type\":\"ListItem\",\"position\":1,\"name\":\"Home\",\"item\":\"https:\/\/www.treadmillpartsdirect.co.uk\/fr\/accueil\/\"},{\"@type\":\"ListItem\",\"position\":2,\"name\":\"Boutique\",\"item\":\"https:\/\/www.treadmillpartsdirect.co.uk\/fr\/boutique\/\"},{\"@type\":\"ListItem\",\"position\":3,\"name\":\"Plateforme de course de rechange \u2013 Convient \u00e0 toutes les marques et mod\u00e8les de tapis roulant.\"}]},{\"@type\":\"WebSite\",\"@id\":\"https:\/\/www.treadmillpartsdirect.co.uk\/fr\/#website\",\"url\":\"https:\/\/www.treadmillpartsdirect.co.uk\/fr\/\",\"name\":\"Treadmill Parts Direct\",\"description\":\"Treadmill Parts Direct\",\"publisher\":{\"@id\":\"https:\/\/www.treadmillpartsdirect.co.uk\/fr\/#organization\"},\"potentialAction\":[{\"@type\":\"SearchAction\",\"target\":{\"@type\":\"EntryPoint\",\"urlTemplate\":\"https:\/\/www.treadmillpartsdirect.co.uk\/fr\/?s={search_term_string}\"},\"query-input\":\"required name=search_term_string\"}],\"inLanguage\":\"fr-FR\"},{\"@type\":\"Organization\",\"@id\":\"https:\/\/www.treadmillpartsdirect.co.uk\/fr\/#organization\",\"name\":\"Treadmill Parts Direct\",\"url\":\"https:\/\/www.treadmillpartsdirect.co.uk\/fr\/\",\"logo\":{\"@type\":\"ImageObject\",\"inLanguage\":\"fr-FR\",\"@id\":\"https:\/\/www.treadmillpartsdirect.co.uk\/fr\/#\/schema\/logo\/image\/\",\"url\":\"https:\/\/www.treadmillpartsdirect.co.uk\/wp-content\/uploads\/2024\/03\/treadmill-parts-direct-logo.png\",\"contentUrl\":\"https:\/\/www.treadmillpartsdirect.co.uk\/wp-content\/uploads\/2024\/03\/treadmill-parts-direct-logo.png\",\"width\":250,\"height\":92,\"caption\":\"Treadmill Parts Direct\"},\"image\":{\"@id\":\"https:\/\/www.treadmillpartsdirect.co.uk\/fr\/#\/schema\/logo\/image\/\"},\"sameAs\":[\"https:\/\/www.facebook.com\/treadmillpartsdirect\",\"https:\/\/x.com\/treadmillpartsdirect\",\"https:\/\/www.instagram.com\/treadmillpartsdirect\/\",\"https:\/\/www.youtube.com\/@treadmillpartsdirect\"]}]}<\/script>\n<!-- \/ Yoast SEO plugin. -->","yoast_head_json":{"title":"Plateforme de course de rechange \u2013 Convient \u00e0 toutes les marques et mod\u00e8les de tapis roulant. - Treadmill Parts Direct","robots":{"index":"index","follow":"follow","max-snippet":"max-snippet:-1","max-image-preview":"max-image-preview:large","max-video-preview":"max-video-preview:-1"},"canonical":"https:\/\/www.treadmillpartsdirect.co.uk\/fr\/produit\/plateforme-de-course-de-rechange-convient-a-toutes-les-marques-et-modeles-de-tapis-roulant\/","og_locale":"fr_FR","og_type":"article","og_title":"Plateforme de course de rechange \u2013 Convient \u00e0 toutes les marques et mod\u00e8les de tapis roulant. - Treadmill Parts Direct","og_description":"CONTREPLAQU\u00c9 DE HAUTE QUALIT\u00c9 PLUS R\u00c9SISTANT QUE LE MDF FACILE \u00c0 INSTALLER.  S\u00e9lectionnez ci-dessous la taille dont vous avez besoin. Pour commander la plate-forme de tapis roulant de remplacement de la bonne taille, vous devrez retirer votre ancienne plate-forme endommag\u00e9e pour mesurer avec pr\u00e9cision la longueur et la largeur sur ses c\u00f4t\u00e9s les plus longs.  Si vous avez besoin de d\u00e9coupes sp\u00e9ciales, veuillez nous le faire savoir dans la section Notes de commande sp\u00e9ciale \u00e0 la caisse.  Consultez notre guide utile sur la fa\u00e7on de mesurer avec pr\u00e9cision ici \u00bb","og_url":"https:\/\/www.treadmillpartsdirect.co.uk\/fr\/produit\/plateforme-de-course-de-rechange-convient-a-toutes-les-marques-et-modeles-de-tapis-roulant\/","og_site_name":"Treadmill Parts Direct","article_publisher":"https:\/\/www.facebook.com\/treadmillpartsdirect","article_modified_time":"2024-06-20T20:05:03+00:00","og_image":[{"width":541,"height":461,"url":"https:\/\/www.treadmillpartsdirect.co.uk\/wp-content\/uploads\/2022\/12\/treadmill-board-replacement-running-machine-deck-1-whitebg.png","type":"image\/png"}],"twitter_card":"summary_large_image","twitter_site":"@treadmillpartsdirect","twitter_misc":{"Dur\u00e9e de lecture estim\u00e9e":"1 minute"},"schema":{"@context":"https:\/\/schema.org","@graph":[{"@type":"WebPage","@id":"https:\/\/www.treadmillpartsdirect.co.uk\/fr\/produit\/plateforme-de-course-de-rechange-convient-a-toutes-les-marques-et-modeles-de-tapis-roulant\/","url":"https:\/\/www.treadmillpartsdirect.co.uk\/fr\/produit\/plateforme-de-course-de-rechange-convient-a-toutes-les-marques-et-modeles-de-tapis-roulant\/","name":"Plateforme de course de rechange \u2013 Convient \u00e0 toutes les marques et mod\u00e8les de tapis roulant. - Treadmill Parts Direct","isPartOf":{"@id":"https:\/\/www.treadmillpartsdirect.co.uk\/fr\/#website"},"primaryImageOfPage":{"@id":"https:\/\/www.treadmillpartsdirect.co.uk\/fr\/produit\/plateforme-de-course-de-rechange-convient-a-toutes-les-marques-et-modeles-de-tapis-roulant\/#primaryimage"},"image":{"@id":"https:\/\/www.treadmillpartsdirect.co.uk\/fr\/produit\/plateforme-de-course-de-rechange-convient-a-toutes-les-marques-et-modeles-de-tapis-roulant\/#primaryimage"},"thumbnailUrl":"https:\/\/www.treadmillpartsdirect.co.uk\/wp-content\/uploads\/2022\/12\/treadmill-board-replacement-running-machine-deck-1-whitebg.png","datePublished":"2023-07-01T14:41:53+00:00","dateModified":"2024-06-20T20:05:03+00:00","breadcrumb":{"@id":"https:\/\/www.treadmillpartsdirect.co.uk\/fr\/produit\/plateforme-de-course-de-rechange-convient-a-toutes-les-marques-et-modeles-de-tapis-roulant\/#breadcrumb"},"inLanguage":"fr-FR","potentialAction":[{"@type":"ReadAction","target":["https:\/\/www.treadmillpartsdirect.co.uk\/fr\/produit\/plateforme-de-course-de-rechange-convient-a-toutes-les-marques-et-modeles-de-tapis-roulant\/"]}]},{"@type":"ImageObject","inLanguage":"fr-FR","@id":"https:\/\/www.treadmillpartsdirect.co.uk\/fr\/produit\/plateforme-de-course-de-rechange-convient-a-toutes-les-marques-et-modeles-de-tapis-roulant\/#primaryimage","url":"https:\/\/www.treadmillpartsdirect.co.uk\/wp-content\/uploads\/2022\/12\/treadmill-board-replacement-running-machine-deck-1-whitebg.png","contentUrl":"https:\/\/www.treadmillpartsdirect.co.uk\/wp-content\/uploads\/2022\/12\/treadmill-board-replacement-running-machine-deck-1-whitebg.png","width":541,"height":461},{"@type":"BreadcrumbList","@id":"https:\/\/www.treadmillpartsdirect.co.uk\/fr\/produit\/plateforme-de-course-de-rechange-convient-a-toutes-les-marques-et-modeles-de-tapis-roulant\/#breadcrumb","itemListElement":[{"@type":"ListItem","position":1,"name":"Home","item":"https:\/\/www.treadmillpartsdirect.co.uk\/fr\/accueil\/"},{"@type":"ListItem","position":2,"name":"Boutique","item":"https:\/\/www.treadmillpartsdirect.co.uk\/fr\/boutique\/"},{"@type":"ListItem","position":3,"name":"Plateforme de course de rechange \u2013 Convient \u00e0 toutes les marques et mod\u00e8les de tapis roulant."}]},{"@type":"WebSite","@id":"https:\/\/www.treadmillpartsdirect.co.uk\/fr\/#website","url":"https:\/\/www.treadmillpartsdirect.co.uk\/fr\/","name":"Treadmill Parts Direct","description":"Treadmill Parts Direct","publisher":{"@id":"https:\/\/www.treadmillpartsdirect.co.uk\/fr\/#organization"},"potentialAction":[{"@type":"SearchAction","target":{"@type":"EntryPoint","urlTemplate":"https:\/\/www.treadmillpartsdirect.co.uk\/fr\/?s={search_term_string}"},"query-input":"required name=search_term_string"}],"inLanguage":"fr-FR"},{"@type":"Organization","@id":"https:\/\/www.treadmillpartsdirect.co.uk\/fr\/#organization","name":"Treadmill Parts Direct","url":"https:\/\/www.treadmillpartsdirect.co.uk\/fr\/","logo":{"@type":"ImageObject","inLanguage":"fr-FR","@id":"https:\/\/www.treadmillpartsdirect.co.uk\/fr\/#\/schema\/logo\/image\/","url":"https:\/\/www.treadmillpartsdirect.co.uk\/wp-content\/uploads\/2024\/03\/treadmill-parts-direct-logo.png","contentUrl":"https:\/\/www.treadmillpartsdirect.co.uk\/wp-content\/uploads\/2024\/03\/treadmill-parts-direct-logo.png","width":250,"height":92,"caption":"Treadmill Parts Direct"},"image":{"@id":"https:\/\/www.treadmillpartsdirect.co.uk\/fr\/#\/schema\/logo\/image\/"},"sameAs":["https:\/\/www.facebook.com\/treadmillpartsdirect","https:\/\/x.com\/treadmillpartsdirect","https:\/\/www.instagram.com\/treadmillpartsdirect\/","https:\/\/www.youtube.com\/@treadmillpartsdirect"]}]}},"_links":{"self":[{"href":"https:\/\/www.treadmillpartsdirect.co.uk\/fr\/wp-json\/wp\/v2\/product\/17009","targetHints":{"allow":["GET"]}}],"collection":[{"href":"https:\/\/www.treadmillpartsdirect.co.uk\/fr\/wp-json\/wp\/v2\/product"}],"about":[{"href":"https:\/\/www.treadmillpartsdirect.co.uk\/fr\/wp-json\/wp\/v2\/types\/product"}],"replies":[{"embeddable":true,"href":"https:\/\/www.treadmillpartsdirect.co.uk\/fr\/wp-json\/wp\/v2\/comments?post=17009"}],"wp:featuredmedia":[{"embeddable":true,"href":"https:\/\/www.treadmillpartsdirect.co.uk\/fr\/wp-json\/wp\/v2\/media\/15417"}],"wp:attachment":[{"href":"https:\/\/www.treadmillpartsdirect.co.uk\/fr\/wp-json\/wp\/v2\/media?parent=17009"}],"wp:term":[{"taxonomy":"product_brand","embeddable":true,"href":"https:\/\/www.treadmillpartsdirect.co.uk\/fr\/wp-json\/wp\/v2\/product_brand?post=17009"},{"taxonomy":"product_cat","embeddable":true,"href":"https:\/\/www.treadmillpartsdirect.co.uk\/fr\/wp-json\/wp\/v2\/product_cat?post=17009"},{"taxonomy":"product_tag","embeddable":true,"href":"https:\/\/www.treadmillpartsdirect.co.uk\/fr\/wp-json\/wp\/v2\/product_tag?post=17009"}],"curies":[{"name":"wp","href":"https:\/\/api.w.org\/{rel}","templated":true}]}}