{"id":17007,"date":"2023-07-01T14:42:35","date_gmt":"2023-07-01T14:42:35","guid":{"rendered":"https:\/\/www.treadmillpartsdirect.co.uk\/product\/courroie-de-course-de-remplacement-convient-a-toutes-les-marques-et-modeles-de-tapis-roulant\/"},"modified":"2024-06-20T20:04:10","modified_gmt":"2024-06-20T20:04:10","slug":"courroie-de-course-de-remplacement-convient-a-toutes-les-marques-et-modeles-de-tapis-roulant","status":"publish","type":"product","link":"https:\/\/www.treadmillpartsdirect.co.uk\/fr\/produit\/courroie-de-course-de-remplacement-convient-a-toutes-les-marques-et-modeles-de-tapis-roulant\/","title":{"rendered":"Courroie de course de remplacement \u2013 \u200b\u200bConvient \u00e0 toutes les marques et mod\u00e8les de tapis roulant"},"content":{"rendered":"<p>Courroies de rechange pour tapis de course pour toutes les marques et mod\u00e8les de tapis de course, pour tapis roulants \u00e0 usage commercial et domestique.<\/p>\n<p>Surface en PVC \u00e0 motif diamant pour une adh\u00e9rence optimale.<br \/>\nDe couleur noire.<br \/>\nConception antistatique \u00e0 faible bruit.<\/p>\n<p>La ceinture de tapis roulant <b>standard \u00e0 1<\/b> \u00e9paisseur mesure <b>1,4 mm<\/b> d&#8217;\u00e9paisseur avec une couche de PVC et une sous-couche en tissu. Convient \u00e0 la plupart des machines de course \u00e0 usage domestique.<\/p>\n<p>La ceinture de tapis roulant <b>premium \u00e0 2 \u00e9paisseurs<\/b> a une \u00e9paisseur <b>de 2,0 mm<\/b> avec deux couches de PVC et deux couches de sous-couche en tissu. Convient aux machines de course \u00e0 usage domestique plus lourdes.<\/p>\n<p>La ceinture de tapis roulant <b>commerciale \u00e0 2 \u00e9paisseurs<\/b> a une \u00e9paisseur <b>de 2,3 mm<\/b> avec deux couches de PVC et deux couches de sous-couche en tissu. Convient aux machines de course plus grandes et \u00e0 usage intensif utilis\u00e9es dans les gymnases.<\/p>\n<p><i><b><span style=\"color: #ff0010;\">IMPORTANT:<\/span><\/b> <\/i><i>Veuillez retirer votre ancienne courroie endommag\u00e9e pour la mesurer avec pr\u00e9cision. Chaque commande \u00e9tant r\u00e9alis\u00e9e sur mesure, nous ne pouvons pas accepter les retours si la taille que vous nous indiquez est erron\u00e9e. VEUILLEZ V\u00c9RIFIER VOS MESURES&nbsp;!<\/i><\/p>\n<p>Guide vid\u00e9o utile de 2 minutes sur la fa\u00e7on de mesurer avec pr\u00e9cision une courroie de course sur tapis roulant pour commander un remplacement de taille correcte.<\/p>\n<p><iframe style=\"width: 560px;\" title=\"Lecteur vid\u00e9o YouTube\" src=\"https:\/\/www.youtube.com\/embed\/iaJ03DpK6x4\" width=\"560\" height=\"315\" frameborder=\"0\" allowfullscreen=\"allowfullscreen\"><\/iframe><\/p>\n","protected":false},"excerpt":{"rendered":"<p>LES CEINTURES SONT FABRIQU\u00c9ES SUR COMMANDE &#8211; N&#8217;IMPORTE QUELLE LONGUEUR ET LARGEUR<\/p>\n<p>S\u00e9lectionnez ci-dessous la taille dont vous avez besoin. Pour commander la courroie de remplacement de la bonne taille, vous devrez mesurer avec pr\u00e9cision votre ancienne courroie ou mesurer autour des rouleaux.<\/p>\n<p>REMARQUE&nbsp;: La longueur doit correspondre \u00e0 la longueur totale de la circonf\u00e9rence jointe de la ceinture.<\/p>\n<p><a href=\"https:\/\/www.treadmillpartsdirect.co.uk\/help-guides\/replace-belt\/\" target=\"_blank\" rel=\"noopener\">Consultez notre guide utile sur la fa\u00e7on de mesurer avec pr\u00e9cision ici \u00bb<\/a><\/p>\n<p><img decoding=\"async\" class=\"alignnone size-medium wp-image-567\" src=\"https:\/\/www.treadmillpartsdirect.co.uk\/wp-content\/uploads\/2022\/12\/belt-total-length-circumference-explanation-300x150.jpg\" alt=\"\" width=\"300\" height=\"150\" srcset=\"https:\/\/www.treadmillpartsdirect.co.uk\/wp-content\/uploads\/2022\/12\/belt-total-length-circumference-explanation-300x150.jpg 300w, https:\/\/www.treadmillpartsdirect.co.uk\/wp-content\/uploads\/2022\/12\/belt-total-length-circumference-explanation-600x300.jpg 600w, https:\/\/www.treadmillpartsdirect.co.uk\/wp-content\/uploads\/2022\/12\/belt-total-length-circumference-explanation.jpg 750w\" sizes=\"(max-width: 300px) 100vw, 300px\" \/><\/p>\n<p>Monocouche standard de 1,4 mm \u2013 Convient \u00e0 la plupart des tapis roulants \u00e0 usage domestique.<\/p>\n<p>Double \u00e9paisseur de qualit\u00e9 sup\u00e9rieure de 2,0 mm \u2013 Convient aux tapis roulants robustes de qualit\u00e9 sup\u00e9rieure \u00e0 usage domestique.<\/p>\n<p>Double \u00e9paisseur commerciale de 2,3 mm \u2013 Convient aux tapis roulants de salle de sport robustes \u00e0 usage intensif.<\/p>\n","protected":false},"featured_media":15438,"comment_status":"open","ping_status":"closed","template":"","meta":{"site-sidebar-layout":"default","site-content-layout":"default","ast-global-header-display":"","ast-main-header-display":"","ast-hfb-above-header-display":"","ast-hfb-below-header-display":"","ast-hfb-mobile-header-display":"","site-post-title":"","ast-breadcrumbs-content":"","ast-featured-img":"","footer-sml-layout":"","theme-transparent-header-meta":"default","adv-header-id-meta":"","stick-header-meta":"default","header-above-stick-meta":"","header-main-stick-meta":"","header-below-stick-meta":""},"product_brand":[],"product_cat":[1554],"product_tag":[1353,1557,1558,1354,1556,1555],"class_list":{"0":"post-17007","1":"product","2":"type-product","3":"status-publish","4":"has-post-thumbnail","6":"product_cat-ceintures-de-course-a-pied","7":"product_tag-replacement-fr","8":"product_tag-running-machine-belt-fr","9":"product_tag-running-machine-running-belt-fr","10":"product_tag-spares-fr","11":"product_tag-treadmill-belt-fr","12":"product_tag-treadmill-running-belt-fr","13":"desktop-align-left","14":"tablet-align-left","15":"mobile-align-left","17":"first","18":"instock","19":"featured","20":"shipping-taxable","21":"purchasable","22":"product-type-simple"},"yoast_head":"<!-- This site is optimized with the Yoast SEO plugin v22.8 - https:\/\/yoast.com\/wordpress\/plugins\/seo\/ -->\n<title>Courroie de course de remplacement \u2013 \u200b\u200bConvient \u00e0 toutes les marques et mod\u00e8les de tapis roulant - Treadmill Parts Direct<\/title>\n<meta name=\"robots\" content=\"index, follow, max-snippet:-1, max-image-preview:large, max-video-preview:-1\" \/>\n<link rel=\"canonical\" href=\"https:\/\/www.treadmillpartsdirect.co.uk\/fr\/produit\/courroie-de-course-de-remplacement-convient-a-toutes-les-marques-et-modeles-de-tapis-roulant\/\" \/>\n<meta property=\"og:locale\" content=\"fr_FR\" \/>\n<meta property=\"og:type\" content=\"article\" \/>\n<meta property=\"og:title\" content=\"Courroie de course de remplacement \u2013 \u200b\u200bConvient \u00e0 toutes les marques et mod\u00e8les de tapis roulant - Treadmill Parts Direct\" \/>\n<meta property=\"og:description\" content=\"LES CEINTURES SONT FABRIQU\u00c9ES SUR COMMANDE - N&#039;IMPORTE QUELLE LONGUEUR ET LARGEUR  S\u00e9lectionnez ci-dessous la taille dont vous avez besoin. Pour commander la courroie de remplacement de la bonne taille, vous devrez mesurer avec pr\u00e9cision votre ancienne courroie ou mesurer autour des rouleaux.  REMARQUE&nbsp;: La longueur doit correspondre \u00e0 la longueur totale de la circonf\u00e9rence jointe de la ceinture.  Consultez notre guide utile sur la fa\u00e7on de mesurer avec pr\u00e9cision ici \u00bb    Monocouche standard de 1,4 mm \u2013 Convient \u00e0 la plupart des tapis roulants \u00e0 usage domestique.  Double \u00e9paisseur de qualit\u00e9 sup\u00e9rieure de 2,0 mm \u2013 Convient aux tapis roulants robustes de qualit\u00e9 sup\u00e9rieure \u00e0 usage domestique.  Double \u00e9paisseur commerciale de 2,3 mm \u2013 Convient aux tapis roulants de salle de sport robustes \u00e0 usage intensif.\" \/>\n<meta property=\"og:url\" content=\"https:\/\/www.treadmillpartsdirect.co.uk\/fr\/produit\/courroie-de-course-de-remplacement-convient-a-toutes-les-marques-et-modeles-de-tapis-roulant\/\" \/>\n<meta property=\"og:site_name\" content=\"Treadmill Parts Direct\" \/>\n<meta property=\"article:publisher\" content=\"https:\/\/www.facebook.com\/treadmillpartsdirect\" \/>\n<meta property=\"article:modified_time\" content=\"2024-06-20T20:04:10+00:00\" \/>\n<meta property=\"og:image\" content=\"https:\/\/www.treadmillpartsdirect.co.uk\/wp-content\/uploads\/2022\/12\/replacement-treadmill-belt-black-pvc-diamond-pattern-running-machine-belt.png\" \/>\n\t<meta property=\"og:image:width\" content=\"577\" \/>\n\t<meta property=\"og:image:height\" content=\"433\" \/>\n\t<meta property=\"og:image:type\" content=\"image\/png\" \/>\n<meta name=\"twitter:card\" content=\"summary_large_image\" \/>\n<meta name=\"twitter:site\" content=\"@treadmillpartsdirect\" \/>\n<meta name=\"twitter:label1\" content=\"Dur\u00e9e de lecture estim\u00e9e\" \/>\n\t<meta name=\"twitter:data1\" content=\"1 minute\" \/>\n<script type=\"application\/ld+json\" class=\"yoast-schema-graph\">{\"@context\":\"https:\/\/schema.org\",\"@graph\":[{\"@type\":\"WebPage\",\"@id\":\"https:\/\/www.treadmillpartsdirect.co.uk\/fr\/produit\/courroie-de-course-de-remplacement-convient-a-toutes-les-marques-et-modeles-de-tapis-roulant\/\",\"url\":\"https:\/\/www.treadmillpartsdirect.co.uk\/fr\/produit\/courroie-de-course-de-remplacement-convient-a-toutes-les-marques-et-modeles-de-tapis-roulant\/\",\"name\":\"Courroie de course de remplacement \u2013 \u200b\u200bConvient \u00e0 toutes les marques et mod\u00e8les de tapis roulant - Treadmill Parts Direct\",\"isPartOf\":{\"@id\":\"https:\/\/www.treadmillpartsdirect.co.uk\/fr\/#website\"},\"primaryImageOfPage\":{\"@id\":\"https:\/\/www.treadmillpartsdirect.co.uk\/fr\/produit\/courroie-de-course-de-remplacement-convient-a-toutes-les-marques-et-modeles-de-tapis-roulant\/#primaryimage\"},\"image\":{\"@id\":\"https:\/\/www.treadmillpartsdirect.co.uk\/fr\/produit\/courroie-de-course-de-remplacement-convient-a-toutes-les-marques-et-modeles-de-tapis-roulant\/#primaryimage\"},\"thumbnailUrl\":\"https:\/\/www.treadmillpartsdirect.co.uk\/wp-content\/uploads\/2022\/12\/replacement-treadmill-belt-black-pvc-diamond-pattern-running-machine-belt.png\",\"datePublished\":\"2023-07-01T14:42:35+00:00\",\"dateModified\":\"2024-06-20T20:04:10+00:00\",\"breadcrumb\":{\"@id\":\"https:\/\/www.treadmillpartsdirect.co.uk\/fr\/produit\/courroie-de-course-de-remplacement-convient-a-toutes-les-marques-et-modeles-de-tapis-roulant\/#breadcrumb\"},\"inLanguage\":\"fr-FR\",\"potentialAction\":[{\"@type\":\"ReadAction\",\"target\":[\"https:\/\/www.treadmillpartsdirect.co.uk\/fr\/produit\/courroie-de-course-de-remplacement-convient-a-toutes-les-marques-et-modeles-de-tapis-roulant\/\"]}]},{\"@type\":\"ImageObject\",\"inLanguage\":\"fr-FR\",\"@id\":\"https:\/\/www.treadmillpartsdirect.co.uk\/fr\/produit\/courroie-de-course-de-remplacement-convient-a-toutes-les-marques-et-modeles-de-tapis-roulant\/#primaryimage\",\"url\":\"https:\/\/www.treadmillpartsdirect.co.uk\/wp-content\/uploads\/2022\/12\/replacement-treadmill-belt-black-pvc-diamond-pattern-running-machine-belt.png\",\"contentUrl\":\"https:\/\/www.treadmillpartsdirect.co.uk\/wp-content\/uploads\/2022\/12\/replacement-treadmill-belt-black-pvc-diamond-pattern-running-machine-belt.png\",\"width\":577,\"height\":433},{\"@type\":\"BreadcrumbList\",\"@id\":\"https:\/\/www.treadmillpartsdirect.co.uk\/fr\/produit\/courroie-de-course-de-remplacement-convient-a-toutes-les-marques-et-modeles-de-tapis-roulant\/#breadcrumb\",\"itemListElement\":[{\"@type\":\"ListItem\",\"position\":1,\"name\":\"Home\",\"item\":\"https:\/\/www.treadmillpartsdirect.co.uk\/fr\/accueil\/\"},{\"@type\":\"ListItem\",\"position\":2,\"name\":\"Boutique\",\"item\":\"https:\/\/www.treadmillpartsdirect.co.uk\/fr\/boutique\/\"},{\"@type\":\"ListItem\",\"position\":3,\"name\":\"Courroie de course de remplacement \u2013 \u200b\u200bConvient \u00e0 toutes les marques et mod\u00e8les de tapis roulant\"}]},{\"@type\":\"WebSite\",\"@id\":\"https:\/\/www.treadmillpartsdirect.co.uk\/fr\/#website\",\"url\":\"https:\/\/www.treadmillpartsdirect.co.uk\/fr\/\",\"name\":\"Treadmill Parts Direct\",\"description\":\"Treadmill Parts Direct\",\"publisher\":{\"@id\":\"https:\/\/www.treadmillpartsdirect.co.uk\/fr\/#organization\"},\"potentialAction\":[{\"@type\":\"SearchAction\",\"target\":{\"@type\":\"EntryPoint\",\"urlTemplate\":\"https:\/\/www.treadmillpartsdirect.co.uk\/fr\/?s={search_term_string}\"},\"query-input\":\"required name=search_term_string\"}],\"inLanguage\":\"fr-FR\"},{\"@type\":\"Organization\",\"@id\":\"https:\/\/www.treadmillpartsdirect.co.uk\/fr\/#organization\",\"name\":\"Treadmill Parts Direct\",\"url\":\"https:\/\/www.treadmillpartsdirect.co.uk\/fr\/\",\"logo\":{\"@type\":\"ImageObject\",\"inLanguage\":\"fr-FR\",\"@id\":\"https:\/\/www.treadmillpartsdirect.co.uk\/fr\/#\/schema\/logo\/image\/\",\"url\":\"https:\/\/www.treadmillpartsdirect.co.uk\/wp-content\/uploads\/2024\/03\/treadmill-parts-direct-logo.png\",\"contentUrl\":\"https:\/\/www.treadmillpartsdirect.co.uk\/wp-content\/uploads\/2024\/03\/treadmill-parts-direct-logo.png\",\"width\":250,\"height\":92,\"caption\":\"Treadmill Parts Direct\"},\"image\":{\"@id\":\"https:\/\/www.treadmillpartsdirect.co.uk\/fr\/#\/schema\/logo\/image\/\"},\"sameAs\":[\"https:\/\/www.facebook.com\/treadmillpartsdirect\",\"https:\/\/x.com\/treadmillpartsdirect\",\"https:\/\/www.instagram.com\/treadmillpartsdirect\/\",\"https:\/\/www.youtube.com\/@treadmillpartsdirect\"]}]}<\/script>\n<!-- \/ Yoast SEO plugin. -->","yoast_head_json":{"title":"Courroie de course de remplacement \u2013 \u200b\u200bConvient \u00e0 toutes les marques et mod\u00e8les de tapis roulant - Treadmill Parts Direct","robots":{"index":"index","follow":"follow","max-snippet":"max-snippet:-1","max-image-preview":"max-image-preview:large","max-video-preview":"max-video-preview:-1"},"canonical":"https:\/\/www.treadmillpartsdirect.co.uk\/fr\/produit\/courroie-de-course-de-remplacement-convient-a-toutes-les-marques-et-modeles-de-tapis-roulant\/","og_locale":"fr_FR","og_type":"article","og_title":"Courroie de course de remplacement \u2013 \u200b\u200bConvient \u00e0 toutes les marques et mod\u00e8les de tapis roulant - Treadmill Parts Direct","og_description":"LES CEINTURES SONT FABRIQU\u00c9ES SUR COMMANDE - N'IMPORTE QUELLE LONGUEUR ET LARGEUR  S\u00e9lectionnez ci-dessous la taille dont vous avez besoin. Pour commander la courroie de remplacement de la bonne taille, vous devrez mesurer avec pr\u00e9cision votre ancienne courroie ou mesurer autour des rouleaux.  REMARQUE&nbsp;: La longueur doit correspondre \u00e0 la longueur totale de la circonf\u00e9rence jointe de la ceinture.  Consultez notre guide utile sur la fa\u00e7on de mesurer avec pr\u00e9cision ici \u00bb    Monocouche standard de 1,4 mm \u2013 Convient \u00e0 la plupart des tapis roulants \u00e0 usage domestique.  Double \u00e9paisseur de qualit\u00e9 sup\u00e9rieure de 2,0 mm \u2013 Convient aux tapis roulants robustes de qualit\u00e9 sup\u00e9rieure \u00e0 usage domestique.  Double \u00e9paisseur commerciale de 2,3 mm \u2013 Convient aux tapis roulants de salle de sport robustes \u00e0 usage intensif.","og_url":"https:\/\/www.treadmillpartsdirect.co.uk\/fr\/produit\/courroie-de-course-de-remplacement-convient-a-toutes-les-marques-et-modeles-de-tapis-roulant\/","og_site_name":"Treadmill Parts Direct","article_publisher":"https:\/\/www.facebook.com\/treadmillpartsdirect","article_modified_time":"2024-06-20T20:04:10+00:00","og_image":[{"width":577,"height":433,"url":"https:\/\/www.treadmillpartsdirect.co.uk\/wp-content\/uploads\/2022\/12\/replacement-treadmill-belt-black-pvc-diamond-pattern-running-machine-belt.png","type":"image\/png"}],"twitter_card":"summary_large_image","twitter_site":"@treadmillpartsdirect","twitter_misc":{"Dur\u00e9e de lecture estim\u00e9e":"1 minute"},"schema":{"@context":"https:\/\/schema.org","@graph":[{"@type":"WebPage","@id":"https:\/\/www.treadmillpartsdirect.co.uk\/fr\/produit\/courroie-de-course-de-remplacement-convient-a-toutes-les-marques-et-modeles-de-tapis-roulant\/","url":"https:\/\/www.treadmillpartsdirect.co.uk\/fr\/produit\/courroie-de-course-de-remplacement-convient-a-toutes-les-marques-et-modeles-de-tapis-roulant\/","name":"Courroie de course de remplacement \u2013 \u200b\u200bConvient \u00e0 toutes les marques et mod\u00e8les de tapis roulant - Treadmill Parts Direct","isPartOf":{"@id":"https:\/\/www.treadmillpartsdirect.co.uk\/fr\/#website"},"primaryImageOfPage":{"@id":"https:\/\/www.treadmillpartsdirect.co.uk\/fr\/produit\/courroie-de-course-de-remplacement-convient-a-toutes-les-marques-et-modeles-de-tapis-roulant\/#primaryimage"},"image":{"@id":"https:\/\/www.treadmillpartsdirect.co.uk\/fr\/produit\/courroie-de-course-de-remplacement-convient-a-toutes-les-marques-et-modeles-de-tapis-roulant\/#primaryimage"},"thumbnailUrl":"https:\/\/www.treadmillpartsdirect.co.uk\/wp-content\/uploads\/2022\/12\/replacement-treadmill-belt-black-pvc-diamond-pattern-running-machine-belt.png","datePublished":"2023-07-01T14:42:35+00:00","dateModified":"2024-06-20T20:04:10+00:00","breadcrumb":{"@id":"https:\/\/www.treadmillpartsdirect.co.uk\/fr\/produit\/courroie-de-course-de-remplacement-convient-a-toutes-les-marques-et-modeles-de-tapis-roulant\/#breadcrumb"},"inLanguage":"fr-FR","potentialAction":[{"@type":"ReadAction","target":["https:\/\/www.treadmillpartsdirect.co.uk\/fr\/produit\/courroie-de-course-de-remplacement-convient-a-toutes-les-marques-et-modeles-de-tapis-roulant\/"]}]},{"@type":"ImageObject","inLanguage":"fr-FR","@id":"https:\/\/www.treadmillpartsdirect.co.uk\/fr\/produit\/courroie-de-course-de-remplacement-convient-a-toutes-les-marques-et-modeles-de-tapis-roulant\/#primaryimage","url":"https:\/\/www.treadmillpartsdirect.co.uk\/wp-content\/uploads\/2022\/12\/replacement-treadmill-belt-black-pvc-diamond-pattern-running-machine-belt.png","contentUrl":"https:\/\/www.treadmillpartsdirect.co.uk\/wp-content\/uploads\/2022\/12\/replacement-treadmill-belt-black-pvc-diamond-pattern-running-machine-belt.png","width":577,"height":433},{"@type":"BreadcrumbList","@id":"https:\/\/www.treadmillpartsdirect.co.uk\/fr\/produit\/courroie-de-course-de-remplacement-convient-a-toutes-les-marques-et-modeles-de-tapis-roulant\/#breadcrumb","itemListElement":[{"@type":"ListItem","position":1,"name":"Home","item":"https:\/\/www.treadmillpartsdirect.co.uk\/fr\/accueil\/"},{"@type":"ListItem","position":2,"name":"Boutique","item":"https:\/\/www.treadmillpartsdirect.co.uk\/fr\/boutique\/"},{"@type":"ListItem","position":3,"name":"Courroie de course de remplacement \u2013 \u200b\u200bConvient \u00e0 toutes les marques et mod\u00e8les de tapis roulant"}]},{"@type":"WebSite","@id":"https:\/\/www.treadmillpartsdirect.co.uk\/fr\/#website","url":"https:\/\/www.treadmillpartsdirect.co.uk\/fr\/","name":"Treadmill Parts Direct","description":"Treadmill Parts Direct","publisher":{"@id":"https:\/\/www.treadmillpartsdirect.co.uk\/fr\/#organization"},"potentialAction":[{"@type":"SearchAction","target":{"@type":"EntryPoint","urlTemplate":"https:\/\/www.treadmillpartsdirect.co.uk\/fr\/?s={search_term_string}"},"query-input":"required name=search_term_string"}],"inLanguage":"fr-FR"},{"@type":"Organization","@id":"https:\/\/www.treadmillpartsdirect.co.uk\/fr\/#organization","name":"Treadmill Parts Direct","url":"https:\/\/www.treadmillpartsdirect.co.uk\/fr\/","logo":{"@type":"ImageObject","inLanguage":"fr-FR","@id":"https:\/\/www.treadmillpartsdirect.co.uk\/fr\/#\/schema\/logo\/image\/","url":"https:\/\/www.treadmillpartsdirect.co.uk\/wp-content\/uploads\/2024\/03\/treadmill-parts-direct-logo.png","contentUrl":"https:\/\/www.treadmillpartsdirect.co.uk\/wp-content\/uploads\/2024\/03\/treadmill-parts-direct-logo.png","width":250,"height":92,"caption":"Treadmill Parts Direct"},"image":{"@id":"https:\/\/www.treadmillpartsdirect.co.uk\/fr\/#\/schema\/logo\/image\/"},"sameAs":["https:\/\/www.facebook.com\/treadmillpartsdirect","https:\/\/x.com\/treadmillpartsdirect","https:\/\/www.instagram.com\/treadmillpartsdirect\/","https:\/\/www.youtube.com\/@treadmillpartsdirect"]}]}},"_links":{"self":[{"href":"https:\/\/www.treadmillpartsdirect.co.uk\/fr\/wp-json\/wp\/v2\/product\/17007","targetHints":{"allow":["GET"]}}],"collection":[{"href":"https:\/\/www.treadmillpartsdirect.co.uk\/fr\/wp-json\/wp\/v2\/product"}],"about":[{"href":"https:\/\/www.treadmillpartsdirect.co.uk\/fr\/wp-json\/wp\/v2\/types\/product"}],"replies":[{"embeddable":true,"href":"https:\/\/www.treadmillpartsdirect.co.uk\/fr\/wp-json\/wp\/v2\/comments?post=17007"}],"wp:featuredmedia":[{"embeddable":true,"href":"https:\/\/www.treadmillpartsdirect.co.uk\/fr\/wp-json\/wp\/v2\/media\/15438"}],"wp:attachment":[{"href":"https:\/\/www.treadmillpartsdirect.co.uk\/fr\/wp-json\/wp\/v2\/media?parent=17007"}],"wp:term":[{"taxonomy":"product_brand","embeddable":true,"href":"https:\/\/www.treadmillpartsdirect.co.uk\/fr\/wp-json\/wp\/v2\/product_brand?post=17007"},{"taxonomy":"product_cat","embeddable":true,"href":"https:\/\/www.treadmillpartsdirect.co.uk\/fr\/wp-json\/wp\/v2\/product_cat?post=17007"},{"taxonomy":"product_tag","embeddable":true,"href":"https:\/\/www.treadmillpartsdirect.co.uk\/fr\/wp-json\/wp\/v2\/product_tag?post=17007"}],"curies":[{"name":"wp","href":"https:\/\/api.w.org\/{rel}","templated":true}]}}