{"id":16508,"date":"2023-01-18T13:26:50","date_gmt":"2023-01-18T13:26:50","guid":{"rendered":"https:\/\/www.treadmillpartsdirect.co.uk\/product\/plate-forme-de-course-de-remplacement-nordictrack-t16-0\/"},"modified":"2023-01-18T13:26:50","modified_gmt":"2023-01-18T13:26:50","slug":"plate-forme-de-course-de-remplacement-nordictrack-t16-0","status":"publish","type":"product","link":"https:\/\/www.treadmillpartsdirect.co.uk\/fr\/produit\/plate-forme-de-course-de-remplacement-nordictrack-t16-0\/","title":{"rendered":"Plate-forme de course de remplacement NordicTrack T16.0"},"content":{"rendered":"<p>Nos plateaux de course remplacent avantageusement tous les NordicTrack T16.0 course wpcodeself.<\/p>\n<p>Nos plateaux de remplacement pour tapis de course sont dot\u00e9s d&#8217;un rev\u00eatement sp\u00e9cial \u00e0 faible coefficient de frottement sur les deux faces.<\/p>\n<p><i><b><span style=\"color: #ff0010;\">IMPORTANT :<\/span><\/b><\/i> <i>Vous devrez utiliser l&#8217;ancien plateau d&#8217;origine comme mod\u00e8le pour marquer et percer les trous, ainsi que pour effectuer vous-m\u00eame les petites coupes suppl\u00e9mentaires sur le nouveau plateau afin de vous assurer que tout s&#8217;aligne exactement sur les points de montage de votre machine.<\/i><\/p>\n","protected":false},"excerpt":{"rendered":"<p>Tapis de course de remplacement pour la [productMakeModel] courir wpcodeself.<\/p>\n<p>CONTREPLAQU\u00c9 DE HAUTE QUALIT\u00c9 PLUS SOLIDE QUE LE MDF FACILE \u00c0 INSTALLER.<\/p>\n","protected":false},"featured_media":15688,"comment_status":"closed","ping_status":"open","template":"","meta":{"site-sidebar-layout":"","site-content-layout":"","ast-global-header-display":"","ast-main-header-display":"","ast-hfb-above-header-display":"","ast-hfb-below-header-display":"","ast-hfb-mobile-header-display":"","site-post-title":"","ast-breadcrumbs-content":"","ast-featured-img":"","footer-sml-layout":"","theme-transparent-header-meta":"","adv-header-id-meta":"","stick-header-meta":"","header-above-stick-meta":"","header-main-stick-meta":"","header-below-stick-meta":""},"product_brand":[],"product_cat":[1346],"product_tag":[1600,1350,1353,1352,1351,1354,1917,1349],"class_list":{"0":"post-16508","1":"product","2":"type-product","3":"status-publish","4":"has-post-thumbnail","6":"product_cat-ponts-roulants","7":"product_tag-nordictrack-fr-2","8":"product_tag-planche-a-roulettes","9":"product_tag-replacement-fr","10":"product_tag-running-machine-board-fr","11":"product_tag-running-machine-deck-fr","12":"product_tag-spares-fr","13":"product_tag-t16-0-fr","14":"product_tag-treadmill-deck-fr","15":"desktop-align-left","16":"tablet-align-left","17":"mobile-align-left","19":"first","20":"instock","21":"purchasable","22":"product-type-simple"},"yoast_head":"<!-- This site is optimized with the Yoast SEO plugin v22.8 - https:\/\/yoast.com\/wordpress\/plugins\/seo\/ -->\n<title>Plate-forme de course de remplacement NordicTrack T16.0 - Treadmill Parts Direct<\/title>\n<meta name=\"robots\" content=\"index, follow, max-snippet:-1, max-image-preview:large, max-video-preview:-1\" \/>\n<link rel=\"canonical\" href=\"https:\/\/www.treadmillpartsdirect.co.uk\/fr\/produit\/plate-forme-de-course-de-remplacement-nordictrack-t16-0\/\" \/>\n<meta property=\"og:locale\" content=\"fr_FR\" \/>\n<meta property=\"og:type\" content=\"article\" \/>\n<meta property=\"og:title\" content=\"Plate-forme de course de remplacement NordicTrack T16.0 - Treadmill Parts Direct\" \/>\n<meta property=\"og:description\" content=\"Tapis de course de remplacement pour la courir wpcodeself. CONTREPLAQU\u00c9 DE HAUTE QUALIT\u00c9 PLUS SOLIDE QUE LE MDF FACILE \u00c0 INSTALLER.\" \/>\n<meta property=\"og:url\" content=\"https:\/\/www.treadmillpartsdirect.co.uk\/fr\/produit\/plate-forme-de-course-de-remplacement-nordictrack-t16-0\/\" \/>\n<meta property=\"og:site_name\" content=\"Treadmill Parts Direct\" \/>\n<meta property=\"article:publisher\" content=\"https:\/\/www.facebook.com\/treadmillpartsdirect\" \/>\n<meta property=\"og:image\" content=\"https:\/\/www.treadmillpartsdirect.co.uk\/wp-content\/uploads\/2023\/01\/NordicTrack-treadmill-deck-replacement-running-machine-board.jpg\" \/>\n\t<meta property=\"og:image:width\" content=\"541\" \/>\n\t<meta property=\"og:image:height\" content=\"461\" \/>\n\t<meta property=\"og:image:type\" content=\"image\/jpeg\" \/>\n<meta name=\"twitter:card\" content=\"summary_large_image\" \/>\n<meta name=\"twitter:site\" content=\"@treadmillpartsdirect\" \/>\n<script type=\"application\/ld+json\" class=\"yoast-schema-graph\">{\"@context\":\"https:\/\/schema.org\",\"@graph\":[{\"@type\":\"WebPage\",\"@id\":\"https:\/\/www.treadmillpartsdirect.co.uk\/fr\/produit\/plate-forme-de-course-de-remplacement-nordictrack-t16-0\/\",\"url\":\"https:\/\/www.treadmillpartsdirect.co.uk\/fr\/produit\/plate-forme-de-course-de-remplacement-nordictrack-t16-0\/\",\"name\":\"Plate-forme de course de remplacement NordicTrack T16.0 - Treadmill Parts Direct\",\"isPartOf\":{\"@id\":\"https:\/\/www.treadmillpartsdirect.co.uk\/fr\/#website\"},\"primaryImageOfPage\":{\"@id\":\"https:\/\/www.treadmillpartsdirect.co.uk\/fr\/produit\/plate-forme-de-course-de-remplacement-nordictrack-t16-0\/#primaryimage\"},\"image\":{\"@id\":\"https:\/\/www.treadmillpartsdirect.co.uk\/fr\/produit\/plate-forme-de-course-de-remplacement-nordictrack-t16-0\/#primaryimage\"},\"thumbnailUrl\":\"https:\/\/www.treadmillpartsdirect.co.uk\/wp-content\/uploads\/2023\/01\/NordicTrack-treadmill-deck-replacement-running-machine-board.jpg\",\"datePublished\":\"2023-01-18T13:26:50+00:00\",\"dateModified\":\"2023-01-18T13:26:50+00:00\",\"breadcrumb\":{\"@id\":\"https:\/\/www.treadmillpartsdirect.co.uk\/fr\/produit\/plate-forme-de-course-de-remplacement-nordictrack-t16-0\/#breadcrumb\"},\"inLanguage\":\"fr-FR\",\"potentialAction\":[{\"@type\":\"ReadAction\",\"target\":[\"https:\/\/www.treadmillpartsdirect.co.uk\/fr\/produit\/plate-forme-de-course-de-remplacement-nordictrack-t16-0\/\"]}]},{\"@type\":\"ImageObject\",\"inLanguage\":\"fr-FR\",\"@id\":\"https:\/\/www.treadmillpartsdirect.co.uk\/fr\/produit\/plate-forme-de-course-de-remplacement-nordictrack-t16-0\/#primaryimage\",\"url\":\"https:\/\/www.treadmillpartsdirect.co.uk\/wp-content\/uploads\/2023\/01\/NordicTrack-treadmill-deck-replacement-running-machine-board.jpg\",\"contentUrl\":\"https:\/\/www.treadmillpartsdirect.co.uk\/wp-content\/uploads\/2023\/01\/NordicTrack-treadmill-deck-replacement-running-machine-board.jpg\",\"width\":541,\"height\":461},{\"@type\":\"BreadcrumbList\",\"@id\":\"https:\/\/www.treadmillpartsdirect.co.uk\/fr\/produit\/plate-forme-de-course-de-remplacement-nordictrack-t16-0\/#breadcrumb\",\"itemListElement\":[{\"@type\":\"ListItem\",\"position\":1,\"name\":\"Home\",\"item\":\"https:\/\/www.treadmillpartsdirect.co.uk\/fr\/accueil\/\"},{\"@type\":\"ListItem\",\"position\":2,\"name\":\"Boutique\",\"item\":\"https:\/\/www.treadmillpartsdirect.co.uk\/fr\/boutique\/\"},{\"@type\":\"ListItem\",\"position\":3,\"name\":\"Plate-forme de course de remplacement NordicTrack T16.0\"}]},{\"@type\":\"WebSite\",\"@id\":\"https:\/\/www.treadmillpartsdirect.co.uk\/fr\/#website\",\"url\":\"https:\/\/www.treadmillpartsdirect.co.uk\/fr\/\",\"name\":\"Treadmill Parts Direct\",\"description\":\"Treadmill Parts Direct\",\"publisher\":{\"@id\":\"https:\/\/www.treadmillpartsdirect.co.uk\/fr\/#organization\"},\"potentialAction\":[{\"@type\":\"SearchAction\",\"target\":{\"@type\":\"EntryPoint\",\"urlTemplate\":\"https:\/\/www.treadmillpartsdirect.co.uk\/fr\/?s={search_term_string}\"},\"query-input\":\"required name=search_term_string\"}],\"inLanguage\":\"fr-FR\"},{\"@type\":\"Organization\",\"@id\":\"https:\/\/www.treadmillpartsdirect.co.uk\/fr\/#organization\",\"name\":\"Treadmill Parts Direct\",\"url\":\"https:\/\/www.treadmillpartsdirect.co.uk\/fr\/\",\"logo\":{\"@type\":\"ImageObject\",\"inLanguage\":\"fr-FR\",\"@id\":\"https:\/\/www.treadmillpartsdirect.co.uk\/fr\/#\/schema\/logo\/image\/\",\"url\":\"https:\/\/www.treadmillpartsdirect.co.uk\/wp-content\/uploads\/2024\/03\/treadmill-parts-direct-logo.png\",\"contentUrl\":\"https:\/\/www.treadmillpartsdirect.co.uk\/wp-content\/uploads\/2024\/03\/treadmill-parts-direct-logo.png\",\"width\":250,\"height\":92,\"caption\":\"Treadmill Parts Direct\"},\"image\":{\"@id\":\"https:\/\/www.treadmillpartsdirect.co.uk\/fr\/#\/schema\/logo\/image\/\"},\"sameAs\":[\"https:\/\/www.facebook.com\/treadmillpartsdirect\",\"https:\/\/x.com\/treadmillpartsdirect\",\"https:\/\/www.instagram.com\/treadmillpartsdirect\/\",\"https:\/\/www.youtube.com\/@treadmillpartsdirect\"]}]}<\/script>\n<!-- \/ Yoast SEO plugin. -->","yoast_head_json":{"title":"Plate-forme de course de remplacement NordicTrack T16.0 - Treadmill Parts Direct","robots":{"index":"index","follow":"follow","max-snippet":"max-snippet:-1","max-image-preview":"max-image-preview:large","max-video-preview":"max-video-preview:-1"},"canonical":"https:\/\/www.treadmillpartsdirect.co.uk\/fr\/produit\/plate-forme-de-course-de-remplacement-nordictrack-t16-0\/","og_locale":"fr_FR","og_type":"article","og_title":"Plate-forme de course de remplacement NordicTrack T16.0 - Treadmill Parts Direct","og_description":"Tapis de course de remplacement pour la courir wpcodeself. CONTREPLAQU\u00c9 DE HAUTE QUALIT\u00c9 PLUS SOLIDE QUE LE MDF FACILE \u00c0 INSTALLER.","og_url":"https:\/\/www.treadmillpartsdirect.co.uk\/fr\/produit\/plate-forme-de-course-de-remplacement-nordictrack-t16-0\/","og_site_name":"Treadmill Parts Direct","article_publisher":"https:\/\/www.facebook.com\/treadmillpartsdirect","og_image":[{"width":541,"height":461,"url":"https:\/\/www.treadmillpartsdirect.co.uk\/wp-content\/uploads\/2023\/01\/NordicTrack-treadmill-deck-replacement-running-machine-board.jpg","type":"image\/jpeg"}],"twitter_card":"summary_large_image","twitter_site":"@treadmillpartsdirect","schema":{"@context":"https:\/\/schema.org","@graph":[{"@type":"WebPage","@id":"https:\/\/www.treadmillpartsdirect.co.uk\/fr\/produit\/plate-forme-de-course-de-remplacement-nordictrack-t16-0\/","url":"https:\/\/www.treadmillpartsdirect.co.uk\/fr\/produit\/plate-forme-de-course-de-remplacement-nordictrack-t16-0\/","name":"Plate-forme de course de remplacement NordicTrack T16.0 - Treadmill Parts Direct","isPartOf":{"@id":"https:\/\/www.treadmillpartsdirect.co.uk\/fr\/#website"},"primaryImageOfPage":{"@id":"https:\/\/www.treadmillpartsdirect.co.uk\/fr\/produit\/plate-forme-de-course-de-remplacement-nordictrack-t16-0\/#primaryimage"},"image":{"@id":"https:\/\/www.treadmillpartsdirect.co.uk\/fr\/produit\/plate-forme-de-course-de-remplacement-nordictrack-t16-0\/#primaryimage"},"thumbnailUrl":"https:\/\/www.treadmillpartsdirect.co.uk\/wp-content\/uploads\/2023\/01\/NordicTrack-treadmill-deck-replacement-running-machine-board.jpg","datePublished":"2023-01-18T13:26:50+00:00","dateModified":"2023-01-18T13:26:50+00:00","breadcrumb":{"@id":"https:\/\/www.treadmillpartsdirect.co.uk\/fr\/produit\/plate-forme-de-course-de-remplacement-nordictrack-t16-0\/#breadcrumb"},"inLanguage":"fr-FR","potentialAction":[{"@type":"ReadAction","target":["https:\/\/www.treadmillpartsdirect.co.uk\/fr\/produit\/plate-forme-de-course-de-remplacement-nordictrack-t16-0\/"]}]},{"@type":"ImageObject","inLanguage":"fr-FR","@id":"https:\/\/www.treadmillpartsdirect.co.uk\/fr\/produit\/plate-forme-de-course-de-remplacement-nordictrack-t16-0\/#primaryimage","url":"https:\/\/www.treadmillpartsdirect.co.uk\/wp-content\/uploads\/2023\/01\/NordicTrack-treadmill-deck-replacement-running-machine-board.jpg","contentUrl":"https:\/\/www.treadmillpartsdirect.co.uk\/wp-content\/uploads\/2023\/01\/NordicTrack-treadmill-deck-replacement-running-machine-board.jpg","width":541,"height":461},{"@type":"BreadcrumbList","@id":"https:\/\/www.treadmillpartsdirect.co.uk\/fr\/produit\/plate-forme-de-course-de-remplacement-nordictrack-t16-0\/#breadcrumb","itemListElement":[{"@type":"ListItem","position":1,"name":"Home","item":"https:\/\/www.treadmillpartsdirect.co.uk\/fr\/accueil\/"},{"@type":"ListItem","position":2,"name":"Boutique","item":"https:\/\/www.treadmillpartsdirect.co.uk\/fr\/boutique\/"},{"@type":"ListItem","position":3,"name":"Plate-forme de course de remplacement NordicTrack T16.0"}]},{"@type":"WebSite","@id":"https:\/\/www.treadmillpartsdirect.co.uk\/fr\/#website","url":"https:\/\/www.treadmillpartsdirect.co.uk\/fr\/","name":"Treadmill Parts Direct","description":"Treadmill Parts Direct","publisher":{"@id":"https:\/\/www.treadmillpartsdirect.co.uk\/fr\/#organization"},"potentialAction":[{"@type":"SearchAction","target":{"@type":"EntryPoint","urlTemplate":"https:\/\/www.treadmillpartsdirect.co.uk\/fr\/?s={search_term_string}"},"query-input":"required name=search_term_string"}],"inLanguage":"fr-FR"},{"@type":"Organization","@id":"https:\/\/www.treadmillpartsdirect.co.uk\/fr\/#organization","name":"Treadmill Parts Direct","url":"https:\/\/www.treadmillpartsdirect.co.uk\/fr\/","logo":{"@type":"ImageObject","inLanguage":"fr-FR","@id":"https:\/\/www.treadmillpartsdirect.co.uk\/fr\/#\/schema\/logo\/image\/","url":"https:\/\/www.treadmillpartsdirect.co.uk\/wp-content\/uploads\/2024\/03\/treadmill-parts-direct-logo.png","contentUrl":"https:\/\/www.treadmillpartsdirect.co.uk\/wp-content\/uploads\/2024\/03\/treadmill-parts-direct-logo.png","width":250,"height":92,"caption":"Treadmill Parts Direct"},"image":{"@id":"https:\/\/www.treadmillpartsdirect.co.uk\/fr\/#\/schema\/logo\/image\/"},"sameAs":["https:\/\/www.facebook.com\/treadmillpartsdirect","https:\/\/x.com\/treadmillpartsdirect","https:\/\/www.instagram.com\/treadmillpartsdirect\/","https:\/\/www.youtube.com\/@treadmillpartsdirect"]}]}},"_links":{"self":[{"href":"https:\/\/www.treadmillpartsdirect.co.uk\/fr\/wp-json\/wp\/v2\/product\/16508","targetHints":{"allow":["GET"]}}],"collection":[{"href":"https:\/\/www.treadmillpartsdirect.co.uk\/fr\/wp-json\/wp\/v2\/product"}],"about":[{"href":"https:\/\/www.treadmillpartsdirect.co.uk\/fr\/wp-json\/wp\/v2\/types\/product"}],"replies":[{"embeddable":true,"href":"https:\/\/www.treadmillpartsdirect.co.uk\/fr\/wp-json\/wp\/v2\/comments?post=16508"}],"wp:featuredmedia":[{"embeddable":true,"href":"https:\/\/www.treadmillpartsdirect.co.uk\/fr\/wp-json\/wp\/v2\/media\/15688"}],"wp:attachment":[{"href":"https:\/\/www.treadmillpartsdirect.co.uk\/fr\/wp-json\/wp\/v2\/media?parent=16508"}],"wp:term":[{"taxonomy":"product_brand","embeddable":true,"href":"https:\/\/www.treadmillpartsdirect.co.uk\/fr\/wp-json\/wp\/v2\/product_brand?post=16508"},{"taxonomy":"product_cat","embeddable":true,"href":"https:\/\/www.treadmillpartsdirect.co.uk\/fr\/wp-json\/wp\/v2\/product_cat?post=16508"},{"taxonomy":"product_tag","embeddable":true,"href":"https:\/\/www.treadmillpartsdirect.co.uk\/fr\/wp-json\/wp\/v2\/product_tag?post=16508"}],"curies":[{"name":"wp","href":"https:\/\/api.w.org\/{rel}","templated":true}]}}