{"id":16368,"date":"2022-12-30T22:05:23","date_gmt":"2022-12-30T22:05:23","guid":{"rendered":"https:\/\/www.treadmillpartsdirect.co.uk\/guides-daide\/guide-utile-sur-la-facon-de-mesurer-et-dajuster-avec-precision-une-nouvelle-plate-forme-de-tapis-de-course\/"},"modified":"2024-06-01T07:01:19","modified_gmt":"2024-06-01T07:01:19","slug":"guide-utile-sur-la-facon-de-mesurer-et-dajuster-avec-precision-une-nouvelle-plate-forme-de-tapis-de-course","status":"publish","type":"page","link":"https:\/\/www.treadmillpartsdirect.co.uk\/fr\/guides-daide\/guide-utile-sur-la-facon-de-mesurer-et-dajuster-avec-precision-une-nouvelle-plate-forme-de-tapis-de-course\/","title":{"rendered":"Guide utile sur la fa\u00e7on de mesurer et d&#8217;ajuster avec pr\u00e9cision une nouvelle plate-forme de tapis de course"},"content":{"rendered":"\t\t<div data-elementor-type=\"wp-page\" data-elementor-id=\"16368\" class=\"elementor elementor-16368 elementor-560\">\n\t\t\t\t\t\t<section class=\"elementor-section elementor-top-section elementor-element elementor-element-53ee7f7 elementor-section-boxed elementor-section-height-default elementor-section-height-default\" data-id=\"53ee7f7\" data-element_type=\"section\" id=\"remove-deck\">\n\t\t\t\t\t\t<div class=\"elementor-container elementor-column-gap-default\">\n\t\t\t\t\t<div class=\"elementor-column elementor-col-50 elementor-top-column elementor-element elementor-element-b911f0d\" data-id=\"b911f0d\" data-element_type=\"column\">\n\t\t\t<div class=\"elementor-widget-wrap elementor-element-populated\">\n\t\t\t\t\t\t<div class=\"elementor-element elementor-element-8c44f8c elementor-widget elementor-widget-heading\" data-id=\"8c44f8c\" data-element_type=\"widget\" data-widget_type=\"heading.default\">\n\t\t\t\t<div class=\"elementor-widget-container\">\n\t\t\t<style>\/*! elementor - v3.21.0 - 26-05-2024 *\/\n.elementor-heading-title{padding:0;margin:0;line-height:1}.elementor-widget-heading .elementor-heading-title[class*=elementor-size-]>a{color:inherit;font-size:inherit;line-height:inherit}.elementor-widget-heading .elementor-heading-title.elementor-size-small{font-size:15px}.elementor-widget-heading .elementor-heading-title.elementor-size-medium{font-size:19px}.elementor-widget-heading .elementor-heading-title.elementor-size-large{font-size:29px}.elementor-widget-heading .elementor-heading-title.elementor-size-xl{font-size:39px}.elementor-widget-heading .elementor-heading-title.elementor-size-xxl{font-size:59px}<\/style><h1 class=\"elementor-heading-title elementor-size-default\">Comment enlever un tapis de course<\/h1>\t\t<\/div>\n\t\t\t\t<\/div>\n\t\t\t\t<div class=\"elementor-element elementor-element-cc0bead elementor-widget elementor-widget-text-editor\" data-id=\"cc0bead\" data-element_type=\"widget\" data-widget_type=\"text-editor.default\">\n\t\t\t\t<div class=\"elementor-widget-container\">\n\t\t\t<style>\/*! elementor - v3.21.0 - 26-05-2024 *\/\n.elementor-widget-text-editor.elementor-drop-cap-view-stacked .elementor-drop-cap{background-color:#69727d;color:#fff}.elementor-widget-text-editor.elementor-drop-cap-view-framed .elementor-drop-cap{color:#69727d;border:3px solid;background-color:transparent}.elementor-widget-text-editor:not(.elementor-drop-cap-view-default) .elementor-drop-cap{margin-top:8px}.elementor-widget-text-editor:not(.elementor-drop-cap-view-default) .elementor-drop-cap-letter{width:1em;height:1em}.elementor-widget-text-editor .elementor-drop-cap{float:left;text-align:center;line-height:1;font-size:50px}.elementor-widget-text-editor .elementor-drop-cap-letter{display:inline-block}<\/style>\t\t\t\t<ol>\n \t<li>Retirez les deux capuchons d&#8217;extr\u00e9mit\u00e9 en localisant et en retirant tous les boulons et\/ou vis n\u00e9cessaires.<\/li>\n \t<li>Retirez le couvercle du moteur en d\u00e9vissant toutes les vis de fixation.<\/li>\n \t<li>Enlevez les deux rails lat\u00e9raux en localisant et en retirant tous les boulons et\/ou vis n\u00e9cessaires.<\/li>\n \t<li>D\u00e9vissez tous les boulons qui fixent la plate-forme au cadre.<\/li>\n \t<li>La plate-forme du tapis de course coulissera alors lat\u00e9ralement sans qu&#8217;il soit n\u00e9cessaire d&#8217;enlever la bande de roulement.<\/li>\n<\/ol>\n<strong id=\"measure-deck\">Conservez l&#8217;ancien tapis de course d&#8217;origine, car vous devrez le mesurer et l&#8217;utiliser comme gabarit pour faciliter le montage du nouveau tapis de course.  <\/strong>\t\t\t\t\t\t<\/div>\n\t\t\t\t<\/div>\n\t\t\t\t\t<\/div>\n\t\t<\/div>\n\t\t\t\t<div class=\"elementor-column elementor-col-50 elementor-top-column elementor-element elementor-element-928176e\" data-id=\"928176e\" data-element_type=\"column\" data-settings=\"{&quot;background_background&quot;:&quot;classic&quot;}\">\n\t\t\t<div class=\"elementor-widget-wrap elementor-element-populated\">\n\t\t\t\t\t\t<div class=\"elementor-element elementor-element-568ab8d elementor-widget elementor-widget-image\" data-id=\"568ab8d\" data-element_type=\"widget\" data-widget_type=\"image.default\">\n\t\t\t\t<div class=\"elementor-widget-container\">\n\t\t\t<style>\/*! elementor - v3.21.0 - 26-05-2024 *\/\n.elementor-widget-image{text-align:center}.elementor-widget-image a{display:inline-block}.elementor-widget-image a img[src$=\".svg\"]{width:48px}.elementor-widget-image img{vertical-align:middle;display:inline-block}<\/style>\t\t\t\t\t\t\t\t\t\t<img fetchpriority=\"high\" decoding=\"async\" width=\"495\" height=\"477\" src=\"https:\/\/www.treadmillpartsdirect.co.uk\/wp-content\/uploads\/2022\/12\/how-to-fit-new-treadmill-deck-and-running-belt.jpg\" class=\"attachment-full size-full wp-image-574\" alt=\"\" srcset=\"https:\/\/www.treadmillpartsdirect.co.uk\/wp-content\/uploads\/2022\/12\/how-to-fit-new-treadmill-deck-and-running-belt.jpg 495w, https:\/\/www.treadmillpartsdirect.co.uk\/wp-content\/uploads\/2022\/12\/how-to-fit-new-treadmill-deck-and-running-belt-300x289.jpg 300w\" sizes=\"(max-width: 495px) 100vw, 495px\" \/>\t\t\t\t\t\t\t\t\t\t\t\t\t<\/div>\n\t\t\t\t<\/div>\n\t\t\t\t\t<\/div>\n\t\t<\/div>\n\t\t\t\t\t<\/div>\n\t\t<\/section>\n\t\t\t\t<section class=\"elementor-section elementor-top-section elementor-element elementor-element-b5156c3 row-reverse-section elementor-section-boxed elementor-section-height-default elementor-section-height-default\" data-id=\"b5156c3\" data-element_type=\"section\">\n\t\t\t\t\t\t<div class=\"elementor-container elementor-column-gap-default\">\n\t\t\t\t\t<div class=\"elementor-column elementor-col-100 elementor-top-column elementor-element elementor-element-0f27892\" data-id=\"0f27892\" data-element_type=\"column\">\n\t\t\t<div class=\"elementor-widget-wrap elementor-element-populated\">\n\t\t\t\t\t\t<div class=\"elementor-element elementor-element-31a95d1 elementor-widget elementor-widget-heading\" data-id=\"31a95d1\" data-element_type=\"widget\" data-widget_type=\"heading.default\">\n\t\t\t\t<div class=\"elementor-widget-container\">\n\t\t\t<h1 class=\"elementor-heading-title elementor-size-default\">Comment mesurer avec pr\u00e9cision la surface d'un tapis de course ?<\/h1>\t\t<\/div>\n\t\t\t\t<\/div>\n\t\t\t\t<div class=\"elementor-element elementor-element-3e66e60 elementor-widget elementor-widget-text-editor\" data-id=\"3e66e60\" data-element_type=\"widget\" data-widget_type=\"text-editor.default\">\n\t\t\t\t<div class=\"elementor-widget-container\">\n\t\t\t\t\t\t\t<p>Pour commander la bonne taille de plateau de tapis de course de remplacement, vous devez mesurer avec pr\u00e9cision la longueur et la largeur de votre ancien plateau endommag\u00e9 sur ses c\u00f4t\u00e9s les plus longs.<\/p>\n\t\t\t\t\t\t<\/div>\n\t\t\t\t<\/div>\n\t\t\t\t<div class=\"elementor-element elementor-element-2500350 elementor-widget elementor-widget-image\" data-id=\"2500350\" data-element_type=\"widget\" data-widget_type=\"image.default\">\n\t\t\t\t<div class=\"elementor-widget-container\">\n\t\t\t\t\t\t\t\t\t\t\t\t\t<img decoding=\"async\" width=\"295\" height=\"300\" src=\"https:\/\/www.treadmillpartsdirect.co.uk\/wp-content\/uploads\/2022\/12\/treadmill-deck-size-helpful-diagram-order-form-295x300.jpg\" class=\"attachment-medium size-medium wp-image-584\" alt=\"\" srcset=\"https:\/\/www.treadmillpartsdirect.co.uk\/wp-content\/uploads\/2022\/12\/treadmill-deck-size-helpful-diagram-order-form-295x300.jpg 295w, https:\/\/www.treadmillpartsdirect.co.uk\/wp-content\/uploads\/2022\/12\/treadmill-deck-size-helpful-diagram-order-form-768x780.jpg 768w, https:\/\/www.treadmillpartsdirect.co.uk\/wp-content\/uploads\/2022\/12\/treadmill-deck-size-helpful-diagram-order-form-600x610.jpg 600w, https:\/\/www.treadmillpartsdirect.co.uk\/wp-content\/uploads\/2022\/12\/treadmill-deck-size-helpful-diagram-order-form.jpg 807w\" sizes=\"(max-width: 295px) 100vw, 295px\" \/>\t\t\t\t\t\t\t\t\t\t\t\t\t<\/div>\n\t\t\t\t<\/div>\n\t\t\t\t\t<\/div>\n\t\t<\/div>\n\t\t\t\t\t<\/div>\n\t\t<\/section>\n\t\t\t\t<section class=\"elementor-section elementor-top-section elementor-element elementor-element-b6f832d row-reverse-section elementor-section-boxed elementor-section-height-default elementor-section-height-default\" data-id=\"b6f832d\" data-element_type=\"section\" id=\"install-deck\">\n\t\t\t\t\t\t<div class=\"elementor-container elementor-column-gap-default\">\n\t\t\t\t\t<div class=\"elementor-column elementor-col-100 elementor-top-column elementor-element elementor-element-9867bb8\" data-id=\"9867bb8\" data-element_type=\"column\">\n\t\t\t<div class=\"elementor-widget-wrap elementor-element-populated\">\n\t\t\t\t\t\t<div class=\"elementor-element elementor-element-f2e803b elementor-widget elementor-widget-heading\" data-id=\"f2e803b\" data-element_type=\"widget\" data-widget_type=\"heading.default\">\n\t\t\t\t<div class=\"elementor-widget-container\">\n\t\t\t<h1 class=\"elementor-heading-title elementor-size-default\">Comment installer un nouveau tapis de course<\/h1>\t\t<\/div>\n\t\t\t\t<\/div>\n\t\t\t\t<div class=\"elementor-element elementor-element-0b26a6c elementor-widget elementor-widget-text-editor\" data-id=\"0b26a6c\" data-element_type=\"widget\" data-widget_type=\"text-editor.default\">\n\t\t\t\t<div class=\"elementor-widget-container\">\n\t\t\t\t\t\t\t<p class=\"CDt4Ke zfr3Q\" dir=\"ltr\"><strong>Vous devrez utiliser le plateau d&#8217;origine comme mod\u00e8le pour percer les trous et effectuer les petites coupes suppl\u00e9mentaires sur le nouveau plateau afin de vous assurer que tout s&#8217;aligne exactement sur les points de montage de votre machine. En effet, nous avons constat\u00e9, m\u00eame pour les m\u00eames marques et mod\u00e8les, de l\u00e9g\u00e8res diff\u00e9rences dues \u00e0 l&#8217;ann\u00e9e ou au pays de fabrication.<br \/><\/strong><span style=\"font-size: 16px;\">L&#8217;installation de la nouvelle plate-forme du tapis de course se fait \u00e0 l&#8217;inverse des \u00e9tapes de d\u00e9pose ci-dessus.<\/span><strong><br \/><\/strong><\/p>\n<footer aria-hidden=\"false\">\n<section id=\"h.2bb3123c767be281_64\" class=\"yaqOZd qeLZfd\"><\/section>\n<\/footer>\n<p class=\"CDt4Ke zfr3Q\" dir=\"ltr\"><strong> <\/strong><\/p>\n\t\t\t\t\t\t<\/div>\n\t\t\t\t<\/div>\n\t\t\t\t\t<\/div>\n\t\t<\/div>\n\t\t\t\t\t<\/div>\n\t\t<\/section>\n\t\t\t\t<\/div>\n\t\t","protected":false},"excerpt":{"rendered":"<p>Comment enlever un tapis de course Retirez les deux capuchons d&#8217;extr\u00e9mit\u00e9 en localisant et en retirant tous les boulons et\/ou vis n\u00e9cessaires. Retirez le couvercle du moteur en d\u00e9vissant toutes les vis de fixation. Enlevez les deux rails lat\u00e9raux en localisant et en retirant tous les boulons et\/ou vis n\u00e9cessaires. D\u00e9vissez tous les boulons qui &hellip;<\/p>\n<p class=\"read-more\"> <a class=\"\" href=\"https:\/\/www.treadmillpartsdirect.co.uk\/fr\/guides-daide\/guide-utile-sur-la-facon-de-mesurer-et-dajuster-avec-precision-une-nouvelle-plate-forme-de-tapis-de-course\/\"> <span class=\"screen-reader-text\">Guide utile sur la fa\u00e7on de mesurer et d&#8217;ajuster avec pr\u00e9cision une nouvelle plate-forme de tapis de course<\/span> Lire la suite \u00bb<\/a><\/p>\n","protected":false},"author":3,"featured_media":0,"parent":16320,"menu_order":0,"comment_status":"closed","ping_status":"closed","template":"","meta":{"site-sidebar-layout":"no-sidebar","site-content-layout":"page-builder","ast-global-header-display":"","ast-main-header-display":"","ast-hfb-above-header-display":"","ast-hfb-below-header-display":"","ast-hfb-mobile-header-display":"","site-post-title":"disabled","ast-breadcrumbs-content":"","ast-featured-img":"disabled","footer-sml-layout":"","theme-transparent-header-meta":"","adv-header-id-meta":"","stick-header-meta":"","header-above-stick-meta":"","header-main-stick-meta":"","header-below-stick-meta":"","footnotes":""},"class_list":["post-16368","page","type-page","status-publish","hentry"],"yoast_head":"<!-- This site is optimized with the Yoast SEO plugin v22.8 - https:\/\/yoast.com\/wordpress\/plugins\/seo\/ -->\n<title>Guide utile sur la fa\u00e7on de mesurer et d&#039;ajuster avec pr\u00e9cision une nouvelle plate-forme de tapis de course - Treadmill Parts Direct<\/title>\n<meta name=\"robots\" content=\"index, follow, max-snippet:-1, max-image-preview:large, max-video-preview:-1\" \/>\n<link rel=\"canonical\" href=\"https:\/\/www.treadmillpartsdirect.co.uk\/fr\/guides-daide\/guide-utile-sur-la-facon-de-mesurer-et-dajuster-avec-precision-une-nouvelle-plate-forme-de-tapis-de-course\/\" \/>\n<meta property=\"og:locale\" content=\"fr_FR\" \/>\n<meta property=\"og:type\" content=\"article\" \/>\n<meta property=\"og:title\" content=\"Guide utile sur la fa\u00e7on de mesurer et d&#039;ajuster avec pr\u00e9cision une nouvelle plate-forme de tapis de course - Treadmill Parts Direct\" \/>\n<meta property=\"og:description\" content=\"Comment enlever un tapis de course Retirez les deux capuchons d&#8217;extr\u00e9mit\u00e9 en localisant et en retirant tous les boulons et\/ou vis n\u00e9cessaires. Retirez le couvercle du moteur en d\u00e9vissant toutes les vis de fixation. Enlevez les deux rails lat\u00e9raux en localisant et en retirant tous les boulons et\/ou vis n\u00e9cessaires. D\u00e9vissez tous les boulons qui &hellip; Guide utile sur la fa\u00e7on de mesurer et d&#8217;ajuster avec pr\u00e9cision une nouvelle plate-forme de tapis de course Lire la suite \u00bb\" \/>\n<meta property=\"og:url\" content=\"https:\/\/www.treadmillpartsdirect.co.uk\/fr\/guides-daide\/guide-utile-sur-la-facon-de-mesurer-et-dajuster-avec-precision-une-nouvelle-plate-forme-de-tapis-de-course\/\" \/>\n<meta property=\"og:site_name\" content=\"Treadmill Parts Direct\" \/>\n<meta property=\"article:publisher\" content=\"https:\/\/www.facebook.com\/treadmillpartsdirect\" \/>\n<meta property=\"article:modified_time\" content=\"2024-06-01T07:01:19+00:00\" \/>\n<meta property=\"og:image\" content=\"https:\/\/www.treadmillpartsdirect.co.uk\/wp-content\/uploads\/2022\/12\/how-to-fit-new-treadmill-deck-and-running-belt.jpg\" \/>\n<meta name=\"twitter:card\" content=\"summary_large_image\" \/>\n<meta name=\"twitter:site\" content=\"@treadmillpartsdirect\" \/>\n<meta name=\"twitter:label1\" content=\"Dur\u00e9e de lecture estim\u00e9e\" \/>\n\t<meta name=\"twitter:data1\" content=\"1 minute\" \/>\n<script type=\"application\/ld+json\" class=\"yoast-schema-graph\">{\"@context\":\"https:\/\/schema.org\",\"@graph\":[{\"@type\":\"WebPage\",\"@id\":\"https:\/\/www.treadmillpartsdirect.co.uk\/fr\/guides-daide\/guide-utile-sur-la-facon-de-mesurer-et-dajuster-avec-precision-une-nouvelle-plate-forme-de-tapis-de-course\/\",\"url\":\"https:\/\/www.treadmillpartsdirect.co.uk\/fr\/guides-daide\/guide-utile-sur-la-facon-de-mesurer-et-dajuster-avec-precision-une-nouvelle-plate-forme-de-tapis-de-course\/\",\"name\":\"Guide utile sur la fa\u00e7on de mesurer et d'ajuster avec pr\u00e9cision une nouvelle plate-forme de tapis de course - Treadmill Parts Direct\",\"isPartOf\":{\"@id\":\"https:\/\/www.treadmillpartsdirect.co.uk\/fr\/#website\"},\"primaryImageOfPage\":{\"@id\":\"https:\/\/www.treadmillpartsdirect.co.uk\/fr\/guides-daide\/guide-utile-sur-la-facon-de-mesurer-et-dajuster-avec-precision-une-nouvelle-plate-forme-de-tapis-de-course\/#primaryimage\"},\"image\":{\"@id\":\"https:\/\/www.treadmillpartsdirect.co.uk\/fr\/guides-daide\/guide-utile-sur-la-facon-de-mesurer-et-dajuster-avec-precision-une-nouvelle-plate-forme-de-tapis-de-course\/#primaryimage\"},\"thumbnailUrl\":\"https:\/\/www.treadmillpartsdirect.co.uk\/wp-content\/uploads\/2022\/12\/how-to-fit-new-treadmill-deck-and-running-belt.jpg\",\"datePublished\":\"2022-12-30T22:05:23+00:00\",\"dateModified\":\"2024-06-01T07:01:19+00:00\",\"breadcrumb\":{\"@id\":\"https:\/\/www.treadmillpartsdirect.co.uk\/fr\/guides-daide\/guide-utile-sur-la-facon-de-mesurer-et-dajuster-avec-precision-une-nouvelle-plate-forme-de-tapis-de-course\/#breadcrumb\"},\"inLanguage\":\"fr-FR\",\"potentialAction\":[{\"@type\":\"ReadAction\",\"target\":[\"https:\/\/www.treadmillpartsdirect.co.uk\/fr\/guides-daide\/guide-utile-sur-la-facon-de-mesurer-et-dajuster-avec-precision-une-nouvelle-plate-forme-de-tapis-de-course\/\"]}]},{\"@type\":\"ImageObject\",\"inLanguage\":\"fr-FR\",\"@id\":\"https:\/\/www.treadmillpartsdirect.co.uk\/fr\/guides-daide\/guide-utile-sur-la-facon-de-mesurer-et-dajuster-avec-precision-une-nouvelle-plate-forme-de-tapis-de-course\/#primaryimage\",\"url\":\"https:\/\/www.treadmillpartsdirect.co.uk\/wp-content\/uploads\/2022\/12\/how-to-fit-new-treadmill-deck-and-running-belt.jpg\",\"contentUrl\":\"https:\/\/www.treadmillpartsdirect.co.uk\/wp-content\/uploads\/2022\/12\/how-to-fit-new-treadmill-deck-and-running-belt.jpg\"},{\"@type\":\"BreadcrumbList\",\"@id\":\"https:\/\/www.treadmillpartsdirect.co.uk\/fr\/guides-daide\/guide-utile-sur-la-facon-de-mesurer-et-dajuster-avec-precision-une-nouvelle-plate-forme-de-tapis-de-course\/#breadcrumb\",\"itemListElement\":[{\"@type\":\"ListItem\",\"position\":1,\"name\":\"Home\",\"item\":\"https:\/\/www.treadmillpartsdirect.co.uk\/fr\/accueil\/\"},{\"@type\":\"ListItem\",\"position\":2,\"name\":\"Guides d&#8217;aide\",\"item\":\"https:\/\/www.treadmillpartsdirect.co.uk\/fr\/guides-daide\/\"},{\"@type\":\"ListItem\",\"position\":3,\"name\":\"Guide utile sur la fa\u00e7on de mesurer et d&#8217;ajuster avec pr\u00e9cision une nouvelle plate-forme de tapis de course\"}]},{\"@type\":\"WebSite\",\"@id\":\"https:\/\/www.treadmillpartsdirect.co.uk\/fr\/#website\",\"url\":\"https:\/\/www.treadmillpartsdirect.co.uk\/fr\/\",\"name\":\"Treadmill Parts Direct\",\"description\":\"Treadmill Parts Direct\",\"publisher\":{\"@id\":\"https:\/\/www.treadmillpartsdirect.co.uk\/fr\/#organization\"},\"potentialAction\":[{\"@type\":\"SearchAction\",\"target\":{\"@type\":\"EntryPoint\",\"urlTemplate\":\"https:\/\/www.treadmillpartsdirect.co.uk\/fr\/?s={search_term_string}\"},\"query-input\":\"required name=search_term_string\"}],\"inLanguage\":\"fr-FR\"},{\"@type\":\"Organization\",\"@id\":\"https:\/\/www.treadmillpartsdirect.co.uk\/fr\/#organization\",\"name\":\"Treadmill Parts Direct\",\"url\":\"https:\/\/www.treadmillpartsdirect.co.uk\/fr\/\",\"logo\":{\"@type\":\"ImageObject\",\"inLanguage\":\"fr-FR\",\"@id\":\"https:\/\/www.treadmillpartsdirect.co.uk\/fr\/#\/schema\/logo\/image\/\",\"url\":\"https:\/\/www.treadmillpartsdirect.co.uk\/wp-content\/uploads\/2024\/03\/treadmill-parts-direct-logo.png\",\"contentUrl\":\"https:\/\/www.treadmillpartsdirect.co.uk\/wp-content\/uploads\/2024\/03\/treadmill-parts-direct-logo.png\",\"width\":250,\"height\":92,\"caption\":\"Treadmill Parts Direct\"},\"image\":{\"@id\":\"https:\/\/www.treadmillpartsdirect.co.uk\/fr\/#\/schema\/logo\/image\/\"},\"sameAs\":[\"https:\/\/www.facebook.com\/treadmillpartsdirect\",\"https:\/\/x.com\/treadmillpartsdirect\",\"https:\/\/www.instagram.com\/treadmillpartsdirect\/\",\"https:\/\/www.youtube.com\/@treadmillpartsdirect\"]}]}<\/script>\n<!-- \/ Yoast SEO plugin. -->","yoast_head_json":{"title":"Guide utile sur la fa\u00e7on de mesurer et d'ajuster avec pr\u00e9cision une nouvelle plate-forme de tapis de course - Treadmill Parts Direct","robots":{"index":"index","follow":"follow","max-snippet":"max-snippet:-1","max-image-preview":"max-image-preview:large","max-video-preview":"max-video-preview:-1"},"canonical":"https:\/\/www.treadmillpartsdirect.co.uk\/fr\/guides-daide\/guide-utile-sur-la-facon-de-mesurer-et-dajuster-avec-precision-une-nouvelle-plate-forme-de-tapis-de-course\/","og_locale":"fr_FR","og_type":"article","og_title":"Guide utile sur la fa\u00e7on de mesurer et d'ajuster avec pr\u00e9cision une nouvelle plate-forme de tapis de course - Treadmill Parts Direct","og_description":"Comment enlever un tapis de course Retirez les deux capuchons d&#8217;extr\u00e9mit\u00e9 en localisant et en retirant tous les boulons et\/ou vis n\u00e9cessaires. Retirez le couvercle du moteur en d\u00e9vissant toutes les vis de fixation. Enlevez les deux rails lat\u00e9raux en localisant et en retirant tous les boulons et\/ou vis n\u00e9cessaires. D\u00e9vissez tous les boulons qui &hellip; Guide utile sur la fa\u00e7on de mesurer et d&#8217;ajuster avec pr\u00e9cision une nouvelle plate-forme de tapis de course Lire la suite \u00bb","og_url":"https:\/\/www.treadmillpartsdirect.co.uk\/fr\/guides-daide\/guide-utile-sur-la-facon-de-mesurer-et-dajuster-avec-precision-une-nouvelle-plate-forme-de-tapis-de-course\/","og_site_name":"Treadmill Parts Direct","article_publisher":"https:\/\/www.facebook.com\/treadmillpartsdirect","article_modified_time":"2024-06-01T07:01:19+00:00","og_image":[{"url":"https:\/\/www.treadmillpartsdirect.co.uk\/wp-content\/uploads\/2022\/12\/how-to-fit-new-treadmill-deck-and-running-belt.jpg"}],"twitter_card":"summary_large_image","twitter_site":"@treadmillpartsdirect","twitter_misc":{"Dur\u00e9e de lecture estim\u00e9e":"1 minute"},"schema":{"@context":"https:\/\/schema.org","@graph":[{"@type":"WebPage","@id":"https:\/\/www.treadmillpartsdirect.co.uk\/fr\/guides-daide\/guide-utile-sur-la-facon-de-mesurer-et-dajuster-avec-precision-une-nouvelle-plate-forme-de-tapis-de-course\/","url":"https:\/\/www.treadmillpartsdirect.co.uk\/fr\/guides-daide\/guide-utile-sur-la-facon-de-mesurer-et-dajuster-avec-precision-une-nouvelle-plate-forme-de-tapis-de-course\/","name":"Guide utile sur la fa\u00e7on de mesurer et d'ajuster avec pr\u00e9cision une nouvelle plate-forme de tapis de course - Treadmill Parts Direct","isPartOf":{"@id":"https:\/\/www.treadmillpartsdirect.co.uk\/fr\/#website"},"primaryImageOfPage":{"@id":"https:\/\/www.treadmillpartsdirect.co.uk\/fr\/guides-daide\/guide-utile-sur-la-facon-de-mesurer-et-dajuster-avec-precision-une-nouvelle-plate-forme-de-tapis-de-course\/#primaryimage"},"image":{"@id":"https:\/\/www.treadmillpartsdirect.co.uk\/fr\/guides-daide\/guide-utile-sur-la-facon-de-mesurer-et-dajuster-avec-precision-une-nouvelle-plate-forme-de-tapis-de-course\/#primaryimage"},"thumbnailUrl":"https:\/\/www.treadmillpartsdirect.co.uk\/wp-content\/uploads\/2022\/12\/how-to-fit-new-treadmill-deck-and-running-belt.jpg","datePublished":"2022-12-30T22:05:23+00:00","dateModified":"2024-06-01T07:01:19+00:00","breadcrumb":{"@id":"https:\/\/www.treadmillpartsdirect.co.uk\/fr\/guides-daide\/guide-utile-sur-la-facon-de-mesurer-et-dajuster-avec-precision-une-nouvelle-plate-forme-de-tapis-de-course\/#breadcrumb"},"inLanguage":"fr-FR","potentialAction":[{"@type":"ReadAction","target":["https:\/\/www.treadmillpartsdirect.co.uk\/fr\/guides-daide\/guide-utile-sur-la-facon-de-mesurer-et-dajuster-avec-precision-une-nouvelle-plate-forme-de-tapis-de-course\/"]}]},{"@type":"ImageObject","inLanguage":"fr-FR","@id":"https:\/\/www.treadmillpartsdirect.co.uk\/fr\/guides-daide\/guide-utile-sur-la-facon-de-mesurer-et-dajuster-avec-precision-une-nouvelle-plate-forme-de-tapis-de-course\/#primaryimage","url":"https:\/\/www.treadmillpartsdirect.co.uk\/wp-content\/uploads\/2022\/12\/how-to-fit-new-treadmill-deck-and-running-belt.jpg","contentUrl":"https:\/\/www.treadmillpartsdirect.co.uk\/wp-content\/uploads\/2022\/12\/how-to-fit-new-treadmill-deck-and-running-belt.jpg"},{"@type":"BreadcrumbList","@id":"https:\/\/www.treadmillpartsdirect.co.uk\/fr\/guides-daide\/guide-utile-sur-la-facon-de-mesurer-et-dajuster-avec-precision-une-nouvelle-plate-forme-de-tapis-de-course\/#breadcrumb","itemListElement":[{"@type":"ListItem","position":1,"name":"Home","item":"https:\/\/www.treadmillpartsdirect.co.uk\/fr\/accueil\/"},{"@type":"ListItem","position":2,"name":"Guides d&#8217;aide","item":"https:\/\/www.treadmillpartsdirect.co.uk\/fr\/guides-daide\/"},{"@type":"ListItem","position":3,"name":"Guide utile sur la fa\u00e7on de mesurer et d&#8217;ajuster avec pr\u00e9cision une nouvelle plate-forme de tapis de course"}]},{"@type":"WebSite","@id":"https:\/\/www.treadmillpartsdirect.co.uk\/fr\/#website","url":"https:\/\/www.treadmillpartsdirect.co.uk\/fr\/","name":"Treadmill Parts Direct","description":"Treadmill Parts Direct","publisher":{"@id":"https:\/\/www.treadmillpartsdirect.co.uk\/fr\/#organization"},"potentialAction":[{"@type":"SearchAction","target":{"@type":"EntryPoint","urlTemplate":"https:\/\/www.treadmillpartsdirect.co.uk\/fr\/?s={search_term_string}"},"query-input":"required name=search_term_string"}],"inLanguage":"fr-FR"},{"@type":"Organization","@id":"https:\/\/www.treadmillpartsdirect.co.uk\/fr\/#organization","name":"Treadmill Parts Direct","url":"https:\/\/www.treadmillpartsdirect.co.uk\/fr\/","logo":{"@type":"ImageObject","inLanguage":"fr-FR","@id":"https:\/\/www.treadmillpartsdirect.co.uk\/fr\/#\/schema\/logo\/image\/","url":"https:\/\/www.treadmillpartsdirect.co.uk\/wp-content\/uploads\/2024\/03\/treadmill-parts-direct-logo.png","contentUrl":"https:\/\/www.treadmillpartsdirect.co.uk\/wp-content\/uploads\/2024\/03\/treadmill-parts-direct-logo.png","width":250,"height":92,"caption":"Treadmill Parts Direct"},"image":{"@id":"https:\/\/www.treadmillpartsdirect.co.uk\/fr\/#\/schema\/logo\/image\/"},"sameAs":["https:\/\/www.facebook.com\/treadmillpartsdirect","https:\/\/x.com\/treadmillpartsdirect","https:\/\/www.instagram.com\/treadmillpartsdirect\/","https:\/\/www.youtube.com\/@treadmillpartsdirect"]}]}},"_links":{"self":[{"href":"https:\/\/www.treadmillpartsdirect.co.uk\/fr\/wp-json\/wp\/v2\/pages\/16368","targetHints":{"allow":["GET"]}}],"collection":[{"href":"https:\/\/www.treadmillpartsdirect.co.uk\/fr\/wp-json\/wp\/v2\/pages"}],"about":[{"href":"https:\/\/www.treadmillpartsdirect.co.uk\/fr\/wp-json\/wp\/v2\/types\/page"}],"author":[{"embeddable":true,"href":"https:\/\/www.treadmillpartsdirect.co.uk\/fr\/wp-json\/wp\/v2\/users\/3"}],"replies":[{"embeddable":true,"href":"https:\/\/www.treadmillpartsdirect.co.uk\/fr\/wp-json\/wp\/v2\/comments?post=16368"}],"version-history":[{"count":1,"href":"https:\/\/www.treadmillpartsdirect.co.uk\/fr\/wp-json\/wp\/v2\/pages\/16368\/revisions"}],"predecessor-version":[{"id":16370,"href":"https:\/\/www.treadmillpartsdirect.co.uk\/fr\/wp-json\/wp\/v2\/pages\/16368\/revisions\/16370"}],"up":[{"embeddable":true,"href":"https:\/\/www.treadmillpartsdirect.co.uk\/fr\/wp-json\/wp\/v2\/pages\/16320"}],"wp:attachment":[{"href":"https:\/\/www.treadmillpartsdirect.co.uk\/fr\/wp-json\/wp\/v2\/media?parent=16368"}],"curies":[{"name":"wp","href":"https:\/\/api.w.org\/{rel}","templated":true}]}}