{"id":18295,"date":"2024-06-23T10:12:23","date_gmt":"2024-06-23T10:12:23","guid":{"rendered":"https:\/\/www.treadmillpartsdirect.co.uk\/product\/motor-de-recambio-para-cinta-de-correr-disponibles-todas-las-marcas-y-modelos\/"},"modified":"2025-10-08T17:08:59","modified_gmt":"2025-10-08T17:08:59","slug":"motor-de-recambio-para-cinta-de-correr-disponibles-todas-las-marcas-y-modelos","status":"publish","type":"product","link":"https:\/\/www.treadmillpartsdirect.co.uk\/es\/producto\/motor-de-recambio-para-cinta-de-correr-disponibles-todas-las-marcas-y-modelos\/","title":{"rendered":"Motor de recambio para cinta de correr &#8211; Disponibles todas las marcas y modelos"},"content":{"rendered":"<p>Fabricamos a medida motores de sustituci\u00f3n para cintas de correr de todas las marcas y modelos.<\/p>\n<p>Cuando haga su pedido por favor env\u00edenos fotos de la etiqueta del motor de su cinta de correr para que podamos ver la especificaci\u00f3n para comprobar RPM, Voltaje y HP.<\/p>\n","protected":false},"excerpt":{"rendered":"<p>Fabricamos a medida motores de sustituci\u00f3n para cintas de correr de todas las marcas y modelos.<\/p>\n<p>Cuando haga su pedido por favor env\u00edenos fotos de la etiqueta del motor de su cinta de correr para que podamos ver la especificaci\u00f3n para comprobar RPM, Voltaje y HP.<\/p>\n<h2><strong>\u00a3395<\/strong><\/h2>\n","protected":false},"featured_media":18260,"comment_status":"open","ping_status":"closed","template":"","meta":{"site-sidebar-layout":"default","site-content-layout":"default","ast-global-header-display":"","ast-main-header-display":"","ast-hfb-above-header-display":"","ast-hfb-below-header-display":"","ast-hfb-mobile-header-display":"","site-post-title":"","ast-breadcrumbs-content":"","ast-featured-img":"","footer-sml-layout":"","theme-transparent-header-meta":"default","adv-header-id-meta":"","stick-header-meta":"default","header-above-stick-meta":"","header-main-stick-meta":"","header-below-stick-meta":""},"product_brand":[],"product_cat":[6177],"product_tag":[],"class_list":{"0":"post-18295","1":"product","2":"type-product","3":"status-publish","4":"has-post-thumbnail","6":"product_cat-motores","7":"desktop-align-left","8":"tablet-align-left","9":"mobile-align-left","11":"first","12":"instock","13":"shipping-taxable","14":"purchasable","15":"product-type-simple"},"yoast_head":"<!-- This site is optimized with the Yoast SEO plugin v22.8 - https:\/\/yoast.com\/wordpress\/plugins\/seo\/ -->\n<title>Motor de recambio para cinta de correr - Disponibles todas las marcas y modelos - Treadmill Parts Direct<\/title>\n<meta name=\"robots\" content=\"index, follow, max-snippet:-1, max-image-preview:large, max-video-preview:-1\" \/>\n<link rel=\"canonical\" href=\"https:\/\/www.treadmillpartsdirect.co.uk\/es\/producto\/motor-de-recambio-para-cinta-de-correr-disponibles-todas-las-marcas-y-modelos\/\" \/>\n<meta property=\"og:locale\" content=\"es_ES\" \/>\n<meta property=\"og:type\" content=\"article\" \/>\n<meta property=\"og:title\" content=\"Motor de recambio para cinta de correr - Disponibles todas las marcas y modelos - Treadmill Parts Direct\" \/>\n<meta property=\"og:description\" content=\"Fabricamos a medida motores de sustituci\u00f3n para cintas de correr de todas las marcas y modelos.  Cuando haga su pedido por favor env\u00edenos fotos de la etiqueta del motor de su cinta de correr para que podamos ver la especificaci\u00f3n para comprobar RPM, Voltaje y HP. \u00a3395\" \/>\n<meta property=\"og:url\" content=\"https:\/\/www.treadmillpartsdirect.co.uk\/es\/producto\/motor-de-recambio-para-cinta-de-correr-disponibles-todas-las-marcas-y-modelos\/\" \/>\n<meta property=\"og:site_name\" content=\"Treadmill Parts Direct\" \/>\n<meta property=\"article:publisher\" content=\"https:\/\/www.facebook.com\/treadmillpartsdirect\" \/>\n<meta property=\"article:modified_time\" content=\"2025-10-08T17:08:59+00:00\" \/>\n<meta property=\"og:image\" content=\"https:\/\/www.treadmillpartsdirect.co.uk\/wp-content\/uploads\/2024\/06\/universal-replacement-treadmill-motor.jpg\" \/>\n\t<meta property=\"og:image:width\" content=\"700\" \/>\n\t<meta property=\"og:image:height\" content=\"700\" \/>\n\t<meta property=\"og:image:type\" content=\"image\/jpeg\" \/>\n<meta name=\"twitter:card\" content=\"summary_large_image\" \/>\n<meta name=\"twitter:site\" content=\"@treadmillpartsdirect\" \/>\n<meta name=\"twitter:label1\" content=\"Tiempo de lectura\" \/>\n\t<meta name=\"twitter:data1\" content=\"1 minuto\" \/>\n<script type=\"application\/ld+json\" class=\"yoast-schema-graph\">{\"@context\":\"https:\/\/schema.org\",\"@graph\":[{\"@type\":\"WebPage\",\"@id\":\"https:\/\/www.treadmillpartsdirect.co.uk\/es\/producto\/motor-de-recambio-para-cinta-de-correr-disponibles-todas-las-marcas-y-modelos\/\",\"url\":\"https:\/\/www.treadmillpartsdirect.co.uk\/es\/producto\/motor-de-recambio-para-cinta-de-correr-disponibles-todas-las-marcas-y-modelos\/\",\"name\":\"Motor de recambio para cinta de correr - Disponibles todas las marcas y modelos - Treadmill Parts Direct\",\"isPartOf\":{\"@id\":\"https:\/\/www.treadmillpartsdirect.co.uk\/es\/#website\"},\"primaryImageOfPage\":{\"@id\":\"https:\/\/www.treadmillpartsdirect.co.uk\/es\/producto\/motor-de-recambio-para-cinta-de-correr-disponibles-todas-las-marcas-y-modelos\/#primaryimage\"},\"image\":{\"@id\":\"https:\/\/www.treadmillpartsdirect.co.uk\/es\/producto\/motor-de-recambio-para-cinta-de-correr-disponibles-todas-las-marcas-y-modelos\/#primaryimage\"},\"thumbnailUrl\":\"https:\/\/www.treadmillpartsdirect.co.uk\/wp-content\/uploads\/2024\/06\/universal-replacement-treadmill-motor.jpg\",\"datePublished\":\"2024-06-23T10:12:23+00:00\",\"dateModified\":\"2025-10-08T17:08:59+00:00\",\"breadcrumb\":{\"@id\":\"https:\/\/www.treadmillpartsdirect.co.uk\/es\/producto\/motor-de-recambio-para-cinta-de-correr-disponibles-todas-las-marcas-y-modelos\/#breadcrumb\"},\"inLanguage\":\"es\",\"potentialAction\":[{\"@type\":\"ReadAction\",\"target\":[\"https:\/\/www.treadmillpartsdirect.co.uk\/es\/producto\/motor-de-recambio-para-cinta-de-correr-disponibles-todas-las-marcas-y-modelos\/\"]}]},{\"@type\":\"ImageObject\",\"inLanguage\":\"es\",\"@id\":\"https:\/\/www.treadmillpartsdirect.co.uk\/es\/producto\/motor-de-recambio-para-cinta-de-correr-disponibles-todas-las-marcas-y-modelos\/#primaryimage\",\"url\":\"https:\/\/www.treadmillpartsdirect.co.uk\/wp-content\/uploads\/2024\/06\/universal-replacement-treadmill-motor.jpg\",\"contentUrl\":\"https:\/\/www.treadmillpartsdirect.co.uk\/wp-content\/uploads\/2024\/06\/universal-replacement-treadmill-motor.jpg\",\"width\":700,\"height\":700},{\"@type\":\"BreadcrumbList\",\"@id\":\"https:\/\/www.treadmillpartsdirect.co.uk\/es\/producto\/motor-de-recambio-para-cinta-de-correr-disponibles-todas-las-marcas-y-modelos\/#breadcrumb\",\"itemListElement\":[{\"@type\":\"ListItem\",\"position\":1,\"name\":\"Home\",\"item\":\"https:\/\/www.treadmillpartsdirect.co.uk\/es\/inicio\/\"},{\"@type\":\"ListItem\",\"position\":2,\"name\":\"Tienda\",\"item\":\"https:\/\/www.treadmillpartsdirect.co.uk\/es\/tienda\/\"},{\"@type\":\"ListItem\",\"position\":3,\"name\":\"Motor de recambio para cinta de correr &#8211; Disponibles todas las marcas y modelos\"}]},{\"@type\":\"WebSite\",\"@id\":\"https:\/\/www.treadmillpartsdirect.co.uk\/es\/#website\",\"url\":\"https:\/\/www.treadmillpartsdirect.co.uk\/es\/\",\"name\":\"Treadmill Parts Direct\",\"description\":\"Treadmill Parts Direct\",\"publisher\":{\"@id\":\"https:\/\/www.treadmillpartsdirect.co.uk\/es\/#organization\"},\"potentialAction\":[{\"@type\":\"SearchAction\",\"target\":{\"@type\":\"EntryPoint\",\"urlTemplate\":\"https:\/\/www.treadmillpartsdirect.co.uk\/es\/?s={search_term_string}\"},\"query-input\":\"required name=search_term_string\"}],\"inLanguage\":\"es\"},{\"@type\":\"Organization\",\"@id\":\"https:\/\/www.treadmillpartsdirect.co.uk\/es\/#organization\",\"name\":\"Treadmill Parts Direct\",\"url\":\"https:\/\/www.treadmillpartsdirect.co.uk\/es\/\",\"logo\":{\"@type\":\"ImageObject\",\"inLanguage\":\"es\",\"@id\":\"https:\/\/www.treadmillpartsdirect.co.uk\/es\/#\/schema\/logo\/image\/\",\"url\":\"https:\/\/www.treadmillpartsdirect.co.uk\/wp-content\/uploads\/2024\/03\/treadmill-parts-direct-logo.png\",\"contentUrl\":\"https:\/\/www.treadmillpartsdirect.co.uk\/wp-content\/uploads\/2024\/03\/treadmill-parts-direct-logo.png\",\"width\":250,\"height\":92,\"caption\":\"Treadmill Parts Direct\"},\"image\":{\"@id\":\"https:\/\/www.treadmillpartsdirect.co.uk\/es\/#\/schema\/logo\/image\/\"},\"sameAs\":[\"https:\/\/www.facebook.com\/treadmillpartsdirect\",\"https:\/\/x.com\/treadmillpartsdirect\",\"https:\/\/www.instagram.com\/treadmillpartsdirect\/\",\"https:\/\/www.youtube.com\/@treadmillpartsdirect\"]}]}<\/script>\n<!-- \/ Yoast SEO plugin. -->","yoast_head_json":{"title":"Motor de recambio para cinta de correr - Disponibles todas las marcas y modelos - Treadmill Parts Direct","robots":{"index":"index","follow":"follow","max-snippet":"max-snippet:-1","max-image-preview":"max-image-preview:large","max-video-preview":"max-video-preview:-1"},"canonical":"https:\/\/www.treadmillpartsdirect.co.uk\/es\/producto\/motor-de-recambio-para-cinta-de-correr-disponibles-todas-las-marcas-y-modelos\/","og_locale":"es_ES","og_type":"article","og_title":"Motor de recambio para cinta de correr - Disponibles todas las marcas y modelos - Treadmill Parts Direct","og_description":"Fabricamos a medida motores de sustituci\u00f3n para cintas de correr de todas las marcas y modelos.  Cuando haga su pedido por favor env\u00edenos fotos de la etiqueta del motor de su cinta de correr para que podamos ver la especificaci\u00f3n para comprobar RPM, Voltaje y HP. \u00a3395","og_url":"https:\/\/www.treadmillpartsdirect.co.uk\/es\/producto\/motor-de-recambio-para-cinta-de-correr-disponibles-todas-las-marcas-y-modelos\/","og_site_name":"Treadmill Parts Direct","article_publisher":"https:\/\/www.facebook.com\/treadmillpartsdirect","article_modified_time":"2025-10-08T17:08:59+00:00","og_image":[{"width":700,"height":700,"url":"https:\/\/www.treadmillpartsdirect.co.uk\/wp-content\/uploads\/2024\/06\/universal-replacement-treadmill-motor.jpg","type":"image\/jpeg"}],"twitter_card":"summary_large_image","twitter_site":"@treadmillpartsdirect","twitter_misc":{"Tiempo de lectura":"1 minuto"},"schema":{"@context":"https:\/\/schema.org","@graph":[{"@type":"WebPage","@id":"https:\/\/www.treadmillpartsdirect.co.uk\/es\/producto\/motor-de-recambio-para-cinta-de-correr-disponibles-todas-las-marcas-y-modelos\/","url":"https:\/\/www.treadmillpartsdirect.co.uk\/es\/producto\/motor-de-recambio-para-cinta-de-correr-disponibles-todas-las-marcas-y-modelos\/","name":"Motor de recambio para cinta de correr - Disponibles todas las marcas y modelos - Treadmill Parts Direct","isPartOf":{"@id":"https:\/\/www.treadmillpartsdirect.co.uk\/es\/#website"},"primaryImageOfPage":{"@id":"https:\/\/www.treadmillpartsdirect.co.uk\/es\/producto\/motor-de-recambio-para-cinta-de-correr-disponibles-todas-las-marcas-y-modelos\/#primaryimage"},"image":{"@id":"https:\/\/www.treadmillpartsdirect.co.uk\/es\/producto\/motor-de-recambio-para-cinta-de-correr-disponibles-todas-las-marcas-y-modelos\/#primaryimage"},"thumbnailUrl":"https:\/\/www.treadmillpartsdirect.co.uk\/wp-content\/uploads\/2024\/06\/universal-replacement-treadmill-motor.jpg","datePublished":"2024-06-23T10:12:23+00:00","dateModified":"2025-10-08T17:08:59+00:00","breadcrumb":{"@id":"https:\/\/www.treadmillpartsdirect.co.uk\/es\/producto\/motor-de-recambio-para-cinta-de-correr-disponibles-todas-las-marcas-y-modelos\/#breadcrumb"},"inLanguage":"es","potentialAction":[{"@type":"ReadAction","target":["https:\/\/www.treadmillpartsdirect.co.uk\/es\/producto\/motor-de-recambio-para-cinta-de-correr-disponibles-todas-las-marcas-y-modelos\/"]}]},{"@type":"ImageObject","inLanguage":"es","@id":"https:\/\/www.treadmillpartsdirect.co.uk\/es\/producto\/motor-de-recambio-para-cinta-de-correr-disponibles-todas-las-marcas-y-modelos\/#primaryimage","url":"https:\/\/www.treadmillpartsdirect.co.uk\/wp-content\/uploads\/2024\/06\/universal-replacement-treadmill-motor.jpg","contentUrl":"https:\/\/www.treadmillpartsdirect.co.uk\/wp-content\/uploads\/2024\/06\/universal-replacement-treadmill-motor.jpg","width":700,"height":700},{"@type":"BreadcrumbList","@id":"https:\/\/www.treadmillpartsdirect.co.uk\/es\/producto\/motor-de-recambio-para-cinta-de-correr-disponibles-todas-las-marcas-y-modelos\/#breadcrumb","itemListElement":[{"@type":"ListItem","position":1,"name":"Home","item":"https:\/\/www.treadmillpartsdirect.co.uk\/es\/inicio\/"},{"@type":"ListItem","position":2,"name":"Tienda","item":"https:\/\/www.treadmillpartsdirect.co.uk\/es\/tienda\/"},{"@type":"ListItem","position":3,"name":"Motor de recambio para cinta de correr &#8211; Disponibles todas las marcas y modelos"}]},{"@type":"WebSite","@id":"https:\/\/www.treadmillpartsdirect.co.uk\/es\/#website","url":"https:\/\/www.treadmillpartsdirect.co.uk\/es\/","name":"Treadmill Parts Direct","description":"Treadmill Parts Direct","publisher":{"@id":"https:\/\/www.treadmillpartsdirect.co.uk\/es\/#organization"},"potentialAction":[{"@type":"SearchAction","target":{"@type":"EntryPoint","urlTemplate":"https:\/\/www.treadmillpartsdirect.co.uk\/es\/?s={search_term_string}"},"query-input":"required name=search_term_string"}],"inLanguage":"es"},{"@type":"Organization","@id":"https:\/\/www.treadmillpartsdirect.co.uk\/es\/#organization","name":"Treadmill Parts Direct","url":"https:\/\/www.treadmillpartsdirect.co.uk\/es\/","logo":{"@type":"ImageObject","inLanguage":"es","@id":"https:\/\/www.treadmillpartsdirect.co.uk\/es\/#\/schema\/logo\/image\/","url":"https:\/\/www.treadmillpartsdirect.co.uk\/wp-content\/uploads\/2024\/03\/treadmill-parts-direct-logo.png","contentUrl":"https:\/\/www.treadmillpartsdirect.co.uk\/wp-content\/uploads\/2024\/03\/treadmill-parts-direct-logo.png","width":250,"height":92,"caption":"Treadmill Parts Direct"},"image":{"@id":"https:\/\/www.treadmillpartsdirect.co.uk\/es\/#\/schema\/logo\/image\/"},"sameAs":["https:\/\/www.facebook.com\/treadmillpartsdirect","https:\/\/x.com\/treadmillpartsdirect","https:\/\/www.instagram.com\/treadmillpartsdirect\/","https:\/\/www.youtube.com\/@treadmillpartsdirect"]}]}},"_links":{"self":[{"href":"https:\/\/www.treadmillpartsdirect.co.uk\/es\/wp-json\/wp\/v2\/product\/18295","targetHints":{"allow":["GET"]}}],"collection":[{"href":"https:\/\/www.treadmillpartsdirect.co.uk\/es\/wp-json\/wp\/v2\/product"}],"about":[{"href":"https:\/\/www.treadmillpartsdirect.co.uk\/es\/wp-json\/wp\/v2\/types\/product"}],"replies":[{"embeddable":true,"href":"https:\/\/www.treadmillpartsdirect.co.uk\/es\/wp-json\/wp\/v2\/comments?post=18295"}],"wp:featuredmedia":[{"embeddable":true,"href":"https:\/\/www.treadmillpartsdirect.co.uk\/es\/wp-json\/wp\/v2\/media\/18260"}],"wp:attachment":[{"href":"https:\/\/www.treadmillpartsdirect.co.uk\/es\/wp-json\/wp\/v2\/media?parent=18295"}],"wp:term":[{"taxonomy":"product_brand","embeddable":true,"href":"https:\/\/www.treadmillpartsdirect.co.uk\/es\/wp-json\/wp\/v2\/product_brand?post=18295"},{"taxonomy":"product_cat","embeddable":true,"href":"https:\/\/www.treadmillpartsdirect.co.uk\/es\/wp-json\/wp\/v2\/product_cat?post=18295"},{"taxonomy":"product_tag","embeddable":true,"href":"https:\/\/www.treadmillpartsdirect.co.uk\/es\/wp-json\/wp\/v2\/product_tag?post=18295"}],"curies":[{"name":"wp","href":"https:\/\/api.w.org\/{rel}","templated":true}]}}