{"id":18058,"date":"2023-01-18T13:27:04","date_gmt":"2023-01-18T13:27:04","guid":{"rendered":"https:\/\/www.treadmillpartsdirect.co.uk\/product\/proform-750-plataforma-de-rodaje-de-repuesto\/"},"modified":"2023-01-18T13:27:04","modified_gmt":"2023-01-18T13:27:04","slug":"proform-750-plataforma-de-rodaje-de-repuesto","status":"publish","type":"product","link":"https:\/\/www.treadmillpartsdirect.co.uk\/es\/producto\/proform-750-plataforma-de-rodaje-de-repuesto\/","title":{"rendered":"ProForm 750 Plataforma de rodaje de repuesto"},"content":{"rendered":"<p>Nuestras plataformas para correr son un recambio adecuado para todas las cintas de Proform 750 wpcodeself.<\/p>\n<p>Nuestras cubiertas de recambio para cintas de correr tienen un revestimiento especial de baja fricci\u00f3n en ambas caras.<\/p>\n<p><i><b><span style=\"color: #ff0010;\">IMPORTANTE:<\/span><\/b><\/i> <i> Usted tendr\u00e1 que utilizar la vieja cubierta original como una plantilla para marcar y perforar los agujeros, as\u00ed como hacer cualquier peque\u00f1o recorte adicional a la nueva cubierta a ti mismo para asegurarse de que todo se alinea exactamente con sus m\u00e1quinas de puntos de montaje.<\/i><\/p>\n","protected":false},"excerpt":{"rendered":"<p>Cubierta de cinta de correr de repuesto para [productMakeModel]de correr wpcodeself.<\/p>\n<p>CONTRACHAPADO DE ALTA CALIDAD M\u00c1S RESISTENTE QUE EL MDF F\u00c1CIL DE INSTALAR.<\/p>\n","protected":false},"featured_media":15687,"comment_status":"closed","ping_status":"open","template":"","meta":{"site-sidebar-layout":"","site-content-layout":"","ast-global-header-display":"","ast-main-header-display":"","ast-hfb-above-header-display":"","ast-hfb-below-header-display":"","ast-hfb-mobile-header-display":"","site-post-title":"","ast-breadcrumbs-content":"","ast-featured-img":"","footer-sml-layout":"","theme-transparent-header-meta":"","adv-header-id-meta":"","stick-header-meta":"","header-above-stick-meta":"","header-main-stick-meta":"","header-below-stick-meta":""},"product_brand":[],"product_cat":[1372],"product_tag":[2181,2040,1379,1378,1377,1380,1376,1375],"class_list":{"0":"post-18058","1":"product","2":"type-product","3":"status-publish","4":"has-post-thumbnail","6":"product_cat-mazos-para-correr","7":"product_tag-750-es","8":"product_tag-proform-es-2","9":"product_tag-replacement-es","10":"product_tag-running-machine-board-es","11":"product_tag-running-machine-deck-es","12":"product_tag-spares-es","13":"product_tag-tablero-de-la-cinta-de-correr","14":"product_tag-treadmill-deck-es","15":"desktop-align-left","16":"tablet-align-left","17":"mobile-align-left","19":"first","20":"instock","21":"purchasable","22":"product-type-simple"},"yoast_head":"<!-- This site is optimized with the Yoast SEO plugin v22.8 - https:\/\/yoast.com\/wordpress\/plugins\/seo\/ -->\n<title>ProForm 750 Plataforma de rodaje de repuesto - Treadmill Parts Direct<\/title>\n<meta name=\"robots\" content=\"index, follow, max-snippet:-1, max-image-preview:large, max-video-preview:-1\" \/>\n<link rel=\"canonical\" href=\"https:\/\/www.treadmillpartsdirect.co.uk\/es\/producto\/proform-750-plataforma-de-rodaje-de-repuesto\/\" \/>\n<meta property=\"og:locale\" content=\"es_ES\" \/>\n<meta property=\"og:type\" content=\"article\" \/>\n<meta property=\"og:title\" content=\"ProForm 750 Plataforma de rodaje de repuesto - Treadmill Parts Direct\" \/>\n<meta property=\"og:description\" content=\"Cubierta de cinta de correr de repuesto para de correr wpcodeself. CONTRACHAPADO DE ALTA CALIDAD M\u00c1S RESISTENTE QUE EL MDF F\u00c1CIL DE INSTALAR.\" \/>\n<meta property=\"og:url\" content=\"https:\/\/www.treadmillpartsdirect.co.uk\/es\/producto\/proform-750-plataforma-de-rodaje-de-repuesto\/\" \/>\n<meta property=\"og:site_name\" content=\"Treadmill Parts Direct\" \/>\n<meta property=\"article:publisher\" content=\"https:\/\/www.facebook.com\/treadmillpartsdirect\" \/>\n<meta property=\"og:image\" content=\"https:\/\/www.treadmillpartsdirect.co.uk\/wp-content\/uploads\/2023\/01\/proform-treadmill-deck-replacement-running-machine-board.jpg\" \/>\n\t<meta property=\"og:image:width\" content=\"541\" \/>\n\t<meta property=\"og:image:height\" content=\"461\" \/>\n\t<meta property=\"og:image:type\" content=\"image\/jpeg\" \/>\n<meta name=\"twitter:card\" content=\"summary_large_image\" \/>\n<meta name=\"twitter:site\" content=\"@treadmillpartsdirect\" \/>\n<script type=\"application\/ld+json\" class=\"yoast-schema-graph\">{\"@context\":\"https:\/\/schema.org\",\"@graph\":[{\"@type\":\"WebPage\",\"@id\":\"https:\/\/www.treadmillpartsdirect.co.uk\/es\/producto\/proform-750-plataforma-de-rodaje-de-repuesto\/\",\"url\":\"https:\/\/www.treadmillpartsdirect.co.uk\/es\/producto\/proform-750-plataforma-de-rodaje-de-repuesto\/\",\"name\":\"ProForm 750 Plataforma de rodaje de repuesto - Treadmill Parts Direct\",\"isPartOf\":{\"@id\":\"https:\/\/www.treadmillpartsdirect.co.uk\/es\/#website\"},\"primaryImageOfPage\":{\"@id\":\"https:\/\/www.treadmillpartsdirect.co.uk\/es\/producto\/proform-750-plataforma-de-rodaje-de-repuesto\/#primaryimage\"},\"image\":{\"@id\":\"https:\/\/www.treadmillpartsdirect.co.uk\/es\/producto\/proform-750-plataforma-de-rodaje-de-repuesto\/#primaryimage\"},\"thumbnailUrl\":\"https:\/\/www.treadmillpartsdirect.co.uk\/wp-content\/uploads\/2023\/01\/proform-treadmill-deck-replacement-running-machine-board.jpg\",\"datePublished\":\"2023-01-18T13:27:04+00:00\",\"dateModified\":\"2023-01-18T13:27:04+00:00\",\"breadcrumb\":{\"@id\":\"https:\/\/www.treadmillpartsdirect.co.uk\/es\/producto\/proform-750-plataforma-de-rodaje-de-repuesto\/#breadcrumb\"},\"inLanguage\":\"es\",\"potentialAction\":[{\"@type\":\"ReadAction\",\"target\":[\"https:\/\/www.treadmillpartsdirect.co.uk\/es\/producto\/proform-750-plataforma-de-rodaje-de-repuesto\/\"]}]},{\"@type\":\"ImageObject\",\"inLanguage\":\"es\",\"@id\":\"https:\/\/www.treadmillpartsdirect.co.uk\/es\/producto\/proform-750-plataforma-de-rodaje-de-repuesto\/#primaryimage\",\"url\":\"https:\/\/www.treadmillpartsdirect.co.uk\/wp-content\/uploads\/2023\/01\/proform-treadmill-deck-replacement-running-machine-board.jpg\",\"contentUrl\":\"https:\/\/www.treadmillpartsdirect.co.uk\/wp-content\/uploads\/2023\/01\/proform-treadmill-deck-replacement-running-machine-board.jpg\",\"width\":541,\"height\":461},{\"@type\":\"BreadcrumbList\",\"@id\":\"https:\/\/www.treadmillpartsdirect.co.uk\/es\/producto\/proform-750-plataforma-de-rodaje-de-repuesto\/#breadcrumb\",\"itemListElement\":[{\"@type\":\"ListItem\",\"position\":1,\"name\":\"Home\",\"item\":\"https:\/\/www.treadmillpartsdirect.co.uk\/es\/inicio\/\"},{\"@type\":\"ListItem\",\"position\":2,\"name\":\"Tienda\",\"item\":\"https:\/\/www.treadmillpartsdirect.co.uk\/es\/tienda\/\"},{\"@type\":\"ListItem\",\"position\":3,\"name\":\"ProForm 750 Plataforma de rodaje de repuesto\"}]},{\"@type\":\"WebSite\",\"@id\":\"https:\/\/www.treadmillpartsdirect.co.uk\/es\/#website\",\"url\":\"https:\/\/www.treadmillpartsdirect.co.uk\/es\/\",\"name\":\"Treadmill Parts Direct\",\"description\":\"Treadmill Parts Direct\",\"publisher\":{\"@id\":\"https:\/\/www.treadmillpartsdirect.co.uk\/es\/#organization\"},\"potentialAction\":[{\"@type\":\"SearchAction\",\"target\":{\"@type\":\"EntryPoint\",\"urlTemplate\":\"https:\/\/www.treadmillpartsdirect.co.uk\/es\/?s={search_term_string}\"},\"query-input\":\"required name=search_term_string\"}],\"inLanguage\":\"es\"},{\"@type\":\"Organization\",\"@id\":\"https:\/\/www.treadmillpartsdirect.co.uk\/es\/#organization\",\"name\":\"Treadmill Parts Direct\",\"url\":\"https:\/\/www.treadmillpartsdirect.co.uk\/es\/\",\"logo\":{\"@type\":\"ImageObject\",\"inLanguage\":\"es\",\"@id\":\"https:\/\/www.treadmillpartsdirect.co.uk\/es\/#\/schema\/logo\/image\/\",\"url\":\"https:\/\/www.treadmillpartsdirect.co.uk\/wp-content\/uploads\/2024\/03\/treadmill-parts-direct-logo.png\",\"contentUrl\":\"https:\/\/www.treadmillpartsdirect.co.uk\/wp-content\/uploads\/2024\/03\/treadmill-parts-direct-logo.png\",\"width\":250,\"height\":92,\"caption\":\"Treadmill Parts Direct\"},\"image\":{\"@id\":\"https:\/\/www.treadmillpartsdirect.co.uk\/es\/#\/schema\/logo\/image\/\"},\"sameAs\":[\"https:\/\/www.facebook.com\/treadmillpartsdirect\",\"https:\/\/x.com\/treadmillpartsdirect\",\"https:\/\/www.instagram.com\/treadmillpartsdirect\/\",\"https:\/\/www.youtube.com\/@treadmillpartsdirect\"]}]}<\/script>\n<!-- \/ Yoast SEO plugin. -->","yoast_head_json":{"title":"ProForm 750 Plataforma de rodaje de repuesto - Treadmill Parts Direct","robots":{"index":"index","follow":"follow","max-snippet":"max-snippet:-1","max-image-preview":"max-image-preview:large","max-video-preview":"max-video-preview:-1"},"canonical":"https:\/\/www.treadmillpartsdirect.co.uk\/es\/producto\/proform-750-plataforma-de-rodaje-de-repuesto\/","og_locale":"es_ES","og_type":"article","og_title":"ProForm 750 Plataforma de rodaje de repuesto - Treadmill Parts Direct","og_description":"Cubierta de cinta de correr de repuesto para de correr wpcodeself. CONTRACHAPADO DE ALTA CALIDAD M\u00c1S RESISTENTE QUE EL MDF F\u00c1CIL DE INSTALAR.","og_url":"https:\/\/www.treadmillpartsdirect.co.uk\/es\/producto\/proform-750-plataforma-de-rodaje-de-repuesto\/","og_site_name":"Treadmill Parts Direct","article_publisher":"https:\/\/www.facebook.com\/treadmillpartsdirect","og_image":[{"width":541,"height":461,"url":"https:\/\/www.treadmillpartsdirect.co.uk\/wp-content\/uploads\/2023\/01\/proform-treadmill-deck-replacement-running-machine-board.jpg","type":"image\/jpeg"}],"twitter_card":"summary_large_image","twitter_site":"@treadmillpartsdirect","schema":{"@context":"https:\/\/schema.org","@graph":[{"@type":"WebPage","@id":"https:\/\/www.treadmillpartsdirect.co.uk\/es\/producto\/proform-750-plataforma-de-rodaje-de-repuesto\/","url":"https:\/\/www.treadmillpartsdirect.co.uk\/es\/producto\/proform-750-plataforma-de-rodaje-de-repuesto\/","name":"ProForm 750 Plataforma de rodaje de repuesto - Treadmill Parts Direct","isPartOf":{"@id":"https:\/\/www.treadmillpartsdirect.co.uk\/es\/#website"},"primaryImageOfPage":{"@id":"https:\/\/www.treadmillpartsdirect.co.uk\/es\/producto\/proform-750-plataforma-de-rodaje-de-repuesto\/#primaryimage"},"image":{"@id":"https:\/\/www.treadmillpartsdirect.co.uk\/es\/producto\/proform-750-plataforma-de-rodaje-de-repuesto\/#primaryimage"},"thumbnailUrl":"https:\/\/www.treadmillpartsdirect.co.uk\/wp-content\/uploads\/2023\/01\/proform-treadmill-deck-replacement-running-machine-board.jpg","datePublished":"2023-01-18T13:27:04+00:00","dateModified":"2023-01-18T13:27:04+00:00","breadcrumb":{"@id":"https:\/\/www.treadmillpartsdirect.co.uk\/es\/producto\/proform-750-plataforma-de-rodaje-de-repuesto\/#breadcrumb"},"inLanguage":"es","potentialAction":[{"@type":"ReadAction","target":["https:\/\/www.treadmillpartsdirect.co.uk\/es\/producto\/proform-750-plataforma-de-rodaje-de-repuesto\/"]}]},{"@type":"ImageObject","inLanguage":"es","@id":"https:\/\/www.treadmillpartsdirect.co.uk\/es\/producto\/proform-750-plataforma-de-rodaje-de-repuesto\/#primaryimage","url":"https:\/\/www.treadmillpartsdirect.co.uk\/wp-content\/uploads\/2023\/01\/proform-treadmill-deck-replacement-running-machine-board.jpg","contentUrl":"https:\/\/www.treadmillpartsdirect.co.uk\/wp-content\/uploads\/2023\/01\/proform-treadmill-deck-replacement-running-machine-board.jpg","width":541,"height":461},{"@type":"BreadcrumbList","@id":"https:\/\/www.treadmillpartsdirect.co.uk\/es\/producto\/proform-750-plataforma-de-rodaje-de-repuesto\/#breadcrumb","itemListElement":[{"@type":"ListItem","position":1,"name":"Home","item":"https:\/\/www.treadmillpartsdirect.co.uk\/es\/inicio\/"},{"@type":"ListItem","position":2,"name":"Tienda","item":"https:\/\/www.treadmillpartsdirect.co.uk\/es\/tienda\/"},{"@type":"ListItem","position":3,"name":"ProForm 750 Plataforma de rodaje de repuesto"}]},{"@type":"WebSite","@id":"https:\/\/www.treadmillpartsdirect.co.uk\/es\/#website","url":"https:\/\/www.treadmillpartsdirect.co.uk\/es\/","name":"Treadmill Parts Direct","description":"Treadmill Parts Direct","publisher":{"@id":"https:\/\/www.treadmillpartsdirect.co.uk\/es\/#organization"},"potentialAction":[{"@type":"SearchAction","target":{"@type":"EntryPoint","urlTemplate":"https:\/\/www.treadmillpartsdirect.co.uk\/es\/?s={search_term_string}"},"query-input":"required name=search_term_string"}],"inLanguage":"es"},{"@type":"Organization","@id":"https:\/\/www.treadmillpartsdirect.co.uk\/es\/#organization","name":"Treadmill Parts Direct","url":"https:\/\/www.treadmillpartsdirect.co.uk\/es\/","logo":{"@type":"ImageObject","inLanguage":"es","@id":"https:\/\/www.treadmillpartsdirect.co.uk\/es\/#\/schema\/logo\/image\/","url":"https:\/\/www.treadmillpartsdirect.co.uk\/wp-content\/uploads\/2024\/03\/treadmill-parts-direct-logo.png","contentUrl":"https:\/\/www.treadmillpartsdirect.co.uk\/wp-content\/uploads\/2024\/03\/treadmill-parts-direct-logo.png","width":250,"height":92,"caption":"Treadmill Parts Direct"},"image":{"@id":"https:\/\/www.treadmillpartsdirect.co.uk\/es\/#\/schema\/logo\/image\/"},"sameAs":["https:\/\/www.facebook.com\/treadmillpartsdirect","https:\/\/x.com\/treadmillpartsdirect","https:\/\/www.instagram.com\/treadmillpartsdirect\/","https:\/\/www.youtube.com\/@treadmillpartsdirect"]}]}},"_links":{"self":[{"href":"https:\/\/www.treadmillpartsdirect.co.uk\/es\/wp-json\/wp\/v2\/product\/18058","targetHints":{"allow":["GET"]}}],"collection":[{"href":"https:\/\/www.treadmillpartsdirect.co.uk\/es\/wp-json\/wp\/v2\/product"}],"about":[{"href":"https:\/\/www.treadmillpartsdirect.co.uk\/es\/wp-json\/wp\/v2\/types\/product"}],"replies":[{"embeddable":true,"href":"https:\/\/www.treadmillpartsdirect.co.uk\/es\/wp-json\/wp\/v2\/comments?post=18058"}],"wp:featuredmedia":[{"embeddable":true,"href":"https:\/\/www.treadmillpartsdirect.co.uk\/es\/wp-json\/wp\/v2\/media\/15687"}],"wp:attachment":[{"href":"https:\/\/www.treadmillpartsdirect.co.uk\/es\/wp-json\/wp\/v2\/media?parent=18058"}],"wp:term":[{"taxonomy":"product_brand","embeddable":true,"href":"https:\/\/www.treadmillpartsdirect.co.uk\/es\/wp-json\/wp\/v2\/product_brand?post=18058"},{"taxonomy":"product_cat","embeddable":true,"href":"https:\/\/www.treadmillpartsdirect.co.uk\/es\/wp-json\/wp\/v2\/product_cat?post=18058"},{"taxonomy":"product_tag","embeddable":true,"href":"https:\/\/www.treadmillpartsdirect.co.uk\/es\/wp-json\/wp\/v2\/product_tag?post=18058"}],"curies":[{"name":"wp","href":"https:\/\/api.w.org\/{rel}","templated":true}]}}