{"id":17622,"date":"2023-01-24T17:53:43","date_gmt":"2023-01-24T17:53:43","guid":{"rendered":"https:\/\/www.treadmillpartsdirect.co.uk\/product\/tablas-de-correr-de-repuesto-para-cintas-de-correr-nordictrack-para-todos-los-modelos\/"},"modified":"2023-01-24T17:53:43","modified_gmt":"2023-01-24T17:53:43","slug":"tablas-de-correr-de-repuesto-para-cintas-de-correr-nordictrack-para-todos-los-modelos","status":"publish","type":"product","link":"https:\/\/www.treadmillpartsdirect.co.uk\/es\/producto\/tablas-de-correr-de-repuesto-para-cintas-de-correr-nordictrack-para-todos-los-modelos\/","title":{"rendered":"Tablas de correr de repuesto para cintas de correr NordicTrack para todos los modelos"},"content":{"rendered":"<p>Plataformas de repuesto para correr en cinta de correr para todos los modelos de m\u00e1quinas para correr, tanto para cintas de NordicTrack correr comerciales como para uso NordicTrack dom\u00e9stico.<\/p>\n<p>Las superficies de nuestra cinta de correr est\u00e1n acabadas con un recubrimiento especial de baja fricci\u00f3n en ambos lados.<\/p>\n<p>Espesor de madera contrachapada 18mm. Nuestras tablas son un reemplazo adecuado para todas las NordicTrack cintas de correr con tablas originales que var\u00edan entre 12 y 26 mm de grosor.<\/p>\n<p>Cortamos a medida las plataformas de la cinta de correr al tama\u00f1o requerido. Si necesita que se hagan recortes especiales en la inserci\u00f3n, h\u00e1ganoslo saber en la secci\u00f3n de notas del pedido al finalizar la compra.<\/p>\n<p><i><b><span style=\"color: #ff0010;\">IMPORTANTE:<\/span><\/b> <\/i><i>Retire su vieja plataforma da\u00f1ada para medirla con precisi\u00f3n. Deber\u00e1 usar la plataforma vieja como plantilla para marcar y perforar los agujeros, as\u00ed como hacer peque\u00f1os cortes adicionales en la nueva plataforma usted mismo para asegurarse de que todo se alinee exactamente con los puntos de montaje de su m\u00e1quina.<\/i><\/p>\n","protected":false},"excerpt":{"rendered":"<p>CONTRACHAPADO DE ALTA CALIDAD M\u00c1S RESISTENTE QUE EL MDF F\u00c1CIL DE INSTALAR.<\/p>\n<p>Seleccione el tama\u00f1o que necesita a continuaci\u00f3n. Para pedir la plataforma de cinta de correr de reemplazo [productMake] del tama\u00f1o correcto, deber\u00e1 quitar su vieja plataforma da\u00f1ada para medir con precisi\u00f3n la longitud y el ancho en sus lados m\u00e1s largos.<\/p>\n<p>Si necesita que se hagan recortes especiales en la inserci\u00f3n, h\u00e1ganoslo saber en la secci\u00f3n de notas de pedidos especiales al finalizar la compra.<\/p>\n<p><a href=\"https:\/\/www.treadmillpartsdirect.co.uk\/help-guides\/replace-deck\/\" target=\"_blank\" rel=\"noopener\">Vea nuestra \u00fatil gu\u00eda sobre c\u00f3mo medir con precisi\u00f3n aqu\u00ed \u00bb<\/a><\/p>\n<p><img fetchpriority=\"high\" decoding=\"async\" class=\"alignnone wp-image-584 size-medium\" src=\"https:\/\/www.treadmillpartsdirect.co.uk\/wp-content\/uploads\/2022\/12\/treadmill-deck-size-helpful-diagram-order-form-295x300.jpg\" alt=\"\" width=\"295\" height=\"300\" srcset=\"https:\/\/www.treadmillpartsdirect.co.uk\/wp-content\/uploads\/2022\/12\/treadmill-deck-size-helpful-diagram-order-form-295x300.jpg 295w, https:\/\/www.treadmillpartsdirect.co.uk\/wp-content\/uploads\/2022\/12\/treadmill-deck-size-helpful-diagram-order-form-768x780.jpg 768w, https:\/\/www.treadmillpartsdirect.co.uk\/wp-content\/uploads\/2022\/12\/treadmill-deck-size-helpful-diagram-order-form-600x610.jpg 600w, https:\/\/www.treadmillpartsdirect.co.uk\/wp-content\/uploads\/2022\/12\/treadmill-deck-size-helpful-diagram-order-form.jpg 807w\" sizes=\"(max-width: 295px) 100vw, 295px\" \/><\/p>\n","protected":false},"featured_media":15691,"comment_status":"closed","ping_status":"closed","template":"","meta":{"site-sidebar-layout":"default","site-content-layout":"default","ast-global-header-display":"","ast-main-header-display":"","ast-hfb-above-header-display":"","ast-hfb-below-header-display":"","ast-hfb-mobile-header-display":"","site-post-title":"","ast-breadcrumbs-content":"","ast-featured-img":"","footer-sml-layout":"","theme-transparent-header-meta":"default","adv-header-id-meta":"","stick-header-meta":"default","header-above-stick-meta":"","header-main-stick-meta":"","header-below-stick-meta":""},"product_brand":[],"product_cat":[1372],"product_tag":[1593,1379,1378,1377,1380,1376,1375],"class_list":{"0":"post-17622","1":"product","2":"type-product","3":"status-publish","4":"has-post-thumbnail","6":"product_cat-mazos-para-correr","7":"product_tag-nordictrack-es-3","8":"product_tag-replacement-es","9":"product_tag-running-machine-board-es","10":"product_tag-running-machine-deck-es","11":"product_tag-spares-es","12":"product_tag-tablero-de-la-cinta-de-correr","13":"product_tag-treadmill-deck-es","14":"desktop-align-left","15":"tablet-align-left","16":"mobile-align-left","18":"first","19":"instock","20":"purchasable","21":"product-type-simple"},"yoast_head":"<!-- This site is optimized with the Yoast SEO plugin v22.8 - https:\/\/yoast.com\/wordpress\/plugins\/seo\/ -->\n<title>Tablas de correr de repuesto para cintas de correr NordicTrack para todos los modelos - Treadmill Parts Direct<\/title>\n<meta name=\"robots\" content=\"index, follow, max-snippet:-1, max-image-preview:large, max-video-preview:-1\" \/>\n<link rel=\"canonical\" href=\"https:\/\/www.treadmillpartsdirect.co.uk\/es\/producto\/tablas-de-correr-de-repuesto-para-cintas-de-correr-nordictrack-para-todos-los-modelos\/\" \/>\n<meta property=\"og:locale\" content=\"es_ES\" \/>\n<meta property=\"og:type\" content=\"article\" \/>\n<meta property=\"og:title\" content=\"Tablas de correr de repuesto para cintas de correr NordicTrack para todos los modelos - Treadmill Parts Direct\" \/>\n<meta property=\"og:description\" content=\"CONTRACHAPADO DE ALTA CALIDAD M\u00c1S RESISTENTE QUE EL MDF F\u00c1CIL DE INSTALAR. Seleccione el tama\u00f1o que necesita a continuaci\u00f3n. Para pedir la plataforma de cinta de correr de reemplazo del tama\u00f1o correcto, deber\u00e1 quitar su vieja plataforma da\u00f1ada para medir con precisi\u00f3n la longitud y el ancho en sus lados m\u00e1s largos. Si necesita que se hagan recortes especiales en la inserci\u00f3n, h\u00e1ganoslo saber en la secci\u00f3n de notas de pedidos especiales al finalizar la compra. Vea nuestra \u00fatil gu\u00eda sobre c\u00f3mo medir con precisi\u00f3n aqu\u00ed \u00bb\" \/>\n<meta property=\"og:url\" content=\"https:\/\/www.treadmillpartsdirect.co.uk\/es\/producto\/tablas-de-correr-de-repuesto-para-cintas-de-correr-nordictrack-para-todos-los-modelos\/\" \/>\n<meta property=\"og:site_name\" content=\"Treadmill Parts Direct\" \/>\n<meta property=\"article:publisher\" content=\"https:\/\/www.facebook.com\/treadmillpartsdirect\" \/>\n<meta property=\"og:image\" content=\"https:\/\/www.treadmillpartsdirect.co.uk\/wp-content\/uploads\/2023\/01\/NordicTrack-treadmill-deck-replacement-running-machine-board.jpg\" \/>\n\t<meta property=\"og:image:width\" content=\"541\" \/>\n\t<meta property=\"og:image:height\" content=\"461\" \/>\n\t<meta property=\"og:image:type\" content=\"image\/jpeg\" \/>\n<meta name=\"twitter:card\" content=\"summary_large_image\" \/>\n<meta name=\"twitter:site\" content=\"@treadmillpartsdirect\" \/>\n<meta name=\"twitter:label1\" content=\"Tiempo de lectura\" \/>\n\t<meta name=\"twitter:data1\" content=\"1 minuto\" \/>\n<script type=\"application\/ld+json\" class=\"yoast-schema-graph\">{\"@context\":\"https:\/\/schema.org\",\"@graph\":[{\"@type\":\"WebPage\",\"@id\":\"https:\/\/www.treadmillpartsdirect.co.uk\/es\/producto\/tablas-de-correr-de-repuesto-para-cintas-de-correr-nordictrack-para-todos-los-modelos\/\",\"url\":\"https:\/\/www.treadmillpartsdirect.co.uk\/es\/producto\/tablas-de-correr-de-repuesto-para-cintas-de-correr-nordictrack-para-todos-los-modelos\/\",\"name\":\"Tablas de correr de repuesto para cintas de correr NordicTrack para todos los modelos - Treadmill Parts Direct\",\"isPartOf\":{\"@id\":\"https:\/\/www.treadmillpartsdirect.co.uk\/es\/#website\"},\"primaryImageOfPage\":{\"@id\":\"https:\/\/www.treadmillpartsdirect.co.uk\/es\/producto\/tablas-de-correr-de-repuesto-para-cintas-de-correr-nordictrack-para-todos-los-modelos\/#primaryimage\"},\"image\":{\"@id\":\"https:\/\/www.treadmillpartsdirect.co.uk\/es\/producto\/tablas-de-correr-de-repuesto-para-cintas-de-correr-nordictrack-para-todos-los-modelos\/#primaryimage\"},\"thumbnailUrl\":\"https:\/\/www.treadmillpartsdirect.co.uk\/wp-content\/uploads\/2023\/01\/NordicTrack-treadmill-deck-replacement-running-machine-board.jpg\",\"datePublished\":\"2023-01-24T17:53:43+00:00\",\"dateModified\":\"2023-01-24T17:53:43+00:00\",\"breadcrumb\":{\"@id\":\"https:\/\/www.treadmillpartsdirect.co.uk\/es\/producto\/tablas-de-correr-de-repuesto-para-cintas-de-correr-nordictrack-para-todos-los-modelos\/#breadcrumb\"},\"inLanguage\":\"es\",\"potentialAction\":[{\"@type\":\"ReadAction\",\"target\":[\"https:\/\/www.treadmillpartsdirect.co.uk\/es\/producto\/tablas-de-correr-de-repuesto-para-cintas-de-correr-nordictrack-para-todos-los-modelos\/\"]}]},{\"@type\":\"ImageObject\",\"inLanguage\":\"es\",\"@id\":\"https:\/\/www.treadmillpartsdirect.co.uk\/es\/producto\/tablas-de-correr-de-repuesto-para-cintas-de-correr-nordictrack-para-todos-los-modelos\/#primaryimage\",\"url\":\"https:\/\/www.treadmillpartsdirect.co.uk\/wp-content\/uploads\/2023\/01\/NordicTrack-treadmill-deck-replacement-running-machine-board.jpg\",\"contentUrl\":\"https:\/\/www.treadmillpartsdirect.co.uk\/wp-content\/uploads\/2023\/01\/NordicTrack-treadmill-deck-replacement-running-machine-board.jpg\",\"width\":541,\"height\":461},{\"@type\":\"BreadcrumbList\",\"@id\":\"https:\/\/www.treadmillpartsdirect.co.uk\/es\/producto\/tablas-de-correr-de-repuesto-para-cintas-de-correr-nordictrack-para-todos-los-modelos\/#breadcrumb\",\"itemListElement\":[{\"@type\":\"ListItem\",\"position\":1,\"name\":\"Home\",\"item\":\"https:\/\/www.treadmillpartsdirect.co.uk\/es\/inicio\/\"},{\"@type\":\"ListItem\",\"position\":2,\"name\":\"Tienda\",\"item\":\"https:\/\/www.treadmillpartsdirect.co.uk\/es\/tienda\/\"},{\"@type\":\"ListItem\",\"position\":3,\"name\":\"Tablas de correr de repuesto para cintas de correr NordicTrack para todos los modelos\"}]},{\"@type\":\"WebSite\",\"@id\":\"https:\/\/www.treadmillpartsdirect.co.uk\/es\/#website\",\"url\":\"https:\/\/www.treadmillpartsdirect.co.uk\/es\/\",\"name\":\"Treadmill Parts Direct\",\"description\":\"Treadmill Parts Direct\",\"publisher\":{\"@id\":\"https:\/\/www.treadmillpartsdirect.co.uk\/es\/#organization\"},\"potentialAction\":[{\"@type\":\"SearchAction\",\"target\":{\"@type\":\"EntryPoint\",\"urlTemplate\":\"https:\/\/www.treadmillpartsdirect.co.uk\/es\/?s={search_term_string}\"},\"query-input\":\"required name=search_term_string\"}],\"inLanguage\":\"es\"},{\"@type\":\"Organization\",\"@id\":\"https:\/\/www.treadmillpartsdirect.co.uk\/es\/#organization\",\"name\":\"Treadmill Parts Direct\",\"url\":\"https:\/\/www.treadmillpartsdirect.co.uk\/es\/\",\"logo\":{\"@type\":\"ImageObject\",\"inLanguage\":\"es\",\"@id\":\"https:\/\/www.treadmillpartsdirect.co.uk\/es\/#\/schema\/logo\/image\/\",\"url\":\"https:\/\/www.treadmillpartsdirect.co.uk\/wp-content\/uploads\/2024\/03\/treadmill-parts-direct-logo.png\",\"contentUrl\":\"https:\/\/www.treadmillpartsdirect.co.uk\/wp-content\/uploads\/2024\/03\/treadmill-parts-direct-logo.png\",\"width\":250,\"height\":92,\"caption\":\"Treadmill Parts Direct\"},\"image\":{\"@id\":\"https:\/\/www.treadmillpartsdirect.co.uk\/es\/#\/schema\/logo\/image\/\"},\"sameAs\":[\"https:\/\/www.facebook.com\/treadmillpartsdirect\",\"https:\/\/x.com\/treadmillpartsdirect\",\"https:\/\/www.instagram.com\/treadmillpartsdirect\/\",\"https:\/\/www.youtube.com\/@treadmillpartsdirect\"]}]}<\/script>\n<!-- \/ Yoast SEO plugin. -->","yoast_head_json":{"title":"Tablas de correr de repuesto para cintas de correr NordicTrack para todos los modelos - Treadmill Parts Direct","robots":{"index":"index","follow":"follow","max-snippet":"max-snippet:-1","max-image-preview":"max-image-preview:large","max-video-preview":"max-video-preview:-1"},"canonical":"https:\/\/www.treadmillpartsdirect.co.uk\/es\/producto\/tablas-de-correr-de-repuesto-para-cintas-de-correr-nordictrack-para-todos-los-modelos\/","og_locale":"es_ES","og_type":"article","og_title":"Tablas de correr de repuesto para cintas de correr NordicTrack para todos los modelos - Treadmill Parts Direct","og_description":"CONTRACHAPADO DE ALTA CALIDAD M\u00c1S RESISTENTE QUE EL MDF F\u00c1CIL DE INSTALAR. Seleccione el tama\u00f1o que necesita a continuaci\u00f3n. Para pedir la plataforma de cinta de correr de reemplazo del tama\u00f1o correcto, deber\u00e1 quitar su vieja plataforma da\u00f1ada para medir con precisi\u00f3n la longitud y el ancho en sus lados m\u00e1s largos. Si necesita que se hagan recortes especiales en la inserci\u00f3n, h\u00e1ganoslo saber en la secci\u00f3n de notas de pedidos especiales al finalizar la compra. Vea nuestra \u00fatil gu\u00eda sobre c\u00f3mo medir con precisi\u00f3n aqu\u00ed \u00bb","og_url":"https:\/\/www.treadmillpartsdirect.co.uk\/es\/producto\/tablas-de-correr-de-repuesto-para-cintas-de-correr-nordictrack-para-todos-los-modelos\/","og_site_name":"Treadmill Parts Direct","article_publisher":"https:\/\/www.facebook.com\/treadmillpartsdirect","og_image":[{"width":541,"height":461,"url":"https:\/\/www.treadmillpartsdirect.co.uk\/wp-content\/uploads\/2023\/01\/NordicTrack-treadmill-deck-replacement-running-machine-board.jpg","type":"image\/jpeg"}],"twitter_card":"summary_large_image","twitter_site":"@treadmillpartsdirect","twitter_misc":{"Tiempo de lectura":"1 minuto"},"schema":{"@context":"https:\/\/schema.org","@graph":[{"@type":"WebPage","@id":"https:\/\/www.treadmillpartsdirect.co.uk\/es\/producto\/tablas-de-correr-de-repuesto-para-cintas-de-correr-nordictrack-para-todos-los-modelos\/","url":"https:\/\/www.treadmillpartsdirect.co.uk\/es\/producto\/tablas-de-correr-de-repuesto-para-cintas-de-correr-nordictrack-para-todos-los-modelos\/","name":"Tablas de correr de repuesto para cintas de correr NordicTrack para todos los modelos - Treadmill Parts Direct","isPartOf":{"@id":"https:\/\/www.treadmillpartsdirect.co.uk\/es\/#website"},"primaryImageOfPage":{"@id":"https:\/\/www.treadmillpartsdirect.co.uk\/es\/producto\/tablas-de-correr-de-repuesto-para-cintas-de-correr-nordictrack-para-todos-los-modelos\/#primaryimage"},"image":{"@id":"https:\/\/www.treadmillpartsdirect.co.uk\/es\/producto\/tablas-de-correr-de-repuesto-para-cintas-de-correr-nordictrack-para-todos-los-modelos\/#primaryimage"},"thumbnailUrl":"https:\/\/www.treadmillpartsdirect.co.uk\/wp-content\/uploads\/2023\/01\/NordicTrack-treadmill-deck-replacement-running-machine-board.jpg","datePublished":"2023-01-24T17:53:43+00:00","dateModified":"2023-01-24T17:53:43+00:00","breadcrumb":{"@id":"https:\/\/www.treadmillpartsdirect.co.uk\/es\/producto\/tablas-de-correr-de-repuesto-para-cintas-de-correr-nordictrack-para-todos-los-modelos\/#breadcrumb"},"inLanguage":"es","potentialAction":[{"@type":"ReadAction","target":["https:\/\/www.treadmillpartsdirect.co.uk\/es\/producto\/tablas-de-correr-de-repuesto-para-cintas-de-correr-nordictrack-para-todos-los-modelos\/"]}]},{"@type":"ImageObject","inLanguage":"es","@id":"https:\/\/www.treadmillpartsdirect.co.uk\/es\/producto\/tablas-de-correr-de-repuesto-para-cintas-de-correr-nordictrack-para-todos-los-modelos\/#primaryimage","url":"https:\/\/www.treadmillpartsdirect.co.uk\/wp-content\/uploads\/2023\/01\/NordicTrack-treadmill-deck-replacement-running-machine-board.jpg","contentUrl":"https:\/\/www.treadmillpartsdirect.co.uk\/wp-content\/uploads\/2023\/01\/NordicTrack-treadmill-deck-replacement-running-machine-board.jpg","width":541,"height":461},{"@type":"BreadcrumbList","@id":"https:\/\/www.treadmillpartsdirect.co.uk\/es\/producto\/tablas-de-correr-de-repuesto-para-cintas-de-correr-nordictrack-para-todos-los-modelos\/#breadcrumb","itemListElement":[{"@type":"ListItem","position":1,"name":"Home","item":"https:\/\/www.treadmillpartsdirect.co.uk\/es\/inicio\/"},{"@type":"ListItem","position":2,"name":"Tienda","item":"https:\/\/www.treadmillpartsdirect.co.uk\/es\/tienda\/"},{"@type":"ListItem","position":3,"name":"Tablas de correr de repuesto para cintas de correr NordicTrack para todos los modelos"}]},{"@type":"WebSite","@id":"https:\/\/www.treadmillpartsdirect.co.uk\/es\/#website","url":"https:\/\/www.treadmillpartsdirect.co.uk\/es\/","name":"Treadmill Parts Direct","description":"Treadmill Parts Direct","publisher":{"@id":"https:\/\/www.treadmillpartsdirect.co.uk\/es\/#organization"},"potentialAction":[{"@type":"SearchAction","target":{"@type":"EntryPoint","urlTemplate":"https:\/\/www.treadmillpartsdirect.co.uk\/es\/?s={search_term_string}"},"query-input":"required name=search_term_string"}],"inLanguage":"es"},{"@type":"Organization","@id":"https:\/\/www.treadmillpartsdirect.co.uk\/es\/#organization","name":"Treadmill Parts Direct","url":"https:\/\/www.treadmillpartsdirect.co.uk\/es\/","logo":{"@type":"ImageObject","inLanguage":"es","@id":"https:\/\/www.treadmillpartsdirect.co.uk\/es\/#\/schema\/logo\/image\/","url":"https:\/\/www.treadmillpartsdirect.co.uk\/wp-content\/uploads\/2024\/03\/treadmill-parts-direct-logo.png","contentUrl":"https:\/\/www.treadmillpartsdirect.co.uk\/wp-content\/uploads\/2024\/03\/treadmill-parts-direct-logo.png","width":250,"height":92,"caption":"Treadmill Parts Direct"},"image":{"@id":"https:\/\/www.treadmillpartsdirect.co.uk\/es\/#\/schema\/logo\/image\/"},"sameAs":["https:\/\/www.facebook.com\/treadmillpartsdirect","https:\/\/x.com\/treadmillpartsdirect","https:\/\/www.instagram.com\/treadmillpartsdirect\/","https:\/\/www.youtube.com\/@treadmillpartsdirect"]}]}},"_links":{"self":[{"href":"https:\/\/www.treadmillpartsdirect.co.uk\/es\/wp-json\/wp\/v2\/product\/17622","targetHints":{"allow":["GET"]}}],"collection":[{"href":"https:\/\/www.treadmillpartsdirect.co.uk\/es\/wp-json\/wp\/v2\/product"}],"about":[{"href":"https:\/\/www.treadmillpartsdirect.co.uk\/es\/wp-json\/wp\/v2\/types\/product"}],"replies":[{"embeddable":true,"href":"https:\/\/www.treadmillpartsdirect.co.uk\/es\/wp-json\/wp\/v2\/comments?post=17622"}],"wp:featuredmedia":[{"embeddable":true,"href":"https:\/\/www.treadmillpartsdirect.co.uk\/es\/wp-json\/wp\/v2\/media\/15691"}],"wp:attachment":[{"href":"https:\/\/www.treadmillpartsdirect.co.uk\/es\/wp-json\/wp\/v2\/media?parent=17622"}],"wp:term":[{"taxonomy":"product_brand","embeddable":true,"href":"https:\/\/www.treadmillpartsdirect.co.uk\/es\/wp-json\/wp\/v2\/product_brand?post=17622"},{"taxonomy":"product_cat","embeddable":true,"href":"https:\/\/www.treadmillpartsdirect.co.uk\/es\/wp-json\/wp\/v2\/product_cat?post=17622"},{"taxonomy":"product_tag","embeddable":true,"href":"https:\/\/www.treadmillpartsdirect.co.uk\/es\/wp-json\/wp\/v2\/product_tag?post=17622"}],"curies":[{"name":"wp","href":"https:\/\/api.w.org\/{rel}","templated":true}]}}