{"id":17429,"date":"2023-01-24T17:53:58","date_gmt":"2023-01-24T17:53:58","guid":{"rendered":"https:\/\/www.treadmillpartsdirect.co.uk\/product\/correas-de-repuesto-para-cintas-de-correr-nordictrack-para-todos-los-modelos\/"},"modified":"2023-01-24T17:53:58","modified_gmt":"2023-01-24T17:53:58","slug":"correas-de-repuesto-para-cintas-de-correr-nordictrack-para-todos-los-modelos","status":"publish","type":"product","link":"https:\/\/www.treadmillpartsdirect.co.uk\/es\/producto\/correas-de-repuesto-para-cintas-de-correr-nordictrack-para-todos-los-modelos\/","title":{"rendered":"Correas de repuesto para cintas de correr NordicTrack para todos los modelos"},"content":{"rendered":"<p>Correas de repuesto para cintas de correr para todos los modelos deNordicTrack M\u00e1quina en funcionamiento, tanto para uso comercial como dom\u00e9stico.NordicTrack cintas de correr.<\/p>\n<p>Superficie de PVC con patr\u00f3n de diamante para un agarre \u00f3ptimo.<br \/>\nColor negro.<br \/>\nDise\u00f1o antiest\u00e1tico de bajo ruido.<\/p>\n<p>La correa para cinta de correr <b>est\u00e1ndar de 1 capa<\/b> tiene un grosor <b>de 1,4 mm<\/b> y cuenta con una capa de PVC y una base de tela. Adecuado para la mayor\u00eda de usos dom\u00e9sticosNordicTrack m\u00e1quinas en marcha.<\/p>\n<p>La correa para cinta de correr <b>premium de 2 capas<\/b> tiene un grosor <b>de 2,0 mm<\/b> y cuenta con dos capas de PVC y dos capas de tela base. Adecuado para uso dom\u00e9stico de servicio pesadoNordicTrack m\u00e1quinas en marcha.<\/p>\n<p>La correa para cinta de correr <b>comercial de 2 capas<\/b> tiene un grosor <b>de 2,3 mm<\/b> con dos capas de PVC y dos capas de tela base. Adecuado para uso comercial pesado y de gran tama\u00f1o.NordicTrack M\u00e1quinas para correr utilizadas en gimnasios.<\/p>\n<p><i><b><span style=\"color: #ff0010;\">IMPORTANTE:<\/span><\/b> <\/i><i>Retire su cintur\u00f3n viejo da\u00f1ado para medirlo con precisi\u00f3n. Debido a que cada pedido se realiza a medida, no podemos aceptar devoluciones si el tama\u00f1o que nos indica es incorrecto. \u00a1POR FAVOR, COMPRUEBE SUS MEDIDAS!<\/i><\/p>\n<p>\u00datil gu\u00eda en v\u00eddeo de 2 minutos sobre c\u00f3mo medir con precisi\u00f3n una cinta para correr en una cinta de correr para solicitar un reemplazo del tama\u00f1o correcto.<\/p>\n<p><iframe style=\"width: 560px;\" title=\"reproductor de v\u00eddeos de youtube\" src=\"https:\/\/www.youtube.com\/embed\/iaJ03DpK6x4\" width=\"560\" height=\"315\" frameborder=\"0\" allowfullscreen=\"allowfullscreen\" data-mce-fragment=\"1\"><\/iframe><\/p>\n","protected":false},"excerpt":{"rendered":"<p>SUPERFICIE DE PATR\u00d3N DE AGARRE DE DIAMANTE DE PVC FUERTE DE ALTA CALIDAD<\/p>\n<p>Seleccione el tama\u00f1o que necesita a continuaci\u00f3n. Para pedir el reemplazo del tama\u00f1o correcto[productMake] cinta de correr, deber\u00e1 medir con precisi\u00f3n su correa vieja o medir alrededor de los rodillos.<\/p>\n<p>NOTA: La longitud debe ser la longitud total de la circunferencia unida del cintur\u00f3n.<\/p>\n<p><a href=\"https:\/\/www.treadmillpartsdirect.co.uk\/help-guides\/replace-belt\/\" target=\"_blank\" rel=\"noopener\">Vea nuestra \u00fatil gu\u00eda sobre c\u00f3mo medir con precisi\u00f3n aqu\u00ed \u00bb<\/a><\/p>\n<p><img decoding=\"async\" class=\"alignnone size-medium wp-image-567\" src=\"https:\/\/www.treadmillpartsdirect.co.uk\/wp-content\/uploads\/2022\/12\/belt-total-length-circumference-explanation-300x150.jpg\" alt=\"\" width=\"300\" height=\"150\" srcset=\"https:\/\/www.treadmillpartsdirect.co.uk\/wp-content\/uploads\/2022\/12\/belt-total-length-circumference-explanation-300x150.jpg 300w, https:\/\/www.treadmillpartsdirect.co.uk\/wp-content\/uploads\/2022\/12\/belt-total-length-circumference-explanation-600x300.jpg 600w, https:\/\/www.treadmillpartsdirect.co.uk\/wp-content\/uploads\/2022\/12\/belt-total-length-circumference-explanation.jpg 750w\" sizes=\"(max-width: 300px) 100vw, 300px\" \/><\/p>\n<p>Capa \u00fanica est\u00e1ndar de 1,4 mm: adecuada para la mayor\u00eda de usos dom\u00e9sticos[productMake] cintas de correr.<\/p>\n<p>Doble capa premium de 2,0 mm: adecuada para uso dom\u00e9stico de alta resistencia[productMake] cintas de correr.<\/p>\n<p>Doble capa comercial de 2,3 mm: adecuado para gimnasios de uso intensivo[productMake] cintas de correr.<\/p>\n","protected":false},"featured_media":15441,"comment_status":"closed","ping_status":"closed","template":"","meta":{"site-sidebar-layout":"default","site-content-layout":"default","ast-global-header-display":"","ast-main-header-display":"","ast-hfb-above-header-display":"","ast-hfb-below-header-display":"","ast-hfb-mobile-header-display":"","site-post-title":"","ast-breadcrumbs-content":"","ast-featured-img":"","footer-sml-layout":"","theme-transparent-header-meta":"default","adv-header-id-meta":"","stick-header-meta":"default","header-above-stick-meta":"","header-main-stick-meta":"","header-below-stick-meta":""},"product_brand":[],"product_cat":[1574],"product_tag":[1593,1379,1577,1578,1380,1576,1575],"class_list":{"0":"post-17429","1":"product","2":"type-product","3":"status-publish","4":"has-post-thumbnail","6":"product_cat-cinturones","7":"product_tag-nordictrack-es-3","8":"product_tag-replacement-es","9":"product_tag-running-machine-belt-es","10":"product_tag-running-machine-running-belt-es","11":"product_tag-spares-es","12":"product_tag-treadmill-belt-es","13":"product_tag-treadmill-running-belt-es","14":"desktop-align-left","15":"tablet-align-left","16":"mobile-align-left","18":"first","19":"instock","20":"purchasable","21":"product-type-simple"},"yoast_head":"<!-- This site is optimized with the Yoast SEO plugin v22.8 - https:\/\/yoast.com\/wordpress\/plugins\/seo\/ -->\n<title>Correas de repuesto para cintas de correr NordicTrack para todos los modelos - Treadmill Parts Direct<\/title>\n<meta name=\"robots\" content=\"index, follow, max-snippet:-1, max-image-preview:large, max-video-preview:-1\" \/>\n<link rel=\"canonical\" href=\"https:\/\/www.treadmillpartsdirect.co.uk\/es\/producto\/correas-de-repuesto-para-cintas-de-correr-nordictrack-para-todos-los-modelos\/\" \/>\n<meta property=\"og:locale\" content=\"es_ES\" \/>\n<meta property=\"og:type\" content=\"article\" \/>\n<meta property=\"og:title\" content=\"Correas de repuesto para cintas de correr NordicTrack para todos los modelos - Treadmill Parts Direct\" \/>\n<meta property=\"og:description\" content=\"SUPERFICIE DE PATR\u00d3N DE AGARRE DE DIAMANTE DE PVC FUERTE DE ALTA CALIDAD Seleccione el tama\u00f1o que necesita a continuaci\u00f3n. Para pedir el reemplazo del tama\u00f1o correcto cinta de correr, deber\u00e1 medir con precisi\u00f3n su correa vieja o medir alrededor de los rodillos. NOTA: La longitud debe ser la longitud total de la circunferencia unida del cintur\u00f3n. Vea nuestra \u00fatil gu\u00eda sobre c\u00f3mo medir con precisi\u00f3n aqu\u00ed \u00bb  Capa \u00fanica est\u00e1ndar de 1,4 mm: adecuada para la mayor\u00eda de usos dom\u00e9sticos cintas de correr. Doble capa premium de 2,0 mm: adecuada para uso dom\u00e9stico de alta resistencia cintas de correr. Doble capa comercial de 2,3 mm: adecuado para gimnasios de uso intensivo cintas de correr.\" \/>\n<meta property=\"og:url\" content=\"https:\/\/www.treadmillpartsdirect.co.uk\/es\/producto\/correas-de-repuesto-para-cintas-de-correr-nordictrack-para-todos-los-modelos\/\" \/>\n<meta property=\"og:site_name\" content=\"Treadmill Parts Direct\" \/>\n<meta property=\"article:publisher\" content=\"https:\/\/www.facebook.com\/treadmillpartsdirect\" \/>\n<meta property=\"og:image\" content=\"https:\/\/www.treadmillpartsdirect.co.uk\/wp-content\/uploads\/2022\/12\/replacement-treadmill-belt-black-pvc-diamond-pattern-running-machine-belt.png\" \/>\n\t<meta property=\"og:image:width\" content=\"577\" \/>\n\t<meta property=\"og:image:height\" content=\"433\" \/>\n\t<meta property=\"og:image:type\" content=\"image\/png\" \/>\n<meta name=\"twitter:card\" content=\"summary_large_image\" \/>\n<meta name=\"twitter:site\" content=\"@treadmillpartsdirect\" \/>\n<meta name=\"twitter:label1\" content=\"Tiempo de lectura\" \/>\n\t<meta name=\"twitter:data1\" content=\"1 minuto\" \/>\n<script type=\"application\/ld+json\" class=\"yoast-schema-graph\">{\"@context\":\"https:\/\/schema.org\",\"@graph\":[{\"@type\":\"WebPage\",\"@id\":\"https:\/\/www.treadmillpartsdirect.co.uk\/es\/producto\/correas-de-repuesto-para-cintas-de-correr-nordictrack-para-todos-los-modelos\/\",\"url\":\"https:\/\/www.treadmillpartsdirect.co.uk\/es\/producto\/correas-de-repuesto-para-cintas-de-correr-nordictrack-para-todos-los-modelos\/\",\"name\":\"Correas de repuesto para cintas de correr NordicTrack para todos los modelos - Treadmill Parts Direct\",\"isPartOf\":{\"@id\":\"https:\/\/www.treadmillpartsdirect.co.uk\/es\/#website\"},\"primaryImageOfPage\":{\"@id\":\"https:\/\/www.treadmillpartsdirect.co.uk\/es\/producto\/correas-de-repuesto-para-cintas-de-correr-nordictrack-para-todos-los-modelos\/#primaryimage\"},\"image\":{\"@id\":\"https:\/\/www.treadmillpartsdirect.co.uk\/es\/producto\/correas-de-repuesto-para-cintas-de-correr-nordictrack-para-todos-los-modelos\/#primaryimage\"},\"thumbnailUrl\":\"https:\/\/www.treadmillpartsdirect.co.uk\/wp-content\/uploads\/2022\/12\/replacement-treadmill-belt-black-pvc-diamond-pattern-running-machine-belt.png\",\"datePublished\":\"2023-01-24T17:53:58+00:00\",\"dateModified\":\"2023-01-24T17:53:58+00:00\",\"breadcrumb\":{\"@id\":\"https:\/\/www.treadmillpartsdirect.co.uk\/es\/producto\/correas-de-repuesto-para-cintas-de-correr-nordictrack-para-todos-los-modelos\/#breadcrumb\"},\"inLanguage\":\"es\",\"potentialAction\":[{\"@type\":\"ReadAction\",\"target\":[\"https:\/\/www.treadmillpartsdirect.co.uk\/es\/producto\/correas-de-repuesto-para-cintas-de-correr-nordictrack-para-todos-los-modelos\/\"]}]},{\"@type\":\"ImageObject\",\"inLanguage\":\"es\",\"@id\":\"https:\/\/www.treadmillpartsdirect.co.uk\/es\/producto\/correas-de-repuesto-para-cintas-de-correr-nordictrack-para-todos-los-modelos\/#primaryimage\",\"url\":\"https:\/\/www.treadmillpartsdirect.co.uk\/wp-content\/uploads\/2022\/12\/replacement-treadmill-belt-black-pvc-diamond-pattern-running-machine-belt.png\",\"contentUrl\":\"https:\/\/www.treadmillpartsdirect.co.uk\/wp-content\/uploads\/2022\/12\/replacement-treadmill-belt-black-pvc-diamond-pattern-running-machine-belt.png\",\"width\":577,\"height\":433},{\"@type\":\"BreadcrumbList\",\"@id\":\"https:\/\/www.treadmillpartsdirect.co.uk\/es\/producto\/correas-de-repuesto-para-cintas-de-correr-nordictrack-para-todos-los-modelos\/#breadcrumb\",\"itemListElement\":[{\"@type\":\"ListItem\",\"position\":1,\"name\":\"Home\",\"item\":\"https:\/\/www.treadmillpartsdirect.co.uk\/es\/inicio\/\"},{\"@type\":\"ListItem\",\"position\":2,\"name\":\"Tienda\",\"item\":\"https:\/\/www.treadmillpartsdirect.co.uk\/es\/tienda\/\"},{\"@type\":\"ListItem\",\"position\":3,\"name\":\"Correas de repuesto para cintas de correr NordicTrack para todos los modelos\"}]},{\"@type\":\"WebSite\",\"@id\":\"https:\/\/www.treadmillpartsdirect.co.uk\/es\/#website\",\"url\":\"https:\/\/www.treadmillpartsdirect.co.uk\/es\/\",\"name\":\"Treadmill Parts Direct\",\"description\":\"Treadmill Parts Direct\",\"publisher\":{\"@id\":\"https:\/\/www.treadmillpartsdirect.co.uk\/es\/#organization\"},\"potentialAction\":[{\"@type\":\"SearchAction\",\"target\":{\"@type\":\"EntryPoint\",\"urlTemplate\":\"https:\/\/www.treadmillpartsdirect.co.uk\/es\/?s={search_term_string}\"},\"query-input\":\"required name=search_term_string\"}],\"inLanguage\":\"es\"},{\"@type\":\"Organization\",\"@id\":\"https:\/\/www.treadmillpartsdirect.co.uk\/es\/#organization\",\"name\":\"Treadmill Parts Direct\",\"url\":\"https:\/\/www.treadmillpartsdirect.co.uk\/es\/\",\"logo\":{\"@type\":\"ImageObject\",\"inLanguage\":\"es\",\"@id\":\"https:\/\/www.treadmillpartsdirect.co.uk\/es\/#\/schema\/logo\/image\/\",\"url\":\"https:\/\/www.treadmillpartsdirect.co.uk\/wp-content\/uploads\/2024\/03\/treadmill-parts-direct-logo.png\",\"contentUrl\":\"https:\/\/www.treadmillpartsdirect.co.uk\/wp-content\/uploads\/2024\/03\/treadmill-parts-direct-logo.png\",\"width\":250,\"height\":92,\"caption\":\"Treadmill Parts Direct\"},\"image\":{\"@id\":\"https:\/\/www.treadmillpartsdirect.co.uk\/es\/#\/schema\/logo\/image\/\"},\"sameAs\":[\"https:\/\/www.facebook.com\/treadmillpartsdirect\",\"https:\/\/x.com\/treadmillpartsdirect\",\"https:\/\/www.instagram.com\/treadmillpartsdirect\/\",\"https:\/\/www.youtube.com\/@treadmillpartsdirect\"]}]}<\/script>\n<!-- \/ Yoast SEO plugin. -->","yoast_head_json":{"title":"Correas de repuesto para cintas de correr NordicTrack para todos los modelos - Treadmill Parts Direct","robots":{"index":"index","follow":"follow","max-snippet":"max-snippet:-1","max-image-preview":"max-image-preview:large","max-video-preview":"max-video-preview:-1"},"canonical":"https:\/\/www.treadmillpartsdirect.co.uk\/es\/producto\/correas-de-repuesto-para-cintas-de-correr-nordictrack-para-todos-los-modelos\/","og_locale":"es_ES","og_type":"article","og_title":"Correas de repuesto para cintas de correr NordicTrack para todos los modelos - Treadmill Parts Direct","og_description":"SUPERFICIE DE PATR\u00d3N DE AGARRE DE DIAMANTE DE PVC FUERTE DE ALTA CALIDAD Seleccione el tama\u00f1o que necesita a continuaci\u00f3n. Para pedir el reemplazo del tama\u00f1o correcto cinta de correr, deber\u00e1 medir con precisi\u00f3n su correa vieja o medir alrededor de los rodillos. NOTA: La longitud debe ser la longitud total de la circunferencia unida del cintur\u00f3n. Vea nuestra \u00fatil gu\u00eda sobre c\u00f3mo medir con precisi\u00f3n aqu\u00ed \u00bb  Capa \u00fanica est\u00e1ndar de 1,4 mm: adecuada para la mayor\u00eda de usos dom\u00e9sticos cintas de correr. Doble capa premium de 2,0 mm: adecuada para uso dom\u00e9stico de alta resistencia cintas de correr. Doble capa comercial de 2,3 mm: adecuado para gimnasios de uso intensivo cintas de correr.","og_url":"https:\/\/www.treadmillpartsdirect.co.uk\/es\/producto\/correas-de-repuesto-para-cintas-de-correr-nordictrack-para-todos-los-modelos\/","og_site_name":"Treadmill Parts Direct","article_publisher":"https:\/\/www.facebook.com\/treadmillpartsdirect","og_image":[{"width":577,"height":433,"url":"https:\/\/www.treadmillpartsdirect.co.uk\/wp-content\/uploads\/2022\/12\/replacement-treadmill-belt-black-pvc-diamond-pattern-running-machine-belt.png","type":"image\/png"}],"twitter_card":"summary_large_image","twitter_site":"@treadmillpartsdirect","twitter_misc":{"Tiempo de lectura":"1 minuto"},"schema":{"@context":"https:\/\/schema.org","@graph":[{"@type":"WebPage","@id":"https:\/\/www.treadmillpartsdirect.co.uk\/es\/producto\/correas-de-repuesto-para-cintas-de-correr-nordictrack-para-todos-los-modelos\/","url":"https:\/\/www.treadmillpartsdirect.co.uk\/es\/producto\/correas-de-repuesto-para-cintas-de-correr-nordictrack-para-todos-los-modelos\/","name":"Correas de repuesto para cintas de correr NordicTrack para todos los modelos - Treadmill Parts Direct","isPartOf":{"@id":"https:\/\/www.treadmillpartsdirect.co.uk\/es\/#website"},"primaryImageOfPage":{"@id":"https:\/\/www.treadmillpartsdirect.co.uk\/es\/producto\/correas-de-repuesto-para-cintas-de-correr-nordictrack-para-todos-los-modelos\/#primaryimage"},"image":{"@id":"https:\/\/www.treadmillpartsdirect.co.uk\/es\/producto\/correas-de-repuesto-para-cintas-de-correr-nordictrack-para-todos-los-modelos\/#primaryimage"},"thumbnailUrl":"https:\/\/www.treadmillpartsdirect.co.uk\/wp-content\/uploads\/2022\/12\/replacement-treadmill-belt-black-pvc-diamond-pattern-running-machine-belt.png","datePublished":"2023-01-24T17:53:58+00:00","dateModified":"2023-01-24T17:53:58+00:00","breadcrumb":{"@id":"https:\/\/www.treadmillpartsdirect.co.uk\/es\/producto\/correas-de-repuesto-para-cintas-de-correr-nordictrack-para-todos-los-modelos\/#breadcrumb"},"inLanguage":"es","potentialAction":[{"@type":"ReadAction","target":["https:\/\/www.treadmillpartsdirect.co.uk\/es\/producto\/correas-de-repuesto-para-cintas-de-correr-nordictrack-para-todos-los-modelos\/"]}]},{"@type":"ImageObject","inLanguage":"es","@id":"https:\/\/www.treadmillpartsdirect.co.uk\/es\/producto\/correas-de-repuesto-para-cintas-de-correr-nordictrack-para-todos-los-modelos\/#primaryimage","url":"https:\/\/www.treadmillpartsdirect.co.uk\/wp-content\/uploads\/2022\/12\/replacement-treadmill-belt-black-pvc-diamond-pattern-running-machine-belt.png","contentUrl":"https:\/\/www.treadmillpartsdirect.co.uk\/wp-content\/uploads\/2022\/12\/replacement-treadmill-belt-black-pvc-diamond-pattern-running-machine-belt.png","width":577,"height":433},{"@type":"BreadcrumbList","@id":"https:\/\/www.treadmillpartsdirect.co.uk\/es\/producto\/correas-de-repuesto-para-cintas-de-correr-nordictrack-para-todos-los-modelos\/#breadcrumb","itemListElement":[{"@type":"ListItem","position":1,"name":"Home","item":"https:\/\/www.treadmillpartsdirect.co.uk\/es\/inicio\/"},{"@type":"ListItem","position":2,"name":"Tienda","item":"https:\/\/www.treadmillpartsdirect.co.uk\/es\/tienda\/"},{"@type":"ListItem","position":3,"name":"Correas de repuesto para cintas de correr NordicTrack para todos los modelos"}]},{"@type":"WebSite","@id":"https:\/\/www.treadmillpartsdirect.co.uk\/es\/#website","url":"https:\/\/www.treadmillpartsdirect.co.uk\/es\/","name":"Treadmill Parts Direct","description":"Treadmill Parts Direct","publisher":{"@id":"https:\/\/www.treadmillpartsdirect.co.uk\/es\/#organization"},"potentialAction":[{"@type":"SearchAction","target":{"@type":"EntryPoint","urlTemplate":"https:\/\/www.treadmillpartsdirect.co.uk\/es\/?s={search_term_string}"},"query-input":"required name=search_term_string"}],"inLanguage":"es"},{"@type":"Organization","@id":"https:\/\/www.treadmillpartsdirect.co.uk\/es\/#organization","name":"Treadmill Parts Direct","url":"https:\/\/www.treadmillpartsdirect.co.uk\/es\/","logo":{"@type":"ImageObject","inLanguage":"es","@id":"https:\/\/www.treadmillpartsdirect.co.uk\/es\/#\/schema\/logo\/image\/","url":"https:\/\/www.treadmillpartsdirect.co.uk\/wp-content\/uploads\/2024\/03\/treadmill-parts-direct-logo.png","contentUrl":"https:\/\/www.treadmillpartsdirect.co.uk\/wp-content\/uploads\/2024\/03\/treadmill-parts-direct-logo.png","width":250,"height":92,"caption":"Treadmill Parts Direct"},"image":{"@id":"https:\/\/www.treadmillpartsdirect.co.uk\/es\/#\/schema\/logo\/image\/"},"sameAs":["https:\/\/www.facebook.com\/treadmillpartsdirect","https:\/\/x.com\/treadmillpartsdirect","https:\/\/www.instagram.com\/treadmillpartsdirect\/","https:\/\/www.youtube.com\/@treadmillpartsdirect"]}]}},"_links":{"self":[{"href":"https:\/\/www.treadmillpartsdirect.co.uk\/es\/wp-json\/wp\/v2\/product\/17429","targetHints":{"allow":["GET"]}}],"collection":[{"href":"https:\/\/www.treadmillpartsdirect.co.uk\/es\/wp-json\/wp\/v2\/product"}],"about":[{"href":"https:\/\/www.treadmillpartsdirect.co.uk\/es\/wp-json\/wp\/v2\/types\/product"}],"replies":[{"embeddable":true,"href":"https:\/\/www.treadmillpartsdirect.co.uk\/es\/wp-json\/wp\/v2\/comments?post=17429"}],"wp:featuredmedia":[{"embeddable":true,"href":"https:\/\/www.treadmillpartsdirect.co.uk\/es\/wp-json\/wp\/v2\/media\/15441"}],"wp:attachment":[{"href":"https:\/\/www.treadmillpartsdirect.co.uk\/es\/wp-json\/wp\/v2\/media?parent=17429"}],"wp:term":[{"taxonomy":"product_brand","embeddable":true,"href":"https:\/\/www.treadmillpartsdirect.co.uk\/es\/wp-json\/wp\/v2\/product_brand?post=17429"},{"taxonomy":"product_cat","embeddable":true,"href":"https:\/\/www.treadmillpartsdirect.co.uk\/es\/wp-json\/wp\/v2\/product_cat?post=17429"},{"taxonomy":"product_tag","embeddable":true,"href":"https:\/\/www.treadmillpartsdirect.co.uk\/es\/wp-json\/wp\/v2\/product_tag?post=17429"}],"curies":[{"name":"wp","href":"https:\/\/api.w.org\/{rel}","templated":true}]}}