{"id":18287,"date":"2023-01-18T13:27:16","date_gmt":"2023-01-18T13:27:16","guid":{"rendered":"https:\/\/www.treadmillpartsdirect.co.uk\/product\/proform-power-575i-ersatz-laufdeck\/"},"modified":"2023-01-18T13:27:16","modified_gmt":"2023-01-18T13:27:16","slug":"proform-power-575i-ersatz-laufdeck","status":"publish","type":"product","link":"https:\/\/www.treadmillpartsdirect.co.uk\/de\/produkt\/proform-power-575i-ersatz-laufdeck\/","title":{"rendered":"ProForm Power 575i Ersatz-Laufdeck"},"content":{"rendered":"<p>Unsere Laufdecks sind ein geeigneter Ersatz f\u00fcr alleProform Leistung 575i Laufb\u00e4nder.<\/p>\n<p>Unsere Ersatzlaufbanddecks haben auf beiden Seiten eine spezielle reibungsarme Beschichtung.<\/p>\n<p><i><b><span style=\"color: #ff0010;\">WICHTIG:<\/span><\/b><\/i> <i>Sie m\u00fcssen das alte Originaldeck als Vorlage verwenden, um die L\u00f6cher zu markieren und zu bohren. Au\u00dferdem m\u00fcssen Sie alle zus\u00e4tzlichen kleinen Schnitte am neuen Deck selbst vornehmen, um sicherzustellen, dass alles genau mit den Befestigungspunkten Ihrer Maschine \u00fcbereinstimmt.<\/i><\/p>\n","protected":false},"excerpt":{"rendered":"<p>Ersatz-Laufbanddeck f\u00fcr das[productMakeModel] laufende Maschine.<\/p>\n<p>HOCHWERTIGES SPERRHOLZ, ST\u00c4RKER ALS MDF, EINFACH ZU INSTALLIEREN.<\/p>\n","protected":false},"featured_media":15685,"comment_status":"closed","ping_status":"open","template":"","meta":{"site-sidebar-layout":"","site-content-layout":"","ast-global-header-display":"","ast-main-header-display":"","ast-hfb-above-header-display":"","ast-hfb-below-header-display":"","ast-hfb-mobile-header-display":"","site-post-title":"","ast-breadcrumbs-content":"","ast-featured-img":"","footer-sml-layout":"","theme-transparent-header-meta":"","adv-header-id-meta":"","stick-header-meta":"","header-above-stick-meta":"","header-main-stick-meta":"","header-below-stick-meta":""},"product_brand":[],"product_cat":[1359],"product_tag":[5985,2050,1366,1365,1364,1367,1362,1363],"class_list":{"0":"post-18287","1":"product","2":"type-product","3":"status-publish","4":"has-post-thumbnail","6":"product_cat-laufende-decks","7":"product_tag-power-575i-de","8":"product_tag-proform-de-2","9":"product_tag-replacement-de","10":"product_tag-running-machine-board-de","11":"product_tag-running-machine-deck-de","12":"product_tag-spares-de","13":"product_tag-treadmill-deck-de","14":"product_tag-tretmuhle-board","15":"desktop-align-left","16":"tablet-align-left","17":"mobile-align-left","19":"first","20":"instock","21":"purchasable","22":"product-type-simple"},"yoast_head":"<!-- This site is optimized with the Yoast SEO plugin v22.8 - https:\/\/yoast.com\/wordpress\/plugins\/seo\/ -->\n<title>ProForm Power 575i Ersatz-Laufdeck - Treadmill Parts Direct<\/title>\n<meta name=\"robots\" content=\"index, follow, max-snippet:-1, max-image-preview:large, max-video-preview:-1\" \/>\n<link rel=\"canonical\" href=\"https:\/\/www.treadmillpartsdirect.co.uk\/de\/produkt\/proform-power-575i-ersatz-laufdeck\/\" \/>\n<meta property=\"og:locale\" content=\"de_DE\" \/>\n<meta property=\"og:type\" content=\"article\" \/>\n<meta property=\"og:title\" content=\"ProForm Power 575i Ersatz-Laufdeck - Treadmill Parts Direct\" \/>\n<meta property=\"og:description\" content=\"Ersatz-Laufbanddeck f\u00fcr das laufende Maschine. HOCHWERTIGES SPERRHOLZ, ST\u00c4RKER ALS MDF, EINFACH ZU INSTALLIEREN.\" \/>\n<meta property=\"og:url\" content=\"https:\/\/www.treadmillpartsdirect.co.uk\/de\/produkt\/proform-power-575i-ersatz-laufdeck\/\" \/>\n<meta property=\"og:site_name\" content=\"Treadmill Parts Direct\" \/>\n<meta property=\"article:publisher\" content=\"https:\/\/www.facebook.com\/treadmillpartsdirect\" \/>\n<meta property=\"og:image\" content=\"https:\/\/www.treadmillpartsdirect.co.uk\/wp-content\/uploads\/2023\/01\/proform-treadmill-deck-replacement-running-machine-board.jpg\" \/>\n\t<meta property=\"og:image:width\" content=\"541\" \/>\n\t<meta property=\"og:image:height\" content=\"461\" \/>\n\t<meta property=\"og:image:type\" content=\"image\/jpeg\" \/>\n<meta name=\"twitter:card\" content=\"summary_large_image\" \/>\n<meta name=\"twitter:site\" content=\"@treadmillpartsdirect\" \/>\n<script type=\"application\/ld+json\" class=\"yoast-schema-graph\">{\"@context\":\"https:\/\/schema.org\",\"@graph\":[{\"@type\":\"WebPage\",\"@id\":\"https:\/\/www.treadmillpartsdirect.co.uk\/de\/produkt\/proform-power-575i-ersatz-laufdeck\/\",\"url\":\"https:\/\/www.treadmillpartsdirect.co.uk\/de\/produkt\/proform-power-575i-ersatz-laufdeck\/\",\"name\":\"ProForm Power 575i Ersatz-Laufdeck - Treadmill Parts Direct\",\"isPartOf\":{\"@id\":\"https:\/\/www.treadmillpartsdirect.co.uk\/de\/#website\"},\"primaryImageOfPage\":{\"@id\":\"https:\/\/www.treadmillpartsdirect.co.uk\/de\/produkt\/proform-power-575i-ersatz-laufdeck\/#primaryimage\"},\"image\":{\"@id\":\"https:\/\/www.treadmillpartsdirect.co.uk\/de\/produkt\/proform-power-575i-ersatz-laufdeck\/#primaryimage\"},\"thumbnailUrl\":\"https:\/\/www.treadmillpartsdirect.co.uk\/wp-content\/uploads\/2023\/01\/proform-treadmill-deck-replacement-running-machine-board.jpg\",\"datePublished\":\"2023-01-18T13:27:16+00:00\",\"dateModified\":\"2023-01-18T13:27:16+00:00\",\"breadcrumb\":{\"@id\":\"https:\/\/www.treadmillpartsdirect.co.uk\/de\/produkt\/proform-power-575i-ersatz-laufdeck\/#breadcrumb\"},\"inLanguage\":\"de\",\"potentialAction\":[{\"@type\":\"ReadAction\",\"target\":[\"https:\/\/www.treadmillpartsdirect.co.uk\/de\/produkt\/proform-power-575i-ersatz-laufdeck\/\"]}]},{\"@type\":\"ImageObject\",\"inLanguage\":\"de\",\"@id\":\"https:\/\/www.treadmillpartsdirect.co.uk\/de\/produkt\/proform-power-575i-ersatz-laufdeck\/#primaryimage\",\"url\":\"https:\/\/www.treadmillpartsdirect.co.uk\/wp-content\/uploads\/2023\/01\/proform-treadmill-deck-replacement-running-machine-board.jpg\",\"contentUrl\":\"https:\/\/www.treadmillpartsdirect.co.uk\/wp-content\/uploads\/2023\/01\/proform-treadmill-deck-replacement-running-machine-board.jpg\",\"width\":541,\"height\":461},{\"@type\":\"BreadcrumbList\",\"@id\":\"https:\/\/www.treadmillpartsdirect.co.uk\/de\/produkt\/proform-power-575i-ersatz-laufdeck\/#breadcrumb\",\"itemListElement\":[{\"@type\":\"ListItem\",\"position\":1,\"name\":\"Home\",\"item\":\"https:\/\/www.treadmillpartsdirect.co.uk\/de\/\"},{\"@type\":\"ListItem\",\"position\":2,\"name\":\"Shop\",\"item\":\"https:\/\/www.treadmillpartsdirect.co.uk\/de\/shop\/\"},{\"@type\":\"ListItem\",\"position\":3,\"name\":\"ProForm Power 575i Ersatz-Laufdeck\"}]},{\"@type\":\"WebSite\",\"@id\":\"https:\/\/www.treadmillpartsdirect.co.uk\/de\/#website\",\"url\":\"https:\/\/www.treadmillpartsdirect.co.uk\/de\/\",\"name\":\"Treadmill Parts Direct\",\"description\":\"Treadmill Parts Direct\",\"publisher\":{\"@id\":\"https:\/\/www.treadmillpartsdirect.co.uk\/de\/#organization\"},\"potentialAction\":[{\"@type\":\"SearchAction\",\"target\":{\"@type\":\"EntryPoint\",\"urlTemplate\":\"https:\/\/www.treadmillpartsdirect.co.uk\/de\/?s={search_term_string}\"},\"query-input\":\"required name=search_term_string\"}],\"inLanguage\":\"de\"},{\"@type\":\"Organization\",\"@id\":\"https:\/\/www.treadmillpartsdirect.co.uk\/de\/#organization\",\"name\":\"Treadmill Parts Direct\",\"url\":\"https:\/\/www.treadmillpartsdirect.co.uk\/de\/\",\"logo\":{\"@type\":\"ImageObject\",\"inLanguage\":\"de\",\"@id\":\"https:\/\/www.treadmillpartsdirect.co.uk\/de\/#\/schema\/logo\/image\/\",\"url\":\"https:\/\/www.treadmillpartsdirect.co.uk\/wp-content\/uploads\/2024\/03\/treadmill-parts-direct-logo.png\",\"contentUrl\":\"https:\/\/www.treadmillpartsdirect.co.uk\/wp-content\/uploads\/2024\/03\/treadmill-parts-direct-logo.png\",\"width\":250,\"height\":92,\"caption\":\"Treadmill Parts Direct\"},\"image\":{\"@id\":\"https:\/\/www.treadmillpartsdirect.co.uk\/de\/#\/schema\/logo\/image\/\"},\"sameAs\":[\"https:\/\/www.facebook.com\/treadmillpartsdirect\",\"https:\/\/x.com\/treadmillpartsdirect\",\"https:\/\/www.instagram.com\/treadmillpartsdirect\/\",\"https:\/\/www.youtube.com\/@treadmillpartsdirect\"]}]}<\/script>\n<!-- \/ Yoast SEO plugin. -->","yoast_head_json":{"title":"ProForm Power 575i Ersatz-Laufdeck - Treadmill Parts Direct","robots":{"index":"index","follow":"follow","max-snippet":"max-snippet:-1","max-image-preview":"max-image-preview:large","max-video-preview":"max-video-preview:-1"},"canonical":"https:\/\/www.treadmillpartsdirect.co.uk\/de\/produkt\/proform-power-575i-ersatz-laufdeck\/","og_locale":"de_DE","og_type":"article","og_title":"ProForm Power 575i Ersatz-Laufdeck - Treadmill Parts Direct","og_description":"Ersatz-Laufbanddeck f\u00fcr das laufende Maschine. HOCHWERTIGES SPERRHOLZ, ST\u00c4RKER ALS MDF, EINFACH ZU INSTALLIEREN.","og_url":"https:\/\/www.treadmillpartsdirect.co.uk\/de\/produkt\/proform-power-575i-ersatz-laufdeck\/","og_site_name":"Treadmill Parts Direct","article_publisher":"https:\/\/www.facebook.com\/treadmillpartsdirect","og_image":[{"width":541,"height":461,"url":"https:\/\/www.treadmillpartsdirect.co.uk\/wp-content\/uploads\/2023\/01\/proform-treadmill-deck-replacement-running-machine-board.jpg","type":"image\/jpeg"}],"twitter_card":"summary_large_image","twitter_site":"@treadmillpartsdirect","schema":{"@context":"https:\/\/schema.org","@graph":[{"@type":"WebPage","@id":"https:\/\/www.treadmillpartsdirect.co.uk\/de\/produkt\/proform-power-575i-ersatz-laufdeck\/","url":"https:\/\/www.treadmillpartsdirect.co.uk\/de\/produkt\/proform-power-575i-ersatz-laufdeck\/","name":"ProForm Power 575i Ersatz-Laufdeck - Treadmill Parts Direct","isPartOf":{"@id":"https:\/\/www.treadmillpartsdirect.co.uk\/de\/#website"},"primaryImageOfPage":{"@id":"https:\/\/www.treadmillpartsdirect.co.uk\/de\/produkt\/proform-power-575i-ersatz-laufdeck\/#primaryimage"},"image":{"@id":"https:\/\/www.treadmillpartsdirect.co.uk\/de\/produkt\/proform-power-575i-ersatz-laufdeck\/#primaryimage"},"thumbnailUrl":"https:\/\/www.treadmillpartsdirect.co.uk\/wp-content\/uploads\/2023\/01\/proform-treadmill-deck-replacement-running-machine-board.jpg","datePublished":"2023-01-18T13:27:16+00:00","dateModified":"2023-01-18T13:27:16+00:00","breadcrumb":{"@id":"https:\/\/www.treadmillpartsdirect.co.uk\/de\/produkt\/proform-power-575i-ersatz-laufdeck\/#breadcrumb"},"inLanguage":"de","potentialAction":[{"@type":"ReadAction","target":["https:\/\/www.treadmillpartsdirect.co.uk\/de\/produkt\/proform-power-575i-ersatz-laufdeck\/"]}]},{"@type":"ImageObject","inLanguage":"de","@id":"https:\/\/www.treadmillpartsdirect.co.uk\/de\/produkt\/proform-power-575i-ersatz-laufdeck\/#primaryimage","url":"https:\/\/www.treadmillpartsdirect.co.uk\/wp-content\/uploads\/2023\/01\/proform-treadmill-deck-replacement-running-machine-board.jpg","contentUrl":"https:\/\/www.treadmillpartsdirect.co.uk\/wp-content\/uploads\/2023\/01\/proform-treadmill-deck-replacement-running-machine-board.jpg","width":541,"height":461},{"@type":"BreadcrumbList","@id":"https:\/\/www.treadmillpartsdirect.co.uk\/de\/produkt\/proform-power-575i-ersatz-laufdeck\/#breadcrumb","itemListElement":[{"@type":"ListItem","position":1,"name":"Home","item":"https:\/\/www.treadmillpartsdirect.co.uk\/de\/"},{"@type":"ListItem","position":2,"name":"Shop","item":"https:\/\/www.treadmillpartsdirect.co.uk\/de\/shop\/"},{"@type":"ListItem","position":3,"name":"ProForm Power 575i Ersatz-Laufdeck"}]},{"@type":"WebSite","@id":"https:\/\/www.treadmillpartsdirect.co.uk\/de\/#website","url":"https:\/\/www.treadmillpartsdirect.co.uk\/de\/","name":"Treadmill Parts Direct","description":"Treadmill Parts Direct","publisher":{"@id":"https:\/\/www.treadmillpartsdirect.co.uk\/de\/#organization"},"potentialAction":[{"@type":"SearchAction","target":{"@type":"EntryPoint","urlTemplate":"https:\/\/www.treadmillpartsdirect.co.uk\/de\/?s={search_term_string}"},"query-input":"required name=search_term_string"}],"inLanguage":"de"},{"@type":"Organization","@id":"https:\/\/www.treadmillpartsdirect.co.uk\/de\/#organization","name":"Treadmill Parts Direct","url":"https:\/\/www.treadmillpartsdirect.co.uk\/de\/","logo":{"@type":"ImageObject","inLanguage":"de","@id":"https:\/\/www.treadmillpartsdirect.co.uk\/de\/#\/schema\/logo\/image\/","url":"https:\/\/www.treadmillpartsdirect.co.uk\/wp-content\/uploads\/2024\/03\/treadmill-parts-direct-logo.png","contentUrl":"https:\/\/www.treadmillpartsdirect.co.uk\/wp-content\/uploads\/2024\/03\/treadmill-parts-direct-logo.png","width":250,"height":92,"caption":"Treadmill Parts Direct"},"image":{"@id":"https:\/\/www.treadmillpartsdirect.co.uk\/de\/#\/schema\/logo\/image\/"},"sameAs":["https:\/\/www.facebook.com\/treadmillpartsdirect","https:\/\/x.com\/treadmillpartsdirect","https:\/\/www.instagram.com\/treadmillpartsdirect\/","https:\/\/www.youtube.com\/@treadmillpartsdirect"]}]}},"_links":{"self":[{"href":"https:\/\/www.treadmillpartsdirect.co.uk\/de\/wp-json\/wp\/v2\/product\/18287","targetHints":{"allow":["GET"]}}],"collection":[{"href":"https:\/\/www.treadmillpartsdirect.co.uk\/de\/wp-json\/wp\/v2\/product"}],"about":[{"href":"https:\/\/www.treadmillpartsdirect.co.uk\/de\/wp-json\/wp\/v2\/types\/product"}],"replies":[{"embeddable":true,"href":"https:\/\/www.treadmillpartsdirect.co.uk\/de\/wp-json\/wp\/v2\/comments?post=18287"}],"wp:featuredmedia":[{"embeddable":true,"href":"https:\/\/www.treadmillpartsdirect.co.uk\/de\/wp-json\/wp\/v2\/media\/15685"}],"wp:attachment":[{"href":"https:\/\/www.treadmillpartsdirect.co.uk\/de\/wp-json\/wp\/v2\/media?parent=18287"}],"wp:term":[{"taxonomy":"product_brand","embeddable":true,"href":"https:\/\/www.treadmillpartsdirect.co.uk\/de\/wp-json\/wp\/v2\/product_brand?post=18287"},{"taxonomy":"product_cat","embeddable":true,"href":"https:\/\/www.treadmillpartsdirect.co.uk\/de\/wp-json\/wp\/v2\/product_cat?post=18287"},{"taxonomy":"product_tag","embeddable":true,"href":"https:\/\/www.treadmillpartsdirect.co.uk\/de\/wp-json\/wp\/v2\/product_tag?post=18287"}],"curies":[{"name":"wp","href":"https:\/\/api.w.org\/{rel}","templated":true}]}}