{"id":17572,"date":"2023-01-24T17:53:48","date_gmt":"2023-01-24T17:53:48","guid":{"rendered":"https:\/\/www.treadmillpartsdirect.co.uk\/product\/premier-fit-laufband-ersatz-laufdecks-fuer-alle-modelle\/"},"modified":"2024-06-21T07:56:59","modified_gmt":"2024-06-21T07:56:59","slug":"premier-fit-laufband-ersatz-laufdecks-fuer-alle-modelle","status":"publish","type":"product","link":"https:\/\/www.treadmillpartsdirect.co.uk\/de\/produkt\/premier-fit-laufband-ersatz-laufdecks-fuer-alle-modelle\/","title":{"rendered":"Premier Fit Laufband Ersatz-Laufdecks f\u00fcr alle Modelle"},"content":{"rendered":"<p>Ersatz-Laufband-Laufdecks f\u00fcr alle Laufmaschinenmodelle Premier Fit , sowohl f\u00fcr den gewerblichen als auch f\u00fcr den privaten Gebrauch Premier Fit .<\/p>\n<p>Unsere Laufband-Decksoberfl\u00e4chen sind beidseitig mit einer speziellen reibungsarmen Beschichtung versehen.<\/p>\n<p>Sperrholz Dicke 18mm. Unsere Decks sind ein geeigneter Ersatz f\u00fcr alle Premier Fit Laufb\u00e4nder mit Original-Boards mit einer Dicke von 12-26 mm.<\/p>\n<p>Wir schneiden Laufbanddecks auf Ihre gew\u00fcnschte Gr\u00f6\u00dfe zu. Wenn Sie spezielle Inset-Ausschnitte ben\u00f6tigen, teilen Sie uns dies bitte im Abschnitt &#8220;Bestellnotizen&#8221; an der Kasse mit.<\/p>\n<p><i><b><span style=\"color: #ff0010;\">WICHTIG!<\/span><\/b> <\/i><i>Bitte entfernen Sie Ihr altes besch\u00e4digtes Deck, um es genau zu messen. Sie m\u00fcssen das alte Deck als Schablone verwenden, um die L\u00f6cher zu markieren und zu bohren sowie zus\u00e4tzliche kleine Schnitte am neuen Deck selbst vorzunehmen, um sicherzustellen, dass alles genau mit den Befestigungspunkten Ihrer Maschine \u00fcbereinstimmt.<\/i><\/p>\n","protected":false},"excerpt":{"rendered":"<p>HOCHWERTIGES SPERRHOLZ, ST\u00c4RKER ALS MDF, EINFACH ZU INSTALLIEREN.<\/p>\n<p>W\u00e4hlen Sie unten die gew\u00fcnschte Gr\u00f6\u00dfe aus. Um das Ersatzlaufbanddeck [productMake] in der richtigen Gr\u00f6\u00dfe zu bestellen, m\u00fcssen Sie Ihr altes besch\u00e4digtes Deck entfernen, um die L\u00e4nge und Breite an den l\u00e4ngsten Seiten genau zu messen.<\/p>\n<p>Wenn Sie spezielle Inset-Ausschnitte ben\u00f6tigen, teilen Sie uns dies bitte im Abschnitt &#8220;Sonderbestellhinweise&#8221; an der Kasse mit.<\/p>\n<p><a href=\"https:\/\/www.treadmillpartsdirect.co.uk\/help-guides\/replace-deck\/\" target=\"_blank\" rel=\"noopener\">Sehen Sie sich hier unseren hilfreichen Leitfaden f\u00fcr eine genaue Messung an \u201e<\/a><\/p>\n<p><img fetchpriority=\"high\" decoding=\"async\" class=\"alignnone wp-image-584 size-medium\" src=\"https:\/\/www.treadmillpartsdirect.co.uk\/wp-content\/uploads\/2022\/12\/treadmill-deck-size-helpful-diagram-order-form-295x300.jpg\" alt=\"\" width=\"295\" height=\"300\" srcset=\"https:\/\/www.treadmillpartsdirect.co.uk\/wp-content\/uploads\/2022\/12\/treadmill-deck-size-helpful-diagram-order-form-295x300.jpg 295w, https:\/\/www.treadmillpartsdirect.co.uk\/wp-content\/uploads\/2022\/12\/treadmill-deck-size-helpful-diagram-order-form-768x780.jpg 768w, https:\/\/www.treadmillpartsdirect.co.uk\/wp-content\/uploads\/2022\/12\/treadmill-deck-size-helpful-diagram-order-form-600x610.jpg 600w, https:\/\/www.treadmillpartsdirect.co.uk\/wp-content\/uploads\/2022\/12\/treadmill-deck-size-helpful-diagram-order-form.jpg 807w\" sizes=\"(max-width: 295px) 100vw, 295px\" \/><\/p>\n","protected":false},"featured_media":15753,"comment_status":"closed","ping_status":"closed","template":"","meta":{"site-sidebar-layout":"default","site-content-layout":"default","ast-global-header-display":"","ast-main-header-display":"","ast-hfb-above-header-display":"","ast-hfb-below-header-display":"","ast-hfb-mobile-header-display":"","site-post-title":"","ast-breadcrumbs-content":"","ast-featured-img":"","footer-sml-layout":"","theme-transparent-header-meta":"default","adv-header-id-meta":"","stick-header-meta":"default","header-above-stick-meta":"","header-main-stick-meta":"","header-below-stick-meta":""},"product_brand":[],"product_cat":[1359],"product_tag":[5769,1366,1365,1364,1367,1362,1363],"class_list":{"0":"post-17572","1":"product","2":"type-product","3":"status-publish","4":"has-post-thumbnail","6":"product_cat-laufende-decks","7":"product_tag-premier-fit-de-2","8":"product_tag-replacement-de","9":"product_tag-running-machine-board-de","10":"product_tag-running-machine-deck-de","11":"product_tag-spares-de","12":"product_tag-treadmill-deck-de","13":"product_tag-tretmuhle-board","14":"desktop-align-left","15":"tablet-align-left","16":"mobile-align-left","18":"first","19":"instock","20":"purchasable","21":"product-type-simple"},"yoast_head":"<!-- This site is optimized with the Yoast SEO plugin v22.8 - https:\/\/yoast.com\/wordpress\/plugins\/seo\/ -->\n<title>Premier Fit Laufband Ersatz-Laufdecks f\u00fcr alle Modelle - Treadmill Parts Direct<\/title>\n<meta name=\"robots\" content=\"index, follow, max-snippet:-1, max-image-preview:large, max-video-preview:-1\" \/>\n<link rel=\"canonical\" href=\"https:\/\/www.treadmillpartsdirect.co.uk\/de\/produkt\/premier-fit-laufband-ersatz-laufdecks-fuer-alle-modelle\/\" \/>\n<meta property=\"og:locale\" content=\"de_DE\" \/>\n<meta property=\"og:type\" content=\"article\" \/>\n<meta property=\"og:title\" content=\"Premier Fit Laufband Ersatz-Laufdecks f\u00fcr alle Modelle - Treadmill Parts Direct\" \/>\n<meta property=\"og:description\" content=\"HOCHWERTIGES SPERRHOLZ, ST\u00c4RKER ALS MDF, EINFACH ZU INSTALLIEREN.  W\u00e4hlen Sie unten die gew\u00fcnschte Gr\u00f6\u00dfe aus. Um das Ersatzlaufbanddeck in der richtigen Gr\u00f6\u00dfe zu bestellen, m\u00fcssen Sie Ihr altes besch\u00e4digtes Deck entfernen, um die L\u00e4nge und Breite an den l\u00e4ngsten Seiten genau zu messen.  Wenn Sie spezielle Inset-Ausschnitte ben\u00f6tigen, teilen Sie uns dies bitte im Abschnitt &quot;Sonderbestellhinweise&quot; an der Kasse mit.  Sehen Sie sich hier unseren hilfreichen Leitfaden f\u00fcr eine genaue Messung an \u201e\" \/>\n<meta property=\"og:url\" content=\"https:\/\/www.treadmillpartsdirect.co.uk\/de\/produkt\/premier-fit-laufband-ersatz-laufdecks-fuer-alle-modelle\/\" \/>\n<meta property=\"og:site_name\" content=\"Treadmill Parts Direct\" \/>\n<meta property=\"article:publisher\" content=\"https:\/\/www.facebook.com\/treadmillpartsdirect\" \/>\n<meta property=\"article:modified_time\" content=\"2024-06-21T07:56:59+00:00\" \/>\n<meta property=\"og:image\" content=\"https:\/\/www.treadmillpartsdirect.co.uk\/wp-content\/uploads\/2023\/01\/premier-fit-treadmill-deck-replacement-running-machine-board.jpg\" \/>\n\t<meta property=\"og:image:width\" content=\"541\" \/>\n\t<meta property=\"og:image:height\" content=\"461\" \/>\n\t<meta property=\"og:image:type\" content=\"image\/jpeg\" \/>\n<meta name=\"twitter:card\" content=\"summary_large_image\" \/>\n<meta name=\"twitter:site\" content=\"@treadmillpartsdirect\" \/>\n<meta name=\"twitter:label1\" content=\"Gesch\u00e4tzte Lesezeit\" \/>\n\t<meta name=\"twitter:data1\" content=\"1\u00a0Minute\" \/>\n<script type=\"application\/ld+json\" class=\"yoast-schema-graph\">{\"@context\":\"https:\/\/schema.org\",\"@graph\":[{\"@type\":\"WebPage\",\"@id\":\"https:\/\/www.treadmillpartsdirect.co.uk\/de\/produkt\/premier-fit-laufband-ersatz-laufdecks-fuer-alle-modelle\/\",\"url\":\"https:\/\/www.treadmillpartsdirect.co.uk\/de\/produkt\/premier-fit-laufband-ersatz-laufdecks-fuer-alle-modelle\/\",\"name\":\"Premier Fit Laufband Ersatz-Laufdecks f\u00fcr alle Modelle - Treadmill Parts Direct\",\"isPartOf\":{\"@id\":\"https:\/\/www.treadmillpartsdirect.co.uk\/de\/#website\"},\"primaryImageOfPage\":{\"@id\":\"https:\/\/www.treadmillpartsdirect.co.uk\/de\/produkt\/premier-fit-laufband-ersatz-laufdecks-fuer-alle-modelle\/#primaryimage\"},\"image\":{\"@id\":\"https:\/\/www.treadmillpartsdirect.co.uk\/de\/produkt\/premier-fit-laufband-ersatz-laufdecks-fuer-alle-modelle\/#primaryimage\"},\"thumbnailUrl\":\"https:\/\/www.treadmillpartsdirect.co.uk\/wp-content\/uploads\/2023\/01\/premier-fit-treadmill-deck-replacement-running-machine-board.jpg\",\"datePublished\":\"2023-01-24T17:53:48+00:00\",\"dateModified\":\"2024-06-21T07:56:59+00:00\",\"breadcrumb\":{\"@id\":\"https:\/\/www.treadmillpartsdirect.co.uk\/de\/produkt\/premier-fit-laufband-ersatz-laufdecks-fuer-alle-modelle\/#breadcrumb\"},\"inLanguage\":\"de\",\"potentialAction\":[{\"@type\":\"ReadAction\",\"target\":[\"https:\/\/www.treadmillpartsdirect.co.uk\/de\/produkt\/premier-fit-laufband-ersatz-laufdecks-fuer-alle-modelle\/\"]}]},{\"@type\":\"ImageObject\",\"inLanguage\":\"de\",\"@id\":\"https:\/\/www.treadmillpartsdirect.co.uk\/de\/produkt\/premier-fit-laufband-ersatz-laufdecks-fuer-alle-modelle\/#primaryimage\",\"url\":\"https:\/\/www.treadmillpartsdirect.co.uk\/wp-content\/uploads\/2023\/01\/premier-fit-treadmill-deck-replacement-running-machine-board.jpg\",\"contentUrl\":\"https:\/\/www.treadmillpartsdirect.co.uk\/wp-content\/uploads\/2023\/01\/premier-fit-treadmill-deck-replacement-running-machine-board.jpg\",\"width\":541,\"height\":461},{\"@type\":\"BreadcrumbList\",\"@id\":\"https:\/\/www.treadmillpartsdirect.co.uk\/de\/produkt\/premier-fit-laufband-ersatz-laufdecks-fuer-alle-modelle\/#breadcrumb\",\"itemListElement\":[{\"@type\":\"ListItem\",\"position\":1,\"name\":\"Home\",\"item\":\"https:\/\/www.treadmillpartsdirect.co.uk\/de\/\"},{\"@type\":\"ListItem\",\"position\":2,\"name\":\"Shop\",\"item\":\"https:\/\/www.treadmillpartsdirect.co.uk\/de\/shop\/\"},{\"@type\":\"ListItem\",\"position\":3,\"name\":\"Premier Fit Laufband Ersatz-Laufdecks f\u00fcr alle Modelle\"}]},{\"@type\":\"WebSite\",\"@id\":\"https:\/\/www.treadmillpartsdirect.co.uk\/de\/#website\",\"url\":\"https:\/\/www.treadmillpartsdirect.co.uk\/de\/\",\"name\":\"Treadmill Parts Direct\",\"description\":\"Treadmill Parts Direct\",\"publisher\":{\"@id\":\"https:\/\/www.treadmillpartsdirect.co.uk\/de\/#organization\"},\"potentialAction\":[{\"@type\":\"SearchAction\",\"target\":{\"@type\":\"EntryPoint\",\"urlTemplate\":\"https:\/\/www.treadmillpartsdirect.co.uk\/de\/?s={search_term_string}\"},\"query-input\":\"required name=search_term_string\"}],\"inLanguage\":\"de\"},{\"@type\":\"Organization\",\"@id\":\"https:\/\/www.treadmillpartsdirect.co.uk\/de\/#organization\",\"name\":\"Treadmill Parts Direct\",\"url\":\"https:\/\/www.treadmillpartsdirect.co.uk\/de\/\",\"logo\":{\"@type\":\"ImageObject\",\"inLanguage\":\"de\",\"@id\":\"https:\/\/www.treadmillpartsdirect.co.uk\/de\/#\/schema\/logo\/image\/\",\"url\":\"https:\/\/www.treadmillpartsdirect.co.uk\/wp-content\/uploads\/2024\/03\/treadmill-parts-direct-logo.png\",\"contentUrl\":\"https:\/\/www.treadmillpartsdirect.co.uk\/wp-content\/uploads\/2024\/03\/treadmill-parts-direct-logo.png\",\"width\":250,\"height\":92,\"caption\":\"Treadmill Parts Direct\"},\"image\":{\"@id\":\"https:\/\/www.treadmillpartsdirect.co.uk\/de\/#\/schema\/logo\/image\/\"},\"sameAs\":[\"https:\/\/www.facebook.com\/treadmillpartsdirect\",\"https:\/\/x.com\/treadmillpartsdirect\",\"https:\/\/www.instagram.com\/treadmillpartsdirect\/\",\"https:\/\/www.youtube.com\/@treadmillpartsdirect\"]}]}<\/script>\n<!-- \/ Yoast SEO plugin. -->","yoast_head_json":{"title":"Premier Fit Laufband Ersatz-Laufdecks f\u00fcr alle Modelle - Treadmill Parts Direct","robots":{"index":"index","follow":"follow","max-snippet":"max-snippet:-1","max-image-preview":"max-image-preview:large","max-video-preview":"max-video-preview:-1"},"canonical":"https:\/\/www.treadmillpartsdirect.co.uk\/de\/produkt\/premier-fit-laufband-ersatz-laufdecks-fuer-alle-modelle\/","og_locale":"de_DE","og_type":"article","og_title":"Premier Fit Laufband Ersatz-Laufdecks f\u00fcr alle Modelle - Treadmill Parts Direct","og_description":"HOCHWERTIGES SPERRHOLZ, ST\u00c4RKER ALS MDF, EINFACH ZU INSTALLIEREN.  W\u00e4hlen Sie unten die gew\u00fcnschte Gr\u00f6\u00dfe aus. Um das Ersatzlaufbanddeck in der richtigen Gr\u00f6\u00dfe zu bestellen, m\u00fcssen Sie Ihr altes besch\u00e4digtes Deck entfernen, um die L\u00e4nge und Breite an den l\u00e4ngsten Seiten genau zu messen.  Wenn Sie spezielle Inset-Ausschnitte ben\u00f6tigen, teilen Sie uns dies bitte im Abschnitt \"Sonderbestellhinweise\" an der Kasse mit.  Sehen Sie sich hier unseren hilfreichen Leitfaden f\u00fcr eine genaue Messung an \u201e","og_url":"https:\/\/www.treadmillpartsdirect.co.uk\/de\/produkt\/premier-fit-laufband-ersatz-laufdecks-fuer-alle-modelle\/","og_site_name":"Treadmill Parts Direct","article_publisher":"https:\/\/www.facebook.com\/treadmillpartsdirect","article_modified_time":"2024-06-21T07:56:59+00:00","og_image":[{"width":541,"height":461,"url":"https:\/\/www.treadmillpartsdirect.co.uk\/wp-content\/uploads\/2023\/01\/premier-fit-treadmill-deck-replacement-running-machine-board.jpg","type":"image\/jpeg"}],"twitter_card":"summary_large_image","twitter_site":"@treadmillpartsdirect","twitter_misc":{"Gesch\u00e4tzte Lesezeit":"1\u00a0Minute"},"schema":{"@context":"https:\/\/schema.org","@graph":[{"@type":"WebPage","@id":"https:\/\/www.treadmillpartsdirect.co.uk\/de\/produkt\/premier-fit-laufband-ersatz-laufdecks-fuer-alle-modelle\/","url":"https:\/\/www.treadmillpartsdirect.co.uk\/de\/produkt\/premier-fit-laufband-ersatz-laufdecks-fuer-alle-modelle\/","name":"Premier Fit Laufband Ersatz-Laufdecks f\u00fcr alle Modelle - Treadmill Parts Direct","isPartOf":{"@id":"https:\/\/www.treadmillpartsdirect.co.uk\/de\/#website"},"primaryImageOfPage":{"@id":"https:\/\/www.treadmillpartsdirect.co.uk\/de\/produkt\/premier-fit-laufband-ersatz-laufdecks-fuer-alle-modelle\/#primaryimage"},"image":{"@id":"https:\/\/www.treadmillpartsdirect.co.uk\/de\/produkt\/premier-fit-laufband-ersatz-laufdecks-fuer-alle-modelle\/#primaryimage"},"thumbnailUrl":"https:\/\/www.treadmillpartsdirect.co.uk\/wp-content\/uploads\/2023\/01\/premier-fit-treadmill-deck-replacement-running-machine-board.jpg","datePublished":"2023-01-24T17:53:48+00:00","dateModified":"2024-06-21T07:56:59+00:00","breadcrumb":{"@id":"https:\/\/www.treadmillpartsdirect.co.uk\/de\/produkt\/premier-fit-laufband-ersatz-laufdecks-fuer-alle-modelle\/#breadcrumb"},"inLanguage":"de","potentialAction":[{"@type":"ReadAction","target":["https:\/\/www.treadmillpartsdirect.co.uk\/de\/produkt\/premier-fit-laufband-ersatz-laufdecks-fuer-alle-modelle\/"]}]},{"@type":"ImageObject","inLanguage":"de","@id":"https:\/\/www.treadmillpartsdirect.co.uk\/de\/produkt\/premier-fit-laufband-ersatz-laufdecks-fuer-alle-modelle\/#primaryimage","url":"https:\/\/www.treadmillpartsdirect.co.uk\/wp-content\/uploads\/2023\/01\/premier-fit-treadmill-deck-replacement-running-machine-board.jpg","contentUrl":"https:\/\/www.treadmillpartsdirect.co.uk\/wp-content\/uploads\/2023\/01\/premier-fit-treadmill-deck-replacement-running-machine-board.jpg","width":541,"height":461},{"@type":"BreadcrumbList","@id":"https:\/\/www.treadmillpartsdirect.co.uk\/de\/produkt\/premier-fit-laufband-ersatz-laufdecks-fuer-alle-modelle\/#breadcrumb","itemListElement":[{"@type":"ListItem","position":1,"name":"Home","item":"https:\/\/www.treadmillpartsdirect.co.uk\/de\/"},{"@type":"ListItem","position":2,"name":"Shop","item":"https:\/\/www.treadmillpartsdirect.co.uk\/de\/shop\/"},{"@type":"ListItem","position":3,"name":"Premier Fit Laufband Ersatz-Laufdecks f\u00fcr alle Modelle"}]},{"@type":"WebSite","@id":"https:\/\/www.treadmillpartsdirect.co.uk\/de\/#website","url":"https:\/\/www.treadmillpartsdirect.co.uk\/de\/","name":"Treadmill Parts Direct","description":"Treadmill Parts Direct","publisher":{"@id":"https:\/\/www.treadmillpartsdirect.co.uk\/de\/#organization"},"potentialAction":[{"@type":"SearchAction","target":{"@type":"EntryPoint","urlTemplate":"https:\/\/www.treadmillpartsdirect.co.uk\/de\/?s={search_term_string}"},"query-input":"required name=search_term_string"}],"inLanguage":"de"},{"@type":"Organization","@id":"https:\/\/www.treadmillpartsdirect.co.uk\/de\/#organization","name":"Treadmill Parts Direct","url":"https:\/\/www.treadmillpartsdirect.co.uk\/de\/","logo":{"@type":"ImageObject","inLanguage":"de","@id":"https:\/\/www.treadmillpartsdirect.co.uk\/de\/#\/schema\/logo\/image\/","url":"https:\/\/www.treadmillpartsdirect.co.uk\/wp-content\/uploads\/2024\/03\/treadmill-parts-direct-logo.png","contentUrl":"https:\/\/www.treadmillpartsdirect.co.uk\/wp-content\/uploads\/2024\/03\/treadmill-parts-direct-logo.png","width":250,"height":92,"caption":"Treadmill Parts Direct"},"image":{"@id":"https:\/\/www.treadmillpartsdirect.co.uk\/de\/#\/schema\/logo\/image\/"},"sameAs":["https:\/\/www.facebook.com\/treadmillpartsdirect","https:\/\/x.com\/treadmillpartsdirect","https:\/\/www.instagram.com\/treadmillpartsdirect\/","https:\/\/www.youtube.com\/@treadmillpartsdirect"]}]}},"_links":{"self":[{"href":"https:\/\/www.treadmillpartsdirect.co.uk\/de\/wp-json\/wp\/v2\/product\/17572","targetHints":{"allow":["GET"]}}],"collection":[{"href":"https:\/\/www.treadmillpartsdirect.co.uk\/de\/wp-json\/wp\/v2\/product"}],"about":[{"href":"https:\/\/www.treadmillpartsdirect.co.uk\/de\/wp-json\/wp\/v2\/types\/product"}],"replies":[{"embeddable":true,"href":"https:\/\/www.treadmillpartsdirect.co.uk\/de\/wp-json\/wp\/v2\/comments?post=17572"}],"wp:featuredmedia":[{"embeddable":true,"href":"https:\/\/www.treadmillpartsdirect.co.uk\/de\/wp-json\/wp\/v2\/media\/15753"}],"wp:attachment":[{"href":"https:\/\/www.treadmillpartsdirect.co.uk\/de\/wp-json\/wp\/v2\/media?parent=17572"}],"wp:term":[{"taxonomy":"product_brand","embeddable":true,"href":"https:\/\/www.treadmillpartsdirect.co.uk\/de\/wp-json\/wp\/v2\/product_brand?post=17572"},{"taxonomy":"product_cat","embeddable":true,"href":"https:\/\/www.treadmillpartsdirect.co.uk\/de\/wp-json\/wp\/v2\/product_cat?post=17572"},{"taxonomy":"product_tag","embeddable":true,"href":"https:\/\/www.treadmillpartsdirect.co.uk\/de\/wp-json\/wp\/v2\/product_tag?post=17572"}],"curies":[{"name":"wp","href":"https:\/\/api.w.org\/{rel}","templated":true}]}}