{"id":17402,"date":"2023-01-24T17:53:58","date_gmt":"2023-01-24T17:53:58","guid":{"rendered":"https:\/\/www.treadmillpartsdirect.co.uk\/product\/tunturi-laufband-ersatzlaufriemen-fuer-alle-modelle\/"},"modified":"2024-06-20T20:12:08","modified_gmt":"2024-06-20T20:12:08","slug":"tunturi-laufband-ersatzlaufriemen-fuer-alle-modelle","status":"publish","type":"product","link":"https:\/\/www.treadmillpartsdirect.co.uk\/de\/produkt\/tunturi-laufband-ersatzlaufriemen-fuer-alle-modelle\/","title":{"rendered":"Tunturi Laufband Ersatzlaufriemen f\u00fcr alle Modelle"},"content":{"rendered":"<p>Ersatz-Laufb\u00e4nder f\u00fcr alle Modelle von Tunturi-Laufb\u00e4ndern, sowohl f\u00fcr gewerbliche als auch f\u00fcr privateTunturi wpcodeself.<\/p>\n<p>PVC-Oberfl\u00e4che mit Diamantmuster f\u00fcr optimale Griffigkeit.<br \/>\nFarbe: Schwarz.<br \/>\nAntistatisches, ger\u00e4uscharmes Design.<\/p>\n<p><b>Das 1-lagige<\/b> Standard-Laufband ist <b>1,4 mm<\/b> dick und besteht aus einer PVC-Schicht und einer Stoffunterlage. Geeignet f\u00fcr die meisten Tunturi f\u00fcr den Hausgebrauch.<\/p>\n<p><b>Das 2-lagige <\/b> Premium-Laufband ist <b>2,0 mm<\/b> dick und besteht aus zwei Lagen PVC und zwei Lagen Stoffunterlage. Geeignet f\u00fcr den schweren Tunturi selbstlaufenden Maschinen.<\/p>\n<p><b>Das kommerzielle 2-lagige<\/b> Laufband ist <b>2,3 mm<\/b> dick und besteht aus zwei Lagen PVC und zwei Lagen Stoffunterlage. Geeignet f\u00fcr gr\u00f6\u00dfere, stark beanspruchte, kommerzielle TunturiLaufb\u00e4nder in Fitnessstudios.<\/p>\n<p><i><b><span style=\"color: #ff0010;\">WICHTIG!<\/span><\/b> <\/i><i>Bitte entfernen Sie Ihren alten, besch\u00e4digten G\u00fcrtel, um ihn genau zu messen. Da es sich bei jeder Bestellung um eine Sonderanfertigung handelt, k\u00f6nnen wir keine R\u00fccksendungen akzeptieren, wenn die von Ihnen angegebene Gr\u00f6\u00dfe falsch ist. BITTE \u00dcBERPR\u00dcFEN SIE IHRE MASSE!<\/i><\/p>\n<p>Hilfreiche 2-min\u00fctige Videoanleitung, wie man ein Laufband genau ausmisst, um die richtige Ersatzgr\u00f6\u00dfe zu bestellen.<\/p>\n<p><iframe style=\"width: 560px;\" title=\"YouTube-Video-Player\" src=\"https:\/\/www.youtube.com\/embed\/iaJ03DpK6x4\" width=\"560\" height=\"315\" frameborder=\"0\" allowfullscreen=\"allowfullscreen\" data-mce-fragment=\"1\"><\/iframe><\/p>\n","protected":false},"excerpt":{"rendered":"<p>HOCHWERTIGES, STARKES PVC MIT RAUTENF\u00d6RMIGER OBERFL\u00c4CHE<\/p>\n<p>W\u00e4hlen Sie unten die gew\u00fcnschte Gr\u00f6\u00dfe aus. Um die richtige Gr\u00f6\u00dfe des Ersatz[productMake] von wpcodeself zu bestellen, m\u00fcssen Sie Ihr altes Band genau messen oder um die Rollen herum messen.<\/p>\n<p>HINWEIS: Die L\u00e4nge sollte der Gesamtl\u00e4nge des Gurtes entsprechen.<\/p>\n<p><a href=\"https:\/\/www.treadmillpartsdirect.co.uk\/help-guides\/replace-belt\/\" target=\"_blank\" rel=\"noopener\">Sehen Sie sich hier unseren hilfreichen Leitfaden f\u00fcr eine genaue Messung an \u201e<\/a><\/p>\n<p><img decoding=\"async\" class=\"alignnone size-medium wp-image-567\" src=\"https:\/\/www.treadmillpartsdirect.co.uk\/wp-content\/uploads\/2022\/12\/belt-total-length-circumference-explanation-300x150.jpg\" alt=\"\" width=\"300\" height=\"150\" srcset=\"https:\/\/www.treadmillpartsdirect.co.uk\/wp-content\/uploads\/2022\/12\/belt-total-length-circumference-explanation-300x150.jpg 300w, https:\/\/www.treadmillpartsdirect.co.uk\/wp-content\/uploads\/2022\/12\/belt-total-length-circumference-explanation-600x300.jpg 600w, https:\/\/www.treadmillpartsdirect.co.uk\/wp-content\/uploads\/2022\/12\/belt-total-length-circumference-explanation.jpg 750w\" sizes=\"(max-width: 300px) 100vw, 300px\" \/><\/p>\n<p>1,4mm Standard Single-Ply &#8211; Geeignet f\u00fcr die meisten Laufb\u00e4nder f\u00fcr den [productMake] wpcodeself.<\/p>\n<p>2,0 mm Premium Double-Ply &#8211; Geeignet f\u00fcr hochwertige, strapazierf\u00e4hige Laufb\u00e4nder [productMake] Heimgebrauch.<\/p>\n<p>2.3mm Commercial Double-Ply &#8211; Geeignet f\u00fcr stark beanspruchte [productMake] Laufb\u00e4nder.<\/p>\n","protected":false},"featured_media":15439,"comment_status":"closed","ping_status":"closed","template":"","meta":{"site-sidebar-layout":"default","site-content-layout":"default","ast-global-header-display":"","ast-main-header-display":"","ast-hfb-above-header-display":"","ast-hfb-below-header-display":"","ast-hfb-mobile-header-display":"","site-post-title":"","ast-breadcrumbs-content":"","ast-featured-img":"","footer-sml-layout":"","theme-transparent-header-meta":"default","adv-header-id-meta":"","stick-header-meta":"default","header-above-stick-meta":"","header-main-stick-meta":"","header-below-stick-meta":""},"product_brand":[],"product_cat":[1562],"product_tag":[1366,1565,1566,1367,1564,1563,5849],"class_list":{"0":"post-17402","1":"product","2":"type-product","3":"status-publish","4":"has-post-thumbnail","6":"product_cat-laufende-gurtel","7":"product_tag-replacement-de","8":"product_tag-running-machine-belt-de","9":"product_tag-running-machine-running-belt-de","10":"product_tag-spares-de","11":"product_tag-treadmill-belt-de","12":"product_tag-treadmill-running-belt-de","13":"product_tag-tunturi-de-2","14":"desktop-align-left","15":"tablet-align-left","16":"mobile-align-left","18":"first","19":"instock","20":"purchasable","21":"product-type-simple"},"yoast_head":"<!-- This site is optimized with the Yoast SEO plugin v22.8 - https:\/\/yoast.com\/wordpress\/plugins\/seo\/ -->\n<title>Tunturi Laufband Ersatzlaufriemen f\u00fcr alle Modelle - Treadmill Parts Direct<\/title>\n<meta name=\"robots\" content=\"index, follow, max-snippet:-1, max-image-preview:large, max-video-preview:-1\" \/>\n<link rel=\"canonical\" href=\"https:\/\/www.treadmillpartsdirect.co.uk\/de\/produkt\/tunturi-laufband-ersatzlaufriemen-fuer-alle-modelle\/\" \/>\n<meta property=\"og:locale\" content=\"de_DE\" \/>\n<meta property=\"og:type\" content=\"article\" \/>\n<meta property=\"og:title\" content=\"Tunturi Laufband Ersatzlaufriemen f\u00fcr alle Modelle - Treadmill Parts Direct\" \/>\n<meta property=\"og:description\" content=\"HOCHWERTIGES, STARKES PVC MIT RAUTENF\u00d6RMIGER OBERFL\u00c4CHE  W\u00e4hlen Sie unten die gew\u00fcnschte Gr\u00f6\u00dfe aus. Um die richtige Gr\u00f6\u00dfe des Ersatz von wpcodeself zu bestellen, m\u00fcssen Sie Ihr altes Band genau messen oder um die Rollen herum messen.  HINWEIS: Die L\u00e4nge sollte der Gesamtl\u00e4nge des Gurtes entsprechen.  Sehen Sie sich hier unseren hilfreichen Leitfaden f\u00fcr eine genaue Messung an \u201e    1,4mm Standard Single-Ply - Geeignet f\u00fcr die meisten Laufb\u00e4nder f\u00fcr den wpcodeself.  2,0 mm Premium Double-Ply - Geeignet f\u00fcr hochwertige, strapazierf\u00e4hige Laufb\u00e4nder Heimgebrauch.  2.3mm Commercial Double-Ply - Geeignet f\u00fcr stark beanspruchte Laufb\u00e4nder.\" \/>\n<meta property=\"og:url\" content=\"https:\/\/www.treadmillpartsdirect.co.uk\/de\/produkt\/tunturi-laufband-ersatzlaufriemen-fuer-alle-modelle\/\" \/>\n<meta property=\"og:site_name\" content=\"Treadmill Parts Direct\" \/>\n<meta property=\"article:publisher\" content=\"https:\/\/www.facebook.com\/treadmillpartsdirect\" \/>\n<meta property=\"article:modified_time\" content=\"2024-06-20T20:12:08+00:00\" \/>\n<meta property=\"og:image\" content=\"https:\/\/www.treadmillpartsdirect.co.uk\/wp-content\/uploads\/2022\/12\/replacement-treadmill-belt-black-pvc-diamond-pattern-running-machine-belt.png\" \/>\n\t<meta property=\"og:image:width\" content=\"577\" \/>\n\t<meta property=\"og:image:height\" content=\"433\" \/>\n\t<meta property=\"og:image:type\" content=\"image\/png\" \/>\n<meta name=\"twitter:card\" content=\"summary_large_image\" \/>\n<meta name=\"twitter:site\" content=\"@treadmillpartsdirect\" \/>\n<meta name=\"twitter:label1\" content=\"Gesch\u00e4tzte Lesezeit\" \/>\n\t<meta name=\"twitter:data1\" content=\"1\u00a0Minute\" \/>\n<script type=\"application\/ld+json\" class=\"yoast-schema-graph\">{\"@context\":\"https:\/\/schema.org\",\"@graph\":[{\"@type\":\"WebPage\",\"@id\":\"https:\/\/www.treadmillpartsdirect.co.uk\/de\/produkt\/tunturi-laufband-ersatzlaufriemen-fuer-alle-modelle\/\",\"url\":\"https:\/\/www.treadmillpartsdirect.co.uk\/de\/produkt\/tunturi-laufband-ersatzlaufriemen-fuer-alle-modelle\/\",\"name\":\"Tunturi Laufband Ersatzlaufriemen f\u00fcr alle Modelle - Treadmill Parts Direct\",\"isPartOf\":{\"@id\":\"https:\/\/www.treadmillpartsdirect.co.uk\/de\/#website\"},\"primaryImageOfPage\":{\"@id\":\"https:\/\/www.treadmillpartsdirect.co.uk\/de\/produkt\/tunturi-laufband-ersatzlaufriemen-fuer-alle-modelle\/#primaryimage\"},\"image\":{\"@id\":\"https:\/\/www.treadmillpartsdirect.co.uk\/de\/produkt\/tunturi-laufband-ersatzlaufriemen-fuer-alle-modelle\/#primaryimage\"},\"thumbnailUrl\":\"https:\/\/www.treadmillpartsdirect.co.uk\/wp-content\/uploads\/2022\/12\/replacement-treadmill-belt-black-pvc-diamond-pattern-running-machine-belt.png\",\"datePublished\":\"2023-01-24T17:53:58+00:00\",\"dateModified\":\"2024-06-20T20:12:08+00:00\",\"breadcrumb\":{\"@id\":\"https:\/\/www.treadmillpartsdirect.co.uk\/de\/produkt\/tunturi-laufband-ersatzlaufriemen-fuer-alle-modelle\/#breadcrumb\"},\"inLanguage\":\"de\",\"potentialAction\":[{\"@type\":\"ReadAction\",\"target\":[\"https:\/\/www.treadmillpartsdirect.co.uk\/de\/produkt\/tunturi-laufband-ersatzlaufriemen-fuer-alle-modelle\/\"]}]},{\"@type\":\"ImageObject\",\"inLanguage\":\"de\",\"@id\":\"https:\/\/www.treadmillpartsdirect.co.uk\/de\/produkt\/tunturi-laufband-ersatzlaufriemen-fuer-alle-modelle\/#primaryimage\",\"url\":\"https:\/\/www.treadmillpartsdirect.co.uk\/wp-content\/uploads\/2022\/12\/replacement-treadmill-belt-black-pvc-diamond-pattern-running-machine-belt.png\",\"contentUrl\":\"https:\/\/www.treadmillpartsdirect.co.uk\/wp-content\/uploads\/2022\/12\/replacement-treadmill-belt-black-pvc-diamond-pattern-running-machine-belt.png\",\"width\":577,\"height\":433},{\"@type\":\"BreadcrumbList\",\"@id\":\"https:\/\/www.treadmillpartsdirect.co.uk\/de\/produkt\/tunturi-laufband-ersatzlaufriemen-fuer-alle-modelle\/#breadcrumb\",\"itemListElement\":[{\"@type\":\"ListItem\",\"position\":1,\"name\":\"Home\",\"item\":\"https:\/\/www.treadmillpartsdirect.co.uk\/de\/\"},{\"@type\":\"ListItem\",\"position\":2,\"name\":\"Shop\",\"item\":\"https:\/\/www.treadmillpartsdirect.co.uk\/de\/shop\/\"},{\"@type\":\"ListItem\",\"position\":3,\"name\":\"Tunturi Laufband Ersatzlaufriemen f\u00fcr alle Modelle\"}]},{\"@type\":\"WebSite\",\"@id\":\"https:\/\/www.treadmillpartsdirect.co.uk\/de\/#website\",\"url\":\"https:\/\/www.treadmillpartsdirect.co.uk\/de\/\",\"name\":\"Treadmill Parts Direct\",\"description\":\"Treadmill Parts Direct\",\"publisher\":{\"@id\":\"https:\/\/www.treadmillpartsdirect.co.uk\/de\/#organization\"},\"potentialAction\":[{\"@type\":\"SearchAction\",\"target\":{\"@type\":\"EntryPoint\",\"urlTemplate\":\"https:\/\/www.treadmillpartsdirect.co.uk\/de\/?s={search_term_string}\"},\"query-input\":\"required name=search_term_string\"}],\"inLanguage\":\"de\"},{\"@type\":\"Organization\",\"@id\":\"https:\/\/www.treadmillpartsdirect.co.uk\/de\/#organization\",\"name\":\"Treadmill Parts Direct\",\"url\":\"https:\/\/www.treadmillpartsdirect.co.uk\/de\/\",\"logo\":{\"@type\":\"ImageObject\",\"inLanguage\":\"de\",\"@id\":\"https:\/\/www.treadmillpartsdirect.co.uk\/de\/#\/schema\/logo\/image\/\",\"url\":\"https:\/\/www.treadmillpartsdirect.co.uk\/wp-content\/uploads\/2024\/03\/treadmill-parts-direct-logo.png\",\"contentUrl\":\"https:\/\/www.treadmillpartsdirect.co.uk\/wp-content\/uploads\/2024\/03\/treadmill-parts-direct-logo.png\",\"width\":250,\"height\":92,\"caption\":\"Treadmill Parts Direct\"},\"image\":{\"@id\":\"https:\/\/www.treadmillpartsdirect.co.uk\/de\/#\/schema\/logo\/image\/\"},\"sameAs\":[\"https:\/\/www.facebook.com\/treadmillpartsdirect\",\"https:\/\/x.com\/treadmillpartsdirect\",\"https:\/\/www.instagram.com\/treadmillpartsdirect\/\",\"https:\/\/www.youtube.com\/@treadmillpartsdirect\"]}]}<\/script>\n<!-- \/ Yoast SEO plugin. -->","yoast_head_json":{"title":"Tunturi Laufband Ersatzlaufriemen f\u00fcr alle Modelle - Treadmill Parts Direct","robots":{"index":"index","follow":"follow","max-snippet":"max-snippet:-1","max-image-preview":"max-image-preview:large","max-video-preview":"max-video-preview:-1"},"canonical":"https:\/\/www.treadmillpartsdirect.co.uk\/de\/produkt\/tunturi-laufband-ersatzlaufriemen-fuer-alle-modelle\/","og_locale":"de_DE","og_type":"article","og_title":"Tunturi Laufband Ersatzlaufriemen f\u00fcr alle Modelle - Treadmill Parts Direct","og_description":"HOCHWERTIGES, STARKES PVC MIT RAUTENF\u00d6RMIGER OBERFL\u00c4CHE  W\u00e4hlen Sie unten die gew\u00fcnschte Gr\u00f6\u00dfe aus. Um die richtige Gr\u00f6\u00dfe des Ersatz von wpcodeself zu bestellen, m\u00fcssen Sie Ihr altes Band genau messen oder um die Rollen herum messen.  HINWEIS: Die L\u00e4nge sollte der Gesamtl\u00e4nge des Gurtes entsprechen.  Sehen Sie sich hier unseren hilfreichen Leitfaden f\u00fcr eine genaue Messung an \u201e    1,4mm Standard Single-Ply - Geeignet f\u00fcr die meisten Laufb\u00e4nder f\u00fcr den wpcodeself.  2,0 mm Premium Double-Ply - Geeignet f\u00fcr hochwertige, strapazierf\u00e4hige Laufb\u00e4nder Heimgebrauch.  2.3mm Commercial Double-Ply - Geeignet f\u00fcr stark beanspruchte Laufb\u00e4nder.","og_url":"https:\/\/www.treadmillpartsdirect.co.uk\/de\/produkt\/tunturi-laufband-ersatzlaufriemen-fuer-alle-modelle\/","og_site_name":"Treadmill Parts Direct","article_publisher":"https:\/\/www.facebook.com\/treadmillpartsdirect","article_modified_time":"2024-06-20T20:12:08+00:00","og_image":[{"width":577,"height":433,"url":"https:\/\/www.treadmillpartsdirect.co.uk\/wp-content\/uploads\/2022\/12\/replacement-treadmill-belt-black-pvc-diamond-pattern-running-machine-belt.png","type":"image\/png"}],"twitter_card":"summary_large_image","twitter_site":"@treadmillpartsdirect","twitter_misc":{"Gesch\u00e4tzte Lesezeit":"1\u00a0Minute"},"schema":{"@context":"https:\/\/schema.org","@graph":[{"@type":"WebPage","@id":"https:\/\/www.treadmillpartsdirect.co.uk\/de\/produkt\/tunturi-laufband-ersatzlaufriemen-fuer-alle-modelle\/","url":"https:\/\/www.treadmillpartsdirect.co.uk\/de\/produkt\/tunturi-laufband-ersatzlaufriemen-fuer-alle-modelle\/","name":"Tunturi Laufband Ersatzlaufriemen f\u00fcr alle Modelle - Treadmill Parts Direct","isPartOf":{"@id":"https:\/\/www.treadmillpartsdirect.co.uk\/de\/#website"},"primaryImageOfPage":{"@id":"https:\/\/www.treadmillpartsdirect.co.uk\/de\/produkt\/tunturi-laufband-ersatzlaufriemen-fuer-alle-modelle\/#primaryimage"},"image":{"@id":"https:\/\/www.treadmillpartsdirect.co.uk\/de\/produkt\/tunturi-laufband-ersatzlaufriemen-fuer-alle-modelle\/#primaryimage"},"thumbnailUrl":"https:\/\/www.treadmillpartsdirect.co.uk\/wp-content\/uploads\/2022\/12\/replacement-treadmill-belt-black-pvc-diamond-pattern-running-machine-belt.png","datePublished":"2023-01-24T17:53:58+00:00","dateModified":"2024-06-20T20:12:08+00:00","breadcrumb":{"@id":"https:\/\/www.treadmillpartsdirect.co.uk\/de\/produkt\/tunturi-laufband-ersatzlaufriemen-fuer-alle-modelle\/#breadcrumb"},"inLanguage":"de","potentialAction":[{"@type":"ReadAction","target":["https:\/\/www.treadmillpartsdirect.co.uk\/de\/produkt\/tunturi-laufband-ersatzlaufriemen-fuer-alle-modelle\/"]}]},{"@type":"ImageObject","inLanguage":"de","@id":"https:\/\/www.treadmillpartsdirect.co.uk\/de\/produkt\/tunturi-laufband-ersatzlaufriemen-fuer-alle-modelle\/#primaryimage","url":"https:\/\/www.treadmillpartsdirect.co.uk\/wp-content\/uploads\/2022\/12\/replacement-treadmill-belt-black-pvc-diamond-pattern-running-machine-belt.png","contentUrl":"https:\/\/www.treadmillpartsdirect.co.uk\/wp-content\/uploads\/2022\/12\/replacement-treadmill-belt-black-pvc-diamond-pattern-running-machine-belt.png","width":577,"height":433},{"@type":"BreadcrumbList","@id":"https:\/\/www.treadmillpartsdirect.co.uk\/de\/produkt\/tunturi-laufband-ersatzlaufriemen-fuer-alle-modelle\/#breadcrumb","itemListElement":[{"@type":"ListItem","position":1,"name":"Home","item":"https:\/\/www.treadmillpartsdirect.co.uk\/de\/"},{"@type":"ListItem","position":2,"name":"Shop","item":"https:\/\/www.treadmillpartsdirect.co.uk\/de\/shop\/"},{"@type":"ListItem","position":3,"name":"Tunturi Laufband Ersatzlaufriemen f\u00fcr alle Modelle"}]},{"@type":"WebSite","@id":"https:\/\/www.treadmillpartsdirect.co.uk\/de\/#website","url":"https:\/\/www.treadmillpartsdirect.co.uk\/de\/","name":"Treadmill Parts Direct","description":"Treadmill Parts Direct","publisher":{"@id":"https:\/\/www.treadmillpartsdirect.co.uk\/de\/#organization"},"potentialAction":[{"@type":"SearchAction","target":{"@type":"EntryPoint","urlTemplate":"https:\/\/www.treadmillpartsdirect.co.uk\/de\/?s={search_term_string}"},"query-input":"required name=search_term_string"}],"inLanguage":"de"},{"@type":"Organization","@id":"https:\/\/www.treadmillpartsdirect.co.uk\/de\/#organization","name":"Treadmill Parts Direct","url":"https:\/\/www.treadmillpartsdirect.co.uk\/de\/","logo":{"@type":"ImageObject","inLanguage":"de","@id":"https:\/\/www.treadmillpartsdirect.co.uk\/de\/#\/schema\/logo\/image\/","url":"https:\/\/www.treadmillpartsdirect.co.uk\/wp-content\/uploads\/2024\/03\/treadmill-parts-direct-logo.png","contentUrl":"https:\/\/www.treadmillpartsdirect.co.uk\/wp-content\/uploads\/2024\/03\/treadmill-parts-direct-logo.png","width":250,"height":92,"caption":"Treadmill Parts Direct"},"image":{"@id":"https:\/\/www.treadmillpartsdirect.co.uk\/de\/#\/schema\/logo\/image\/"},"sameAs":["https:\/\/www.facebook.com\/treadmillpartsdirect","https:\/\/x.com\/treadmillpartsdirect","https:\/\/www.instagram.com\/treadmillpartsdirect\/","https:\/\/www.youtube.com\/@treadmillpartsdirect"]}]}},"_links":{"self":[{"href":"https:\/\/www.treadmillpartsdirect.co.uk\/de\/wp-json\/wp\/v2\/product\/17402","targetHints":{"allow":["GET"]}}],"collection":[{"href":"https:\/\/www.treadmillpartsdirect.co.uk\/de\/wp-json\/wp\/v2\/product"}],"about":[{"href":"https:\/\/www.treadmillpartsdirect.co.uk\/de\/wp-json\/wp\/v2\/types\/product"}],"replies":[{"embeddable":true,"href":"https:\/\/www.treadmillpartsdirect.co.uk\/de\/wp-json\/wp\/v2\/comments?post=17402"}],"wp:featuredmedia":[{"embeddable":true,"href":"https:\/\/www.treadmillpartsdirect.co.uk\/de\/wp-json\/wp\/v2\/media\/15439"}],"wp:attachment":[{"href":"https:\/\/www.treadmillpartsdirect.co.uk\/de\/wp-json\/wp\/v2\/media?parent=17402"}],"wp:term":[{"taxonomy":"product_brand","embeddable":true,"href":"https:\/\/www.treadmillpartsdirect.co.uk\/de\/wp-json\/wp\/v2\/product_brand?post=17402"},{"taxonomy":"product_cat","embeddable":true,"href":"https:\/\/www.treadmillpartsdirect.co.uk\/de\/wp-json\/wp\/v2\/product_cat?post=17402"},{"taxonomy":"product_tag","embeddable":true,"href":"https:\/\/www.treadmillpartsdirect.co.uk\/de\/wp-json\/wp\/v2\/product_tag?post=17402"}],"curies":[{"name":"wp","href":"https:\/\/api.w.org\/{rel}","templated":true}]}}