{"id":17022,"date":"2023-01-24T17:54:06","date_gmt":"2023-01-24T17:54:06","guid":{"rendered":"https:\/\/www.treadmillpartsdirect.co.uk\/product\/ersatz-laufbaender-fuer-laufbaender-von-fitness-doctor-fuer-alle-modelle\/"},"modified":"2024-06-04T04:39:27","modified_gmt":"2024-06-04T04:39:27","slug":"ersatz-laufbaender-fuer-laufbaender-von-fitness-doctor-fuer-alle-modelle","status":"publish","type":"product","link":"https:\/\/www.treadmillpartsdirect.co.uk\/de\/produkt\/ersatz-laufbaender-fuer-laufbaender-von-fitness-doctor-fuer-alle-modelle\/","title":{"rendered":"Ersatz-Laufb\u00e4nder f\u00fcr Laufb\u00e4nder von Fitness Doctor f\u00fcr alle Modelle"},"content":{"rendered":"<p>Ersatz-Laufb\u00e4nder f\u00fcr alle LaufbandmodelleFitness Doctor Laufband, f\u00fcr den gewerblichen und privaten GebrauchFitness Doctor Laufb\u00e4nder.<\/p>\n<p>PVC-Oberfl\u00e4che mit Rautenmuster f\u00fcr optimalen Halt.<br \/>\nFarbe: Schwarz.<br \/>\nAntistatisches, ger\u00e4uscharmes Design.<\/p>\n<p><b>Das Standard-<\/b> Laufband mit einer Lage ist <b>1,4 mm<\/b> dick und verf\u00fcgt \u00fcber eine Schicht aus PVC und eine Stoffunterlage. Geeignet f\u00fcr die meisten HeimanwendungenFitness Doctor Laufmaschinen.<\/p>\n<p><b>Das hochwertige 2-lagige<\/b> Laufband ist <b>2,0 mm<\/b> dick und besteht aus zwei Schichten PVC und zwei Schichten Stoffunterlage. Geeignet f\u00fcr den anspruchsvollen HeimgebrauchFitness Doctor Laufmaschinen.<\/p>\n<p><b>Das handels\u00fcbliche 2-lagige<\/b> Laufband ist <b>2,3 mm<\/b> dick und besteht aus zwei Schichten PVC und zwei Schichten Stoffunterlage. Geeignet f\u00fcr gr\u00f6\u00dfere, hochbelastbare und h\u00e4ufig genutzte gewerblicheFitness Doctor Laufb\u00e4nder f\u00fcr den Einsatz in Fitnessstudios.<\/p>\n<p><i><b><span style=\"color: #ff0010;\">WICHTIG:<\/span><\/b> <\/i><i>Bitte entfernen Sie Ihren alten, besch\u00e4digten Riemen, um ihn genau zu messen. Da jede Bestellung individuell angefertigt wird, k\u00f6nnen wir keine R\u00fccksendungen akzeptieren, wenn die von Ihnen angegebene Gr\u00f6\u00dfe falsch ist. BITTE \u00dcBERPR\u00dcFEN SIE IHRE MESSUNGEN NOCHMALS!<\/i><\/p>\n<p>Hilfreiche 2-min\u00fctige Videoanleitung zum genauen Messen eines Laufband-Laufbandes, um ein Ersatzband in der richtigen Gr\u00f6\u00dfe zu bestellen.<\/p>\n<p><iframe style=\"width: 560px;\" title=\"YouTube-Videoplayer\" src=\"https:\/\/www.youtube.com\/embed\/iaJ03DpK6x4\" width=\"560\" height=\"315\" frameborder=\"0\" allowfullscreen=\"allowfullscreen\" data-mce-fragment=\"1\"><\/iframe><\/p>\n","protected":false},"excerpt":{"rendered":"<p>Hochwertige, robuste PVC-Oberfl\u00e4che mit Rautenmuster<\/p>\n<p>W\u00e4hlen Sie unten die gew\u00fcnschte Gr\u00f6\u00dfe aus. So bestellen Sie Ersatz in der richtigen Gr\u00f6\u00dfe[productMake] Laufbandgurt: Sie m\u00fcssen Ihren alten Gurt oder den Umfang der Rollen genau messen.<\/p>\n<p>HINWEIS: Die L\u00e4nge sollte der gesamten Umfangsl\u00e4nge des zusammengef\u00fcgten Riemens entsprechen.<\/p>\n<p><a href=\"https:\/\/www.treadmillpartsdirect.co.uk\/help-guides\/replace-belt\/\" target=\"_blank\" rel=\"noopener\">Unsere hilfreiche Anleitung zum genauen Messen finden Sie hier \u00bb<\/a><\/p>\n<p><img decoding=\"async\" class=\"alignnone size-medium wp-image-567\" src=\"https:\/\/www.treadmillpartsdirect.co.uk\/wp-content\/uploads\/2022\/12\/belt-total-length-circumference-explanation-300x150.jpg\" alt=\"\" width=\"300\" height=\"150\" srcset=\"https:\/\/www.treadmillpartsdirect.co.uk\/wp-content\/uploads\/2022\/12\/belt-total-length-circumference-explanation-300x150.jpg 300w, https:\/\/www.treadmillpartsdirect.co.uk\/wp-content\/uploads\/2022\/12\/belt-total-length-circumference-explanation-600x300.jpg 600w, https:\/\/www.treadmillpartsdirect.co.uk\/wp-content\/uploads\/2022\/12\/belt-total-length-circumference-explanation.jpg 750w\" sizes=\"(max-width: 300px) 100vw, 300px\" \/><\/p>\n<p>1,4 mm Standard-Einzellage &#8211; Geeignet f\u00fcr die meisten Heimanwendungen[productMake] Laufb\u00e4nder.<\/p>\n<p>2,0 mm Premium-Doppellage \u2013 Geeignet f\u00fcr den anspruchsvollen Heimgebrauch[productMake] Laufb\u00e4nder.<\/p>\n<p>2,3 mm kommerzielle Doppellage \u2013 geeignet f\u00fcr stark beanspruchte Fitnessstudios[productMake] Laufb\u00e4nder.<\/p>\n","protected":false},"featured_media":15439,"comment_status":"closed","ping_status":"closed","template":"","meta":{"site-sidebar-layout":"default","site-content-layout":"default","ast-global-header-display":"","ast-main-header-display":"","ast-hfb-above-header-display":"","ast-hfb-below-header-display":"","ast-hfb-mobile-header-display":"","site-post-title":"","ast-breadcrumbs-content":"","ast-featured-img":"","footer-sml-layout":"","theme-transparent-header-meta":"default","adv-header-id-meta":"","stick-header-meta":"default","header-above-stick-meta":"","header-main-stick-meta":"","header-below-stick-meta":""},"product_brand":[],"product_cat":[1562],"product_tag":[5503,1366,1565,1566,1367,1564,1563],"class_list":{"0":"post-17022","1":"product","2":"type-product","3":"status-publish","4":"has-post-thumbnail","6":"product_cat-laufende-gurtel","7":"product_tag-fitness-doctor-de","8":"product_tag-replacement-de","9":"product_tag-running-machine-belt-de","10":"product_tag-running-machine-running-belt-de","11":"product_tag-spares-de","12":"product_tag-treadmill-belt-de","13":"product_tag-treadmill-running-belt-de","14":"desktop-align-left","15":"tablet-align-left","16":"mobile-align-left","18":"first","19":"instock","20":"purchasable","21":"product-type-simple"},"yoast_head":"<!-- This site is optimized with the Yoast SEO plugin v22.8 - https:\/\/yoast.com\/wordpress\/plugins\/seo\/ -->\n<title>Ersatz-Laufb\u00e4nder f\u00fcr Laufb\u00e4nder von Fitness Doctor f\u00fcr alle Modelle - Treadmill Parts Direct<\/title>\n<meta name=\"robots\" content=\"index, follow, max-snippet:-1, max-image-preview:large, max-video-preview:-1\" \/>\n<link rel=\"canonical\" href=\"https:\/\/www.treadmillpartsdirect.co.uk\/de\/produkt\/ersatz-laufbaender-fuer-laufbaender-von-fitness-doctor-fuer-alle-modelle\/\" \/>\n<meta property=\"og:locale\" content=\"de_DE\" \/>\n<meta property=\"og:type\" content=\"article\" \/>\n<meta property=\"og:title\" content=\"Ersatz-Laufb\u00e4nder f\u00fcr Laufb\u00e4nder von Fitness Doctor f\u00fcr alle Modelle - Treadmill Parts Direct\" \/>\n<meta property=\"og:description\" content=\"Hochwertige, robuste PVC-Oberfl\u00e4che mit Rautenmuster W\u00e4hlen Sie unten die gew\u00fcnschte Gr\u00f6\u00dfe aus. So bestellen Sie Ersatz in der richtigen Gr\u00f6\u00dfe Laufbandgurt: Sie m\u00fcssen Ihren alten Gurt oder den Umfang der Rollen genau messen. HINWEIS: Die L\u00e4nge sollte der gesamten Umfangsl\u00e4nge des zusammengef\u00fcgten Riemens entsprechen. Unsere hilfreiche Anleitung zum genauen Messen finden Sie hier \u00bb  1,4 mm Standard-Einzellage - Geeignet f\u00fcr die meisten Heimanwendungen Laufb\u00e4nder. 2,0 mm Premium-Doppellage \u2013 Geeignet f\u00fcr den anspruchsvollen Heimgebrauch Laufb\u00e4nder. 2,3 mm kommerzielle Doppellage \u2013 geeignet f\u00fcr stark beanspruchte Fitnessstudios Laufb\u00e4nder.\" \/>\n<meta property=\"og:url\" content=\"https:\/\/www.treadmillpartsdirect.co.uk\/de\/produkt\/ersatz-laufbaender-fuer-laufbaender-von-fitness-doctor-fuer-alle-modelle\/\" \/>\n<meta property=\"og:site_name\" content=\"Treadmill Parts Direct\" \/>\n<meta property=\"article:publisher\" content=\"https:\/\/www.facebook.com\/treadmillpartsdirect\" \/>\n<meta property=\"article:modified_time\" content=\"2024-06-04T04:39:27+00:00\" \/>\n<meta property=\"og:image\" content=\"https:\/\/www.treadmillpartsdirect.co.uk\/wp-content\/uploads\/2022\/12\/replacement-treadmill-belt-black-pvc-diamond-pattern-running-machine-belt.png\" \/>\n\t<meta property=\"og:image:width\" content=\"577\" \/>\n\t<meta property=\"og:image:height\" content=\"433\" \/>\n\t<meta property=\"og:image:type\" content=\"image\/png\" \/>\n<meta name=\"twitter:card\" content=\"summary_large_image\" \/>\n<meta name=\"twitter:site\" content=\"@treadmillpartsdirect\" \/>\n<meta name=\"twitter:label1\" content=\"Gesch\u00e4tzte Lesezeit\" \/>\n\t<meta name=\"twitter:data1\" content=\"1\u00a0Minute\" \/>\n<script type=\"application\/ld+json\" class=\"yoast-schema-graph\">{\"@context\":\"https:\/\/schema.org\",\"@graph\":[{\"@type\":\"WebPage\",\"@id\":\"https:\/\/www.treadmillpartsdirect.co.uk\/de\/produkt\/ersatz-laufbaender-fuer-laufbaender-von-fitness-doctor-fuer-alle-modelle\/\",\"url\":\"https:\/\/www.treadmillpartsdirect.co.uk\/de\/produkt\/ersatz-laufbaender-fuer-laufbaender-von-fitness-doctor-fuer-alle-modelle\/\",\"name\":\"Ersatz-Laufb\u00e4nder f\u00fcr Laufb\u00e4nder von Fitness Doctor f\u00fcr alle Modelle - Treadmill Parts Direct\",\"isPartOf\":{\"@id\":\"https:\/\/www.treadmillpartsdirect.co.uk\/de\/#website\"},\"primaryImageOfPage\":{\"@id\":\"https:\/\/www.treadmillpartsdirect.co.uk\/de\/produkt\/ersatz-laufbaender-fuer-laufbaender-von-fitness-doctor-fuer-alle-modelle\/#primaryimage\"},\"image\":{\"@id\":\"https:\/\/www.treadmillpartsdirect.co.uk\/de\/produkt\/ersatz-laufbaender-fuer-laufbaender-von-fitness-doctor-fuer-alle-modelle\/#primaryimage\"},\"thumbnailUrl\":\"https:\/\/www.treadmillpartsdirect.co.uk\/wp-content\/uploads\/2022\/12\/replacement-treadmill-belt-black-pvc-diamond-pattern-running-machine-belt.png\",\"datePublished\":\"2023-01-24T17:54:06+00:00\",\"dateModified\":\"2024-06-04T04:39:27+00:00\",\"breadcrumb\":{\"@id\":\"https:\/\/www.treadmillpartsdirect.co.uk\/de\/produkt\/ersatz-laufbaender-fuer-laufbaender-von-fitness-doctor-fuer-alle-modelle\/#breadcrumb\"},\"inLanguage\":\"de\",\"potentialAction\":[{\"@type\":\"ReadAction\",\"target\":[\"https:\/\/www.treadmillpartsdirect.co.uk\/de\/produkt\/ersatz-laufbaender-fuer-laufbaender-von-fitness-doctor-fuer-alle-modelle\/\"]}]},{\"@type\":\"ImageObject\",\"inLanguage\":\"de\",\"@id\":\"https:\/\/www.treadmillpartsdirect.co.uk\/de\/produkt\/ersatz-laufbaender-fuer-laufbaender-von-fitness-doctor-fuer-alle-modelle\/#primaryimage\",\"url\":\"https:\/\/www.treadmillpartsdirect.co.uk\/wp-content\/uploads\/2022\/12\/replacement-treadmill-belt-black-pvc-diamond-pattern-running-machine-belt.png\",\"contentUrl\":\"https:\/\/www.treadmillpartsdirect.co.uk\/wp-content\/uploads\/2022\/12\/replacement-treadmill-belt-black-pvc-diamond-pattern-running-machine-belt.png\",\"width\":577,\"height\":433},{\"@type\":\"BreadcrumbList\",\"@id\":\"https:\/\/www.treadmillpartsdirect.co.uk\/de\/produkt\/ersatz-laufbaender-fuer-laufbaender-von-fitness-doctor-fuer-alle-modelle\/#breadcrumb\",\"itemListElement\":[{\"@type\":\"ListItem\",\"position\":1,\"name\":\"Home\",\"item\":\"https:\/\/www.treadmillpartsdirect.co.uk\/de\/\"},{\"@type\":\"ListItem\",\"position\":2,\"name\":\"Shop\",\"item\":\"https:\/\/www.treadmillpartsdirect.co.uk\/de\/shop\/\"},{\"@type\":\"ListItem\",\"position\":3,\"name\":\"Ersatz-Laufb\u00e4nder f\u00fcr Laufb\u00e4nder von Fitness Doctor f\u00fcr alle Modelle\"}]},{\"@type\":\"WebSite\",\"@id\":\"https:\/\/www.treadmillpartsdirect.co.uk\/de\/#website\",\"url\":\"https:\/\/www.treadmillpartsdirect.co.uk\/de\/\",\"name\":\"Treadmill Parts Direct\",\"description\":\"Treadmill Parts Direct\",\"publisher\":{\"@id\":\"https:\/\/www.treadmillpartsdirect.co.uk\/de\/#organization\"},\"potentialAction\":[{\"@type\":\"SearchAction\",\"target\":{\"@type\":\"EntryPoint\",\"urlTemplate\":\"https:\/\/www.treadmillpartsdirect.co.uk\/de\/?s={search_term_string}\"},\"query-input\":\"required name=search_term_string\"}],\"inLanguage\":\"de\"},{\"@type\":\"Organization\",\"@id\":\"https:\/\/www.treadmillpartsdirect.co.uk\/de\/#organization\",\"name\":\"Treadmill Parts Direct\",\"url\":\"https:\/\/www.treadmillpartsdirect.co.uk\/de\/\",\"logo\":{\"@type\":\"ImageObject\",\"inLanguage\":\"de\",\"@id\":\"https:\/\/www.treadmillpartsdirect.co.uk\/de\/#\/schema\/logo\/image\/\",\"url\":\"https:\/\/www.treadmillpartsdirect.co.uk\/wp-content\/uploads\/2024\/03\/treadmill-parts-direct-logo.png\",\"contentUrl\":\"https:\/\/www.treadmillpartsdirect.co.uk\/wp-content\/uploads\/2024\/03\/treadmill-parts-direct-logo.png\",\"width\":250,\"height\":92,\"caption\":\"Treadmill Parts Direct\"},\"image\":{\"@id\":\"https:\/\/www.treadmillpartsdirect.co.uk\/de\/#\/schema\/logo\/image\/\"},\"sameAs\":[\"https:\/\/www.facebook.com\/treadmillpartsdirect\",\"https:\/\/x.com\/treadmillpartsdirect\",\"https:\/\/www.instagram.com\/treadmillpartsdirect\/\",\"https:\/\/www.youtube.com\/@treadmillpartsdirect\"]}]}<\/script>\n<!-- \/ Yoast SEO plugin. -->","yoast_head_json":{"title":"Ersatz-Laufb\u00e4nder f\u00fcr Laufb\u00e4nder von Fitness Doctor f\u00fcr alle Modelle - Treadmill Parts Direct","robots":{"index":"index","follow":"follow","max-snippet":"max-snippet:-1","max-image-preview":"max-image-preview:large","max-video-preview":"max-video-preview:-1"},"canonical":"https:\/\/www.treadmillpartsdirect.co.uk\/de\/produkt\/ersatz-laufbaender-fuer-laufbaender-von-fitness-doctor-fuer-alle-modelle\/","og_locale":"de_DE","og_type":"article","og_title":"Ersatz-Laufb\u00e4nder f\u00fcr Laufb\u00e4nder von Fitness Doctor f\u00fcr alle Modelle - Treadmill Parts Direct","og_description":"Hochwertige, robuste PVC-Oberfl\u00e4che mit Rautenmuster W\u00e4hlen Sie unten die gew\u00fcnschte Gr\u00f6\u00dfe aus. So bestellen Sie Ersatz in der richtigen Gr\u00f6\u00dfe Laufbandgurt: Sie m\u00fcssen Ihren alten Gurt oder den Umfang der Rollen genau messen. HINWEIS: Die L\u00e4nge sollte der gesamten Umfangsl\u00e4nge des zusammengef\u00fcgten Riemens entsprechen. Unsere hilfreiche Anleitung zum genauen Messen finden Sie hier \u00bb  1,4 mm Standard-Einzellage - Geeignet f\u00fcr die meisten Heimanwendungen Laufb\u00e4nder. 2,0 mm Premium-Doppellage \u2013 Geeignet f\u00fcr den anspruchsvollen Heimgebrauch Laufb\u00e4nder. 2,3 mm kommerzielle Doppellage \u2013 geeignet f\u00fcr stark beanspruchte Fitnessstudios Laufb\u00e4nder.","og_url":"https:\/\/www.treadmillpartsdirect.co.uk\/de\/produkt\/ersatz-laufbaender-fuer-laufbaender-von-fitness-doctor-fuer-alle-modelle\/","og_site_name":"Treadmill Parts Direct","article_publisher":"https:\/\/www.facebook.com\/treadmillpartsdirect","article_modified_time":"2024-06-04T04:39:27+00:00","og_image":[{"width":577,"height":433,"url":"https:\/\/www.treadmillpartsdirect.co.uk\/wp-content\/uploads\/2022\/12\/replacement-treadmill-belt-black-pvc-diamond-pattern-running-machine-belt.png","type":"image\/png"}],"twitter_card":"summary_large_image","twitter_site":"@treadmillpartsdirect","twitter_misc":{"Gesch\u00e4tzte Lesezeit":"1\u00a0Minute"},"schema":{"@context":"https:\/\/schema.org","@graph":[{"@type":"WebPage","@id":"https:\/\/www.treadmillpartsdirect.co.uk\/de\/produkt\/ersatz-laufbaender-fuer-laufbaender-von-fitness-doctor-fuer-alle-modelle\/","url":"https:\/\/www.treadmillpartsdirect.co.uk\/de\/produkt\/ersatz-laufbaender-fuer-laufbaender-von-fitness-doctor-fuer-alle-modelle\/","name":"Ersatz-Laufb\u00e4nder f\u00fcr Laufb\u00e4nder von Fitness Doctor f\u00fcr alle Modelle - Treadmill Parts Direct","isPartOf":{"@id":"https:\/\/www.treadmillpartsdirect.co.uk\/de\/#website"},"primaryImageOfPage":{"@id":"https:\/\/www.treadmillpartsdirect.co.uk\/de\/produkt\/ersatz-laufbaender-fuer-laufbaender-von-fitness-doctor-fuer-alle-modelle\/#primaryimage"},"image":{"@id":"https:\/\/www.treadmillpartsdirect.co.uk\/de\/produkt\/ersatz-laufbaender-fuer-laufbaender-von-fitness-doctor-fuer-alle-modelle\/#primaryimage"},"thumbnailUrl":"https:\/\/www.treadmillpartsdirect.co.uk\/wp-content\/uploads\/2022\/12\/replacement-treadmill-belt-black-pvc-diamond-pattern-running-machine-belt.png","datePublished":"2023-01-24T17:54:06+00:00","dateModified":"2024-06-04T04:39:27+00:00","breadcrumb":{"@id":"https:\/\/www.treadmillpartsdirect.co.uk\/de\/produkt\/ersatz-laufbaender-fuer-laufbaender-von-fitness-doctor-fuer-alle-modelle\/#breadcrumb"},"inLanguage":"de","potentialAction":[{"@type":"ReadAction","target":["https:\/\/www.treadmillpartsdirect.co.uk\/de\/produkt\/ersatz-laufbaender-fuer-laufbaender-von-fitness-doctor-fuer-alle-modelle\/"]}]},{"@type":"ImageObject","inLanguage":"de","@id":"https:\/\/www.treadmillpartsdirect.co.uk\/de\/produkt\/ersatz-laufbaender-fuer-laufbaender-von-fitness-doctor-fuer-alle-modelle\/#primaryimage","url":"https:\/\/www.treadmillpartsdirect.co.uk\/wp-content\/uploads\/2022\/12\/replacement-treadmill-belt-black-pvc-diamond-pattern-running-machine-belt.png","contentUrl":"https:\/\/www.treadmillpartsdirect.co.uk\/wp-content\/uploads\/2022\/12\/replacement-treadmill-belt-black-pvc-diamond-pattern-running-machine-belt.png","width":577,"height":433},{"@type":"BreadcrumbList","@id":"https:\/\/www.treadmillpartsdirect.co.uk\/de\/produkt\/ersatz-laufbaender-fuer-laufbaender-von-fitness-doctor-fuer-alle-modelle\/#breadcrumb","itemListElement":[{"@type":"ListItem","position":1,"name":"Home","item":"https:\/\/www.treadmillpartsdirect.co.uk\/de\/"},{"@type":"ListItem","position":2,"name":"Shop","item":"https:\/\/www.treadmillpartsdirect.co.uk\/de\/shop\/"},{"@type":"ListItem","position":3,"name":"Ersatz-Laufb\u00e4nder f\u00fcr Laufb\u00e4nder von Fitness Doctor f\u00fcr alle Modelle"}]},{"@type":"WebSite","@id":"https:\/\/www.treadmillpartsdirect.co.uk\/de\/#website","url":"https:\/\/www.treadmillpartsdirect.co.uk\/de\/","name":"Treadmill Parts Direct","description":"Treadmill Parts Direct","publisher":{"@id":"https:\/\/www.treadmillpartsdirect.co.uk\/de\/#organization"},"potentialAction":[{"@type":"SearchAction","target":{"@type":"EntryPoint","urlTemplate":"https:\/\/www.treadmillpartsdirect.co.uk\/de\/?s={search_term_string}"},"query-input":"required name=search_term_string"}],"inLanguage":"de"},{"@type":"Organization","@id":"https:\/\/www.treadmillpartsdirect.co.uk\/de\/#organization","name":"Treadmill Parts Direct","url":"https:\/\/www.treadmillpartsdirect.co.uk\/de\/","logo":{"@type":"ImageObject","inLanguage":"de","@id":"https:\/\/www.treadmillpartsdirect.co.uk\/de\/#\/schema\/logo\/image\/","url":"https:\/\/www.treadmillpartsdirect.co.uk\/wp-content\/uploads\/2024\/03\/treadmill-parts-direct-logo.png","contentUrl":"https:\/\/www.treadmillpartsdirect.co.uk\/wp-content\/uploads\/2024\/03\/treadmill-parts-direct-logo.png","width":250,"height":92,"caption":"Treadmill Parts Direct"},"image":{"@id":"https:\/\/www.treadmillpartsdirect.co.uk\/de\/#\/schema\/logo\/image\/"},"sameAs":["https:\/\/www.facebook.com\/treadmillpartsdirect","https:\/\/x.com\/treadmillpartsdirect","https:\/\/www.instagram.com\/treadmillpartsdirect\/","https:\/\/www.youtube.com\/@treadmillpartsdirect"]}]}},"_links":{"self":[{"href":"https:\/\/www.treadmillpartsdirect.co.uk\/de\/wp-json\/wp\/v2\/product\/17022","targetHints":{"allow":["GET"]}}],"collection":[{"href":"https:\/\/www.treadmillpartsdirect.co.uk\/de\/wp-json\/wp\/v2\/product"}],"about":[{"href":"https:\/\/www.treadmillpartsdirect.co.uk\/de\/wp-json\/wp\/v2\/types\/product"}],"replies":[{"embeddable":true,"href":"https:\/\/www.treadmillpartsdirect.co.uk\/de\/wp-json\/wp\/v2\/comments?post=17022"}],"wp:featuredmedia":[{"embeddable":true,"href":"https:\/\/www.treadmillpartsdirect.co.uk\/de\/wp-json\/wp\/v2\/media\/15439"}],"wp:attachment":[{"href":"https:\/\/www.treadmillpartsdirect.co.uk\/de\/wp-json\/wp\/v2\/media?parent=17022"}],"wp:term":[{"taxonomy":"product_brand","embeddable":true,"href":"https:\/\/www.treadmillpartsdirect.co.uk\/de\/wp-json\/wp\/v2\/product_brand?post=17022"},{"taxonomy":"product_cat","embeddable":true,"href":"https:\/\/www.treadmillpartsdirect.co.uk\/de\/wp-json\/wp\/v2\/product_cat?post=17022"},{"taxonomy":"product_tag","embeddable":true,"href":"https:\/\/www.treadmillpartsdirect.co.uk\/de\/wp-json\/wp\/v2\/product_tag?post=17022"}],"curies":[{"name":"wp","href":"https:\/\/api.w.org\/{rel}","templated":true}]}}