{"id":16998,"date":"2024-05-07T10:14:20","date_gmt":"2024-05-07T10:14:20","guid":{"rendered":"https:\/\/www.treadmillpartsdirect.co.uk\/product\/pro100-premium-laufband-schmiermittel-100-silikonoel-250-ml-flasche\/"},"modified":"2026-02-12T13:46:07","modified_gmt":"2026-02-12T13:46:07","slug":"pro100-premium-laufband-schmiermittel-100-silikonoel-250-ml-flasche","status":"publish","type":"product","link":"https:\/\/www.treadmillpartsdirect.co.uk\/de\/produkt\/pro100-premium-laufband-schmiermittel-100-silikonoel-250-ml-flasche\/","title":{"rendered":"PRO100 &#8211; Premium-Laufband-Schmiermittel &#8211; 100 % Silikon\u00f6l &#8211; 250-ml-Flasche"},"content":{"rendered":"<p>100 % reines Laufband-Silikon\u00f6l f\u00fcr Laufb\u00e4nder und Lauffl\u00e4chen von Laufmaschinen.<\/p>\n<p>PRO100 Laufband\u00f6l von Treadmill Parts Direct. 100 % reines Silikon\u00f6l sorgt f\u00fcr einen reibungslosen Betrieb Ihres Bandes und verl\u00e4ngert die Lebensdauer des Laufbanddecks und des Motors.<\/p>\n","protected":false},"excerpt":{"rendered":"<p>100 % reines Silikon\u00f6l f\u00fcr Laufb\u00e4nder.<\/p>\n<p>250-ml-Flasche mit leicht anzuwendender und benutzerfreundlicher Applikatord\u00fcse.<\/p>\n<p>PRO100 Laufband\u00f6l von Treadmill Parts Direct. 100 % reines Silikon\u00f6l sorgt f\u00fcr einen reibungslosen Betrieb Ihres Riemens und verl\u00e4ngert die Lebensdauer Ihres Decks und Motors.<\/p>\n","protected":false},"featured_media":18269,"comment_status":"open","ping_status":"closed","template":"","meta":{"site-sidebar-layout":"default","site-content-layout":"default","ast-global-header-display":"","ast-main-header-display":"","ast-hfb-above-header-display":"","ast-hfb-below-header-display":"","ast-hfb-mobile-header-display":"","site-post-title":"","ast-breadcrumbs-content":"","ast-featured-img":"","footer-sml-layout":"","theme-transparent-header-meta":"default","adv-header-id-meta":"","stick-header-meta":"default","header-above-stick-meta":"","header-main-stick-meta":"","header-below-stick-meta":""},"product_brand":[],"product_cat":[2319],"product_tag":[2325,2324,2320,2323,2321,2322],"class_list":{"0":"post-16998","1":"product","2":"type-product","3":"status-publish","4":"has-post-thumbnail","6":"product_cat-silikonol","7":"product_tag-running-machine-lubricant-de-2","8":"product_tag-running-machine-oil-de","9":"product_tag-silicone-oil-de","10":"product_tag-treadmill-lubricant-de","11":"product_tag-treadmill-oil-de","12":"product_tag-treadmill-silicone-oil-de","13":"desktop-align-left","14":"tablet-align-left","15":"mobile-align-left","17":"first","18":"instock","19":"featured","20":"shipping-taxable","21":"purchasable","22":"product-type-simple"},"yoast_head":"<!-- This site is optimized with the Yoast SEO plugin v22.8 - https:\/\/yoast.com\/wordpress\/plugins\/seo\/ -->\n<title>PRO100 Premium Laufband-Schmiermittel \u2013 100 % reines Silikon\u00f6l<\/title>\n<meta name=\"description\" content=\"PRO100 Laufband\u00f6l von Treadmill Parts Direct. 100 % reines Silikon\u00f6l sorgt f\u00fcr einen reibungslosen Betrieb Ihres Riemens und verl\u00e4ngert die Lebensdauer Ihres Decks und Motors.\" \/>\n<meta name=\"robots\" content=\"index, follow, max-snippet:-1, max-image-preview:large, max-video-preview:-1\" \/>\n<link rel=\"canonical\" href=\"https:\/\/www.treadmillpartsdirect.co.uk\/de\/produkt\/pro100-premium-laufband-schmiermittel-100-silikonoel-250-ml-flasche\/\" \/>\n<meta property=\"og:locale\" content=\"de_DE\" \/>\n<meta property=\"og:type\" content=\"article\" \/>\n<meta property=\"og:title\" content=\"PRO100 Premium Laufband-Schmiermittel \u2013 100 % reines Silikon\u00f6l\" \/>\n<meta property=\"og:description\" content=\"PRO100 Laufband\u00f6l von Treadmill Parts Direct. 100 % reines Silikon\u00f6l sorgt f\u00fcr einen reibungslosen Betrieb Ihres Riemens und verl\u00e4ngert die Lebensdauer Ihres Decks und Motors.\" \/>\n<meta property=\"og:url\" content=\"https:\/\/www.treadmillpartsdirect.co.uk\/de\/produkt\/pro100-premium-laufband-schmiermittel-100-silikonoel-250-ml-flasche\/\" \/>\n<meta property=\"og:site_name\" content=\"Treadmill Parts Direct\" \/>\n<meta property=\"article:publisher\" content=\"https:\/\/www.facebook.com\/treadmillpartsdirect\" \/>\n<meta property=\"article:modified_time\" content=\"2026-02-12T13:46:07+00:00\" \/>\n<meta property=\"og:image\" content=\"https:\/\/www.treadmillpartsdirect.co.uk\/wp-content\/uploads\/2024\/05\/TPD-PRO100-treadmill-silicone-oil-lubricant-250ml-with-applicator.jpg\" \/>\n\t<meta property=\"og:image:width\" content=\"1200\" \/>\n\t<meta property=\"og:image:height\" content=\"1200\" \/>\n\t<meta property=\"og:image:type\" content=\"image\/jpeg\" \/>\n<meta name=\"twitter:card\" content=\"summary_large_image\" \/>\n<meta name=\"twitter:site\" content=\"@treadmillpartsdirect\" \/>\n<meta name=\"twitter:label1\" content=\"Gesch\u00e4tzte Lesezeit\" \/>\n\t<meta name=\"twitter:data1\" content=\"1\u00a0Minute\" \/>\n<script type=\"application\/ld+json\" class=\"yoast-schema-graph\">{\"@context\":\"https:\/\/schema.org\",\"@graph\":[{\"@type\":\"WebPage\",\"@id\":\"https:\/\/www.treadmillpartsdirect.co.uk\/de\/produkt\/pro100-premium-laufband-schmiermittel-100-silikonoel-250-ml-flasche\/\",\"url\":\"https:\/\/www.treadmillpartsdirect.co.uk\/de\/produkt\/pro100-premium-laufband-schmiermittel-100-silikonoel-250-ml-flasche\/\",\"name\":\"PRO100 Premium Laufband-Schmiermittel \u2013 100 % reines Silikon\u00f6l\",\"isPartOf\":{\"@id\":\"https:\/\/www.treadmillpartsdirect.co.uk\/de\/#website\"},\"primaryImageOfPage\":{\"@id\":\"https:\/\/www.treadmillpartsdirect.co.uk\/de\/produkt\/pro100-premium-laufband-schmiermittel-100-silikonoel-250-ml-flasche\/#primaryimage\"},\"image\":{\"@id\":\"https:\/\/www.treadmillpartsdirect.co.uk\/de\/produkt\/pro100-premium-laufband-schmiermittel-100-silikonoel-250-ml-flasche\/#primaryimage\"},\"thumbnailUrl\":\"https:\/\/www.treadmillpartsdirect.co.uk\/wp-content\/uploads\/2024\/05\/TPD-PRO100-treadmill-silicone-oil-lubricant-250ml-with-applicator.jpg\",\"datePublished\":\"2024-05-07T10:14:20+00:00\",\"dateModified\":\"2026-02-12T13:46:07+00:00\",\"description\":\"PRO100 Laufband\u00f6l von Treadmill Parts Direct. 100 % reines Silikon\u00f6l sorgt f\u00fcr einen reibungslosen Betrieb Ihres Riemens und verl\u00e4ngert die Lebensdauer Ihres Decks und Motors.\",\"breadcrumb\":{\"@id\":\"https:\/\/www.treadmillpartsdirect.co.uk\/de\/produkt\/pro100-premium-laufband-schmiermittel-100-silikonoel-250-ml-flasche\/#breadcrumb\"},\"inLanguage\":\"de\",\"potentialAction\":[{\"@type\":\"ReadAction\",\"target\":[\"https:\/\/www.treadmillpartsdirect.co.uk\/de\/produkt\/pro100-premium-laufband-schmiermittel-100-silikonoel-250-ml-flasche\/\"]}]},{\"@type\":\"ImageObject\",\"inLanguage\":\"de\",\"@id\":\"https:\/\/www.treadmillpartsdirect.co.uk\/de\/produkt\/pro100-premium-laufband-schmiermittel-100-silikonoel-250-ml-flasche\/#primaryimage\",\"url\":\"https:\/\/www.treadmillpartsdirect.co.uk\/wp-content\/uploads\/2024\/05\/TPD-PRO100-treadmill-silicone-oil-lubricant-250ml-with-applicator.jpg\",\"contentUrl\":\"https:\/\/www.treadmillpartsdirect.co.uk\/wp-content\/uploads\/2024\/05\/TPD-PRO100-treadmill-silicone-oil-lubricant-250ml-with-applicator.jpg\",\"width\":1200,\"height\":1200},{\"@type\":\"BreadcrumbList\",\"@id\":\"https:\/\/www.treadmillpartsdirect.co.uk\/de\/produkt\/pro100-premium-laufband-schmiermittel-100-silikonoel-250-ml-flasche\/#breadcrumb\",\"itemListElement\":[{\"@type\":\"ListItem\",\"position\":1,\"name\":\"Home\",\"item\":\"https:\/\/www.treadmillpartsdirect.co.uk\/de\/\"},{\"@type\":\"ListItem\",\"position\":2,\"name\":\"Shop\",\"item\":\"https:\/\/www.treadmillpartsdirect.co.uk\/de\/shop\/\"},{\"@type\":\"ListItem\",\"position\":3,\"name\":\"PRO100 &#8211; Premium-Laufband-Schmiermittel &#8211; 100 % Silikon\u00f6l &#8211; 250-ml-Flasche\"}]},{\"@type\":\"WebSite\",\"@id\":\"https:\/\/www.treadmillpartsdirect.co.uk\/de\/#website\",\"url\":\"https:\/\/www.treadmillpartsdirect.co.uk\/de\/\",\"name\":\"Treadmill Parts Direct\",\"description\":\"Treadmill Parts Direct\",\"publisher\":{\"@id\":\"https:\/\/www.treadmillpartsdirect.co.uk\/de\/#organization\"},\"potentialAction\":[{\"@type\":\"SearchAction\",\"target\":{\"@type\":\"EntryPoint\",\"urlTemplate\":\"https:\/\/www.treadmillpartsdirect.co.uk\/de\/?s={search_term_string}\"},\"query-input\":\"required name=search_term_string\"}],\"inLanguage\":\"de\"},{\"@type\":\"Organization\",\"@id\":\"https:\/\/www.treadmillpartsdirect.co.uk\/de\/#organization\",\"name\":\"Treadmill Parts Direct\",\"url\":\"https:\/\/www.treadmillpartsdirect.co.uk\/de\/\",\"logo\":{\"@type\":\"ImageObject\",\"inLanguage\":\"de\",\"@id\":\"https:\/\/www.treadmillpartsdirect.co.uk\/de\/#\/schema\/logo\/image\/\",\"url\":\"https:\/\/www.treadmillpartsdirect.co.uk\/wp-content\/uploads\/2024\/03\/treadmill-parts-direct-logo.png\",\"contentUrl\":\"https:\/\/www.treadmillpartsdirect.co.uk\/wp-content\/uploads\/2024\/03\/treadmill-parts-direct-logo.png\",\"width\":250,\"height\":92,\"caption\":\"Treadmill Parts Direct\"},\"image\":{\"@id\":\"https:\/\/www.treadmillpartsdirect.co.uk\/de\/#\/schema\/logo\/image\/\"},\"sameAs\":[\"https:\/\/www.facebook.com\/treadmillpartsdirect\",\"https:\/\/x.com\/treadmillpartsdirect\",\"https:\/\/www.instagram.com\/treadmillpartsdirect\/\",\"https:\/\/www.youtube.com\/@treadmillpartsdirect\"]}]}<\/script>\n<!-- \/ Yoast SEO plugin. -->","yoast_head_json":{"title":"PRO100 Premium Laufband-Schmiermittel \u2013 100 % reines Silikon\u00f6l","description":"PRO100 Laufband\u00f6l von Treadmill Parts Direct. 100 % reines Silikon\u00f6l sorgt f\u00fcr einen reibungslosen Betrieb Ihres Riemens und verl\u00e4ngert die Lebensdauer Ihres Decks und Motors.","robots":{"index":"index","follow":"follow","max-snippet":"max-snippet:-1","max-image-preview":"max-image-preview:large","max-video-preview":"max-video-preview:-1"},"canonical":"https:\/\/www.treadmillpartsdirect.co.uk\/de\/produkt\/pro100-premium-laufband-schmiermittel-100-silikonoel-250-ml-flasche\/","og_locale":"de_DE","og_type":"article","og_title":"PRO100 Premium Laufband-Schmiermittel \u2013 100 % reines Silikon\u00f6l","og_description":"PRO100 Laufband\u00f6l von Treadmill Parts Direct. 100 % reines Silikon\u00f6l sorgt f\u00fcr einen reibungslosen Betrieb Ihres Riemens und verl\u00e4ngert die Lebensdauer Ihres Decks und Motors.","og_url":"https:\/\/www.treadmillpartsdirect.co.uk\/de\/produkt\/pro100-premium-laufband-schmiermittel-100-silikonoel-250-ml-flasche\/","og_site_name":"Treadmill Parts Direct","article_publisher":"https:\/\/www.facebook.com\/treadmillpartsdirect","article_modified_time":"2026-02-12T13:46:07+00:00","og_image":[{"width":1200,"height":1200,"url":"https:\/\/www.treadmillpartsdirect.co.uk\/wp-content\/uploads\/2024\/05\/TPD-PRO100-treadmill-silicone-oil-lubricant-250ml-with-applicator.jpg","type":"image\/jpeg"}],"twitter_card":"summary_large_image","twitter_site":"@treadmillpartsdirect","twitter_misc":{"Gesch\u00e4tzte Lesezeit":"1\u00a0Minute"},"schema":{"@context":"https:\/\/schema.org","@graph":[{"@type":"WebPage","@id":"https:\/\/www.treadmillpartsdirect.co.uk\/de\/produkt\/pro100-premium-laufband-schmiermittel-100-silikonoel-250-ml-flasche\/","url":"https:\/\/www.treadmillpartsdirect.co.uk\/de\/produkt\/pro100-premium-laufband-schmiermittel-100-silikonoel-250-ml-flasche\/","name":"PRO100 Premium Laufband-Schmiermittel \u2013 100 % reines Silikon\u00f6l","isPartOf":{"@id":"https:\/\/www.treadmillpartsdirect.co.uk\/de\/#website"},"primaryImageOfPage":{"@id":"https:\/\/www.treadmillpartsdirect.co.uk\/de\/produkt\/pro100-premium-laufband-schmiermittel-100-silikonoel-250-ml-flasche\/#primaryimage"},"image":{"@id":"https:\/\/www.treadmillpartsdirect.co.uk\/de\/produkt\/pro100-premium-laufband-schmiermittel-100-silikonoel-250-ml-flasche\/#primaryimage"},"thumbnailUrl":"https:\/\/www.treadmillpartsdirect.co.uk\/wp-content\/uploads\/2024\/05\/TPD-PRO100-treadmill-silicone-oil-lubricant-250ml-with-applicator.jpg","datePublished":"2024-05-07T10:14:20+00:00","dateModified":"2026-02-12T13:46:07+00:00","description":"PRO100 Laufband\u00f6l von Treadmill Parts Direct. 100 % reines Silikon\u00f6l sorgt f\u00fcr einen reibungslosen Betrieb Ihres Riemens und verl\u00e4ngert die Lebensdauer Ihres Decks und Motors.","breadcrumb":{"@id":"https:\/\/www.treadmillpartsdirect.co.uk\/de\/produkt\/pro100-premium-laufband-schmiermittel-100-silikonoel-250-ml-flasche\/#breadcrumb"},"inLanguage":"de","potentialAction":[{"@type":"ReadAction","target":["https:\/\/www.treadmillpartsdirect.co.uk\/de\/produkt\/pro100-premium-laufband-schmiermittel-100-silikonoel-250-ml-flasche\/"]}]},{"@type":"ImageObject","inLanguage":"de","@id":"https:\/\/www.treadmillpartsdirect.co.uk\/de\/produkt\/pro100-premium-laufband-schmiermittel-100-silikonoel-250-ml-flasche\/#primaryimage","url":"https:\/\/www.treadmillpartsdirect.co.uk\/wp-content\/uploads\/2024\/05\/TPD-PRO100-treadmill-silicone-oil-lubricant-250ml-with-applicator.jpg","contentUrl":"https:\/\/www.treadmillpartsdirect.co.uk\/wp-content\/uploads\/2024\/05\/TPD-PRO100-treadmill-silicone-oil-lubricant-250ml-with-applicator.jpg","width":1200,"height":1200},{"@type":"BreadcrumbList","@id":"https:\/\/www.treadmillpartsdirect.co.uk\/de\/produkt\/pro100-premium-laufband-schmiermittel-100-silikonoel-250-ml-flasche\/#breadcrumb","itemListElement":[{"@type":"ListItem","position":1,"name":"Home","item":"https:\/\/www.treadmillpartsdirect.co.uk\/de\/"},{"@type":"ListItem","position":2,"name":"Shop","item":"https:\/\/www.treadmillpartsdirect.co.uk\/de\/shop\/"},{"@type":"ListItem","position":3,"name":"PRO100 &#8211; Premium-Laufband-Schmiermittel &#8211; 100 % Silikon\u00f6l &#8211; 250-ml-Flasche"}]},{"@type":"WebSite","@id":"https:\/\/www.treadmillpartsdirect.co.uk\/de\/#website","url":"https:\/\/www.treadmillpartsdirect.co.uk\/de\/","name":"Treadmill Parts Direct","description":"Treadmill Parts Direct","publisher":{"@id":"https:\/\/www.treadmillpartsdirect.co.uk\/de\/#organization"},"potentialAction":[{"@type":"SearchAction","target":{"@type":"EntryPoint","urlTemplate":"https:\/\/www.treadmillpartsdirect.co.uk\/de\/?s={search_term_string}"},"query-input":"required name=search_term_string"}],"inLanguage":"de"},{"@type":"Organization","@id":"https:\/\/www.treadmillpartsdirect.co.uk\/de\/#organization","name":"Treadmill Parts Direct","url":"https:\/\/www.treadmillpartsdirect.co.uk\/de\/","logo":{"@type":"ImageObject","inLanguage":"de","@id":"https:\/\/www.treadmillpartsdirect.co.uk\/de\/#\/schema\/logo\/image\/","url":"https:\/\/www.treadmillpartsdirect.co.uk\/wp-content\/uploads\/2024\/03\/treadmill-parts-direct-logo.png","contentUrl":"https:\/\/www.treadmillpartsdirect.co.uk\/wp-content\/uploads\/2024\/03\/treadmill-parts-direct-logo.png","width":250,"height":92,"caption":"Treadmill Parts Direct"},"image":{"@id":"https:\/\/www.treadmillpartsdirect.co.uk\/de\/#\/schema\/logo\/image\/"},"sameAs":["https:\/\/www.facebook.com\/treadmillpartsdirect","https:\/\/x.com\/treadmillpartsdirect","https:\/\/www.instagram.com\/treadmillpartsdirect\/","https:\/\/www.youtube.com\/@treadmillpartsdirect"]}]}},"_links":{"self":[{"href":"https:\/\/www.treadmillpartsdirect.co.uk\/de\/wp-json\/wp\/v2\/product\/16998","targetHints":{"allow":["GET"]}}],"collection":[{"href":"https:\/\/www.treadmillpartsdirect.co.uk\/de\/wp-json\/wp\/v2\/product"}],"about":[{"href":"https:\/\/www.treadmillpartsdirect.co.uk\/de\/wp-json\/wp\/v2\/types\/product"}],"replies":[{"embeddable":true,"href":"https:\/\/www.treadmillpartsdirect.co.uk\/de\/wp-json\/wp\/v2\/comments?post=16998"}],"wp:featuredmedia":[{"embeddable":true,"href":"https:\/\/www.treadmillpartsdirect.co.uk\/de\/wp-json\/wp\/v2\/media\/18269"}],"wp:attachment":[{"href":"https:\/\/www.treadmillpartsdirect.co.uk\/de\/wp-json\/wp\/v2\/media?parent=16998"}],"wp:term":[{"taxonomy":"product_brand","embeddable":true,"href":"https:\/\/www.treadmillpartsdirect.co.uk\/de\/wp-json\/wp\/v2\/product_brand?post=16998"},{"taxonomy":"product_cat","embeddable":true,"href":"https:\/\/www.treadmillpartsdirect.co.uk\/de\/wp-json\/wp\/v2\/product_cat?post=16998"},{"taxonomy":"product_tag","embeddable":true,"href":"https:\/\/www.treadmillpartsdirect.co.uk\/de\/wp-json\/wp\/v2\/product_tag?post=16998"}],"curies":[{"name":"wp","href":"https:\/\/api.w.org\/{rel}","templated":true}]}}