{"id":16371,"date":"2022-12-30T22:05:23","date_gmt":"2022-12-30T22:05:23","guid":{"rendered":"https:\/\/www.treadmillpartsdirect.co.uk\/hilfe-anleitungen\/hilfreiche-anleitung-zum-genauen-ausmessen-und-anpassen-eines-neuen-laufbandes\/"},"modified":"2024-06-01T07:01:20","modified_gmt":"2024-06-01T07:01:20","slug":"hilfreiche-anleitung-zum-genauen-ausmessen-und-anpassen-eines-neuen-laufbandes","status":"publish","type":"page","link":"https:\/\/www.treadmillpartsdirect.co.uk\/de\/hilfe-anleitungen\/hilfreiche-anleitung-zum-genauen-ausmessen-und-anpassen-eines-neuen-laufbandes\/","title":{"rendered":"Hilfreiche Anleitung zum genauen Ausmessen und Anpassen eines neuen Laufbandes"},"content":{"rendered":"\t\t<div data-elementor-type=\"wp-page\" data-elementor-id=\"16371\" class=\"elementor elementor-16371 elementor-560\">\n\t\t\t\t\t\t<section class=\"elementor-section elementor-top-section elementor-element elementor-element-53ee7f7 elementor-section-boxed elementor-section-height-default elementor-section-height-default\" data-id=\"53ee7f7\" data-element_type=\"section\" id=\"remove-deck\">\n\t\t\t\t\t\t<div class=\"elementor-container elementor-column-gap-default\">\n\t\t\t\t\t<div class=\"elementor-column elementor-col-50 elementor-top-column elementor-element elementor-element-b911f0d\" data-id=\"b911f0d\" data-element_type=\"column\">\n\t\t\t<div class=\"elementor-widget-wrap elementor-element-populated\">\n\t\t\t\t\t\t<div class=\"elementor-element elementor-element-8c44f8c elementor-widget elementor-widget-heading\" data-id=\"8c44f8c\" data-element_type=\"widget\" data-widget_type=\"heading.default\">\n\t\t\t\t<div class=\"elementor-widget-container\">\n\t\t\t<style>\/*! elementor - v3.21.0 - 26-05-2024 *\/\n.elementor-heading-title{padding:0;margin:0;line-height:1}.elementor-widget-heading .elementor-heading-title[class*=elementor-size-]>a{color:inherit;font-size:inherit;line-height:inherit}.elementor-widget-heading .elementor-heading-title.elementor-size-small{font-size:15px}.elementor-widget-heading .elementor-heading-title.elementor-size-medium{font-size:19px}.elementor-widget-heading .elementor-heading-title.elementor-size-large{font-size:29px}.elementor-widget-heading .elementor-heading-title.elementor-size-xl{font-size:39px}.elementor-widget-heading .elementor-heading-title.elementor-size-xxl{font-size:59px}<\/style><h1 class=\"elementor-heading-title elementor-size-default\">Wie man ein Laufbanddeck entfernt<\/h1>\t\t<\/div>\n\t\t\t\t<\/div>\n\t\t\t\t<div class=\"elementor-element elementor-element-cc0bead elementor-widget elementor-widget-text-editor\" data-id=\"cc0bead\" data-element_type=\"widget\" data-widget_type=\"text-editor.default\">\n\t\t\t\t<div class=\"elementor-widget-container\">\n\t\t\t<style>\/*! elementor - v3.21.0 - 26-05-2024 *\/\n.elementor-widget-text-editor.elementor-drop-cap-view-stacked .elementor-drop-cap{background-color:#69727d;color:#fff}.elementor-widget-text-editor.elementor-drop-cap-view-framed .elementor-drop-cap{color:#69727d;border:3px solid;background-color:transparent}.elementor-widget-text-editor:not(.elementor-drop-cap-view-default) .elementor-drop-cap{margin-top:8px}.elementor-widget-text-editor:not(.elementor-drop-cap-view-default) .elementor-drop-cap-letter{width:1em;height:1em}.elementor-widget-text-editor .elementor-drop-cap{float:left;text-align:center;line-height:1;font-size:50px}.elementor-widget-text-editor .elementor-drop-cap-letter{display:inline-block}<\/style>\t\t\t\t<ol>\n \t<li>Entfernen Sie beide Endkappen, indem Sie alle notwendigen Bolzen und\/oder Schrauben suchen und entfernen.<\/li>\n \t<li>Entfernen Sie die Motorabdeckung, indem Sie alle Fixierschrauben herausdrehen.<\/li>\n \t<li>Entfernen Sie die 2 Seitenschienen, indem Sie alle erforderlichen Bolzen und\/oder Schrauben ausfindig machen und entfernen.<\/li>\n \t<li>Schrauben Sie alle Schrauben ab, mit denen das Deck am Rahmen befestigt ist.<\/li>\n \t<li>Das Laufband wird nun seitlich herausgezogen, ohne dass Sie das Laufband entfernen m\u00fcssen.<\/li>\n<\/ol>\n<strong id=\"measure-deck\">Bitte bewahren Sie das alte Original-Laufband auf, da Sie es messen und als Schablone f\u00fcr das neue Laufband verwenden m\u00fcssen.  <\/strong>\t\t\t\t\t\t<\/div>\n\t\t\t\t<\/div>\n\t\t\t\t\t<\/div>\n\t\t<\/div>\n\t\t\t\t<div class=\"elementor-column elementor-col-50 elementor-top-column elementor-element elementor-element-928176e\" data-id=\"928176e\" data-element_type=\"column\" data-settings=\"{&quot;background_background&quot;:&quot;classic&quot;}\">\n\t\t\t<div class=\"elementor-widget-wrap elementor-element-populated\">\n\t\t\t\t\t\t<div class=\"elementor-element elementor-element-568ab8d elementor-widget elementor-widget-image\" data-id=\"568ab8d\" data-element_type=\"widget\" data-widget_type=\"image.default\">\n\t\t\t\t<div class=\"elementor-widget-container\">\n\t\t\t<style>\/*! elementor - v3.21.0 - 26-05-2024 *\/\n.elementor-widget-image{text-align:center}.elementor-widget-image a{display:inline-block}.elementor-widget-image a img[src$=\".svg\"]{width:48px}.elementor-widget-image img{vertical-align:middle;display:inline-block}<\/style>\t\t\t\t\t\t\t\t\t\t<img fetchpriority=\"high\" decoding=\"async\" width=\"495\" height=\"477\" src=\"https:\/\/www.treadmillpartsdirect.co.uk\/wp-content\/uploads\/2022\/12\/how-to-fit-new-treadmill-deck-and-running-belt.jpg\" class=\"attachment-full size-full wp-image-574\" alt=\"\" srcset=\"https:\/\/www.treadmillpartsdirect.co.uk\/wp-content\/uploads\/2022\/12\/how-to-fit-new-treadmill-deck-and-running-belt.jpg 495w, https:\/\/www.treadmillpartsdirect.co.uk\/wp-content\/uploads\/2022\/12\/how-to-fit-new-treadmill-deck-and-running-belt-300x289.jpg 300w\" sizes=\"(max-width: 495px) 100vw, 495px\" \/>\t\t\t\t\t\t\t\t\t\t\t\t\t<\/div>\n\t\t\t\t<\/div>\n\t\t\t\t\t<\/div>\n\t\t<\/div>\n\t\t\t\t\t<\/div>\n\t\t<\/section>\n\t\t\t\t<section class=\"elementor-section elementor-top-section elementor-element elementor-element-b5156c3 row-reverse-section elementor-section-boxed elementor-section-height-default elementor-section-height-default\" data-id=\"b5156c3\" data-element_type=\"section\">\n\t\t\t\t\t\t<div class=\"elementor-container elementor-column-gap-default\">\n\t\t\t\t\t<div class=\"elementor-column elementor-col-100 elementor-top-column elementor-element elementor-element-0f27892\" data-id=\"0f27892\" data-element_type=\"column\">\n\t\t\t<div class=\"elementor-widget-wrap elementor-element-populated\">\n\t\t\t\t\t\t<div class=\"elementor-element elementor-element-31a95d1 elementor-widget elementor-widget-heading\" data-id=\"31a95d1\" data-element_type=\"widget\" data-widget_type=\"heading.default\">\n\t\t\t\t<div class=\"elementor-widget-container\">\n\t\t\t<h1 class=\"elementor-heading-title elementor-size-default\">So messen Sie ein Laufbanddeck genau aus<\/h1>\t\t<\/div>\n\t\t\t\t<\/div>\n\t\t\t\t<div class=\"elementor-element elementor-element-3e66e60 elementor-widget elementor-widget-text-editor\" data-id=\"3e66e60\" data-element_type=\"widget\" data-widget_type=\"text-editor.default\">\n\t\t\t\t<div class=\"elementor-widget-container\">\n\t\t\t\t\t\t\t<p>Um das Ersatzlaufband in der richtigen Gr\u00f6\u00dfe zu bestellen, m\u00fcssen Sie die L\u00e4nge und Breite Ihres alten, besch\u00e4digten Laufbands an den l\u00e4ngsten Seiten genau messen.<\/p>\n\t\t\t\t\t\t<\/div>\n\t\t\t\t<\/div>\n\t\t\t\t<div class=\"elementor-element elementor-element-2500350 elementor-widget elementor-widget-image\" data-id=\"2500350\" data-element_type=\"widget\" data-widget_type=\"image.default\">\n\t\t\t\t<div class=\"elementor-widget-container\">\n\t\t\t\t\t\t\t\t\t\t\t\t\t<img decoding=\"async\" width=\"295\" height=\"300\" src=\"https:\/\/www.treadmillpartsdirect.co.uk\/wp-content\/uploads\/2022\/12\/treadmill-deck-size-helpful-diagram-order-form-295x300.jpg\" class=\"attachment-medium size-medium wp-image-584\" alt=\"\" srcset=\"https:\/\/www.treadmillpartsdirect.co.uk\/wp-content\/uploads\/2022\/12\/treadmill-deck-size-helpful-diagram-order-form-295x300.jpg 295w, https:\/\/www.treadmillpartsdirect.co.uk\/wp-content\/uploads\/2022\/12\/treadmill-deck-size-helpful-diagram-order-form-768x780.jpg 768w, https:\/\/www.treadmillpartsdirect.co.uk\/wp-content\/uploads\/2022\/12\/treadmill-deck-size-helpful-diagram-order-form-600x610.jpg 600w, https:\/\/www.treadmillpartsdirect.co.uk\/wp-content\/uploads\/2022\/12\/treadmill-deck-size-helpful-diagram-order-form.jpg 807w\" sizes=\"(max-width: 295px) 100vw, 295px\" \/>\t\t\t\t\t\t\t\t\t\t\t\t\t<\/div>\n\t\t\t\t<\/div>\n\t\t\t\t\t<\/div>\n\t\t<\/div>\n\t\t\t\t\t<\/div>\n\t\t<\/section>\n\t\t\t\t<section class=\"elementor-section elementor-top-section elementor-element elementor-element-b6f832d row-reverse-section elementor-section-boxed elementor-section-height-default elementor-section-height-default\" data-id=\"b6f832d\" data-element_type=\"section\" id=\"install-deck\">\n\t\t\t\t\t\t<div class=\"elementor-container elementor-column-gap-default\">\n\t\t\t\t\t<div class=\"elementor-column elementor-col-100 elementor-top-column elementor-element elementor-element-9867bb8\" data-id=\"9867bb8\" data-element_type=\"column\">\n\t\t\t<div class=\"elementor-widget-wrap elementor-element-populated\">\n\t\t\t\t\t\t<div class=\"elementor-element elementor-element-f2e803b elementor-widget elementor-widget-heading\" data-id=\"f2e803b\" data-element_type=\"widget\" data-widget_type=\"heading.default\">\n\t\t\t\t<div class=\"elementor-widget-container\">\n\t\t\t<h1 class=\"elementor-heading-title elementor-size-default\">Wie man ein neues Laufbanddeck installiert<\/h1>\t\t<\/div>\n\t\t\t\t<\/div>\n\t\t\t\t<div class=\"elementor-element elementor-element-0b26a6c elementor-widget elementor-widget-text-editor\" data-id=\"0b26a6c\" data-element_type=\"widget\" data-widget_type=\"text-editor.default\">\n\t\t\t\t<div class=\"elementor-widget-container\">\n\t\t\t\t\t\t\t<p class=\"CDt4Ke zfr3Q\" dir=\"ltr\"><strong>Sie m\u00fcssen das urspr\u00fcngliche Deck als Schablone verwenden, um L\u00f6cher zu bohren und zus\u00e4tzliche kleine Einschnitte am neuen Deck vorzunehmen, um sicherzustellen, dass alles genau mit den Befestigungspunkten Ihrer Maschine \u00fcbereinstimmt. Das liegt daran, dass wir selbst bei den gleichen Marken und Modellen leichte Unterschiede aufgrund der verschiedenen Herstellungsjahre und -l\u00e4nder festgestellt haben.<br \/><\/strong><span style=\"font-size: 16px;\">Der Einbau des neuen Laufbandes erfolgt in umgekehrter Reihenfolge wie der Ausbau des Decks.<\/span><strong><br \/><\/strong><\/p>\n<footer aria-hidden=\"false\">\n<section id=\"h.2bb3123c767be281_64\" class=\"yaqOZd qeLZfd\"><\/section>\n<\/footer>\n<p class=\"CDt4Ke zfr3Q\" dir=\"ltr\"><strong> <\/strong><\/p>\n\t\t\t\t\t\t<\/div>\n\t\t\t\t<\/div>\n\t\t\t\t\t<\/div>\n\t\t<\/div>\n\t\t\t\t\t<\/div>\n\t\t<\/section>\n\t\t\t\t<\/div>\n\t\t","protected":false},"excerpt":{"rendered":"<p>Wie man ein Laufbanddeck entfernt Entfernen Sie beide Endkappen, indem Sie alle notwendigen Bolzen und\/oder Schrauben suchen und entfernen. Entfernen Sie die Motorabdeckung, indem Sie alle Fixierschrauben herausdrehen. Entfernen Sie die 2 Seitenschienen, indem Sie alle erforderlichen Bolzen und\/oder Schrauben ausfindig machen und entfernen. Schrauben Sie alle Schrauben ab, mit denen das Deck am Rahmen &hellip;<\/p>\n<p class=\"read-more\"> <a class=\"\" href=\"https:\/\/www.treadmillpartsdirect.co.uk\/de\/hilfe-anleitungen\/hilfreiche-anleitung-zum-genauen-ausmessen-und-anpassen-eines-neuen-laufbandes\/\"> <span class=\"screen-reader-text\">Hilfreiche Anleitung zum genauen Ausmessen und Anpassen eines neuen Laufbandes<\/span> Read More \u00bb<\/a><\/p>\n","protected":false},"author":3,"featured_media":0,"parent":16314,"menu_order":0,"comment_status":"closed","ping_status":"closed","template":"","meta":{"site-sidebar-layout":"no-sidebar","site-content-layout":"page-builder","ast-global-header-display":"","ast-main-header-display":"","ast-hfb-above-header-display":"","ast-hfb-below-header-display":"","ast-hfb-mobile-header-display":"","site-post-title":"disabled","ast-breadcrumbs-content":"","ast-featured-img":"disabled","footer-sml-layout":"","theme-transparent-header-meta":"","adv-header-id-meta":"","stick-header-meta":"","header-above-stick-meta":"","header-main-stick-meta":"","header-below-stick-meta":"","footnotes":""},"class_list":["post-16371","page","type-page","status-publish","hentry"],"yoast_head":"<!-- This site is optimized with the Yoast SEO plugin v22.8 - https:\/\/yoast.com\/wordpress\/plugins\/seo\/ -->\n<title>Hilfreiche Anleitung zum genauen Ausmessen und Anpassen eines neuen Laufbandes - Treadmill Parts Direct<\/title>\n<meta name=\"robots\" content=\"index, follow, max-snippet:-1, max-image-preview:large, max-video-preview:-1\" \/>\n<link rel=\"canonical\" href=\"https:\/\/www.treadmillpartsdirect.co.uk\/de\/hilfe-anleitungen\/hilfreiche-anleitung-zum-genauen-ausmessen-und-anpassen-eines-neuen-laufbandes\/\" \/>\n<meta property=\"og:locale\" content=\"de_DE\" \/>\n<meta property=\"og:type\" content=\"article\" \/>\n<meta property=\"og:title\" content=\"Hilfreiche Anleitung zum genauen Ausmessen und Anpassen eines neuen Laufbandes - Treadmill Parts Direct\" \/>\n<meta property=\"og:description\" content=\"Wie man ein Laufbanddeck entfernt Entfernen Sie beide Endkappen, indem Sie alle notwendigen Bolzen und\/oder Schrauben suchen und entfernen. Entfernen Sie die Motorabdeckung, indem Sie alle Fixierschrauben herausdrehen. Entfernen Sie die 2 Seitenschienen, indem Sie alle erforderlichen Bolzen und\/oder Schrauben ausfindig machen und entfernen. Schrauben Sie alle Schrauben ab, mit denen das Deck am Rahmen &hellip; Hilfreiche Anleitung zum genauen Ausmessen und Anpassen eines neuen Laufbandes Read More \u00bb\" \/>\n<meta property=\"og:url\" content=\"https:\/\/www.treadmillpartsdirect.co.uk\/de\/hilfe-anleitungen\/hilfreiche-anleitung-zum-genauen-ausmessen-und-anpassen-eines-neuen-laufbandes\/\" \/>\n<meta property=\"og:site_name\" content=\"Treadmill Parts Direct\" \/>\n<meta property=\"article:publisher\" content=\"https:\/\/www.facebook.com\/treadmillpartsdirect\" \/>\n<meta property=\"article:modified_time\" content=\"2024-06-01T07:01:20+00:00\" \/>\n<meta property=\"og:image\" content=\"https:\/\/www.treadmillpartsdirect.co.uk\/wp-content\/uploads\/2022\/12\/how-to-fit-new-treadmill-deck-and-running-belt.jpg\" \/>\n<meta name=\"twitter:card\" content=\"summary_large_image\" \/>\n<meta name=\"twitter:site\" content=\"@treadmillpartsdirect\" \/>\n<meta name=\"twitter:label1\" content=\"Gesch\u00e4tzte Lesezeit\" \/>\n\t<meta name=\"twitter:data1\" content=\"1\u00a0Minute\" \/>\n<script type=\"application\/ld+json\" class=\"yoast-schema-graph\">{\"@context\":\"https:\/\/schema.org\",\"@graph\":[{\"@type\":\"WebPage\",\"@id\":\"https:\/\/www.treadmillpartsdirect.co.uk\/de\/hilfe-anleitungen\/hilfreiche-anleitung-zum-genauen-ausmessen-und-anpassen-eines-neuen-laufbandes\/\",\"url\":\"https:\/\/www.treadmillpartsdirect.co.uk\/de\/hilfe-anleitungen\/hilfreiche-anleitung-zum-genauen-ausmessen-und-anpassen-eines-neuen-laufbandes\/\",\"name\":\"Hilfreiche Anleitung zum genauen Ausmessen und Anpassen eines neuen Laufbandes - Treadmill Parts Direct\",\"isPartOf\":{\"@id\":\"https:\/\/www.treadmillpartsdirect.co.uk\/de\/#website\"},\"primaryImageOfPage\":{\"@id\":\"https:\/\/www.treadmillpartsdirect.co.uk\/de\/hilfe-anleitungen\/hilfreiche-anleitung-zum-genauen-ausmessen-und-anpassen-eines-neuen-laufbandes\/#primaryimage\"},\"image\":{\"@id\":\"https:\/\/www.treadmillpartsdirect.co.uk\/de\/hilfe-anleitungen\/hilfreiche-anleitung-zum-genauen-ausmessen-und-anpassen-eines-neuen-laufbandes\/#primaryimage\"},\"thumbnailUrl\":\"https:\/\/www.treadmillpartsdirect.co.uk\/wp-content\/uploads\/2022\/12\/how-to-fit-new-treadmill-deck-and-running-belt.jpg\",\"datePublished\":\"2022-12-30T22:05:23+00:00\",\"dateModified\":\"2024-06-01T07:01:20+00:00\",\"breadcrumb\":{\"@id\":\"https:\/\/www.treadmillpartsdirect.co.uk\/de\/hilfe-anleitungen\/hilfreiche-anleitung-zum-genauen-ausmessen-und-anpassen-eines-neuen-laufbandes\/#breadcrumb\"},\"inLanguage\":\"de\",\"potentialAction\":[{\"@type\":\"ReadAction\",\"target\":[\"https:\/\/www.treadmillpartsdirect.co.uk\/de\/hilfe-anleitungen\/hilfreiche-anleitung-zum-genauen-ausmessen-und-anpassen-eines-neuen-laufbandes\/\"]}]},{\"@type\":\"ImageObject\",\"inLanguage\":\"de\",\"@id\":\"https:\/\/www.treadmillpartsdirect.co.uk\/de\/hilfe-anleitungen\/hilfreiche-anleitung-zum-genauen-ausmessen-und-anpassen-eines-neuen-laufbandes\/#primaryimage\",\"url\":\"https:\/\/www.treadmillpartsdirect.co.uk\/wp-content\/uploads\/2022\/12\/how-to-fit-new-treadmill-deck-and-running-belt.jpg\",\"contentUrl\":\"https:\/\/www.treadmillpartsdirect.co.uk\/wp-content\/uploads\/2022\/12\/how-to-fit-new-treadmill-deck-and-running-belt.jpg\"},{\"@type\":\"BreadcrumbList\",\"@id\":\"https:\/\/www.treadmillpartsdirect.co.uk\/de\/hilfe-anleitungen\/hilfreiche-anleitung-zum-genauen-ausmessen-und-anpassen-eines-neuen-laufbandes\/#breadcrumb\",\"itemListElement\":[{\"@type\":\"ListItem\",\"position\":1,\"name\":\"Home\",\"item\":\"https:\/\/www.treadmillpartsdirect.co.uk\/de\/\"},{\"@type\":\"ListItem\",\"position\":2,\"name\":\"Hilfe Anleitungen\",\"item\":\"https:\/\/www.treadmillpartsdirect.co.uk\/de\/hilfe-anleitungen\/\"},{\"@type\":\"ListItem\",\"position\":3,\"name\":\"Hilfreiche Anleitung zum genauen Ausmessen und Anpassen eines neuen Laufbandes\"}]},{\"@type\":\"WebSite\",\"@id\":\"https:\/\/www.treadmillpartsdirect.co.uk\/de\/#website\",\"url\":\"https:\/\/www.treadmillpartsdirect.co.uk\/de\/\",\"name\":\"Treadmill Parts Direct\",\"description\":\"Treadmill Parts Direct\",\"publisher\":{\"@id\":\"https:\/\/www.treadmillpartsdirect.co.uk\/de\/#organization\"},\"potentialAction\":[{\"@type\":\"SearchAction\",\"target\":{\"@type\":\"EntryPoint\",\"urlTemplate\":\"https:\/\/www.treadmillpartsdirect.co.uk\/de\/?s={search_term_string}\"},\"query-input\":\"required name=search_term_string\"}],\"inLanguage\":\"de\"},{\"@type\":\"Organization\",\"@id\":\"https:\/\/www.treadmillpartsdirect.co.uk\/de\/#organization\",\"name\":\"Treadmill Parts Direct\",\"url\":\"https:\/\/www.treadmillpartsdirect.co.uk\/de\/\",\"logo\":{\"@type\":\"ImageObject\",\"inLanguage\":\"de\",\"@id\":\"https:\/\/www.treadmillpartsdirect.co.uk\/de\/#\/schema\/logo\/image\/\",\"url\":\"https:\/\/www.treadmillpartsdirect.co.uk\/wp-content\/uploads\/2024\/03\/treadmill-parts-direct-logo.png\",\"contentUrl\":\"https:\/\/www.treadmillpartsdirect.co.uk\/wp-content\/uploads\/2024\/03\/treadmill-parts-direct-logo.png\",\"width\":250,\"height\":92,\"caption\":\"Treadmill Parts Direct\"},\"image\":{\"@id\":\"https:\/\/www.treadmillpartsdirect.co.uk\/de\/#\/schema\/logo\/image\/\"},\"sameAs\":[\"https:\/\/www.facebook.com\/treadmillpartsdirect\",\"https:\/\/x.com\/treadmillpartsdirect\",\"https:\/\/www.instagram.com\/treadmillpartsdirect\/\",\"https:\/\/www.youtube.com\/@treadmillpartsdirect\"]}]}<\/script>\n<!-- \/ Yoast SEO plugin. -->","yoast_head_json":{"title":"Hilfreiche Anleitung zum genauen Ausmessen und Anpassen eines neuen Laufbandes - Treadmill Parts Direct","robots":{"index":"index","follow":"follow","max-snippet":"max-snippet:-1","max-image-preview":"max-image-preview:large","max-video-preview":"max-video-preview:-1"},"canonical":"https:\/\/www.treadmillpartsdirect.co.uk\/de\/hilfe-anleitungen\/hilfreiche-anleitung-zum-genauen-ausmessen-und-anpassen-eines-neuen-laufbandes\/","og_locale":"de_DE","og_type":"article","og_title":"Hilfreiche Anleitung zum genauen Ausmessen und Anpassen eines neuen Laufbandes - Treadmill Parts Direct","og_description":"Wie man ein Laufbanddeck entfernt Entfernen Sie beide Endkappen, indem Sie alle notwendigen Bolzen und\/oder Schrauben suchen und entfernen. Entfernen Sie die Motorabdeckung, indem Sie alle Fixierschrauben herausdrehen. Entfernen Sie die 2 Seitenschienen, indem Sie alle erforderlichen Bolzen und\/oder Schrauben ausfindig machen und entfernen. Schrauben Sie alle Schrauben ab, mit denen das Deck am Rahmen &hellip; Hilfreiche Anleitung zum genauen Ausmessen und Anpassen eines neuen Laufbandes Read More \u00bb","og_url":"https:\/\/www.treadmillpartsdirect.co.uk\/de\/hilfe-anleitungen\/hilfreiche-anleitung-zum-genauen-ausmessen-und-anpassen-eines-neuen-laufbandes\/","og_site_name":"Treadmill Parts Direct","article_publisher":"https:\/\/www.facebook.com\/treadmillpartsdirect","article_modified_time":"2024-06-01T07:01:20+00:00","og_image":[{"url":"https:\/\/www.treadmillpartsdirect.co.uk\/wp-content\/uploads\/2022\/12\/how-to-fit-new-treadmill-deck-and-running-belt.jpg"}],"twitter_card":"summary_large_image","twitter_site":"@treadmillpartsdirect","twitter_misc":{"Gesch\u00e4tzte Lesezeit":"1\u00a0Minute"},"schema":{"@context":"https:\/\/schema.org","@graph":[{"@type":"WebPage","@id":"https:\/\/www.treadmillpartsdirect.co.uk\/de\/hilfe-anleitungen\/hilfreiche-anleitung-zum-genauen-ausmessen-und-anpassen-eines-neuen-laufbandes\/","url":"https:\/\/www.treadmillpartsdirect.co.uk\/de\/hilfe-anleitungen\/hilfreiche-anleitung-zum-genauen-ausmessen-und-anpassen-eines-neuen-laufbandes\/","name":"Hilfreiche Anleitung zum genauen Ausmessen und Anpassen eines neuen Laufbandes - Treadmill Parts Direct","isPartOf":{"@id":"https:\/\/www.treadmillpartsdirect.co.uk\/de\/#website"},"primaryImageOfPage":{"@id":"https:\/\/www.treadmillpartsdirect.co.uk\/de\/hilfe-anleitungen\/hilfreiche-anleitung-zum-genauen-ausmessen-und-anpassen-eines-neuen-laufbandes\/#primaryimage"},"image":{"@id":"https:\/\/www.treadmillpartsdirect.co.uk\/de\/hilfe-anleitungen\/hilfreiche-anleitung-zum-genauen-ausmessen-und-anpassen-eines-neuen-laufbandes\/#primaryimage"},"thumbnailUrl":"https:\/\/www.treadmillpartsdirect.co.uk\/wp-content\/uploads\/2022\/12\/how-to-fit-new-treadmill-deck-and-running-belt.jpg","datePublished":"2022-12-30T22:05:23+00:00","dateModified":"2024-06-01T07:01:20+00:00","breadcrumb":{"@id":"https:\/\/www.treadmillpartsdirect.co.uk\/de\/hilfe-anleitungen\/hilfreiche-anleitung-zum-genauen-ausmessen-und-anpassen-eines-neuen-laufbandes\/#breadcrumb"},"inLanguage":"de","potentialAction":[{"@type":"ReadAction","target":["https:\/\/www.treadmillpartsdirect.co.uk\/de\/hilfe-anleitungen\/hilfreiche-anleitung-zum-genauen-ausmessen-und-anpassen-eines-neuen-laufbandes\/"]}]},{"@type":"ImageObject","inLanguage":"de","@id":"https:\/\/www.treadmillpartsdirect.co.uk\/de\/hilfe-anleitungen\/hilfreiche-anleitung-zum-genauen-ausmessen-und-anpassen-eines-neuen-laufbandes\/#primaryimage","url":"https:\/\/www.treadmillpartsdirect.co.uk\/wp-content\/uploads\/2022\/12\/how-to-fit-new-treadmill-deck-and-running-belt.jpg","contentUrl":"https:\/\/www.treadmillpartsdirect.co.uk\/wp-content\/uploads\/2022\/12\/how-to-fit-new-treadmill-deck-and-running-belt.jpg"},{"@type":"BreadcrumbList","@id":"https:\/\/www.treadmillpartsdirect.co.uk\/de\/hilfe-anleitungen\/hilfreiche-anleitung-zum-genauen-ausmessen-und-anpassen-eines-neuen-laufbandes\/#breadcrumb","itemListElement":[{"@type":"ListItem","position":1,"name":"Home","item":"https:\/\/www.treadmillpartsdirect.co.uk\/de\/"},{"@type":"ListItem","position":2,"name":"Hilfe Anleitungen","item":"https:\/\/www.treadmillpartsdirect.co.uk\/de\/hilfe-anleitungen\/"},{"@type":"ListItem","position":3,"name":"Hilfreiche Anleitung zum genauen Ausmessen und Anpassen eines neuen Laufbandes"}]},{"@type":"WebSite","@id":"https:\/\/www.treadmillpartsdirect.co.uk\/de\/#website","url":"https:\/\/www.treadmillpartsdirect.co.uk\/de\/","name":"Treadmill Parts Direct","description":"Treadmill Parts Direct","publisher":{"@id":"https:\/\/www.treadmillpartsdirect.co.uk\/de\/#organization"},"potentialAction":[{"@type":"SearchAction","target":{"@type":"EntryPoint","urlTemplate":"https:\/\/www.treadmillpartsdirect.co.uk\/de\/?s={search_term_string}"},"query-input":"required name=search_term_string"}],"inLanguage":"de"},{"@type":"Organization","@id":"https:\/\/www.treadmillpartsdirect.co.uk\/de\/#organization","name":"Treadmill Parts Direct","url":"https:\/\/www.treadmillpartsdirect.co.uk\/de\/","logo":{"@type":"ImageObject","inLanguage":"de","@id":"https:\/\/www.treadmillpartsdirect.co.uk\/de\/#\/schema\/logo\/image\/","url":"https:\/\/www.treadmillpartsdirect.co.uk\/wp-content\/uploads\/2024\/03\/treadmill-parts-direct-logo.png","contentUrl":"https:\/\/www.treadmillpartsdirect.co.uk\/wp-content\/uploads\/2024\/03\/treadmill-parts-direct-logo.png","width":250,"height":92,"caption":"Treadmill Parts Direct"},"image":{"@id":"https:\/\/www.treadmillpartsdirect.co.uk\/de\/#\/schema\/logo\/image\/"},"sameAs":["https:\/\/www.facebook.com\/treadmillpartsdirect","https:\/\/x.com\/treadmillpartsdirect","https:\/\/www.instagram.com\/treadmillpartsdirect\/","https:\/\/www.youtube.com\/@treadmillpartsdirect"]}]}},"_links":{"self":[{"href":"https:\/\/www.treadmillpartsdirect.co.uk\/de\/wp-json\/wp\/v2\/pages\/16371","targetHints":{"allow":["GET"]}}],"collection":[{"href":"https:\/\/www.treadmillpartsdirect.co.uk\/de\/wp-json\/wp\/v2\/pages"}],"about":[{"href":"https:\/\/www.treadmillpartsdirect.co.uk\/de\/wp-json\/wp\/v2\/types\/page"}],"author":[{"embeddable":true,"href":"https:\/\/www.treadmillpartsdirect.co.uk\/de\/wp-json\/wp\/v2\/users\/3"}],"replies":[{"embeddable":true,"href":"https:\/\/www.treadmillpartsdirect.co.uk\/de\/wp-json\/wp\/v2\/comments?post=16371"}],"version-history":[{"count":1,"href":"https:\/\/www.treadmillpartsdirect.co.uk\/de\/wp-json\/wp\/v2\/pages\/16371\/revisions"}],"predecessor-version":[{"id":16372,"href":"https:\/\/www.treadmillpartsdirect.co.uk\/de\/wp-json\/wp\/v2\/pages\/16371\/revisions\/16372"}],"up":[{"embeddable":true,"href":"https:\/\/www.treadmillpartsdirect.co.uk\/de\/wp-json\/wp\/v2\/pages\/16314"}],"wp:attachment":[{"href":"https:\/\/www.treadmillpartsdirect.co.uk\/de\/wp-json\/wp\/v2\/media?parent=16371"}],"curies":[{"name":"wp","href":"https:\/\/api.w.org\/{rel}","templated":true}]}}