{"id":16293,"date":"2022-12-29T23:16:36","date_gmt":"2022-12-29T23:16:36","guid":{"rendered":"https:\/\/www.treadmillpartsdirect.co.uk\/kontaktieren-sie-uns\/"},"modified":"2024-05-30T17:07:11","modified_gmt":"2024-05-30T17:07:11","slug":"kontaktieren-sie-uns","status":"publish","type":"page","link":"https:\/\/www.treadmillpartsdirect.co.uk\/de\/kontaktieren-sie-uns\/","title":{"rendered":"Kontaktieren Sie uns"},"content":{"rendered":"\t\t<div data-elementor-type=\"wp-page\" data-elementor-id=\"16293\" class=\"elementor elementor-16293 elementor-520\">\n\t\t\t\t\t\t<section class=\"elementor-section elementor-top-section elementor-element elementor-element-f86e85b elementor-section-boxed elementor-section-height-default elementor-section-height-default\" data-id=\"f86e85b\" data-element_type=\"section\">\n\t\t\t\t\t\t<div class=\"elementor-container elementor-column-gap-default\">\n\t\t\t\t\t<div class=\"elementor-column elementor-col-100 elementor-top-column elementor-element elementor-element-259dab5\" data-id=\"259dab5\" data-element_type=\"column\">\n\t\t\t<div class=\"elementor-widget-wrap elementor-element-populated\">\n\t\t\t\t\t\t<div class=\"elementor-element elementor-element-b5b33bb elementor-widget elementor-widget-heading\" data-id=\"b5b33bb\" data-element_type=\"widget\" data-widget_type=\"heading.default\">\n\t\t\t\t<div class=\"elementor-widget-container\">\n\t\t\t<style>\/*! elementor - v3.21.0 - 26-05-2024 *\/\n.elementor-heading-title{padding:0;margin:0;line-height:1}.elementor-widget-heading .elementor-heading-title[class*=elementor-size-]>a{color:inherit;font-size:inherit;line-height:inherit}.elementor-widget-heading .elementor-heading-title.elementor-size-small{font-size:15px}.elementor-widget-heading .elementor-heading-title.elementor-size-medium{font-size:19px}.elementor-widget-heading .elementor-heading-title.elementor-size-large{font-size:29px}.elementor-widget-heading .elementor-heading-title.elementor-size-xl{font-size:39px}.elementor-widget-heading .elementor-heading-title.elementor-size-xxl{font-size:59px}<\/style><h2 class=\"elementor-heading-title elementor-size-default\">Senden Sie uns eine Nachricht \u00fcber das untenstehende Formular<\/h2>\t\t<\/div>\n\t\t\t\t<\/div>\n\t\t\t\t<div class=\"elementor-element elementor-element-158d9d9 elementor-widget elementor-widget-text-editor\" data-id=\"158d9d9\" data-element_type=\"widget\" data-widget_type=\"text-editor.default\">\n\t\t\t\t<div class=\"elementor-widget-container\">\n\t\t\t<style>\/*! elementor - v3.21.0 - 26-05-2024 *\/\n.elementor-widget-text-editor.elementor-drop-cap-view-stacked .elementor-drop-cap{background-color:#69727d;color:#fff}.elementor-widget-text-editor.elementor-drop-cap-view-framed .elementor-drop-cap{color:#69727d;border:3px solid;background-color:transparent}.elementor-widget-text-editor:not(.elementor-drop-cap-view-default) .elementor-drop-cap{margin-top:8px}.elementor-widget-text-editor:not(.elementor-drop-cap-view-default) .elementor-drop-cap-letter{width:1em;height:1em}.elementor-widget-text-editor .elementor-drop-cap{float:left;text-align:center;line-height:1;font-size:50px}.elementor-widget-text-editor .elementor-drop-cap-letter{display:inline-block}<\/style>\t\t\t\t<p>Wir bem\u00fchen uns, Nachrichten innerhalb von 24 Stunden zu beantworten. Unser Team ist von Montag bis Samstag von 8 bis 18 Uhr f\u00fcr Sie da.<\/p>\n\t\t\t\t\t\t<\/div>\n\t\t\t\t<\/div>\n\t\t\t\t\t<\/div>\n\t\t<\/div>\n\t\t\t\t\t<\/div>\n\t\t<\/section>\n\t\t\t\t<section class=\"elementor-section elementor-top-section elementor-element elementor-element-a812572 elementor-section-boxed elementor-section-height-default elementor-section-height-default\" data-id=\"a812572\" data-element_type=\"section\">\n\t\t\t\t\t\t<div class=\"elementor-container elementor-column-gap-default\">\n\t\t\t\t\t<div class=\"elementor-column elementor-col-100 elementor-top-column elementor-element elementor-element-9a272e8\" data-id=\"9a272e8\" data-element_type=\"column\">\n\t\t\t<div class=\"elementor-widget-wrap elementor-element-populated\">\n\t\t\t\t\t\t<div class=\"elementor-element elementor-element-b143775 elementor-widget elementor-widget-wpforms\" data-id=\"b143775\" data-element_type=\"widget\" data-widget_type=\"wpforms.default\">\n\t\t\t\t<div class=\"elementor-widget-container\">\n\t\t\t<style id=\"wpforms-css-vars-root\">\n\t\t\t\t:root {\n\t\t\t\t\t--wpforms-field-border-radius: 3px;\n--wpforms-field-border-style: solid;\n--wpforms-field-border-size: 1px;\n--wpforms-field-background-color: #ffffff;\n--wpforms-field-border-color: rgba( 0, 0, 0, 0.25 );\n--wpforms-field-border-color-spare: rgba( 0, 0, 0, 0.25 );\n--wpforms-field-text-color: rgba( 0, 0, 0, 0.7 );\n--wpforms-field-menu-color: #ffffff;\n--wpforms-label-color: rgba( 0, 0, 0, 0.85 );\n--wpforms-label-sublabel-color: rgba( 0, 0, 0, 0.55 );\n--wpforms-label-error-color: #d63637;\n--wpforms-button-border-radius: 3px;\n--wpforms-button-border-style: none;\n--wpforms-button-border-size: 1px;\n--wpforms-button-background-color: #066aab;\n--wpforms-button-border-color: #066aab;\n--wpforms-button-text-color: #ffffff;\n--wpforms-page-break-color: #066aab;\n--wpforms-background-image: none;\n--wpforms-background-position: center center;\n--wpforms-background-repeat: no-repeat;\n--wpforms-background-size: cover;\n--wpforms-background-width: 100px;\n--wpforms-background-height: 100px;\n--wpforms-background-color: rgba( 0, 0, 0, 0 );\n--wpforms-background-url: none;\n--wpforms-container-padding: 0px;\n--wpforms-container-border-style: none;\n--wpforms-container-border-width: 1px;\n--wpforms-container-border-color: #000000;\n--wpforms-container-border-radius: 3px;\n--wpforms-field-size-input-height: 43px;\n--wpforms-field-size-input-spacing: 15px;\n--wpforms-field-size-font-size: 16px;\n--wpforms-field-size-line-height: 19px;\n--wpforms-field-size-padding-h: 14px;\n--wpforms-field-size-checkbox-size: 16px;\n--wpforms-field-size-sublabel-spacing: 5px;\n--wpforms-field-size-icon-size: 1;\n--wpforms-label-size-font-size: 16px;\n--wpforms-label-size-line-height: 19px;\n--wpforms-label-size-sublabel-font-size: 14px;\n--wpforms-label-size-sublabel-line-height: 17px;\n--wpforms-button-size-font-size: 17px;\n--wpforms-button-size-height: 41px;\n--wpforms-button-size-padding-h: 15px;\n--wpforms-button-size-margin-top: 10px;\n--wpforms-container-shadow-size-box-shadow: none;\n\n\t\t\t\t}\n\t\t\t<\/style><style id=\"wpforms-css-vars-elementor-widget-b143775\">\n\t\t\t\t.elementor-widget-wpforms.elementor-element-b143775 {\n\t\t\t\t\t--wpforms-button-background-color: #08A88A;\n--wpforms-field-size-input-height: 43px;\n--wpforms-field-size-input-spacing: 15px;\n--wpforms-field-size-font-size: 16px;\n--wpforms-field-size-line-height: 19px;\n--wpforms-field-size-padding-h: 14px;\n--wpforms-field-size-checkbox-size: 16px;\n--wpforms-field-size-sublabel-spacing: 5px;\n--wpforms-field-size-icon-size: 1;\n--wpforms-label-size-font-size: 16px;\n--wpforms-label-size-line-height: 19px;\n--wpforms-label-size-sublabel-font-size: 14px;\n--wpforms-label-size-sublabel-line-height: 17px;\n--wpforms-button-size-font-size: 17px;\n--wpforms-button-size-height: 41px;\n--wpforms-button-size-padding-h: 15px;\n--wpforms-button-size-margin-top: 10px;\n\n\t\t\t\t}\n\t\t\t<\/style><div class=\"wpforms-container wpforms-container-full wpforms-form-abandonment wpforms-render-modern\" id=\"wpforms-2637\"><form id=\"wpforms-form-2637\" class=\"wpforms-validate wpforms-form wpforms-ajax-form\" data-formid=\"2637\" method=\"post\" enctype=\"multipart\/form-data\" action=\"\/de\/wp-json\/wp\/v2\/pages\/16293\" data-token=\"c1cd984b853432ccbdf824019f63e7a3\" data-token-time=\"1778596096\"><noscript class=\"wpforms-error-noscript\">Please enable JavaScript in your browser to complete this form.<\/noscript><div class=\"wpforms-hidden\" id=\"wpforms-error-noscript\">Please enable JavaScript in your browser to complete this form.<\/div><div class=\"wpforms-field-container\"><div id=\"wpforms-2637-field_0-container\" class=\"wpforms-field wpforms-field-name\" data-field-id=\"0\"><label class=\"wpforms-field-label\" for=\"wpforms-2637-field_0\">Ihr Name <span class=\"wpforms-required-label\" aria-hidden=\"true\">*<\/span><\/label><input type=\"text\" id=\"wpforms-2637-field_0\" class=\"wpforms-field-medium wpforms-field-required\" name=\"wpforms[fields][0]\" aria-errormessage=\"wpforms-2637-field_0-error\" required><\/div><div id=\"wpforms-2637-field_1-container\" class=\"wpforms-field wpforms-field-email\" data-field-id=\"1\"><label class=\"wpforms-field-label\" for=\"wpforms-2637-field_1\">Deine E-Mail <span class=\"wpforms-required-label\" aria-hidden=\"true\">*<\/span><\/label><input type=\"email\" id=\"wpforms-2637-field_1\" class=\"wpforms-field-medium wpforms-field-required\" name=\"wpforms[fields][1]\" spellcheck=\"false\" aria-errormessage=\"wpforms-2637-field_1-error\" required><\/div><div id=\"wpforms-2637-field_2-container\" class=\"wpforms-field wpforms-field-textarea\" data-field-id=\"2\"><label class=\"wpforms-field-label\" for=\"wpforms-2637-field_2\">Schreiben Sie Ihre Nachricht unten <span class=\"wpforms-required-label\" aria-hidden=\"true\">*<\/span><\/label><textarea id=\"wpforms-2637-field_2\" class=\"wpforms-field-medium wpforms-field-required\" name=\"wpforms[fields][2]\" aria-errormessage=\"wpforms-2637-field_2-error\" required><\/textarea><\/div><\/div><!-- .wpforms-field-container --><div class=\"wpforms-recaptcha-container wpforms-is-recaptcha wpforms-is-recaptcha-type-v3\" ><input type=\"hidden\" name=\"wpforms[recaptcha]\" value=\"\"><\/div><div class=\"wpforms-submit-container\" ><input type=\"hidden\" name=\"wpforms[id]\" value=\"2637\"><input type=\"hidden\" name=\"page_title\" value=\"\"><input type=\"hidden\" name=\"page_url\" value=\"https:\/\/www.treadmillpartsdirect.co.uk\/de\/wp-json\/wp\/v2\/pages\/16293\"><button type=\"submit\" name=\"wpforms[submit]\" id=\"wpforms-submit-2637\" class=\"wpforms-submit\" data-alt-text=\"Sending...\" data-submit-text=\"Nachricht senden\" aria-live=\"assertive\" value=\"wpforms-submit\">Nachricht senden<\/button><img decoding=\"async\" src=\"https:\/\/www.treadmillpartsdirect.co.uk\/wp-content\/plugins\/wpforms\/assets\/images\/submit-spin.svg\" class=\"wpforms-submit-spinner\" style=\"display: none;\" width=\"26\" height=\"26\" alt=\"Loading\"><\/div><\/form><\/div>  <!-- .wpforms-container -->\t\t<\/div>\n\t\t\t\t<\/div>\n\t\t\t\t\t<\/div>\n\t\t<\/div>\n\t\t\t\t\t<\/div>\n\t\t<\/section>\n\t\t\t\t<\/div>\n\t\t","protected":false},"excerpt":{"rendered":"<p>Senden Sie uns eine Nachricht \u00fcber das untenstehende Formular Wir bem\u00fchen uns, Nachrichten innerhalb von 24 Stunden zu beantworten. Unser Team ist von Montag bis Samstag von 8 bis 18 Uhr f\u00fcr Sie da. Please enable JavaScript in your browser to complete this form.Please enable JavaScript in your browser to complete this form.Your Name *Your &hellip;<\/p>\n<p class=\"read-more\"> <a class=\"\" href=\"https:\/\/www.treadmillpartsdirect.co.uk\/de\/kontaktieren-sie-uns\/\"> <span class=\"screen-reader-text\">Kontaktieren Sie uns<\/span> Read More \u00bb<\/a><\/p>\n","protected":false},"author":3,"featured_media":0,"parent":0,"menu_order":0,"comment_status":"closed","ping_status":"closed","template":"","meta":{"site-sidebar-layout":"no-sidebar","site-content-layout":"page-builder","ast-global-header-display":"","ast-main-header-display":"","ast-hfb-above-header-display":"","ast-hfb-below-header-display":"","ast-hfb-mobile-header-display":"","site-post-title":"disabled","ast-breadcrumbs-content":"","ast-featured-img":"disabled","footer-sml-layout":"","theme-transparent-header-meta":"","adv-header-id-meta":"","stick-header-meta":"","header-above-stick-meta":"","header-main-stick-meta":"","header-below-stick-meta":"","footnotes":""},"class_list":["post-16293","page","type-page","status-publish","hentry"],"yoast_head":"<!-- This site is optimized with the Yoast SEO plugin v22.8 - https:\/\/yoast.com\/wordpress\/plugins\/seo\/ -->\n<title>Kontaktieren Sie uns - Treadmill Parts Direct<\/title>\n<meta name=\"robots\" content=\"index, follow, max-snippet:-1, max-image-preview:large, max-video-preview:-1\" \/>\n<link rel=\"canonical\" href=\"https:\/\/www.treadmillpartsdirect.co.uk\/de\/kontaktieren-sie-uns\/\" \/>\n<meta property=\"og:locale\" content=\"de_DE\" \/>\n<meta property=\"og:type\" content=\"article\" \/>\n<meta property=\"og:title\" content=\"Kontaktieren Sie uns - Treadmill Parts Direct\" \/>\n<meta property=\"og:description\" content=\"Senden Sie uns eine Nachricht \u00fcber das untenstehende Formular Wir bem\u00fchen uns, Nachrichten innerhalb von 24 Stunden zu beantworten. Unser Team ist von Montag bis Samstag von 8 bis 18 Uhr f\u00fcr Sie da. Please enable JavaScript in your browser to complete this form.Please enable JavaScript in your browser to complete this form.Your Name *Your &hellip; Kontaktieren Sie uns Read More \u00bb\" \/>\n<meta property=\"og:url\" content=\"https:\/\/www.treadmillpartsdirect.co.uk\/de\/kontaktieren-sie-uns\/\" \/>\n<meta property=\"og:site_name\" content=\"Treadmill Parts Direct\" \/>\n<meta property=\"article:publisher\" content=\"https:\/\/www.facebook.com\/treadmillpartsdirect\" \/>\n<meta property=\"article:modified_time\" content=\"2024-05-30T17:07:11+00:00\" \/>\n<meta property=\"og:image\" content=\"https:\/\/www.treadmillpartsdirect.co.uk\/wp-content\/plugins\/wpforms\/assets\/images\/submit-spin.svg\" \/>\n<meta name=\"twitter:card\" content=\"summary_large_image\" \/>\n<meta name=\"twitter:site\" content=\"@treadmillpartsdirect\" \/>\n<script type=\"application\/ld+json\" class=\"yoast-schema-graph\">{\"@context\":\"https:\/\/schema.org\",\"@graph\":[{\"@type\":\"WebPage\",\"@id\":\"https:\/\/www.treadmillpartsdirect.co.uk\/de\/kontaktieren-sie-uns\/\",\"url\":\"https:\/\/www.treadmillpartsdirect.co.uk\/de\/kontaktieren-sie-uns\/\",\"name\":\"Kontaktieren Sie uns - Treadmill Parts Direct\",\"isPartOf\":{\"@id\":\"https:\/\/www.treadmillpartsdirect.co.uk\/de\/#website\"},\"primaryImageOfPage\":{\"@id\":\"https:\/\/www.treadmillpartsdirect.co.uk\/de\/kontaktieren-sie-uns\/#primaryimage\"},\"image\":{\"@id\":\"https:\/\/www.treadmillpartsdirect.co.uk\/de\/kontaktieren-sie-uns\/#primaryimage\"},\"thumbnailUrl\":\"https:\/\/www.treadmillpartsdirect.co.uk\/wp-content\/plugins\/wpforms\/assets\/images\/submit-spin.svg\",\"datePublished\":\"2022-12-29T23:16:36+00:00\",\"dateModified\":\"2024-05-30T17:07:11+00:00\",\"breadcrumb\":{\"@id\":\"https:\/\/www.treadmillpartsdirect.co.uk\/de\/kontaktieren-sie-uns\/#breadcrumb\"},\"inLanguage\":\"de\",\"potentialAction\":[{\"@type\":\"ReadAction\",\"target\":[\"https:\/\/www.treadmillpartsdirect.co.uk\/de\/kontaktieren-sie-uns\/\"]}]},{\"@type\":\"ImageObject\",\"inLanguage\":\"de\",\"@id\":\"https:\/\/www.treadmillpartsdirect.co.uk\/de\/kontaktieren-sie-uns\/#primaryimage\",\"url\":\"https:\/\/www.treadmillpartsdirect.co.uk\/wp-content\/plugins\/wpforms\/assets\/images\/submit-spin.svg\",\"contentUrl\":\"https:\/\/www.treadmillpartsdirect.co.uk\/wp-content\/plugins\/wpforms\/assets\/images\/submit-spin.svg\"},{\"@type\":\"BreadcrumbList\",\"@id\":\"https:\/\/www.treadmillpartsdirect.co.uk\/de\/kontaktieren-sie-uns\/#breadcrumb\",\"itemListElement\":[{\"@type\":\"ListItem\",\"position\":1,\"name\":\"Home\",\"item\":\"https:\/\/www.treadmillpartsdirect.co.uk\/de\/\"},{\"@type\":\"ListItem\",\"position\":2,\"name\":\"Kontaktieren Sie uns\"}]},{\"@type\":\"WebSite\",\"@id\":\"https:\/\/www.treadmillpartsdirect.co.uk\/de\/#website\",\"url\":\"https:\/\/www.treadmillpartsdirect.co.uk\/de\/\",\"name\":\"Treadmill Parts Direct\",\"description\":\"Treadmill Parts Direct\",\"publisher\":{\"@id\":\"https:\/\/www.treadmillpartsdirect.co.uk\/de\/#organization\"},\"potentialAction\":[{\"@type\":\"SearchAction\",\"target\":{\"@type\":\"EntryPoint\",\"urlTemplate\":\"https:\/\/www.treadmillpartsdirect.co.uk\/de\/?s={search_term_string}\"},\"query-input\":\"required name=search_term_string\"}],\"inLanguage\":\"de\"},{\"@type\":\"Organization\",\"@id\":\"https:\/\/www.treadmillpartsdirect.co.uk\/de\/#organization\",\"name\":\"Treadmill Parts Direct\",\"url\":\"https:\/\/www.treadmillpartsdirect.co.uk\/de\/\",\"logo\":{\"@type\":\"ImageObject\",\"inLanguage\":\"de\",\"@id\":\"https:\/\/www.treadmillpartsdirect.co.uk\/de\/#\/schema\/logo\/image\/\",\"url\":\"https:\/\/www.treadmillpartsdirect.co.uk\/wp-content\/uploads\/2024\/03\/treadmill-parts-direct-logo.png\",\"contentUrl\":\"https:\/\/www.treadmillpartsdirect.co.uk\/wp-content\/uploads\/2024\/03\/treadmill-parts-direct-logo.png\",\"width\":250,\"height\":92,\"caption\":\"Treadmill Parts Direct\"},\"image\":{\"@id\":\"https:\/\/www.treadmillpartsdirect.co.uk\/de\/#\/schema\/logo\/image\/\"},\"sameAs\":[\"https:\/\/www.facebook.com\/treadmillpartsdirect\",\"https:\/\/x.com\/treadmillpartsdirect\",\"https:\/\/www.instagram.com\/treadmillpartsdirect\/\",\"https:\/\/www.youtube.com\/@treadmillpartsdirect\"]}]}<\/script>\n<!-- \/ Yoast SEO plugin. -->","yoast_head_json":{"title":"Kontaktieren Sie uns - Treadmill Parts Direct","robots":{"index":"index","follow":"follow","max-snippet":"max-snippet:-1","max-image-preview":"max-image-preview:large","max-video-preview":"max-video-preview:-1"},"canonical":"https:\/\/www.treadmillpartsdirect.co.uk\/de\/kontaktieren-sie-uns\/","og_locale":"de_DE","og_type":"article","og_title":"Kontaktieren Sie uns - Treadmill Parts Direct","og_description":"Senden Sie uns eine Nachricht \u00fcber das untenstehende Formular Wir bem\u00fchen uns, Nachrichten innerhalb von 24 Stunden zu beantworten. Unser Team ist von Montag bis Samstag von 8 bis 18 Uhr f\u00fcr Sie da. Please enable JavaScript in your browser to complete this form.Please enable JavaScript in your browser to complete this form.Your Name *Your &hellip; Kontaktieren Sie uns Read More \u00bb","og_url":"https:\/\/www.treadmillpartsdirect.co.uk\/de\/kontaktieren-sie-uns\/","og_site_name":"Treadmill Parts Direct","article_publisher":"https:\/\/www.facebook.com\/treadmillpartsdirect","article_modified_time":"2024-05-30T17:07:11+00:00","og_image":[{"url":"https:\/\/www.treadmillpartsdirect.co.uk\/wp-content\/plugins\/wpforms\/assets\/images\/submit-spin.svg"}],"twitter_card":"summary_large_image","twitter_site":"@treadmillpartsdirect","schema":{"@context":"https:\/\/schema.org","@graph":[{"@type":"WebPage","@id":"https:\/\/www.treadmillpartsdirect.co.uk\/de\/kontaktieren-sie-uns\/","url":"https:\/\/www.treadmillpartsdirect.co.uk\/de\/kontaktieren-sie-uns\/","name":"Kontaktieren Sie uns - Treadmill Parts Direct","isPartOf":{"@id":"https:\/\/www.treadmillpartsdirect.co.uk\/de\/#website"},"primaryImageOfPage":{"@id":"https:\/\/www.treadmillpartsdirect.co.uk\/de\/kontaktieren-sie-uns\/#primaryimage"},"image":{"@id":"https:\/\/www.treadmillpartsdirect.co.uk\/de\/kontaktieren-sie-uns\/#primaryimage"},"thumbnailUrl":"https:\/\/www.treadmillpartsdirect.co.uk\/wp-content\/plugins\/wpforms\/assets\/images\/submit-spin.svg","datePublished":"2022-12-29T23:16:36+00:00","dateModified":"2024-05-30T17:07:11+00:00","breadcrumb":{"@id":"https:\/\/www.treadmillpartsdirect.co.uk\/de\/kontaktieren-sie-uns\/#breadcrumb"},"inLanguage":"de","potentialAction":[{"@type":"ReadAction","target":["https:\/\/www.treadmillpartsdirect.co.uk\/de\/kontaktieren-sie-uns\/"]}]},{"@type":"ImageObject","inLanguage":"de","@id":"https:\/\/www.treadmillpartsdirect.co.uk\/de\/kontaktieren-sie-uns\/#primaryimage","url":"https:\/\/www.treadmillpartsdirect.co.uk\/wp-content\/plugins\/wpforms\/assets\/images\/submit-spin.svg","contentUrl":"https:\/\/www.treadmillpartsdirect.co.uk\/wp-content\/plugins\/wpforms\/assets\/images\/submit-spin.svg"},{"@type":"BreadcrumbList","@id":"https:\/\/www.treadmillpartsdirect.co.uk\/de\/kontaktieren-sie-uns\/#breadcrumb","itemListElement":[{"@type":"ListItem","position":1,"name":"Home","item":"https:\/\/www.treadmillpartsdirect.co.uk\/de\/"},{"@type":"ListItem","position":2,"name":"Kontaktieren Sie uns"}]},{"@type":"WebSite","@id":"https:\/\/www.treadmillpartsdirect.co.uk\/de\/#website","url":"https:\/\/www.treadmillpartsdirect.co.uk\/de\/","name":"Treadmill Parts Direct","description":"Treadmill Parts Direct","publisher":{"@id":"https:\/\/www.treadmillpartsdirect.co.uk\/de\/#organization"},"potentialAction":[{"@type":"SearchAction","target":{"@type":"EntryPoint","urlTemplate":"https:\/\/www.treadmillpartsdirect.co.uk\/de\/?s={search_term_string}"},"query-input":"required name=search_term_string"}],"inLanguage":"de"},{"@type":"Organization","@id":"https:\/\/www.treadmillpartsdirect.co.uk\/de\/#organization","name":"Treadmill Parts Direct","url":"https:\/\/www.treadmillpartsdirect.co.uk\/de\/","logo":{"@type":"ImageObject","inLanguage":"de","@id":"https:\/\/www.treadmillpartsdirect.co.uk\/de\/#\/schema\/logo\/image\/","url":"https:\/\/www.treadmillpartsdirect.co.uk\/wp-content\/uploads\/2024\/03\/treadmill-parts-direct-logo.png","contentUrl":"https:\/\/www.treadmillpartsdirect.co.uk\/wp-content\/uploads\/2024\/03\/treadmill-parts-direct-logo.png","width":250,"height":92,"caption":"Treadmill Parts Direct"},"image":{"@id":"https:\/\/www.treadmillpartsdirect.co.uk\/de\/#\/schema\/logo\/image\/"},"sameAs":["https:\/\/www.facebook.com\/treadmillpartsdirect","https:\/\/x.com\/treadmillpartsdirect","https:\/\/www.instagram.com\/treadmillpartsdirect\/","https:\/\/www.youtube.com\/@treadmillpartsdirect"]}]}},"_links":{"self":[{"href":"https:\/\/www.treadmillpartsdirect.co.uk\/de\/wp-json\/wp\/v2\/pages\/16293","targetHints":{"allow":["GET"]}}],"collection":[{"href":"https:\/\/www.treadmillpartsdirect.co.uk\/de\/wp-json\/wp\/v2\/pages"}],"about":[{"href":"https:\/\/www.treadmillpartsdirect.co.uk\/de\/wp-json\/wp\/v2\/types\/page"}],"author":[{"embeddable":true,"href":"https:\/\/www.treadmillpartsdirect.co.uk\/de\/wp-json\/wp\/v2\/users\/3"}],"replies":[{"embeddable":true,"href":"https:\/\/www.treadmillpartsdirect.co.uk\/de\/wp-json\/wp\/v2\/comments?post=16293"}],"version-history":[{"count":3,"href":"https:\/\/www.treadmillpartsdirect.co.uk\/de\/wp-json\/wp\/v2\/pages\/16293\/revisions"}],"predecessor-version":[{"id":16299,"href":"https:\/\/www.treadmillpartsdirect.co.uk\/de\/wp-json\/wp\/v2\/pages\/16293\/revisions\/16299"}],"wp:attachment":[{"href":"https:\/\/www.treadmillpartsdirect.co.uk\/de\/wp-json\/wp\/v2\/media?parent=16293"}],"curies":[{"name":"wp","href":"https:\/\/api.w.org\/{rel}","templated":true}]}}